{"id":503,"date":"2021-12-14T14:15:55","date_gmt":"2021-12-14T13:15:55","guid":{"rendered":"https:\/\/opus-pocus.com\/woocommerce\/?page_id=503"},"modified":"2022-04-28T11:33:25","modified_gmt":"2022-04-28T09:33:25","slug":"livraison","status":"publish","type":"page","link":"https:\/\/www.opus-pocus.com\/shop\/livraison\/","title":{"rendered":"Exp\u00e9ditions et retours"},"content":{"rendered":"\n<p>Les colis sont g\u00e9n\u00e9ralement exp\u00e9di\u00e9s dans un d\u00e9lai de 2 \u00e0 5 jours apr\u00e8s r\u00e9ception du paiement. Ils sont exp\u00e9di\u00e9s via Colissimo avec un num\u00e9ro de suivi et remis contre signature et avec assurance. Nous vous envoyons un lien pour suivre votre colis en ligne.<\/p>\n\n\n\n<p>Nous vous recommandons de regrouper tous vos articles dans une seule commande. Deux commandes plac\u00e9es s\u00e9par\u00e9ment engendrent des frais d&rsquo;exp\u00e9dition qui s&rsquo;appliquent \u00e0 chacune d&rsquo;entre elles. Votre colis est exp\u00e9di\u00e9 \u00e0 vos propres risques, mais une attention particuli\u00e8re est port\u00e9e aux objets fragiles.<\/p>\n\n\n\n<p>Les dimensions des bo\u00eetes sont appropri\u00e9es et vos articles sont correctement prot\u00e9g\u00e9s.<\/p>\n\n\n\n<p>En cas de perte ou de vol, pour les colis choisis sans signatures et sans assurance, le vendeur est d\u00e9charg\u00e9 de toute responsabilit\u00e9.<\/p>\n","protected":false},"excerpt":{"rendered":"<p>Les colis sont g\u00e9n\u00e9ralement exp\u00e9di\u00e9s dans un d\u00e9lai de 2 \u00e0 5 jours apr\u00e8s r\u00e9ception du paiement. Ils sont exp\u00e9di\u00e9s via Colissimo avec un num\u00e9ro de suivi et remis contre signature et avec assurance. Nous vous envoyons un lien pour suivre votre colis en ligne. Nous vous recommandons de regrouper tous vos articles dans une &hellip;<\/p>\n<p class=\"read-more\"> <a class=\"\" href=\"https:\/\/www.opus-pocus.com\/shop\/livraison\/\"> <span class=\"screen-reader-text\">Exp\u00e9ditions et retours<\/span> Lire la suite\u00a0\u00bb<\/a><\/p>\n","protected":false},"author":1,"featured_media":0,"parent":0,"menu_order":0,"comment_status":"closed","ping_status":"closed","template":"","meta":{"site-sidebar-layout":"","site-content-layout":"","ast-main-header-display":"","ast-hfb-above-header-display":"","ast-hfb-below-header-display":"","ast-hfb-mobile-header-display":"","site-post-title":"","ast-breadcrumbs-content":"","ast-featured-img":"","footer-sml-layout":"","theme-transparent-header-meta":"","adv-header-id-meta":"","stick-header-meta":"","header-above-stick-meta":"","header-main-stick-meta":"","header-below-stick-meta":"","footnotes":""},"class_list":["post-503","page","type-page","status-publish","hentry"],"yoast_head":"<!-- This site is optimized with the Yoast SEO plugin v27.3 - https:\/\/yoast.com\/product\/yoast-seo-wordpress\/ -->\n<title>Exp\u00e9ditions et retours - Opus Pocus<\/title>\n<meta name=\"robots\" content=\"index, follow, max-snippet:-1, max-image-preview:large, max-video-preview:-1\" \/>\n<link rel=\"canonical\" href=\"https:\/\/www.opus-pocus.com\/shop\/livraison\/\" \/>\n<meta property=\"og:locale\" content=\"fr_FR\" \/>\n<meta property=\"og:type\" content=\"article\" \/>\n<meta property=\"og:title\" content=\"Exp\u00e9ditions et retours - Opus Pocus\" \/>\n<meta property=\"og:description\" content=\"Les colis sont g\u00e9n\u00e9ralement exp\u00e9di\u00e9s dans un d\u00e9lai de 2 \u00e0 5 jours apr\u00e8s r\u00e9ception du paiement. Ils sont exp\u00e9di\u00e9s via Colissimo avec un num\u00e9ro de suivi et remis contre signature et avec assurance. Nous vous envoyons un lien pour suivre votre colis en ligne. Nous vous recommandons de regrouper tous vos articles dans une &hellip; Exp\u00e9ditions et retours Lire la suite\u00a0\u00bb\" \/>\n<meta property=\"og:url\" content=\"https:\/\/www.opus-pocus.com\/shop\/livraison\/\" \/>\n<meta property=\"og:site_name\" content=\"Opus Pocus\" \/>\n<meta property=\"article:modified_time\" content=\"2022-04-28T09:33:25+00:00\" \/>\n<meta name=\"twitter:card\" content=\"summary_large_image\" \/>\n<meta name=\"twitter:label1\" content=\"Dur\u00e9e de lecture estim\u00e9e\" \/>\n\t<meta name=\"twitter:data1\" content=\"1 minute\" \/>\n<script type=\"application\/ld+json\" class=\"yoast-schema-graph\">{\"@context\":\"https:\\\/\\\/schema.org\",\"@graph\":[{\"@type\":\"WebPage\",\"@id\":\"https:\\\/\\\/www.opus-pocus.com\\\/shop\\\/livraison\\\/\",\"url\":\"https:\\\/\\\/www.opus-pocus.com\\\/shop\\\/livraison\\\/\",\"name\":\"Exp\u00e9ditions et retours - Opus Pocus\",\"isPartOf\":{\"@id\":\"https:\\\/\\\/www.opus-pocus.com\\\/shop\\\/#website\"},\"datePublished\":\"2021-12-14T13:15:55+00:00\",\"dateModified\":\"2022-04-28T09:33:25+00:00\",\"breadcrumb\":{\"@id\":\"https:\\\/\\\/www.opus-pocus.com\\\/shop\\\/livraison\\\/#breadcrumb\"},\"inLanguage\":\"fr-FR\",\"potentialAction\":[{\"@type\":\"ReadAction\",\"target\":[\"https:\\\/\\\/www.opus-pocus.com\\\/shop\\\/livraison\\\/\"]}]},{\"@type\":\"BreadcrumbList\",\"@id\":\"https:\\\/\\\/www.opus-pocus.com\\\/shop\\\/livraison\\\/#breadcrumb\",\"itemListElement\":[{\"@type\":\"ListItem\",\"position\":1,\"name\":\"Accueil\",\"item\":\"https:\\\/\\\/www.opus-pocus.com\\\/shop\\\/\"},{\"@type\":\"ListItem\",\"position\":2,\"name\":\"Exp\u00e9ditions et retours\"}]},{\"@type\":\"WebSite\",\"@id\":\"https:\\\/\\\/www.opus-pocus.com\\\/shop\\\/#website\",\"url\":\"https:\\\/\\\/www.opus-pocus.com\\\/shop\\\/\",\"name\":\"Opus Pocus\",\"description\":\"Opus Pocus\",\"publisher\":{\"@id\":\"https:\\\/\\\/www.opus-pocus.com\\\/shop\\\/#organization\"},\"potentialAction\":[{\"@type\":\"SearchAction\",\"target\":{\"@type\":\"EntryPoint\",\"urlTemplate\":\"https:\\\/\\\/www.opus-pocus.com\\\/shop\\\/?s={search_term_string}\"},\"query-input\":{\"@type\":\"PropertyValueSpecification\",\"valueRequired\":true,\"valueName\":\"search_term_string\"}}],\"inLanguage\":\"fr-FR\"},{\"@type\":\"Organization\",\"@id\":\"https:\\\/\\\/www.opus-pocus.com\\\/shop\\\/#organization\",\"name\":\"Opus Pocus\",\"url\":\"https:\\\/\\\/www.opus-pocus.com\\\/shop\\\/\",\"logo\":{\"@type\":\"ImageObject\",\"inLanguage\":\"fr-FR\",\"@id\":\"https:\\\/\\\/www.opus-pocus.com\\\/shop\\\/#\\\/schema\\\/logo\\\/image\\\/\",\"url\":\"https:\\\/\\\/i0.wp.com\\\/www.opus-pocus.com\\\/shop\\\/wp-content\\\/uploads\\\/2021\\\/12\\\/opus-pocus-logo.png?fit=300%2C78&ssl=1\",\"contentUrl\":\"https:\\\/\\\/i0.wp.com\\\/www.opus-pocus.com\\\/shop\\\/wp-content\\\/uploads\\\/2021\\\/12\\\/opus-pocus-logo.png?fit=300%2C78&ssl=1\",\"width\":300,\"height\":78,\"caption\":\"Opus Pocus\"},\"image\":{\"@id\":\"https:\\\/\\\/www.opus-pocus.com\\\/shop\\\/#\\\/schema\\\/logo\\\/image\\\/\"}}]}<\/script>\n<!-- \/ Yoast SEO plugin. -->","yoast_head_json":{"title":"Exp\u00e9ditions et retours - Opus Pocus","robots":{"index":"index","follow":"follow","max-snippet":"max-snippet:-1","max-image-preview":"max-image-preview:large","max-video-preview":"max-video-preview:-1"},"canonical":"https:\/\/www.opus-pocus.com\/shop\/livraison\/","og_locale":"fr_FR","og_type":"article","og_title":"Exp\u00e9ditions et retours - Opus Pocus","og_description":"Les colis sont g\u00e9n\u00e9ralement exp\u00e9di\u00e9s dans un d\u00e9lai de 2 \u00e0 5 jours apr\u00e8s r\u00e9ception du paiement. Ils sont exp\u00e9di\u00e9s via Colissimo avec un num\u00e9ro de suivi et remis contre signature et avec assurance. Nous vous envoyons un lien pour suivre votre colis en ligne. Nous vous recommandons de regrouper tous vos articles dans une &hellip; Exp\u00e9ditions et retours Lire la suite\u00a0\u00bb","og_url":"https:\/\/www.opus-pocus.com\/shop\/livraison\/","og_site_name":"Opus Pocus","article_modified_time":"2022-04-28T09:33:25+00:00","twitter_card":"summary_large_image","twitter_misc":{"Dur\u00e9e de lecture estim\u00e9e":"1 minute"},"schema":{"@context":"https:\/\/schema.org","@graph":[{"@type":"WebPage","@id":"https:\/\/www.opus-pocus.com\/shop\/livraison\/","url":"https:\/\/www.opus-pocus.com\/shop\/livraison\/","name":"Exp\u00e9ditions et retours - Opus Pocus","isPartOf":{"@id":"https:\/\/www.opus-pocus.com\/shop\/#website"},"datePublished":"2021-12-14T13:15:55+00:00","dateModified":"2022-04-28T09:33:25+00:00","breadcrumb":{"@id":"https:\/\/www.opus-pocus.com\/shop\/livraison\/#breadcrumb"},"inLanguage":"fr-FR","potentialAction":[{"@type":"ReadAction","target":["https:\/\/www.opus-pocus.com\/shop\/livraison\/"]}]},{"@type":"BreadcrumbList","@id":"https:\/\/www.opus-pocus.com\/shop\/livraison\/#breadcrumb","itemListElement":[{"@type":"ListItem","position":1,"name":"Accueil","item":"https:\/\/www.opus-pocus.com\/shop\/"},{"@type":"ListItem","position":2,"name":"Exp\u00e9ditions et retours"}]},{"@type":"WebSite","@id":"https:\/\/www.opus-pocus.com\/shop\/#website","url":"https:\/\/www.opus-pocus.com\/shop\/","name":"Opus Pocus","description":"Opus Pocus","publisher":{"@id":"https:\/\/www.opus-pocus.com\/shop\/#organization"},"potentialAction":[{"@type":"SearchAction","target":{"@type":"EntryPoint","urlTemplate":"https:\/\/www.opus-pocus.com\/shop\/?s={search_term_string}"},"query-input":{"@type":"PropertyValueSpecification","valueRequired":true,"valueName":"search_term_string"}}],"inLanguage":"fr-FR"},{"@type":"Organization","@id":"https:\/\/www.opus-pocus.com\/shop\/#organization","name":"Opus Pocus","url":"https:\/\/www.opus-pocus.com\/shop\/","logo":{"@type":"ImageObject","inLanguage":"fr-FR","@id":"https:\/\/www.opus-pocus.com\/shop\/#\/schema\/logo\/image\/","url":"https:\/\/i0.wp.com\/www.opus-pocus.com\/shop\/wp-content\/uploads\/2021\/12\/opus-pocus-logo.png?fit=300%2C78&ssl=1","contentUrl":"https:\/\/i0.wp.com\/www.opus-pocus.com\/shop\/wp-content\/uploads\/2021\/12\/opus-pocus-logo.png?fit=300%2C78&ssl=1","width":300,"height":78,"caption":"Opus Pocus"},"image":{"@id":"https:\/\/www.opus-pocus.com\/shop\/#\/schema\/logo\/image\/"}}]}},"jetpack-related-posts":[{"id":514,"url":"https:\/\/www.opus-pocus.com\/shop\/conditions-generales-de-vente\/","url_meta":{"origin":503,"position":0},"title":"Conditions g\u00e9n\u00e9rales de vente","author":"henri@exclamations.fr","date":"14 d\u00e9cembre 2021","format":false,"excerpt":"ARTICLE 1 : Objet Les pr\u00e9sentes conditions g\u00e9n\u00e9rales de vente pr\u00e9cisent les droits et obligations des acheteurs \u00e0 l'\u00e9gard des produits vendus dans le catalogue \u00e9lectronique opus-pocus.com, dans le cadre d'un syst\u00e8me de vente \u00e0 distance.Le contrat conclu en cas de commande effective dans le cadre et selon les conditions\u2026","rel":"","context":"Article similaire","block_context":{"text":"Article similaire","link":""},"img":{"alt_text":"","src":"","width":0,"height":0},"classes":[]},{"id":8,"url":"https:\/\/www.opus-pocus.com\/shop\/commander\/","url_meta":{"origin":503,"position":1},"title":"Validation de la commande","author":"henri@exclamations.fr","date":"14 d\u00e9cembre 2021","format":false,"excerpt":"","rel":"","context":"Article similaire","block_context":{"text":"Article similaire","link":""},"img":{"alt_text":"","src":"","width":0,"height":0},"classes":[]},{"id":505,"url":"https:\/\/www.opus-pocus.com\/shop\/mentions-legales\/","url_meta":{"origin":503,"position":2},"title":"Mentions l\u00e9gales","author":"henri@exclamations.fr","date":"14 d\u00e9cembre 2021","format":false,"excerpt":"\u00c9diteur du site Sarah Goulian EI75, boulevard\u00a0de la R\u00e9publique \u2013\u00a092250\u00a0LA GARENNE COLOMBESSiret:\u00a084880861400012Directeur de la publication :\u00a0Sarah Goulian EIConcepteur du site: Sarah Goulian EI75, boulevard\u00a0de la R\u00e9publique\u00a0\u2013\u00a092250\u00a0LA GARENNE COLOMBEShttp:\/\/www.opus-pocus.com\/ H\u00e9bergeur Le prestataire mentionn\u00e9 au 2 du I de l\u2019article 6 de la loi pr\u00e9cit\u00e9e est: OVH, SAS au capital de 10\u2026","rel":"","context":"Article similaire","block_context":{"text":"Article similaire","link":""},"img":{"alt_text":"","src":"","width":0,"height":0},"classes":[]},{"id":516,"url":"https:\/\/www.opus-pocus.com\/shop\/a-propos\/","url_meta":{"origin":503,"position":3},"title":"Qui suis-je?","author":"Sarah","date":"14 d\u00e9cembre 2021","format":false,"excerpt":"Pr\u00e9sentation: Les Mariages d'Aure C'est une passionn\u00e9e des m\u00e9tiers d'arts, d'Histoire, de patrimoine, de min\u00e9raux et d'\u00e9sot\u00e9risme qui se cache derri\u00e8re la marque Opus Pocus: \"Dipl\u00f4m\u00e9e des M\u00e9tiers d'arts dans le textile (styliste\/mod\u00e9liste et costumi\u00e8re), j'ai quitt\u00e9 ma Bretagne natale pour m'installer \u00e0 Paris en 2010. J'ai longtemps travaill\u00e9 dans\u2026","rel":"","context":"Article similaire","block_context":{"text":"Article similaire","link":""},"img":{"alt_text":"","src":"https:\/\/i0.wp.com\/www.opus-pocus.com\/shop\/wp-content\/uploads\/2022\/04\/Me-Og-2.jpg?resize=350%2C200","width":350,"height":200,"srcset":"https:\/\/i0.wp.com\/www.opus-pocus.com\/shop\/wp-content\/uploads\/2022\/04\/Me-Og-2.jpg?resize=350%2C200 1x, https:\/\/i0.wp.com\/www.opus-pocus.com\/shop\/wp-content\/uploads\/2022\/04\/Me-Og-2.jpg?resize=525%2C300 1.5x, https:\/\/i0.wp.com\/www.opus-pocus.com\/shop\/wp-content\/uploads\/2022\/04\/Me-Og-2.jpg?resize=700%2C400 2x"},"classes":[]}],"jetpack_sharing_enabled":true,"_links":{"self":[{"href":"https:\/\/www.opus-pocus.com\/shop\/wp-json\/wp\/v2\/pages\/503","targetHints":{"allow":["GET"]}}],"collection":[{"href":"https:\/\/www.opus-pocus.com\/shop\/wp-json\/wp\/v2\/pages"}],"about":[{"href":"https:\/\/www.opus-pocus.com\/shop\/wp-json\/wp\/v2\/types\/page"}],"author":[{"embeddable":true,"href":"https:\/\/www.opus-pocus.com\/shop\/wp-json\/wp\/v2\/users\/1"}],"replies":[{"embeddable":true,"href":"https:\/\/www.opus-pocus.com\/shop\/wp-json\/wp\/v2\/comments?post=503"}],"version-history":[{"count":5,"href":"https:\/\/www.opus-pocus.com\/shop\/wp-json\/wp\/v2\/pages\/503\/revisions"}],"predecessor-version":[{"id":984,"href":"https:\/\/www.opus-pocus.com\/shop\/wp-json\/wp\/v2\/pages\/503\/revisions\/984"}],"wp:attachment":[{"href":"https:\/\/www.opus-pocus.com\/shop\/wp-json\/wp\/v2\/media?parent=503"}],"curies":[{"name":"wp","href":"https:\/\/api.w.org\/{rel}","templated":true}]}}