{"id":8,"date":"2021-12-14T11:34:47","date_gmt":"2021-12-14T10:34:47","guid":{"rendered":"https:\/\/opus-pocus.com\/woocommerce\/commander\/"},"modified":"2021-12-14T11:34:47","modified_gmt":"2021-12-14T10:34:47","slug":"commander","status":"publish","type":"page","link":"https:\/\/www.opus-pocus.com\/shop\/commander\/","title":{"rendered":"Validation de la commande"},"content":{"rendered":"<div class=\"woocommerce\"><\/div>\n","protected":false},"excerpt":{"rendered":"","protected":false},"author":1,"featured_media":0,"parent":0,"menu_order":0,"comment_status":"closed","ping_status":"closed","template":"","meta":{"site-sidebar-layout":"","site-content-layout":"","ast-main-header-display":"","ast-hfb-above-header-display":"","ast-hfb-below-header-display":"","ast-hfb-mobile-header-display":"","site-post-title":"","ast-breadcrumbs-content":"","ast-featured-img":"","footer-sml-layout":"","theme-transparent-header-meta":"","adv-header-id-meta":"","stick-header-meta":"","header-above-stick-meta":"","header-main-stick-meta":"","header-below-stick-meta":"","footnotes":""},"class_list":["post-8","page","type-page","status-publish","hentry"],"yoast_head":"<!-- This site is optimized with the Yoast SEO plugin v27.4 - https:\/\/yoast.com\/product\/yoast-seo-wordpress\/ -->\n<title>Validation de la commande - Opus Pocus<\/title>\n<meta name=\"robots\" content=\"index, follow, max-snippet:-1, max-image-preview:large, max-video-preview:-1\" \/>\n<link rel=\"canonical\" href=\"https:\/\/www.opus-pocus.com\/shop\/commander\/\" \/>\n<meta property=\"og:locale\" content=\"fr_FR\" \/>\n<meta property=\"og:type\" content=\"article\" \/>\n<meta property=\"og:title\" content=\"Validation de la commande - Opus Pocus\" \/>\n<meta property=\"og:url\" content=\"https:\/\/www.opus-pocus.com\/shop\/commander\/\" \/>\n<meta property=\"og:site_name\" content=\"Opus Pocus\" \/>\n<meta name=\"twitter:card\" content=\"summary_large_image\" \/>\n<script type=\"application\/ld+json\" class=\"yoast-schema-graph\">{\"@context\":\"https:\\\/\\\/schema.org\",\"@graph\":[{\"@type\":\"WebPage\",\"@id\":\"https:\\\/\\\/www.opus-pocus.com\\\/shop\\\/commander\\\/\",\"url\":\"https:\\\/\\\/www.opus-pocus.com\\\/shop\\\/commander\\\/\",\"name\":\"Validation de la commande - Opus Pocus\",\"isPartOf\":{\"@id\":\"https:\\\/\\\/www.opus-pocus.com\\\/shop\\\/#website\"},\"datePublished\":\"2021-12-14T10:34:47+00:00\",\"breadcrumb\":{\"@id\":\"https:\\\/\\\/www.opus-pocus.com\\\/shop\\\/commander\\\/#breadcrumb\"},\"inLanguage\":\"fr-FR\",\"potentialAction\":[{\"@type\":\"ReadAction\",\"target\":[\"https:\\\/\\\/www.opus-pocus.com\\\/shop\\\/commander\\\/\"]}]},{\"@type\":\"BreadcrumbList\",\"@id\":\"https:\\\/\\\/www.opus-pocus.com\\\/shop\\\/commander\\\/#breadcrumb\",\"itemListElement\":[{\"@type\":\"ListItem\",\"position\":1,\"name\":\"Accueil\",\"item\":\"https:\\\/\\\/www.opus-pocus.com\\\/shop\\\/\"},{\"@type\":\"ListItem\",\"position\":2,\"name\":\"Validation de la commande\"}]},{\"@type\":\"WebSite\",\"@id\":\"https:\\\/\\\/www.opus-pocus.com\\\/shop\\\/#website\",\"url\":\"https:\\\/\\\/www.opus-pocus.com\\\/shop\\\/\",\"name\":\"Opus Pocus\",\"description\":\"Opus Pocus\",\"publisher\":{\"@id\":\"https:\\\/\\\/www.opus-pocus.com\\\/shop\\\/#organization\"},\"potentialAction\":[{\"@type\":\"SearchAction\",\"target\":{\"@type\":\"EntryPoint\",\"urlTemplate\":\"https:\\\/\\\/www.opus-pocus.com\\\/shop\\\/?s={search_term_string}\"},\"query-input\":{\"@type\":\"PropertyValueSpecification\",\"valueRequired\":true,\"valueName\":\"search_term_string\"}}],\"inLanguage\":\"fr-FR\"},{\"@type\":\"Organization\",\"@id\":\"https:\\\/\\\/www.opus-pocus.com\\\/shop\\\/#organization\",\"name\":\"Opus Pocus\",\"url\":\"https:\\\/\\\/www.opus-pocus.com\\\/shop\\\/\",\"logo\":{\"@type\":\"ImageObject\",\"inLanguage\":\"fr-FR\",\"@id\":\"https:\\\/\\\/www.opus-pocus.com\\\/shop\\\/#\\\/schema\\\/logo\\\/image\\\/\",\"url\":\"https:\\\/\\\/i0.wp.com\\\/www.opus-pocus.com\\\/shop\\\/wp-content\\\/uploads\\\/2021\\\/12\\\/opus-pocus-logo.png?fit=300%2C78&ssl=1\",\"contentUrl\":\"https:\\\/\\\/i0.wp.com\\\/www.opus-pocus.com\\\/shop\\\/wp-content\\\/uploads\\\/2021\\\/12\\\/opus-pocus-logo.png?fit=300%2C78&ssl=1\",\"width\":300,\"height\":78,\"caption\":\"Opus Pocus\"},\"image\":{\"@id\":\"https:\\\/\\\/www.opus-pocus.com\\\/shop\\\/#\\\/schema\\\/logo\\\/image\\\/\"}}]}<\/script>\n<!-- \/ Yoast SEO plugin. -->","yoast_head_json":{"title":"Validation de la commande - Opus Pocus","robots":{"index":"index","follow":"follow","max-snippet":"max-snippet:-1","max-image-preview":"max-image-preview:large","max-video-preview":"max-video-preview:-1"},"canonical":"https:\/\/www.opus-pocus.com\/shop\/commander\/","og_locale":"fr_FR","og_type":"article","og_title":"Validation de la commande - Opus Pocus","og_url":"https:\/\/www.opus-pocus.com\/shop\/commander\/","og_site_name":"Opus Pocus","twitter_card":"summary_large_image","schema":{"@context":"https:\/\/schema.org","@graph":[{"@type":"WebPage","@id":"https:\/\/www.opus-pocus.com\/shop\/commander\/","url":"https:\/\/www.opus-pocus.com\/shop\/commander\/","name":"Validation de la commande - Opus Pocus","isPartOf":{"@id":"https:\/\/www.opus-pocus.com\/shop\/#website"},"datePublished":"2021-12-14T10:34:47+00:00","breadcrumb":{"@id":"https:\/\/www.opus-pocus.com\/shop\/commander\/#breadcrumb"},"inLanguage":"fr-FR","potentialAction":[{"@type":"ReadAction","target":["https:\/\/www.opus-pocus.com\/shop\/commander\/"]}]},{"@type":"BreadcrumbList","@id":"https:\/\/www.opus-pocus.com\/shop\/commander\/#breadcrumb","itemListElement":[{"@type":"ListItem","position":1,"name":"Accueil","item":"https:\/\/www.opus-pocus.com\/shop\/"},{"@type":"ListItem","position":2,"name":"Validation de la commande"}]},{"@type":"WebSite","@id":"https:\/\/www.opus-pocus.com\/shop\/#website","url":"https:\/\/www.opus-pocus.com\/shop\/","name":"Opus Pocus","description":"Opus Pocus","publisher":{"@id":"https:\/\/www.opus-pocus.com\/shop\/#organization"},"potentialAction":[{"@type":"SearchAction","target":{"@type":"EntryPoint","urlTemplate":"https:\/\/www.opus-pocus.com\/shop\/?s={search_term_string}"},"query-input":{"@type":"PropertyValueSpecification","valueRequired":true,"valueName":"search_term_string"}}],"inLanguage":"fr-FR"},{"@type":"Organization","@id":"https:\/\/www.opus-pocus.com\/shop\/#organization","name":"Opus Pocus","url":"https:\/\/www.opus-pocus.com\/shop\/","logo":{"@type":"ImageObject","inLanguage":"fr-FR","@id":"https:\/\/www.opus-pocus.com\/shop\/#\/schema\/logo\/image\/","url":"https:\/\/i0.wp.com\/www.opus-pocus.com\/shop\/wp-content\/uploads\/2021\/12\/opus-pocus-logo.png?fit=300%2C78&ssl=1","contentUrl":"https:\/\/i0.wp.com\/www.opus-pocus.com\/shop\/wp-content\/uploads\/2021\/12\/opus-pocus-logo.png?fit=300%2C78&ssl=1","width":300,"height":78,"caption":"Opus Pocus"},"image":{"@id":"https:\/\/www.opus-pocus.com\/shop\/#\/schema\/logo\/image\/"}}]}},"jetpack-related-posts":[{"id":503,"url":"https:\/\/www.opus-pocus.com\/shop\/livraison\/","url_meta":{"origin":8,"position":0},"title":"Exp\u00e9ditions et retours","author":"henri@exclamations.fr","date":"14 d\u00e9cembre 2021","format":false,"excerpt":"Les colis sont g\u00e9n\u00e9ralement exp\u00e9di\u00e9s dans un d\u00e9lai de 2 \u00e0 5 jours apr\u00e8s r\u00e9ception du paiement. Ils sont exp\u00e9di\u00e9s via Colissimo avec un num\u00e9ro de suivi et remis contre signature et avec assurance. Nous vous envoyons un lien pour suivre votre colis en ligne. Nous vous recommandons de regrouper\u2026","rel":"","context":"Article similaire","block_context":{"text":"Article similaire","link":""},"img":{"alt_text":"","src":"","width":0,"height":0},"classes":[]},{"id":514,"url":"https:\/\/www.opus-pocus.com\/shop\/conditions-generales-de-vente\/","url_meta":{"origin":8,"position":1},"title":"Conditions g\u00e9n\u00e9rales de vente","author":"henri@exclamations.fr","date":"14 d\u00e9cembre 2021","format":false,"excerpt":"ARTICLE 1 : Objet Les pr\u00e9sentes conditions g\u00e9n\u00e9rales de vente pr\u00e9cisent les droits et obligations des acheteurs \u00e0 l'\u00e9gard des produits vendus dans le catalogue \u00e9lectronique opus-pocus.com, dans le cadre d'un syst\u00e8me de vente \u00e0 distance.Le contrat conclu en cas de commande effective dans le cadre et selon les conditions\u2026","rel":"","context":"Article similaire","block_context":{"text":"Article similaire","link":""},"img":{"alt_text":"","src":"","width":0,"height":0},"classes":[]}],"jetpack_sharing_enabled":true,"_links":{"self":[{"href":"https:\/\/www.opus-pocus.com\/shop\/wp-json\/wp\/v2\/pages\/8","targetHints":{"allow":["GET"]}}],"collection":[{"href":"https:\/\/www.opus-pocus.com\/shop\/wp-json\/wp\/v2\/pages"}],"about":[{"href":"https:\/\/www.opus-pocus.com\/shop\/wp-json\/wp\/v2\/types\/page"}],"author":[{"embeddable":true,"href":"https:\/\/www.opus-pocus.com\/shop\/wp-json\/wp\/v2\/users\/1"}],"replies":[{"embeddable":true,"href":"https:\/\/www.opus-pocus.com\/shop\/wp-json\/wp\/v2\/comments?post=8"}],"version-history":[{"count":0,"href":"https:\/\/www.opus-pocus.com\/shop\/wp-json\/wp\/v2\/pages\/8\/revisions"}],"wp:attachment":[{"href":"https:\/\/www.opus-pocus.com\/shop\/wp-json\/wp\/v2\/media?parent=8"}],"curies":[{"name":"wp","href":"https:\/\/api.w.org\/{rel}","templated":true}]}}