{"id":1514,"date":"2024-12-01T20:30:02","date_gmt":"2024-12-01T19:30:02","guid":{"rendered":"https:\/\/www.opus-pocus.com\/shop\/?post_type=product&#038;p=1514"},"modified":"2024-12-01T17:30:49","modified_gmt":"2024-12-01T16:30:49","slug":"pendentif-glastonbury-en-amethyste-et-argent-925","status":"publish","type":"product","link":"https:\/\/www.opus-pocus.com\/shop\/produit\/pendentif-glastonbury-en-amethyste-et-argent-925\/","title":{"rendered":"Pendentif Glastonbury en am\u00e9thyste et argent 925"},"content":{"rendered":"<p><span style=\"font-size: 16px;\">\u2727 Cette pierre peut comprendre certaines fractures internes qui sont naturelles. On parle de d\u2019inclusions ou de caract\u00e9ristiques internes de la gemme.<\/span><\/p>\n<div id=\"tab-description\" class=\"woocommerce-Tabs-panel woocommerce-Tabs-panel--description panel entry-content wc-tab\" role=\"tabpanel\" aria-labelledby=\"tab-title-description\">\n<p>\u27ba A tous les amoureux des vieilles pierres, ce bijou vous est d\u00e9di\u00e9.<\/p>\n<p><strong>Entretien:<\/strong> Le bijou s\u2019entretient tr\u00e8s facilement en le lavant de temps en temps \u00e0 l\u2019eau savonneuse avec une brosse \u00e0 dent souple. Si votre bijou s&rsquo;oxyde, nettoyer avec une petite noisette de dentifrice avec un peu d&rsquo;eau ti\u00e8de, soit au doigt, soit \u00e0 l&rsquo;aide d&rsquo;une brosse \u00e0 dent tr\u00e8s souple (type Inava).<\/p>\n<p>Si vous ne portez pas votre bijou, conservez-le dans une petite pochette \u00e0 l&rsquo;abri de l&rsquo;air. Ne les conservez surtout pas dans votre salle de bain ou autre lieu humide, cela favorise l&rsquo;oxydation.<\/p>\n<p>Rassurez-vous, l&rsquo;oxydation n&rsquo;est qu&rsquo;un d\u00e9p\u00f4t sur l&rsquo;argent et se rattrape sans probl\u00e8me. L&rsquo;avantage de l&rsquo;argent c&rsquo;est qu&rsquo;il se garde \u00e0 vie et s&rsquo;entretien tr\u00e8s facilement. Si vous portez votre bijou chaque jour alors celui-ci ne bougera pas.<\/p>\n<p>Evitez tout de m\u00eame de vous baigner dans de l&rsquo;eau chlor\u00e9e ou dans les sources d&rsquo;eau soufr\u00e9e, cela noircit les bijoux. Retirez les pour dormir id\u00e9alement afin de ne pas les ab\u00eemer ainsi que pour le m\u00e9nage et les travaux manuels.<\/p>\n<\/div>\n","protected":false},"excerpt":{"rendered":"<p>\u2727 Le pendentif GLASTONBURY est surmont\u00e9 d\u2019une partie inspir\u00e9e des fen\u00eatres en ogive des cath\u00e9drales de la p\u00e9riode gothique classique et serti d\u2019une am\u00e9thyste, avec en son dos, une ouverture en forme de quadrilobe typique de l\u2019architecture m\u00e9di\u00e9vale.<\/p>\n<ul>\n<li><strong>Mati\u00e8re<\/strong>: Argent 925, am\u00e9thyste<\/li>\n<li><strong>Cha\u00eene<\/strong>: Pr\u00e9sent\u00e9 avec la maille jaseron fine 45 cm (vendue s\u00e9par\u00e9ment &#8211; voir dans la cat\u00e9gorie Cha\u00eenes)<\/li>\n<li><strong>Taille du bijou<\/strong>: 25\u00d79,5 mm<\/li>\n<li><strong>Taille de la pierre<\/strong>: 8 mm<\/li>\n<\/ul>\n<p>&nbsp;<\/p>\n<p>*VENDU SANS CHA\u00ceNE*<\/p>\n<p>-Mod\u00e8le D\u00e9pos\u00e9-<\/p>\n<p>Design fran\u00e7ais, fabriqu\u00e9 artisanalement et \u00e9thiquement en Tha\u00eflande.<\/p>\n<p>Estamp\u00e9 de mon poin\u00e7on d\u2019importation.<\/p>\n","protected":false},"featured_media":1805,"comment_status":"closed","ping_status":"closed","template":"","meta":{"site-sidebar-layout":"default","site-content-layout":"default","ast-main-header-display":"","ast-hfb-above-header-display":"","ast-hfb-below-header-display":"","ast-hfb-mobile-header-display":"","site-post-title":"","ast-breadcrumbs-content":"","ast-featured-img":"","footer-sml-layout":"","theme-transparent-header-meta":"default","adv-header-id-meta":"","stick-header-meta":"","header-above-stick-meta":"","header-main-stick-meta":"","header-below-stick-meta":""},"product_brand":[],"product_cat":[233,18,22,23],"product_tag":[],"class_list":{"0":"post-1514","1":"product","2":"type-product","3":"status-publish","4":"has-post-thumbnail","6":"product_cat-accueil","7":"product_cat-bijoux","8":"product_cat-collection-medieval-times","9":"product_cat-pendentifs","11":"first","12":"instock","13":"shipping-taxable","14":"purchasable","15":"product-type-simple"},"yoast_head":"<!-- This site is optimized with the Yoast SEO plugin v27.4 - https:\/\/yoast.com\/product\/yoast-seo-wordpress\/ -->\n<title>Pendentif Glastonbury en am\u00e9thyste et argent 925 - Opus Pocus<\/title>\n<meta name=\"description\" content=\"Pendentif en argent 925, surmont\u00e9 d\u2019une partie inspir\u00e9e des fen\u00eatres en ogive des cath\u00e9drales de la p\u00e9riode gothique classique.Le pendentif est serti d\u2019une am\u00e9thyste ins\u00e9r\u00e9e dans quatre griffes, avec en son dos, une ouverture en forme de quadrilobe typique de l\u2019architecture m\u00e9di\u00e9vale.\" \/>\n<meta name=\"robots\" content=\"index, follow, max-snippet:-1, max-image-preview:large, max-video-preview:-1\" \/>\n<link rel=\"canonical\" href=\"https:\/\/www.opus-pocus.com\/shop\/produit\/pendentif-glastonbury-en-amethyste-et-argent-925\/\" \/>\n<meta property=\"og:locale\" content=\"fr_FR\" \/>\n<meta property=\"og:type\" content=\"article\" \/>\n<meta property=\"og:title\" content=\"Pendentif Glastonbury en am\u00e9thyste et argent 925 - Opus Pocus\" \/>\n<meta property=\"og:description\" content=\"Pendentif en argent 925, surmont\u00e9 d\u2019une partie inspir\u00e9e des fen\u00eatres en ogive des cath\u00e9drales de la p\u00e9riode gothique classique.Le pendentif est serti d\u2019une am\u00e9thyste ins\u00e9r\u00e9e dans quatre griffes, avec en son dos, une ouverture en forme de quadrilobe typique de l\u2019architecture m\u00e9di\u00e9vale.\" \/>\n<meta property=\"og:url\" content=\"https:\/\/www.opus-pocus.com\/shop\/produit\/pendentif-glastonbury-en-amethyste-et-argent-925\/\" \/>\n<meta property=\"og:site_name\" content=\"Opus Pocus\" \/>\n<meta property=\"og:image\" content=\"https:\/\/i0.wp.com\/www.opus-pocus.com\/shop\/wp-content\/uploads\/2023\/06\/P.Glastonbury-ameth-porte.jpg?fit=1080%2C1350&ssl=1\" \/>\n\t<meta property=\"og:image:width\" content=\"1080\" \/>\n\t<meta property=\"og:image:height\" content=\"1350\" \/>\n\t<meta property=\"og:image:type\" content=\"image\/jpeg\" \/>\n<meta name=\"twitter:card\" content=\"summary_large_image\" \/>\n<meta name=\"twitter:label1\" content=\"Dur\u00e9e de lecture estim\u00e9e\" \/>\n\t<meta name=\"twitter:data1\" content=\"2 minutes\" \/>\n<script type=\"application\/ld+json\" class=\"yoast-schema-graph\">{\"@context\":\"https:\\\/\\\/schema.org\",\"@graph\":[{\"@type\":\"WebPage\",\"@id\":\"https:\\\/\\\/www.opus-pocus.com\\\/shop\\\/produit\\\/pendentif-glastonbury-en-amethyste-et-argent-925\\\/\",\"url\":\"https:\\\/\\\/www.opus-pocus.com\\\/shop\\\/produit\\\/pendentif-glastonbury-en-amethyste-et-argent-925\\\/\",\"name\":\"Pendentif Glastonbury en am\u00e9thyste et argent 925 - Opus Pocus\",\"isPartOf\":{\"@id\":\"https:\\\/\\\/www.opus-pocus.com\\\/shop\\\/#website\"},\"primaryImageOfPage\":{\"@id\":\"https:\\\/\\\/www.opus-pocus.com\\\/shop\\\/produit\\\/pendentif-glastonbury-en-amethyste-et-argent-925\\\/#primaryimage\"},\"image\":{\"@id\":\"https:\\\/\\\/www.opus-pocus.com\\\/shop\\\/produit\\\/pendentif-glastonbury-en-amethyste-et-argent-925\\\/#primaryimage\"},\"thumbnailUrl\":\"https:\\\/\\\/i0.wp.com\\\/www.opus-pocus.com\\\/shop\\\/wp-content\\\/uploads\\\/2023\\\/06\\\/P.Glastonbury-ameth-porte.jpg?fit=1080%2C1350&ssl=1\",\"datePublished\":\"2024-12-01T19:30:02+00:00\",\"description\":\"Pendentif en argent 925, surmont\u00e9 d\u2019une partie inspir\u00e9e des fen\u00eatres en ogive des cath\u00e9drales de la p\u00e9riode gothique classique.Le pendentif est serti d\u2019une am\u00e9thyste ins\u00e9r\u00e9e dans quatre griffes, avec en son dos, une ouverture en forme de quadrilobe typique de l\u2019architecture m\u00e9di\u00e9vale.\",\"breadcrumb\":{\"@id\":\"https:\\\/\\\/www.opus-pocus.com\\\/shop\\\/produit\\\/pendentif-glastonbury-en-amethyste-et-argent-925\\\/#breadcrumb\"},\"inLanguage\":\"fr-FR\",\"potentialAction\":[{\"@type\":\"ReadAction\",\"target\":[\"https:\\\/\\\/www.opus-pocus.com\\\/shop\\\/produit\\\/pendentif-glastonbury-en-amethyste-et-argent-925\\\/\"]}]},{\"@type\":\"ImageObject\",\"inLanguage\":\"fr-FR\",\"@id\":\"https:\\\/\\\/www.opus-pocus.com\\\/shop\\\/produit\\\/pendentif-glastonbury-en-amethyste-et-argent-925\\\/#primaryimage\",\"url\":\"https:\\\/\\\/i0.wp.com\\\/www.opus-pocus.com\\\/shop\\\/wp-content\\\/uploads\\\/2023\\\/06\\\/P.Glastonbury-ameth-porte.jpg?fit=1080%2C1350&ssl=1\",\"contentUrl\":\"https:\\\/\\\/i0.wp.com\\\/www.opus-pocus.com\\\/shop\\\/wp-content\\\/uploads\\\/2023\\\/06\\\/P.Glastonbury-ameth-porte.jpg?fit=1080%2C1350&ssl=1\",\"width\":1080,\"height\":1350},{\"@type\":\"BreadcrumbList\",\"@id\":\"https:\\\/\\\/www.opus-pocus.com\\\/shop\\\/produit\\\/pendentif-glastonbury-en-amethyste-et-argent-925\\\/#breadcrumb\",\"itemListElement\":[{\"@type\":\"ListItem\",\"position\":1,\"name\":\"Accueil\",\"item\":\"https:\\\/\\\/www.opus-pocus.com\\\/shop\\\/\"},{\"@type\":\"ListItem\",\"position\":2,\"name\":\"Boutique\",\"item\":\"https:\\\/\\\/www.opus-pocus.com\\\/shop\\\/\"},{\"@type\":\"ListItem\",\"position\":3,\"name\":\"Pendentif Glastonbury en am\u00e9thyste et argent 925\"}]},{\"@type\":\"WebSite\",\"@id\":\"https:\\\/\\\/www.opus-pocus.com\\\/shop\\\/#website\",\"url\":\"https:\\\/\\\/www.opus-pocus.com\\\/shop\\\/\",\"name\":\"Opus Pocus\",\"description\":\"Opus Pocus\",\"publisher\":{\"@id\":\"https:\\\/\\\/www.opus-pocus.com\\\/shop\\\/#organization\"},\"potentialAction\":[{\"@type\":\"SearchAction\",\"target\":{\"@type\":\"EntryPoint\",\"urlTemplate\":\"https:\\\/\\\/www.opus-pocus.com\\\/shop\\\/?s={search_term_string}\"},\"query-input\":{\"@type\":\"PropertyValueSpecification\",\"valueRequired\":true,\"valueName\":\"search_term_string\"}}],\"inLanguage\":\"fr-FR\"},{\"@type\":\"Organization\",\"@id\":\"https:\\\/\\\/www.opus-pocus.com\\\/shop\\\/#organization\",\"name\":\"Opus Pocus\",\"url\":\"https:\\\/\\\/www.opus-pocus.com\\\/shop\\\/\",\"logo\":{\"@type\":\"ImageObject\",\"inLanguage\":\"fr-FR\",\"@id\":\"https:\\\/\\\/www.opus-pocus.com\\\/shop\\\/#\\\/schema\\\/logo\\\/image\\\/\",\"url\":\"https:\\\/\\\/i0.wp.com\\\/www.opus-pocus.com\\\/shop\\\/wp-content\\\/uploads\\\/2021\\\/12\\\/opus-pocus-logo.png?fit=300%2C78&ssl=1\",\"contentUrl\":\"https:\\\/\\\/i0.wp.com\\\/www.opus-pocus.com\\\/shop\\\/wp-content\\\/uploads\\\/2021\\\/12\\\/opus-pocus-logo.png?fit=300%2C78&ssl=1\",\"width\":300,\"height\":78,\"caption\":\"Opus Pocus\"},\"image\":{\"@id\":\"https:\\\/\\\/www.opus-pocus.com\\\/shop\\\/#\\\/schema\\\/logo\\\/image\\\/\"}}]}<\/script>\n<!-- \/ Yoast SEO plugin. -->","yoast_head_json":{"title":"Pendentif Glastonbury en am\u00e9thyste et argent 925 - Opus Pocus","description":"Pendentif en argent 925, surmont\u00e9 d\u2019une partie inspir\u00e9e des fen\u00eatres en ogive des cath\u00e9drales de la p\u00e9riode gothique classique.Le pendentif est serti d\u2019une am\u00e9thyste ins\u00e9r\u00e9e dans quatre griffes, avec en son dos, une ouverture en forme de quadrilobe typique de l\u2019architecture m\u00e9di\u00e9vale.","robots":{"index":"index","follow":"follow","max-snippet":"max-snippet:-1","max-image-preview":"max-image-preview:large","max-video-preview":"max-video-preview:-1"},"canonical":"https:\/\/www.opus-pocus.com\/shop\/produit\/pendentif-glastonbury-en-amethyste-et-argent-925\/","og_locale":"fr_FR","og_type":"article","og_title":"Pendentif Glastonbury en am\u00e9thyste et argent 925 - Opus Pocus","og_description":"Pendentif en argent 925, surmont\u00e9 d\u2019une partie inspir\u00e9e des fen\u00eatres en ogive des cath\u00e9drales de la p\u00e9riode gothique classique.Le pendentif est serti d\u2019une am\u00e9thyste ins\u00e9r\u00e9e dans quatre griffes, avec en son dos, une ouverture en forme de quadrilobe typique de l\u2019architecture m\u00e9di\u00e9vale.","og_url":"https:\/\/www.opus-pocus.com\/shop\/produit\/pendentif-glastonbury-en-amethyste-et-argent-925\/","og_site_name":"Opus Pocus","og_image":[{"width":1080,"height":1350,"url":"https:\/\/i0.wp.com\/www.opus-pocus.com\/shop\/wp-content\/uploads\/2023\/06\/P.Glastonbury-ameth-porte.jpg?fit=1080%2C1350&ssl=1","type":"image\/jpeg"}],"twitter_card":"summary_large_image","twitter_misc":{"Dur\u00e9e de lecture estim\u00e9e":"2 minutes"},"schema":{"@context":"https:\/\/schema.org","@graph":[{"@type":"WebPage","@id":"https:\/\/www.opus-pocus.com\/shop\/produit\/pendentif-glastonbury-en-amethyste-et-argent-925\/","url":"https:\/\/www.opus-pocus.com\/shop\/produit\/pendentif-glastonbury-en-amethyste-et-argent-925\/","name":"Pendentif Glastonbury en am\u00e9thyste et argent 925 - Opus Pocus","isPartOf":{"@id":"https:\/\/www.opus-pocus.com\/shop\/#website"},"primaryImageOfPage":{"@id":"https:\/\/www.opus-pocus.com\/shop\/produit\/pendentif-glastonbury-en-amethyste-et-argent-925\/#primaryimage"},"image":{"@id":"https:\/\/www.opus-pocus.com\/shop\/produit\/pendentif-glastonbury-en-amethyste-et-argent-925\/#primaryimage"},"thumbnailUrl":"https:\/\/i0.wp.com\/www.opus-pocus.com\/shop\/wp-content\/uploads\/2023\/06\/P.Glastonbury-ameth-porte.jpg?fit=1080%2C1350&ssl=1","datePublished":"2024-12-01T19:30:02+00:00","description":"Pendentif en argent 925, surmont\u00e9 d\u2019une partie inspir\u00e9e des fen\u00eatres en ogive des cath\u00e9drales de la p\u00e9riode gothique classique.Le pendentif est serti d\u2019une am\u00e9thyste ins\u00e9r\u00e9e dans quatre griffes, avec en son dos, une ouverture en forme de quadrilobe typique de l\u2019architecture m\u00e9di\u00e9vale.","breadcrumb":{"@id":"https:\/\/www.opus-pocus.com\/shop\/produit\/pendentif-glastonbury-en-amethyste-et-argent-925\/#breadcrumb"},"inLanguage":"fr-FR","potentialAction":[{"@type":"ReadAction","target":["https:\/\/www.opus-pocus.com\/shop\/produit\/pendentif-glastonbury-en-amethyste-et-argent-925\/"]}]},{"@type":"ImageObject","inLanguage":"fr-FR","@id":"https:\/\/www.opus-pocus.com\/shop\/produit\/pendentif-glastonbury-en-amethyste-et-argent-925\/#primaryimage","url":"https:\/\/i0.wp.com\/www.opus-pocus.com\/shop\/wp-content\/uploads\/2023\/06\/P.Glastonbury-ameth-porte.jpg?fit=1080%2C1350&ssl=1","contentUrl":"https:\/\/i0.wp.com\/www.opus-pocus.com\/shop\/wp-content\/uploads\/2023\/06\/P.Glastonbury-ameth-porte.jpg?fit=1080%2C1350&ssl=1","width":1080,"height":1350},{"@type":"BreadcrumbList","@id":"https:\/\/www.opus-pocus.com\/shop\/produit\/pendentif-glastonbury-en-amethyste-et-argent-925\/#breadcrumb","itemListElement":[{"@type":"ListItem","position":1,"name":"Accueil","item":"https:\/\/www.opus-pocus.com\/shop\/"},{"@type":"ListItem","position":2,"name":"Boutique","item":"https:\/\/www.opus-pocus.com\/shop\/"},{"@type":"ListItem","position":3,"name":"Pendentif Glastonbury en am\u00e9thyste et argent 925"}]},{"@type":"WebSite","@id":"https:\/\/www.opus-pocus.com\/shop\/#website","url":"https:\/\/www.opus-pocus.com\/shop\/","name":"Opus Pocus","description":"Opus Pocus","publisher":{"@id":"https:\/\/www.opus-pocus.com\/shop\/#organization"},"potentialAction":[{"@type":"SearchAction","target":{"@type":"EntryPoint","urlTemplate":"https:\/\/www.opus-pocus.com\/shop\/?s={search_term_string}"},"query-input":{"@type":"PropertyValueSpecification","valueRequired":true,"valueName":"search_term_string"}}],"inLanguage":"fr-FR"},{"@type":"Organization","@id":"https:\/\/www.opus-pocus.com\/shop\/#organization","name":"Opus Pocus","url":"https:\/\/www.opus-pocus.com\/shop\/","logo":{"@type":"ImageObject","inLanguage":"fr-FR","@id":"https:\/\/www.opus-pocus.com\/shop\/#\/schema\/logo\/image\/","url":"https:\/\/i0.wp.com\/www.opus-pocus.com\/shop\/wp-content\/uploads\/2021\/12\/opus-pocus-logo.png?fit=300%2C78&ssl=1","contentUrl":"https:\/\/i0.wp.com\/www.opus-pocus.com\/shop\/wp-content\/uploads\/2021\/12\/opus-pocus-logo.png?fit=300%2C78&ssl=1","width":300,"height":78,"caption":"Opus Pocus"},"image":{"@id":"https:\/\/www.opus-pocus.com\/shop\/#\/schema\/logo\/image\/"}}]}},"jetpack-related-posts":[{"id":1976,"url":"https:\/\/www.opus-pocus.com\/shop\/produit\/pendentif-gothland-25mm-en-argent-925-grand-modele\/","url_meta":{"origin":1514,"position":0},"title":"Pendentif GOTHLAND 25mm en argent 925 (Grand Mod\u00e8le)","author":"Sarah","date":"1 d\u00e9cembre 2024","format":false,"excerpt":"\u2727 Le pendentif \"Gothland\" est un cristal de roche de 25mm serti par des griffes en forme d'ogive. \u2727 Au dos, une ouverture ronde sur la pierre laisse entrevoir la pierre. \u2727 Tout autour, toujours au dos, une \u00e9criture m\u00e9di\u00e9vale r\u00e9v\u00e8le: \"Toujours Vaincra\" Ce bijou, pens\u00e9 comme un talisman pour\u2026","rel":"","context":"Article similaire","block_context":{"text":"Article similaire","link":""},"img":{"alt_text":"","src":"https:\/\/i0.wp.com\/www.opus-pocus.com\/shop\/wp-content\/uploads\/2023\/09\/P.Gothland-Grand-5.jpg?fit=960%2C1200&ssl=1&resize=350%2C200","width":350,"height":200,"srcset":"https:\/\/i0.wp.com\/www.opus-pocus.com\/shop\/wp-content\/uploads\/2023\/09\/P.Gothland-Grand-5.jpg?fit=960%2C1200&ssl=1&resize=350%2C200 1x, https:\/\/i0.wp.com\/www.opus-pocus.com\/shop\/wp-content\/uploads\/2023\/09\/P.Gothland-Grand-5.jpg?fit=960%2C1200&ssl=1&resize=525%2C300 1.5x, https:\/\/i0.wp.com\/www.opus-pocus.com\/shop\/wp-content\/uploads\/2023\/09\/P.Gothland-Grand-5.jpg?fit=960%2C1200&ssl=1&resize=700%2C400 2x"},"classes":[]},{"id":3873,"url":"https:\/\/www.opus-pocus.com\/shop\/produit\/pendentif-trifoil-en-cristal-de-roche-et-argent-925\/","url_meta":{"origin":1514,"position":1},"title":"Pendentif TRIFOIL en cristal de roche et argent 925","author":"Sarah","date":"8 mars 2026","format":false,"excerpt":"\u2727 TRIFOIL est un pendentif serti d'un petit cabochon rond de 8 mm en cristal de roche entour\u00e9 de trois lobes typiques de la p\u00e9riode gothique. \u2727 Au dos, un joli d\u00e9tail se cache derri\u00e8re la pierre. \u2727 Petit et l\u00e9ger, il sera un alli\u00e9 pour rester dans la sobri\u00e9t\u00e9\u2026","rel":"","context":"Article similaire","block_context":{"text":"Article similaire","link":""},"img":{"alt_text":"","src":"https:\/\/i0.wp.com\/www.opus-pocus.com\/shop\/wp-content\/uploads\/2026\/03\/P.Trifoil-Cristal.jpg?fit=960%2C1200&ssl=1&resize=350%2C200","width":350,"height":200,"srcset":"https:\/\/i0.wp.com\/www.opus-pocus.com\/shop\/wp-content\/uploads\/2026\/03\/P.Trifoil-Cristal.jpg?fit=960%2C1200&ssl=1&resize=350%2C200 1x, https:\/\/i0.wp.com\/www.opus-pocus.com\/shop\/wp-content\/uploads\/2026\/03\/P.Trifoil-Cristal.jpg?fit=960%2C1200&ssl=1&resize=525%2C300 1.5x, https:\/\/i0.wp.com\/www.opus-pocus.com\/shop\/wp-content\/uploads\/2026\/03\/P.Trifoil-Cristal.jpg?fit=960%2C1200&ssl=1&resize=700%2C400 2x"},"classes":[]},{"id":3864,"url":"https:\/\/www.opus-pocus.com\/shop\/produit\/pendentif-trifoil-en-onyx-en-argent-925\/","url_meta":{"origin":1514,"position":2},"title":"Pendentif TRIFOIL en onyx et argent 925","author":"Sarah","date":"8 mars 2026","format":false,"excerpt":"\u2727 TRIFOIL est un pendentif serti d'un petit cabochon rond de 8 mm en onyx entour\u00e9 de trois lobes typiques de la p\u00e9riode gothique. \u2727 Au dos, un joli d\u00e9tail se cache derri\u00e8re la pierre. \u2727 Petit et l\u00e9ger, il sera un alli\u00e9 pour rester dans la sobri\u00e9t\u00e9 tout en\u2026","rel":"","context":"Article similaire","block_context":{"text":"Article similaire","link":""},"img":{"alt_text":"","src":"https:\/\/i0.wp.com\/www.opus-pocus.com\/shop\/wp-content\/uploads\/2026\/03\/P-Trilobe-onyx.jpg?fit=960%2C1200&ssl=1&resize=350%2C200","width":350,"height":200,"srcset":"https:\/\/i0.wp.com\/www.opus-pocus.com\/shop\/wp-content\/uploads\/2026\/03\/P-Trilobe-onyx.jpg?fit=960%2C1200&ssl=1&resize=350%2C200 1x, https:\/\/i0.wp.com\/www.opus-pocus.com\/shop\/wp-content\/uploads\/2026\/03\/P-Trilobe-onyx.jpg?fit=960%2C1200&ssl=1&resize=525%2C300 1.5x, https:\/\/i0.wp.com\/www.opus-pocus.com\/shop\/wp-content\/uploads\/2026\/03\/P-Trilobe-onyx.jpg?fit=960%2C1200&ssl=1&resize=700%2C400 2x"},"classes":[]},{"id":3929,"url":"https:\/\/www.opus-pocus.com\/shop\/produit\/pendentif-quatrefoil-en-onyx-et-argent-925\/","url_meta":{"origin":1514,"position":3},"title":"Pendentif QUATREFOIL en onyx et argent 925","author":"Sarah","date":"5 avril 2026","format":false,"excerpt":"\u2727 QUATREFOIL est un pendentif serti d'un petit cabochon rond de 6 mm en onyx entour\u00e9 de quatre lobes typiques de la p\u00e9riode gothique. \u2727 Au dos, un joli d\u00e9tail se cache derri\u00e8re la pierre. \u2727 Un motif puissant et bien repr\u00e9sentatif de la p\u00e9riode du Moyen Age. Mati\u00e8re: Argent\u2026","rel":"","context":"Article similaire","block_context":{"text":"Article similaire","link":""},"img":{"alt_text":"","src":"https:\/\/i0.wp.com\/www.opus-pocus.com\/shop\/wp-content\/uploads\/2026\/04\/P-Verona-onyx.jpg?fit=960%2C1200&ssl=1&resize=350%2C200","width":350,"height":200,"srcset":"https:\/\/i0.wp.com\/www.opus-pocus.com\/shop\/wp-content\/uploads\/2026\/04\/P-Verona-onyx.jpg?fit=960%2C1200&ssl=1&resize=350%2C200 1x, https:\/\/i0.wp.com\/www.opus-pocus.com\/shop\/wp-content\/uploads\/2026\/04\/P-Verona-onyx.jpg?fit=960%2C1200&ssl=1&resize=525%2C300 1.5x, https:\/\/i0.wp.com\/www.opus-pocus.com\/shop\/wp-content\/uploads\/2026\/04\/P-Verona-onyx.jpg?fit=960%2C1200&ssl=1&resize=700%2C400 2x"},"classes":[]},{"id":3934,"url":"https:\/\/www.opus-pocus.com\/shop\/produit\/pendentif-quatrefoil-en-cristal-de-roche-et-argent-925\/","url_meta":{"origin":1514,"position":4},"title":"Pendentif QUATREFOIL en cristal de roche et argent 925","author":"Sarah","date":"5 avril 2026","format":false,"excerpt":"\u2727 QUATREFOIL est un pendentif serti d'un petit cabochon rond de 6 mm en cristal de roche entour\u00e9 de quatre lobes typiques de la p\u00e9riode gothique. \u2727 Au dos, un joli d\u00e9tail se cache derri\u00e8re la pierre. \u2727 Un motif puissant et bien repr\u00e9sentatif de la p\u00e9riode du Moyen Age.\u2026","rel":"","context":"Article similaire","block_context":{"text":"Article similaire","link":""},"img":{"alt_text":"","src":"https:\/\/i0.wp.com\/www.opus-pocus.com\/shop\/wp-content\/uploads\/2026\/04\/P.-Qautrefoil-cristal.jpg?fit=960%2C1200&ssl=1&resize=350%2C200","width":350,"height":200,"srcset":"https:\/\/i0.wp.com\/www.opus-pocus.com\/shop\/wp-content\/uploads\/2026\/04\/P.-Qautrefoil-cristal.jpg?fit=960%2C1200&ssl=1&resize=350%2C200 1x, https:\/\/i0.wp.com\/www.opus-pocus.com\/shop\/wp-content\/uploads\/2026\/04\/P.-Qautrefoil-cristal.jpg?fit=960%2C1200&ssl=1&resize=525%2C300 1.5x, https:\/\/i0.wp.com\/www.opus-pocus.com\/shop\/wp-content\/uploads\/2026\/04\/P.-Qautrefoil-cristal.jpg?fit=960%2C1200&ssl=1&resize=700%2C400 2x"},"classes":[]},{"id":3096,"url":"https:\/\/www.opus-pocus.com\/shop\/produit\/pendentif-hedera-moon-en-amethyste-en-argent-925\/","url_meta":{"origin":1514,"position":5},"title":"Pendentif HEDERA MOON en am\u00e9thyste en argent 925","author":"Sarah","date":"9 novembre 2025","format":false,"excerpt":"\u2727 Hedera Moon est un pendentif repr\u00e9sentant une feuille de lierre comprenant une gemme naturelle au milieu. \u2727 Au dessus, une forme en ogive comprend un croissant de Lune en phase montante. \u2727 Le dos est en argent bross\u00e9 avec une ouverture ronde sur la pierre. Mati\u00e8re: Argent 925 et\u2026","rel":"","context":"Article similaire","block_context":{"text":"Article similaire","link":""},"img":{"alt_text":"","src":"https:\/\/i0.wp.com\/www.opus-pocus.com\/shop\/wp-content\/uploads\/2025\/01\/SITE.jpg?fit=960%2C1200&ssl=1&resize=350%2C200","width":350,"height":200,"srcset":"https:\/\/i0.wp.com\/www.opus-pocus.com\/shop\/wp-content\/uploads\/2025\/01\/SITE.jpg?fit=960%2C1200&ssl=1&resize=350%2C200 1x, https:\/\/i0.wp.com\/www.opus-pocus.com\/shop\/wp-content\/uploads\/2025\/01\/SITE.jpg?fit=960%2C1200&ssl=1&resize=525%2C300 1.5x, https:\/\/i0.wp.com\/www.opus-pocus.com\/shop\/wp-content\/uploads\/2025\/01\/SITE.jpg?fit=960%2C1200&ssl=1&resize=700%2C400 2x"},"classes":[]}],"jetpack_sharing_enabled":true,"_links":{"self":[{"href":"https:\/\/www.opus-pocus.com\/shop\/wp-json\/wp\/v2\/product\/1514","targetHints":{"allow":["GET"]}}],"collection":[{"href":"https:\/\/www.opus-pocus.com\/shop\/wp-json\/wp\/v2\/product"}],"about":[{"href":"https:\/\/www.opus-pocus.com\/shop\/wp-json\/wp\/v2\/types\/product"}],"replies":[{"embeddable":true,"href":"https:\/\/www.opus-pocus.com\/shop\/wp-json\/wp\/v2\/comments?post=1514"}],"wp:featuredmedia":[{"embeddable":true,"href":"https:\/\/www.opus-pocus.com\/shop\/wp-json\/wp\/v2\/media\/1805"}],"wp:attachment":[{"href":"https:\/\/www.opus-pocus.com\/shop\/wp-json\/wp\/v2\/media?parent=1514"}],"wp:term":[{"taxonomy":"product_brand","embeddable":true,"href":"https:\/\/www.opus-pocus.com\/shop\/wp-json\/wp\/v2\/product_brand?post=1514"},{"taxonomy":"product_cat","embeddable":true,"href":"https:\/\/www.opus-pocus.com\/shop\/wp-json\/wp\/v2\/product_cat?post=1514"},{"taxonomy":"product_tag","embeddable":true,"href":"https:\/\/www.opus-pocus.com\/shop\/wp-json\/wp\/v2\/product_tag?post=1514"}],"curies":[{"name":"wp","href":"https:\/\/api.w.org\/{rel}","templated":true}]}}