{"id":2282,"date":"2024-09-01T20:30:08","date_gmt":"2024-09-01T18:30:08","guid":{"rendered":"https:\/\/www.opus-pocus.com\/shop\/?post_type=product&#038;p=2282"},"modified":"2024-11-18T21:53:45","modified_gmt":"2024-11-18T20:53:45","slug":"pendentif-a-mon-seul-desir-en-amethyste-et-argent-925","status":"publish","type":"product","link":"https:\/\/www.opus-pocus.com\/shop\/produit\/pendentif-a-mon-seul-desir-en-amethyste-et-argent-925\/","title":{"rendered":"Pendentif \u00ab\u00a0A MON SEUL DESIR\u00a0\u00bb en am\u00e9thyste et argent 925"},"content":{"rendered":"<p><strong>Entretien:<\/strong>\u00a0Le bijou s\u2019entretient tr\u00e8s facilement en le lavant de temps en temps \u00e0 l\u2019eau savonneuse avec une brosse \u00e0 dent souple. Si votre bijou s\u2019oxyde, nettoyer avec une petite noisette de dentifrice avec un peu d\u2019eau ti\u00e8de, soit au doigt, soit \u00e0 l\u2019aide d\u2019une brosse \u00e0 dent tr\u00e8s souple (type Inava).<\/p>\n<p>Si vous ne portez pas votre bijou, conservez-le dans une petite pochette \u00e0 l\u2019abri de l\u2019air. Ne les conservez surtout pas dans votre salle de bain ou autre lieu humide, cela favorise l\u2019oxydation.<\/p>\n<p>Rassurez-vous, l\u2019oxydation n\u2019est qu\u2019un d\u00e9p\u00f4t sur l\u2019argent et se rattrape sans probl\u00e8me. L\u2019avantage de l\u2019argent c\u2019est qu\u2019il se garde \u00e0 vie et s\u2019entretien tr\u00e8s facilement. Si vous portez votre bijou chaque jour alors celui-ci ne bougera pas.<\/p>\n<p>Evitez tout de m\u00eame de vous baigner dans de l\u2019eau chlor\u00e9e ou dans les sources d\u2019eau soufr\u00e9e, cela noircit les bijoux. Retirez les pour dormir id\u00e9alement afin de ne pas les ab\u00eemer ainsi que pour le m\u00e9nage et les travaux manuels.<\/p>\n","protected":false},"excerpt":{"rendered":"<p>\u2727 Le pendentif A MON SEUL DESIR est un coeur en am\u00e9thyste facet\u00e9 surmont\u00e9 d\u2019une partie inspir\u00e9e de la coiffe de la Dame \u00e0 La Licorne, avec en son dos, une ouverture en forme de coeur et des Lunes grav\u00e9es que l&rsquo;on retrouve sur le drapeau de la c\u00e9l\u00e8bre tapisserie.<\/p>\n<p>\u2727 Sur le c\u00f4t\u00e9 du bijou est grav\u00e9 \u00ab\u00a0A mon seul d\u00e9sir\u00a0\u00bb en \u00e9criture m\u00e9di\u00e9vale.<\/p>\n<p>\u2727 Ce bijou est une interpr\u00e9tation du 6\u00e8me sens de la Dame \u00e0 La Licorne qui, au Moyen Age, \u00e9tait le sens du coeur, qui \u00e9tait un acc\u00e8s vers les mondes spirituels. Le seul d\u00e9sir le La Dame \u00e9tant de s&rsquo;\u00e9lever spirituellement.<\/p>\n<p>&nbsp;<\/p>\n<ul>\n<li><strong>Mati\u00e8re<\/strong>: Argent 925, am\u00e9thyste<\/li>\n<li><strong>Cha\u00eene<\/strong>: Pr\u00e9sent\u00e9 avec la maille gros jaseron 50 cm (vendue s\u00e9par\u00e9ment \u2013 voir dans la cat\u00e9gorie Cha\u00eenes)<\/li>\n<li><strong>Taille du bijou<\/strong>: 23,5\u00d718,5 mm sans la b\u00e9li\u00e8re.<\/li>\n<li><strong>Taille de la pierre<\/strong>: 14&#215;14 mm<\/li>\n<\/ul>\n<p>&nbsp;<\/p>\n<p>*VENDU SANS CHA\u00ceNE* (voir dans la cat\u00e9gorie Cha\u00eenes, grand choix de mailles et longueurs)<\/p>\n<p>-Mod\u00e8le D\u00e9pos\u00e9-<\/p>\n<p>Design fran\u00e7ais, fabriqu\u00e9 artisanalement et \u00e9thiquement en Tha\u00eflande.<\/p>\n<p>Estamp\u00e9 de mon poin\u00e7on d\u2019importation.<\/p>\n","protected":false},"featured_media":2359,"comment_status":"closed","ping_status":"closed","template":"","meta":{"site-sidebar-layout":"default","site-content-layout":"default","ast-main-header-display":"","ast-hfb-above-header-display":"","ast-hfb-below-header-display":"","ast-hfb-mobile-header-display":"","site-post-title":"","ast-breadcrumbs-content":"","ast-featured-img":"","footer-sml-layout":"","theme-transparent-header-meta":"default","adv-header-id-meta":"","stick-header-meta":"","header-above-stick-meta":"","header-main-stick-meta":"","header-below-stick-meta":""},"product_brand":[],"product_cat":[233,18,23],"product_tag":[],"class_list":{"0":"post-2282","1":"product","2":"type-product","3":"status-publish","4":"has-post-thumbnail","6":"product_cat-accueil","7":"product_cat-bijoux","8":"product_cat-pendentifs","10":"first","11":"outofstock","12":"shipping-taxable","13":"purchasable","14":"product-type-simple"},"yoast_head":"<!-- This site is optimized with the Yoast SEO plugin v27.3 - https:\/\/yoast.com\/product\/yoast-seo-wordpress\/ -->\n<title>Pendentif &quot;A MON SEUL DESIR&quot; en am\u00e9thyste et argent 925 - Opus Pocus<\/title>\n<meta name=\"description\" content=\"Pendentif en forme de coeur, inspir\u00e9 de la Claddagh et du Coeur Sacr\u00e9, design\u00e9 sur une inspiration de la tapisserie La Dame \u00e0 La Licorne.\" \/>\n<meta name=\"robots\" content=\"index, follow, max-snippet:-1, max-image-preview:large, max-video-preview:-1\" \/>\n<link rel=\"canonical\" href=\"https:\/\/www.opus-pocus.com\/shop\/produit\/pendentif-a-mon-seul-desir-en-amethyste-et-argent-925\/\" \/>\n<meta property=\"og:locale\" content=\"fr_FR\" \/>\n<meta property=\"og:type\" content=\"article\" \/>\n<meta property=\"og:title\" content=\"Pendentif &quot;A MON SEUL DESIR&quot; en am\u00e9thyste et argent 925 - Opus Pocus\" \/>\n<meta property=\"og:description\" content=\"Pendentif en forme de coeur, inspir\u00e9 de la Claddagh et du Coeur Sacr\u00e9, design\u00e9 sur une inspiration de la tapisserie La Dame \u00e0 La Licorne.\" \/>\n<meta property=\"og:url\" content=\"https:\/\/www.opus-pocus.com\/shop\/produit\/pendentif-a-mon-seul-desir-en-amethyste-et-argent-925\/\" \/>\n<meta property=\"og:site_name\" content=\"Opus Pocus\" \/>\n<meta property=\"article:modified_time\" content=\"2024-11-18T20:53:45+00:00\" \/>\n<meta property=\"og:image\" content=\"https:\/\/www.opus-pocus.com\/shop\/wp-content\/uploads\/2024\/02\/Ameth-site-2.jpg\" \/>\n\t<meta property=\"og:image:width\" content=\"1080\" \/>\n\t<meta property=\"og:image:height\" content=\"1350\" \/>\n\t<meta property=\"og:image:type\" content=\"image\/jpeg\" \/>\n<meta name=\"twitter:card\" content=\"summary_large_image\" \/>\n<meta name=\"twitter:label1\" content=\"Dur\u00e9e de lecture estim\u00e9e\" \/>\n\t<meta name=\"twitter:data1\" content=\"2 minutes\" \/>\n<script type=\"application\/ld+json\" class=\"yoast-schema-graph\">{\"@context\":\"https:\\\/\\\/schema.org\",\"@graph\":[{\"@type\":\"WebPage\",\"@id\":\"https:\\\/\\\/www.opus-pocus.com\\\/shop\\\/produit\\\/pendentif-a-mon-seul-desir-en-amethyste-et-argent-925\\\/\",\"url\":\"https:\\\/\\\/www.opus-pocus.com\\\/shop\\\/produit\\\/pendentif-a-mon-seul-desir-en-amethyste-et-argent-925\\\/\",\"name\":\"Pendentif \\\"A MON SEUL DESIR\\\" en am\u00e9thyste et argent 925 - Opus Pocus\",\"isPartOf\":{\"@id\":\"https:\\\/\\\/www.opus-pocus.com\\\/shop\\\/#website\"},\"primaryImageOfPage\":{\"@id\":\"https:\\\/\\\/www.opus-pocus.com\\\/shop\\\/produit\\\/pendentif-a-mon-seul-desir-en-amethyste-et-argent-925\\\/#primaryimage\"},\"image\":{\"@id\":\"https:\\\/\\\/www.opus-pocus.com\\\/shop\\\/produit\\\/pendentif-a-mon-seul-desir-en-amethyste-et-argent-925\\\/#primaryimage\"},\"thumbnailUrl\":\"https:\\\/\\\/i0.wp.com\\\/www.opus-pocus.com\\\/shop\\\/wp-content\\\/uploads\\\/2024\\\/02\\\/Ameth-site-2.jpg?fit=1080%2C1350&ssl=1\",\"datePublished\":\"2024-09-01T18:30:08+00:00\",\"dateModified\":\"2024-11-18T20:53:45+00:00\",\"description\":\"Pendentif en forme de coeur, inspir\u00e9 de la Claddagh et du Coeur Sacr\u00e9, design\u00e9 sur une inspiration de la tapisserie La Dame \u00e0 La Licorne.\",\"breadcrumb\":{\"@id\":\"https:\\\/\\\/www.opus-pocus.com\\\/shop\\\/produit\\\/pendentif-a-mon-seul-desir-en-amethyste-et-argent-925\\\/#breadcrumb\"},\"inLanguage\":\"fr-FR\",\"potentialAction\":[{\"@type\":\"ReadAction\",\"target\":[\"https:\\\/\\\/www.opus-pocus.com\\\/shop\\\/produit\\\/pendentif-a-mon-seul-desir-en-amethyste-et-argent-925\\\/\"]}]},{\"@type\":\"ImageObject\",\"inLanguage\":\"fr-FR\",\"@id\":\"https:\\\/\\\/www.opus-pocus.com\\\/shop\\\/produit\\\/pendentif-a-mon-seul-desir-en-amethyste-et-argent-925\\\/#primaryimage\",\"url\":\"https:\\\/\\\/i0.wp.com\\\/www.opus-pocus.com\\\/shop\\\/wp-content\\\/uploads\\\/2024\\\/02\\\/Ameth-site-2.jpg?fit=1080%2C1350&ssl=1\",\"contentUrl\":\"https:\\\/\\\/i0.wp.com\\\/www.opus-pocus.com\\\/shop\\\/wp-content\\\/uploads\\\/2024\\\/02\\\/Ameth-site-2.jpg?fit=1080%2C1350&ssl=1\",\"width\":1080,\"height\":1350},{\"@type\":\"BreadcrumbList\",\"@id\":\"https:\\\/\\\/www.opus-pocus.com\\\/shop\\\/produit\\\/pendentif-a-mon-seul-desir-en-amethyste-et-argent-925\\\/#breadcrumb\",\"itemListElement\":[{\"@type\":\"ListItem\",\"position\":1,\"name\":\"Accueil\",\"item\":\"https:\\\/\\\/www.opus-pocus.com\\\/shop\\\/\"},{\"@type\":\"ListItem\",\"position\":2,\"name\":\"Boutique\",\"item\":\"https:\\\/\\\/www.opus-pocus.com\\\/shop\\\/\"},{\"@type\":\"ListItem\",\"position\":3,\"name\":\"Pendentif \u00ab\u00a0A MON SEUL DESIR\u00a0\u00bb en am\u00e9thyste et argent 925\"}]},{\"@type\":\"WebSite\",\"@id\":\"https:\\\/\\\/www.opus-pocus.com\\\/shop\\\/#website\",\"url\":\"https:\\\/\\\/www.opus-pocus.com\\\/shop\\\/\",\"name\":\"Opus Pocus\",\"description\":\"Opus Pocus\",\"publisher\":{\"@id\":\"https:\\\/\\\/www.opus-pocus.com\\\/shop\\\/#organization\"},\"potentialAction\":[{\"@type\":\"SearchAction\",\"target\":{\"@type\":\"EntryPoint\",\"urlTemplate\":\"https:\\\/\\\/www.opus-pocus.com\\\/shop\\\/?s={search_term_string}\"},\"query-input\":{\"@type\":\"PropertyValueSpecification\",\"valueRequired\":true,\"valueName\":\"search_term_string\"}}],\"inLanguage\":\"fr-FR\"},{\"@type\":\"Organization\",\"@id\":\"https:\\\/\\\/www.opus-pocus.com\\\/shop\\\/#organization\",\"name\":\"Opus Pocus\",\"url\":\"https:\\\/\\\/www.opus-pocus.com\\\/shop\\\/\",\"logo\":{\"@type\":\"ImageObject\",\"inLanguage\":\"fr-FR\",\"@id\":\"https:\\\/\\\/www.opus-pocus.com\\\/shop\\\/#\\\/schema\\\/logo\\\/image\\\/\",\"url\":\"https:\\\/\\\/i0.wp.com\\\/www.opus-pocus.com\\\/shop\\\/wp-content\\\/uploads\\\/2021\\\/12\\\/opus-pocus-logo.png?fit=300%2C78&ssl=1\",\"contentUrl\":\"https:\\\/\\\/i0.wp.com\\\/www.opus-pocus.com\\\/shop\\\/wp-content\\\/uploads\\\/2021\\\/12\\\/opus-pocus-logo.png?fit=300%2C78&ssl=1\",\"width\":300,\"height\":78,\"caption\":\"Opus Pocus\"},\"image\":{\"@id\":\"https:\\\/\\\/www.opus-pocus.com\\\/shop\\\/#\\\/schema\\\/logo\\\/image\\\/\"}}]}<\/script>\n<!-- \/ Yoast SEO plugin. -->","yoast_head_json":{"title":"Pendentif \"A MON SEUL DESIR\" en am\u00e9thyste et argent 925 - Opus Pocus","description":"Pendentif en forme de coeur, inspir\u00e9 de la Claddagh et du Coeur Sacr\u00e9, design\u00e9 sur une inspiration de la tapisserie La Dame \u00e0 La Licorne.","robots":{"index":"index","follow":"follow","max-snippet":"max-snippet:-1","max-image-preview":"max-image-preview:large","max-video-preview":"max-video-preview:-1"},"canonical":"https:\/\/www.opus-pocus.com\/shop\/produit\/pendentif-a-mon-seul-desir-en-amethyste-et-argent-925\/","og_locale":"fr_FR","og_type":"article","og_title":"Pendentif \"A MON SEUL DESIR\" en am\u00e9thyste et argent 925 - Opus Pocus","og_description":"Pendentif en forme de coeur, inspir\u00e9 de la Claddagh et du Coeur Sacr\u00e9, design\u00e9 sur une inspiration de la tapisserie La Dame \u00e0 La Licorne.","og_url":"https:\/\/www.opus-pocus.com\/shop\/produit\/pendentif-a-mon-seul-desir-en-amethyste-et-argent-925\/","og_site_name":"Opus Pocus","article_modified_time":"2024-11-18T20:53:45+00:00","og_image":[{"width":1080,"height":1350,"url":"https:\/\/www.opus-pocus.com\/shop\/wp-content\/uploads\/2024\/02\/Ameth-site-2.jpg","type":"image\/jpeg"}],"twitter_card":"summary_large_image","twitter_misc":{"Dur\u00e9e de lecture estim\u00e9e":"2 minutes"},"schema":{"@context":"https:\/\/schema.org","@graph":[{"@type":"WebPage","@id":"https:\/\/www.opus-pocus.com\/shop\/produit\/pendentif-a-mon-seul-desir-en-amethyste-et-argent-925\/","url":"https:\/\/www.opus-pocus.com\/shop\/produit\/pendentif-a-mon-seul-desir-en-amethyste-et-argent-925\/","name":"Pendentif \"A MON SEUL DESIR\" en am\u00e9thyste et argent 925 - Opus Pocus","isPartOf":{"@id":"https:\/\/www.opus-pocus.com\/shop\/#website"},"primaryImageOfPage":{"@id":"https:\/\/www.opus-pocus.com\/shop\/produit\/pendentif-a-mon-seul-desir-en-amethyste-et-argent-925\/#primaryimage"},"image":{"@id":"https:\/\/www.opus-pocus.com\/shop\/produit\/pendentif-a-mon-seul-desir-en-amethyste-et-argent-925\/#primaryimage"},"thumbnailUrl":"https:\/\/i0.wp.com\/www.opus-pocus.com\/shop\/wp-content\/uploads\/2024\/02\/Ameth-site-2.jpg?fit=1080%2C1350&ssl=1","datePublished":"2024-09-01T18:30:08+00:00","dateModified":"2024-11-18T20:53:45+00:00","description":"Pendentif en forme de coeur, inspir\u00e9 de la Claddagh et du Coeur Sacr\u00e9, design\u00e9 sur une inspiration de la tapisserie La Dame \u00e0 La Licorne.","breadcrumb":{"@id":"https:\/\/www.opus-pocus.com\/shop\/produit\/pendentif-a-mon-seul-desir-en-amethyste-et-argent-925\/#breadcrumb"},"inLanguage":"fr-FR","potentialAction":[{"@type":"ReadAction","target":["https:\/\/www.opus-pocus.com\/shop\/produit\/pendentif-a-mon-seul-desir-en-amethyste-et-argent-925\/"]}]},{"@type":"ImageObject","inLanguage":"fr-FR","@id":"https:\/\/www.opus-pocus.com\/shop\/produit\/pendentif-a-mon-seul-desir-en-amethyste-et-argent-925\/#primaryimage","url":"https:\/\/i0.wp.com\/www.opus-pocus.com\/shop\/wp-content\/uploads\/2024\/02\/Ameth-site-2.jpg?fit=1080%2C1350&ssl=1","contentUrl":"https:\/\/i0.wp.com\/www.opus-pocus.com\/shop\/wp-content\/uploads\/2024\/02\/Ameth-site-2.jpg?fit=1080%2C1350&ssl=1","width":1080,"height":1350},{"@type":"BreadcrumbList","@id":"https:\/\/www.opus-pocus.com\/shop\/produit\/pendentif-a-mon-seul-desir-en-amethyste-et-argent-925\/#breadcrumb","itemListElement":[{"@type":"ListItem","position":1,"name":"Accueil","item":"https:\/\/www.opus-pocus.com\/shop\/"},{"@type":"ListItem","position":2,"name":"Boutique","item":"https:\/\/www.opus-pocus.com\/shop\/"},{"@type":"ListItem","position":3,"name":"Pendentif \u00ab\u00a0A MON SEUL DESIR\u00a0\u00bb en am\u00e9thyste et argent 925"}]},{"@type":"WebSite","@id":"https:\/\/www.opus-pocus.com\/shop\/#website","url":"https:\/\/www.opus-pocus.com\/shop\/","name":"Opus Pocus","description":"Opus Pocus","publisher":{"@id":"https:\/\/www.opus-pocus.com\/shop\/#organization"},"potentialAction":[{"@type":"SearchAction","target":{"@type":"EntryPoint","urlTemplate":"https:\/\/www.opus-pocus.com\/shop\/?s={search_term_string}"},"query-input":{"@type":"PropertyValueSpecification","valueRequired":true,"valueName":"search_term_string"}}],"inLanguage":"fr-FR"},{"@type":"Organization","@id":"https:\/\/www.opus-pocus.com\/shop\/#organization","name":"Opus Pocus","url":"https:\/\/www.opus-pocus.com\/shop\/","logo":{"@type":"ImageObject","inLanguage":"fr-FR","@id":"https:\/\/www.opus-pocus.com\/shop\/#\/schema\/logo\/image\/","url":"https:\/\/i0.wp.com\/www.opus-pocus.com\/shop\/wp-content\/uploads\/2021\/12\/opus-pocus-logo.png?fit=300%2C78&ssl=1","contentUrl":"https:\/\/i0.wp.com\/www.opus-pocus.com\/shop\/wp-content\/uploads\/2021\/12\/opus-pocus-logo.png?fit=300%2C78&ssl=1","width":300,"height":78,"caption":"Opus Pocus"},"image":{"@id":"https:\/\/www.opus-pocus.com\/shop\/#\/schema\/logo\/image\/"}}]}},"jetpack-related-posts":[{"id":2921,"url":"https:\/\/www.opus-pocus.com\/shop\/produit\/pendentif-icarus-en-quartz-et-argent-925\/","url_meta":{"origin":2282,"position":0},"title":"Pendentif ICARUS en quartz et argent 925","author":"Sarah","date":"1 d\u00e9cembre 2024","format":false,"excerpt":"Issu de la collaboration avec l'artiste tatoueur bordelais Icarus et Opus Pocus, le pendentif nomm\u00e9 ICARUS est un cristal de roche (quartz) surmont\u00e9 d'une partie en argent inspir\u00e9e de l'univers d'Icarus commun \u00e0 Opus Pocus et en bas d'une partie architecturale issu des visuels d'Icarus. Passionn\u00e9s d'univers","rel":"","context":"Article similaire","block_context":{"text":"Article similaire","link":""},"img":{"alt_text":"","src":"https:\/\/i0.wp.com\/www.opus-pocus.com\/shop\/wp-content\/uploads\/2024\/11\/Icarus.jpg?fit=960%2C1200&ssl=1&resize=350%2C200","width":350,"height":200,"srcset":"https:\/\/i0.wp.com\/www.opus-pocus.com\/shop\/wp-content\/uploads\/2024\/11\/Icarus.jpg?fit=960%2C1200&ssl=1&resize=350%2C200 1x, https:\/\/i0.wp.com\/www.opus-pocus.com\/shop\/wp-content\/uploads\/2024\/11\/Icarus.jpg?fit=960%2C1200&ssl=1&resize=525%2C300 1.5x, https:\/\/i0.wp.com\/www.opus-pocus.com\/shop\/wp-content\/uploads\/2024\/11\/Icarus.jpg?fit=960%2C1200&ssl=1&resize=700%2C400 2x"},"classes":[]},{"id":1990,"url":"https:\/\/www.opus-pocus.com\/shop\/produit\/boucles-doreilles-roscudon-en-argent-925\/","url_meta":{"origin":2282,"position":1},"title":"Boucles d&rsquo;oreilles ROSCUDON en argent 925","author":"Sarah","date":"9 novembre 2025","format":false,"excerpt":"\u2727 Les boucles d\u2019oreilles ROSCUDON sont des petites cr\u00e9oles en argent 925 inspir\u00e9es de l\u2019architecture m\u00e9di\u00e9vale. Mati\u00e8re: argent 925 Taille: 20 x 17,5\u00a0 mm L\u2019attache est tr\u00e8s pratique, la tige se clipse entre 2 bras d\u2019argent, fermoir le plus adapt\u00e9 \u00e0 tous. *Pens\u00e9es \u00e9galement pour les oreilles stretch\u00e9es* \u00a0 -Mod\u00e8le\u2026","rel":"","context":"Article similaire","block_context":{"text":"Article similaire","link":""},"img":{"alt_text":"","src":"https:\/\/i0.wp.com\/www.opus-pocus.com\/shop\/wp-content\/uploads\/2023\/11\/BO-Roscudon.jpg?fit=960%2C1200&ssl=1&resize=350%2C200","width":350,"height":200,"srcset":"https:\/\/i0.wp.com\/www.opus-pocus.com\/shop\/wp-content\/uploads\/2023\/11\/BO-Roscudon.jpg?fit=960%2C1200&ssl=1&resize=350%2C200 1x, https:\/\/i0.wp.com\/www.opus-pocus.com\/shop\/wp-content\/uploads\/2023\/11\/BO-Roscudon.jpg?fit=960%2C1200&ssl=1&resize=525%2C300 1.5x, https:\/\/i0.wp.com\/www.opus-pocus.com\/shop\/wp-content\/uploads\/2023\/11\/BO-Roscudon.jpg?fit=960%2C1200&ssl=1&resize=700%2C400 2x"},"classes":[]},{"id":3834,"url":"https:\/\/www.opus-pocus.com\/shop\/produit\/pendentif-amara-en-cristal-de-roche-et-argent-925\/","url_meta":{"origin":2282,"position":2},"title":"Pendentif AMARA en cristal de roche et argent 925","author":"Sarah","date":"1 f\u00e9vrier 2026","format":false,"excerpt":"\u2727 Le pendentif AMARA est un symbole double de flammes, \u00e9l\u00e9ments typiques de l'architecture gothique comme un Yin Yang ajour\u00e9 au dos. \u2727 Le serti est comme une dentelle architecturale tout autour du bijou. \u2727 Ce bijou est en lien avec les \u00e2mes soeurs et la symbolique d'amour, ne dit-on\u2026","rel":"","context":"Article similaire","block_context":{"text":"Article similaire","link":""},"img":{"alt_text":"","src":"https:\/\/i0.wp.com\/www.opus-pocus.com\/shop\/wp-content\/uploads\/2026\/01\/Lovers.jpg?fit=960%2C1200&ssl=1&resize=350%2C200","width":350,"height":200,"srcset":"https:\/\/i0.wp.com\/www.opus-pocus.com\/shop\/wp-content\/uploads\/2026\/01\/Lovers.jpg?fit=960%2C1200&ssl=1&resize=350%2C200 1x, https:\/\/i0.wp.com\/www.opus-pocus.com\/shop\/wp-content\/uploads\/2026\/01\/Lovers.jpg?fit=960%2C1200&ssl=1&resize=525%2C300 1.5x, https:\/\/i0.wp.com\/www.opus-pocus.com\/shop\/wp-content\/uploads\/2026\/01\/Lovers.jpg?fit=960%2C1200&ssl=1&resize=700%2C400 2x"},"classes":[]},{"id":1991,"url":"https:\/\/www.opus-pocus.com\/shop\/produit\/bracelet-courtois\/","url_meta":{"origin":2282,"position":3},"title":"Bracelet COURTOIS en argent 925","author":"Sarah","date":"5 mai 2024","format":false,"excerpt":"\u2727 Le bracelet Courtoise est un jonc en argent 925 d\u00e9cor\u00e9 de motifs d\u2019inspiration m\u00e9di\u00e9vale, grav\u00e9s. \u2727 C\u2019est un bracelet mixte. \u2727 3 tailles sont disponibles. \u00a0 Mati\u00e8re: Argent 925 Dimensions: 5,5 mm de largeur \u00a0 -Mod\u00e8le D\u00e9pos\u00e9- Design fran\u00e7ais, fabriqu\u00e9 artisanalement et \u00e9thiquement en Tha\u00eflande. Estamp\u00e9 de mon poin\u00e7on\u2026","rel":"","context":"Article similaire","block_context":{"text":"Article similaire","link":""},"img":{"alt_text":"","src":"https:\/\/i0.wp.com\/www.opus-pocus.com\/shop\/wp-content\/uploads\/2023\/09\/Bracelet-Courtois-site.jpg?fit=960%2C1200&ssl=1&resize=350%2C200","width":350,"height":200,"srcset":"https:\/\/i0.wp.com\/www.opus-pocus.com\/shop\/wp-content\/uploads\/2023\/09\/Bracelet-Courtois-site.jpg?fit=960%2C1200&ssl=1&resize=350%2C200 1x, https:\/\/i0.wp.com\/www.opus-pocus.com\/shop\/wp-content\/uploads\/2023\/09\/Bracelet-Courtois-site.jpg?fit=960%2C1200&ssl=1&resize=525%2C300 1.5x, https:\/\/i0.wp.com\/www.opus-pocus.com\/shop\/wp-content\/uploads\/2023\/09\/Bracelet-Courtois-site.jpg?fit=960%2C1200&ssl=1&resize=700%2C400 2x"},"classes":[]},{"id":2965,"url":"https:\/\/www.opus-pocus.com\/shop\/produit\/boucles-doreilles-ignis-en-argent-925\/","url_meta":{"origin":2282,"position":4},"title":"Boucles d&rsquo;oreilles IGNIS en argent 925","author":"Sarah","date":"1 d\u00e9cembre 2024","format":false,"excerpt":"\u2727 Les boucles d\u2019oreilles IGNIS sont des cr\u00e9oles en argent 925 inspir\u00e9es de l\u2019architecture m\u00e9di\u00e9vale. Mati\u00e8re: argent 925 Taille: 26 x 32,2 mm L\u2019attache est tr\u00e8s pratique, la tige se clipse entre 2 bras d\u2019argent, fermoir le plus adapt\u00e9 \u00e0 tous. *Pens\u00e9es \u00e9galement pour les oreilles stretch\u00e9es* \u00a0 -Mod\u00e8le D\u00e9pos\u00e9-\u2026","rel":"","context":"Article similaire","block_context":{"text":"Article similaire","link":""},"img":{"alt_text":"","src":"https:\/\/i0.wp.com\/www.opus-pocus.com\/shop\/wp-content\/uploads\/2024\/11\/Mousse-3.jpg?fit=960%2C1200&ssl=1&resize=350%2C200","width":350,"height":200,"srcset":"https:\/\/i0.wp.com\/www.opus-pocus.com\/shop\/wp-content\/uploads\/2024\/11\/Mousse-3.jpg?fit=960%2C1200&ssl=1&resize=350%2C200 1x, https:\/\/i0.wp.com\/www.opus-pocus.com\/shop\/wp-content\/uploads\/2024\/11\/Mousse-3.jpg?fit=960%2C1200&ssl=1&resize=525%2C300 1.5x, https:\/\/i0.wp.com\/www.opus-pocus.com\/shop\/wp-content\/uploads\/2024\/11\/Mousse-3.jpg?fit=960%2C1200&ssl=1&resize=700%2C400 2x"},"classes":[]},{"id":896,"url":"https:\/\/www.opus-pocus.com\/shop\/produit\/bracelet-jonc-rigide-argent-925\/","url_meta":{"origin":2282,"position":5},"title":"Bracelet rigide \u00ab\u00a0Majesty\u00a0\u00bb","author":"Sarah","date":"8 novembre 2022","format":false,"excerpt":"Jonc en argent parsem\u00e9 de motifs m\u00e9di\u00e9vaux fabriqu\u00e9 artisanalement. Ce jonc est un accessoire que j'ai pens\u00e9 pour \u00eatre port\u00e9 au quotidien. C'est un intemporel et un classique qui peut \u00eatre port\u00e9 seul ou port\u00e9 accumul\u00e9 avec d'autres bracelets. Epaisseur: 3,20 mm x 1,60 mm Diam\u00e8tre: 65 \u00e0 67 mm\u2026","rel":"","context":"Article similaire","block_context":{"text":"Article similaire","link":""},"img":{"alt_text":"","src":"https:\/\/i0.wp.com\/www.opus-pocus.com\/shop\/wp-content\/uploads\/2022\/04\/Jonc.jpg?fit=800%2C800&ssl=1&resize=350%2C200","width":350,"height":200,"srcset":"https:\/\/i0.wp.com\/www.opus-pocus.com\/shop\/wp-content\/uploads\/2022\/04\/Jonc.jpg?fit=800%2C800&ssl=1&resize=350%2C200 1x, https:\/\/i0.wp.com\/www.opus-pocus.com\/shop\/wp-content\/uploads\/2022\/04\/Jonc.jpg?fit=800%2C800&ssl=1&resize=525%2C300 1.5x, https:\/\/i0.wp.com\/www.opus-pocus.com\/shop\/wp-content\/uploads\/2022\/04\/Jonc.jpg?fit=800%2C800&ssl=1&resize=700%2C400 2x"},"classes":[]}],"jetpack_sharing_enabled":true,"_links":{"self":[{"href":"https:\/\/www.opus-pocus.com\/shop\/wp-json\/wp\/v2\/product\/2282","targetHints":{"allow":["GET"]}}],"collection":[{"href":"https:\/\/www.opus-pocus.com\/shop\/wp-json\/wp\/v2\/product"}],"about":[{"href":"https:\/\/www.opus-pocus.com\/shop\/wp-json\/wp\/v2\/types\/product"}],"replies":[{"embeddable":true,"href":"https:\/\/www.opus-pocus.com\/shop\/wp-json\/wp\/v2\/comments?post=2282"}],"wp:featuredmedia":[{"embeddable":true,"href":"https:\/\/www.opus-pocus.com\/shop\/wp-json\/wp\/v2\/media\/2359"}],"wp:attachment":[{"href":"https:\/\/www.opus-pocus.com\/shop\/wp-json\/wp\/v2\/media?parent=2282"}],"wp:term":[{"taxonomy":"product_brand","embeddable":true,"href":"https:\/\/www.opus-pocus.com\/shop\/wp-json\/wp\/v2\/product_brand?post=2282"},{"taxonomy":"product_cat","embeddable":true,"href":"https:\/\/www.opus-pocus.com\/shop\/wp-json\/wp\/v2\/product_cat?post=2282"},{"taxonomy":"product_tag","embeddable":true,"href":"https:\/\/www.opus-pocus.com\/shop\/wp-json\/wp\/v2\/product_tag?post=2282"}],"curies":[{"name":"wp","href":"https:\/\/api.w.org\/{rel}","templated":true}]}}