{"id":232,"date":"2024-09-01T20:30:23","date_gmt":"2024-09-01T18:30:23","guid":{"rendered":"https:\/\/opus-pocus.com\/woocommerce\/produit\/tote-bag-opus-pocus\/"},"modified":"2025-10-13T15:13:51","modified_gmt":"2025-10-13T13:13:51","slug":"tote-bag-opus-pocus","status":"publish","type":"product","link":"https:\/\/www.opus-pocus.com\/shop\/produit\/tote-bag-opus-pocus\/","title":{"rendered":"Tote Bag \u00ab\u00a0Opus Pocus\u00a0\u00bb"},"content":{"rendered":"","protected":false},"excerpt":{"rendered":"<p>Le tote bag Opus Pocus est id\u00e9al pour vos d\u00e9placements quotidiens, pour vos courses, en concert, festival, (taille parfaite pour vos achats de vinyles!).<\/p>\n<p>Il est en coton 100% et fabriqu\u00e9 \u00e0 Grenoble, en France.<\/p>\n<p>&nbsp;<\/p>\n<p>Envoi en suivi dans lettre \u00e0 bulles.<\/p>\n<p>&nbsp;<\/p>\n<p>&nbsp;<\/p>\n","protected":false},"featured_media":229,"comment_status":"closed","ping_status":"closed","template":"","meta":{"site-sidebar-layout":"default","site-content-layout":"default","ast-main-header-display":"","ast-hfb-above-header-display":"","ast-hfb-below-header-display":"","ast-hfb-mobile-header-display":"","site-post-title":"","ast-breadcrumbs-content":"","ast-featured-img":"","footer-sml-layout":"","theme-transparent-header-meta":"default","adv-header-id-meta":"","stick-header-meta":"","header-above-stick-meta":"","header-main-stick-meta":"","header-below-stick-meta":""},"product_brand":[],"product_cat":[19,18],"product_tag":[],"class_list":{"0":"post-232","1":"product","2":"type-product","3":"status-publish","4":"has-post-thumbnail","6":"product_cat-accessoires","7":"product_cat-bijoux","9":"first","10":"outofstock","11":"shipping-taxable","12":"purchasable","13":"product-type-simple"},"yoast_head":"<!-- This site is optimized with the Yoast SEO plugin v27.3 - https:\/\/yoast.com\/product\/yoast-seo-wordpress\/ -->\n<title>Tote Bag &quot;Opus Pocus&quot; - Opus Pocus<\/title>\n<meta name=\"robots\" content=\"index, follow, max-snippet:-1, max-image-preview:large, max-video-preview:-1\" \/>\n<link rel=\"canonical\" href=\"https:\/\/www.opus-pocus.com\/shop\/produit\/tote-bag-opus-pocus\/\" \/>\n<meta property=\"og:locale\" content=\"fr_FR\" \/>\n<meta property=\"og:type\" content=\"article\" \/>\n<meta property=\"og:title\" content=\"Tote Bag &quot;Opus Pocus&quot; - Opus Pocus\" \/>\n<meta property=\"og:description\" content=\"Le tote bag Opus Pocus est id\u00e9al pour vos d\u00e9placements quotidiens, pour vos courses, en concert, festival, (taille parfaite pour vos achats de vinyles!).  Il est en coton 100% et fabriqu\u00e9 \u00e0 Grenoble, en France.  &nbsp;  Envoi en suivi dans lettre \u00e0 bulles.  &nbsp;  &nbsp;\" \/>\n<meta property=\"og:url\" content=\"https:\/\/www.opus-pocus.com\/shop\/produit\/tote-bag-opus-pocus\/\" \/>\n<meta property=\"og:site_name\" content=\"Opus Pocus\" \/>\n<meta property=\"article:modified_time\" content=\"2025-10-13T13:13:51+00:00\" \/>\n<meta property=\"og:image\" content=\"https:\/\/www.opus-pocus.com\/shop\/wp-content\/uploads\/2020\/10\/274-Tote-Bag-Opus-Pocus.jpg\" \/>\n\t<meta property=\"og:image:width\" content=\"1800\" \/>\n\t<meta property=\"og:image:height\" content=\"1800\" \/>\n\t<meta property=\"og:image:type\" content=\"image\/jpeg\" \/>\n<meta name=\"twitter:card\" content=\"summary_large_image\" \/>\n<meta name=\"twitter:label1\" content=\"Dur\u00e9e de lecture estim\u00e9e\" \/>\n\t<meta name=\"twitter:data1\" content=\"1 minute\" \/>\n<script type=\"application\/ld+json\" class=\"yoast-schema-graph\">{\"@context\":\"https:\\\/\\\/schema.org\",\"@graph\":[{\"@type\":\"WebPage\",\"@id\":\"https:\\\/\\\/www.opus-pocus.com\\\/shop\\\/produit\\\/tote-bag-opus-pocus\\\/\",\"url\":\"https:\\\/\\\/www.opus-pocus.com\\\/shop\\\/produit\\\/tote-bag-opus-pocus\\\/\",\"name\":\"Tote Bag \\\"Opus Pocus\\\" - Opus Pocus\",\"isPartOf\":{\"@id\":\"https:\\\/\\\/www.opus-pocus.com\\\/shop\\\/#website\"},\"primaryImageOfPage\":{\"@id\":\"https:\\\/\\\/www.opus-pocus.com\\\/shop\\\/produit\\\/tote-bag-opus-pocus\\\/#primaryimage\"},\"image\":{\"@id\":\"https:\\\/\\\/www.opus-pocus.com\\\/shop\\\/produit\\\/tote-bag-opus-pocus\\\/#primaryimage\"},\"thumbnailUrl\":\"https:\\\/\\\/i0.wp.com\\\/www.opus-pocus.com\\\/shop\\\/wp-content\\\/uploads\\\/2020\\\/10\\\/274-Tote-Bag-Opus-Pocus.jpg?fit=1800%2C1800&ssl=1\",\"datePublished\":\"2024-09-01T18:30:23+00:00\",\"dateModified\":\"2025-10-13T13:13:51+00:00\",\"breadcrumb\":{\"@id\":\"https:\\\/\\\/www.opus-pocus.com\\\/shop\\\/produit\\\/tote-bag-opus-pocus\\\/#breadcrumb\"},\"inLanguage\":\"fr-FR\",\"potentialAction\":[{\"@type\":\"ReadAction\",\"target\":[\"https:\\\/\\\/www.opus-pocus.com\\\/shop\\\/produit\\\/tote-bag-opus-pocus\\\/\"]}]},{\"@type\":\"ImageObject\",\"inLanguage\":\"fr-FR\",\"@id\":\"https:\\\/\\\/www.opus-pocus.com\\\/shop\\\/produit\\\/tote-bag-opus-pocus\\\/#primaryimage\",\"url\":\"https:\\\/\\\/i0.wp.com\\\/www.opus-pocus.com\\\/shop\\\/wp-content\\\/uploads\\\/2020\\\/10\\\/274-Tote-Bag-Opus-Pocus.jpg?fit=1800%2C1800&ssl=1\",\"contentUrl\":\"https:\\\/\\\/i0.wp.com\\\/www.opus-pocus.com\\\/shop\\\/wp-content\\\/uploads\\\/2020\\\/10\\\/274-Tote-Bag-Opus-Pocus.jpg?fit=1800%2C1800&ssl=1\",\"width\":1800,\"height\":1800,\"caption\":\"Tote Bag \\\"Opus Pocus\\\"\"},{\"@type\":\"BreadcrumbList\",\"@id\":\"https:\\\/\\\/www.opus-pocus.com\\\/shop\\\/produit\\\/tote-bag-opus-pocus\\\/#breadcrumb\",\"itemListElement\":[{\"@type\":\"ListItem\",\"position\":1,\"name\":\"Accueil\",\"item\":\"https:\\\/\\\/www.opus-pocus.com\\\/shop\\\/\"},{\"@type\":\"ListItem\",\"position\":2,\"name\":\"Boutique\",\"item\":\"https:\\\/\\\/www.opus-pocus.com\\\/shop\\\/\"},{\"@type\":\"ListItem\",\"position\":3,\"name\":\"Tote Bag \u00ab\u00a0Opus Pocus\u00a0\u00bb\"}]},{\"@type\":\"WebSite\",\"@id\":\"https:\\\/\\\/www.opus-pocus.com\\\/shop\\\/#website\",\"url\":\"https:\\\/\\\/www.opus-pocus.com\\\/shop\\\/\",\"name\":\"Opus Pocus\",\"description\":\"Opus Pocus\",\"publisher\":{\"@id\":\"https:\\\/\\\/www.opus-pocus.com\\\/shop\\\/#organization\"},\"potentialAction\":[{\"@type\":\"SearchAction\",\"target\":{\"@type\":\"EntryPoint\",\"urlTemplate\":\"https:\\\/\\\/www.opus-pocus.com\\\/shop\\\/?s={search_term_string}\"},\"query-input\":{\"@type\":\"PropertyValueSpecification\",\"valueRequired\":true,\"valueName\":\"search_term_string\"}}],\"inLanguage\":\"fr-FR\"},{\"@type\":\"Organization\",\"@id\":\"https:\\\/\\\/www.opus-pocus.com\\\/shop\\\/#organization\",\"name\":\"Opus Pocus\",\"url\":\"https:\\\/\\\/www.opus-pocus.com\\\/shop\\\/\",\"logo\":{\"@type\":\"ImageObject\",\"inLanguage\":\"fr-FR\",\"@id\":\"https:\\\/\\\/www.opus-pocus.com\\\/shop\\\/#\\\/schema\\\/logo\\\/image\\\/\",\"url\":\"https:\\\/\\\/i0.wp.com\\\/www.opus-pocus.com\\\/shop\\\/wp-content\\\/uploads\\\/2021\\\/12\\\/opus-pocus-logo.png?fit=300%2C78&ssl=1\",\"contentUrl\":\"https:\\\/\\\/i0.wp.com\\\/www.opus-pocus.com\\\/shop\\\/wp-content\\\/uploads\\\/2021\\\/12\\\/opus-pocus-logo.png?fit=300%2C78&ssl=1\",\"width\":300,\"height\":78,\"caption\":\"Opus Pocus\"},\"image\":{\"@id\":\"https:\\\/\\\/www.opus-pocus.com\\\/shop\\\/#\\\/schema\\\/logo\\\/image\\\/\"}}]}<\/script>\n<!-- \/ Yoast SEO plugin. -->","yoast_head_json":{"title":"Tote Bag \"Opus Pocus\" - Opus Pocus","robots":{"index":"index","follow":"follow","max-snippet":"max-snippet:-1","max-image-preview":"max-image-preview:large","max-video-preview":"max-video-preview:-1"},"canonical":"https:\/\/www.opus-pocus.com\/shop\/produit\/tote-bag-opus-pocus\/","og_locale":"fr_FR","og_type":"article","og_title":"Tote Bag \"Opus Pocus\" - Opus Pocus","og_description":"Le tote bag Opus Pocus est id\u00e9al pour vos d\u00e9placements quotidiens, pour vos courses, en concert, festival, (taille parfaite pour vos achats de vinyles!).  Il est en coton 100% et fabriqu\u00e9 \u00e0 Grenoble, en France.  &nbsp;  Envoi en suivi dans lettre \u00e0 bulles.  &nbsp;  &nbsp;","og_url":"https:\/\/www.opus-pocus.com\/shop\/produit\/tote-bag-opus-pocus\/","og_site_name":"Opus Pocus","article_modified_time":"2025-10-13T13:13:51+00:00","og_image":[{"width":1800,"height":1800,"url":"https:\/\/www.opus-pocus.com\/shop\/wp-content\/uploads\/2020\/10\/274-Tote-Bag-Opus-Pocus.jpg","type":"image\/jpeg"}],"twitter_card":"summary_large_image","twitter_misc":{"Dur\u00e9e de lecture estim\u00e9e":"1 minute"},"schema":{"@context":"https:\/\/schema.org","@graph":[{"@type":"WebPage","@id":"https:\/\/www.opus-pocus.com\/shop\/produit\/tote-bag-opus-pocus\/","url":"https:\/\/www.opus-pocus.com\/shop\/produit\/tote-bag-opus-pocus\/","name":"Tote Bag \"Opus Pocus\" - Opus Pocus","isPartOf":{"@id":"https:\/\/www.opus-pocus.com\/shop\/#website"},"primaryImageOfPage":{"@id":"https:\/\/www.opus-pocus.com\/shop\/produit\/tote-bag-opus-pocus\/#primaryimage"},"image":{"@id":"https:\/\/www.opus-pocus.com\/shop\/produit\/tote-bag-opus-pocus\/#primaryimage"},"thumbnailUrl":"https:\/\/i0.wp.com\/www.opus-pocus.com\/shop\/wp-content\/uploads\/2020\/10\/274-Tote-Bag-Opus-Pocus.jpg?fit=1800%2C1800&ssl=1","datePublished":"2024-09-01T18:30:23+00:00","dateModified":"2025-10-13T13:13:51+00:00","breadcrumb":{"@id":"https:\/\/www.opus-pocus.com\/shop\/produit\/tote-bag-opus-pocus\/#breadcrumb"},"inLanguage":"fr-FR","potentialAction":[{"@type":"ReadAction","target":["https:\/\/www.opus-pocus.com\/shop\/produit\/tote-bag-opus-pocus\/"]}]},{"@type":"ImageObject","inLanguage":"fr-FR","@id":"https:\/\/www.opus-pocus.com\/shop\/produit\/tote-bag-opus-pocus\/#primaryimage","url":"https:\/\/i0.wp.com\/www.opus-pocus.com\/shop\/wp-content\/uploads\/2020\/10\/274-Tote-Bag-Opus-Pocus.jpg?fit=1800%2C1800&ssl=1","contentUrl":"https:\/\/i0.wp.com\/www.opus-pocus.com\/shop\/wp-content\/uploads\/2020\/10\/274-Tote-Bag-Opus-Pocus.jpg?fit=1800%2C1800&ssl=1","width":1800,"height":1800,"caption":"Tote Bag \"Opus Pocus\""},{"@type":"BreadcrumbList","@id":"https:\/\/www.opus-pocus.com\/shop\/produit\/tote-bag-opus-pocus\/#breadcrumb","itemListElement":[{"@type":"ListItem","position":1,"name":"Accueil","item":"https:\/\/www.opus-pocus.com\/shop\/"},{"@type":"ListItem","position":2,"name":"Boutique","item":"https:\/\/www.opus-pocus.com\/shop\/"},{"@type":"ListItem","position":3,"name":"Tote Bag \u00ab\u00a0Opus Pocus\u00a0\u00bb"}]},{"@type":"WebSite","@id":"https:\/\/www.opus-pocus.com\/shop\/#website","url":"https:\/\/www.opus-pocus.com\/shop\/","name":"Opus Pocus","description":"Opus Pocus","publisher":{"@id":"https:\/\/www.opus-pocus.com\/shop\/#organization"},"potentialAction":[{"@type":"SearchAction","target":{"@type":"EntryPoint","urlTemplate":"https:\/\/www.opus-pocus.com\/shop\/?s={search_term_string}"},"query-input":{"@type":"PropertyValueSpecification","valueRequired":true,"valueName":"search_term_string"}}],"inLanguage":"fr-FR"},{"@type":"Organization","@id":"https:\/\/www.opus-pocus.com\/shop\/#organization","name":"Opus Pocus","url":"https:\/\/www.opus-pocus.com\/shop\/","logo":{"@type":"ImageObject","inLanguage":"fr-FR","@id":"https:\/\/www.opus-pocus.com\/shop\/#\/schema\/logo\/image\/","url":"https:\/\/i0.wp.com\/www.opus-pocus.com\/shop\/wp-content\/uploads\/2021\/12\/opus-pocus-logo.png?fit=300%2C78&ssl=1","contentUrl":"https:\/\/i0.wp.com\/www.opus-pocus.com\/shop\/wp-content\/uploads\/2021\/12\/opus-pocus-logo.png?fit=300%2C78&ssl=1","width":300,"height":78,"caption":"Opus Pocus"},"image":{"@id":"https:\/\/www.opus-pocus.com\/shop\/#\/schema\/logo\/image\/"}}]}},"jetpack-related-posts":[{"id":328,"url":"https:\/\/www.opus-pocus.com\/shop\/produit\/bon-cadeau\/","url_meta":{"origin":232,"position":0},"title":"Bon Cadeau","author":"henri@exclamations.fr","date":"6 octobre 2022","format":false,"excerpt":"Vous souhaitez offrir un bon cadeau chez Opus Pocus? Choissisez le montant que vous souhaitez offrir (10\u20ac que vous commandez autant de fois que vous voulez jusqu'\u00e0 atteindre le montant souhait\u00e9) puis un code vous sera envoy\u00e9 \u00e0 votre adresse mail ainsi que le bon cadeau \u00e0 imprimer que vous\u2026","rel":"","context":"Article similaire","block_context":{"text":"Article similaire","link":""},"img":{"alt_text":"","src":"https:\/\/i0.wp.com\/www.opus-pocus.com\/shop\/wp-content\/uploads\/2022\/10\/Cheque-Bon-Cadeau-Opus-Pocus-2024.jpg?fit=425%2C283&ssl=1&resize=350%2C200","width":350,"height":200},"classes":[]},{"id":2921,"url":"https:\/\/www.opus-pocus.com\/shop\/produit\/pendentif-icarus-en-quartz-et-argent-925\/","url_meta":{"origin":232,"position":1},"title":"Pendentif ICARUS en quartz et argent 925","author":"Sarah","date":"1 d\u00e9cembre 2024","format":false,"excerpt":"Issu de la collaboration avec l'artiste tatoueur bordelais Icarus et Opus Pocus, le pendentif nomm\u00e9 ICARUS est un cristal de roche (quartz) surmont\u00e9 d'une partie en argent inspir\u00e9e de l'univers d'Icarus commun \u00e0 Opus Pocus et en bas d'une partie architecturale issu des visuels d'Icarus. Passionn\u00e9s d'univers","rel":"","context":"Article similaire","block_context":{"text":"Article similaire","link":""},"img":{"alt_text":"","src":"https:\/\/i0.wp.com\/www.opus-pocus.com\/shop\/wp-content\/uploads\/2024\/11\/Icarus.jpg?fit=960%2C1200&ssl=1&resize=350%2C200","width":350,"height":200,"srcset":"https:\/\/i0.wp.com\/www.opus-pocus.com\/shop\/wp-content\/uploads\/2024\/11\/Icarus.jpg?fit=960%2C1200&ssl=1&resize=350%2C200 1x, https:\/\/i0.wp.com\/www.opus-pocus.com\/shop\/wp-content\/uploads\/2024\/11\/Icarus.jpg?fit=960%2C1200&ssl=1&resize=525%2C300 1.5x, https:\/\/i0.wp.com\/www.opus-pocus.com\/shop\/wp-content\/uploads\/2024\/11\/Icarus.jpg?fit=960%2C1200&ssl=1&resize=700%2C400 2x"},"classes":[]},{"id":796,"url":"https:\/\/www.opus-pocus.com\/shop\/produit\/chaine-cordon-45-cm-en-argent-925\/","url_meta":{"origin":232,"position":2},"title":"Cha\u00eene maille cordon 45 cm en argent 925","author":"Sarah","date":"18 f\u00e9vrier 2022","format":false,"excerpt":"Cha\u00eene en argent 925, maille cordon, longueur 45 cm. Cette cha\u00eene, semi-rigide, accompagnera tous vos pendentifs de taille moyenne. La forme ronde faisant penser \u00e0 un cordon apporte une originalit\u00e9 et un c\u00f4t\u00e9 massif. Cette longueur tombe sous les clavicules. \u00a0 Il est fortement recommand\u00e9 de l'enlever pour dormir, faire\u2026","rel":"","context":"Article similaire","block_context":{"text":"Article similaire","link":""},"img":{"alt_text":"","src":"https:\/\/i0.wp.com\/www.opus-pocus.com\/shop\/wp-content\/uploads\/2022\/02\/Chaine-corde-1.jpg?fit=800%2C800&ssl=1&resize=350%2C200","width":350,"height":200,"srcset":"https:\/\/i0.wp.com\/www.opus-pocus.com\/shop\/wp-content\/uploads\/2022\/02\/Chaine-corde-1.jpg?fit=800%2C800&ssl=1&resize=350%2C200 1x, https:\/\/i0.wp.com\/www.opus-pocus.com\/shop\/wp-content\/uploads\/2022\/02\/Chaine-corde-1.jpg?fit=800%2C800&ssl=1&resize=525%2C300 1.5x, https:\/\/i0.wp.com\/www.opus-pocus.com\/shop\/wp-content\/uploads\/2022\/02\/Chaine-corde-1.jpg?fit=800%2C800&ssl=1&resize=700%2C400 2x"},"classes":[]},{"id":908,"url":"https:\/\/www.opus-pocus.com\/shop\/produit\/pendentif-red-majesty\/","url_meta":{"origin":232,"position":3},"title":"Pendentif \u00ab\u00a0Red Majesty\u00a0\u00bb","author":"Sarah","date":"11 avril 2022","format":false,"excerpt":"Pendentif en argent 925 surmont\u00e9 d'une fleur de lys, serti d'un jaspe \"spider woman\", travaill\u00e9 dans un style ancien. La b\u00e9li\u00e8re est d\u00e9cor\u00e9e de petits symboles m\u00e9di\u00e9vaux. Au dos, une d\u00e9coration de style m\u00e9di\u00e9val permet une ouverture sur la gemme. Le jaspe est recueilli et taill\u00e9 avec \u00e9thique aux USA.\u2026","rel":"","context":"Article similaire","block_context":{"text":"Article similaire","link":""},"img":{"alt_text":"","src":"https:\/\/i0.wp.com\/www.opus-pocus.com\/shop\/wp-content\/uploads\/2022\/04\/Red-Majesty-11.jpg?fit=800%2C800&ssl=1&resize=350%2C200","width":350,"height":200,"srcset":"https:\/\/i0.wp.com\/www.opus-pocus.com\/shop\/wp-content\/uploads\/2022\/04\/Red-Majesty-11.jpg?fit=800%2C800&ssl=1&resize=350%2C200 1x, https:\/\/i0.wp.com\/www.opus-pocus.com\/shop\/wp-content\/uploads\/2022\/04\/Red-Majesty-11.jpg?fit=800%2C800&ssl=1&resize=525%2C300 1.5x, https:\/\/i0.wp.com\/www.opus-pocus.com\/shop\/wp-content\/uploads\/2022\/04\/Red-Majesty-11.jpg?fit=800%2C800&ssl=1&resize=700%2C400 2x"},"classes":[]},{"id":912,"url":"https:\/\/www.opus-pocus.com\/shop\/produit\/pendentif-pendulys\/","url_meta":{"origin":232,"position":4},"title":"Pendentif \u00ab\u00a0Pendulys\u00a0\u00bb","author":"Sarah","date":"16 avril 2022","format":false,"excerpt":"Pendule en argent 925 serti d'une pointe de cristal de roche massive et surmont\u00e9 d'une ogive avec une fleur de lys. Un grenat \u00e9toil\u00e9 est serti au dessus du cristal.","rel":"","context":"Article similaire","block_context":{"text":"Article similaire","link":""},"img":{"alt_text":"","src":"https:\/\/i0.wp.com\/www.opus-pocus.com\/shop\/wp-content\/uploads\/2022\/04\/Pendulys.jpg?fit=800%2C800&ssl=1&resize=350%2C200","width":350,"height":200,"srcset":"https:\/\/i0.wp.com\/www.opus-pocus.com\/shop\/wp-content\/uploads\/2022\/04\/Pendulys.jpg?fit=800%2C800&ssl=1&resize=350%2C200 1x, https:\/\/i0.wp.com\/www.opus-pocus.com\/shop\/wp-content\/uploads\/2022\/04\/Pendulys.jpg?fit=800%2C800&ssl=1&resize=525%2C300 1.5x, https:\/\/i0.wp.com\/www.opus-pocus.com\/shop\/wp-content\/uploads\/2022\/04\/Pendulys.jpg?fit=800%2C800&ssl=1&resize=700%2C400 2x"},"classes":[]},{"id":978,"url":"https:\/\/www.opus-pocus.com\/shop\/produit\/reserve-chaine-cheville-fleur-de-lys-en-argent-925\/","url_meta":{"origin":232,"position":5},"title":"*RESERVE* Cha\u00eene cheville fleur de lys en argent 925","author":"Sarah","date":"26 avril 2022","format":false,"excerpt":"Cha\u00eene de cheville souple en maille jaseron et Fleur de Lys, effet vieilli. La longueur est de taille standard soit 24 cm. Les anneaux de la maille sont suffisamment \u00e9pais pour y faire entrer le fermoir mousqueton. Cette cha\u00eene de cheville est donc r\u00e9glable pour les chevilles plus fines. \u00a0\u2026","rel":"","context":"Article similaire","block_context":{"text":"Article similaire","link":""},"img":{"alt_text":"","src":"https:\/\/i0.wp.com\/www.opus-pocus.com\/shop\/wp-content\/uploads\/2022\/04\/Bt-fdl-1.jpg?fit=800%2C800&ssl=1&resize=350%2C200","width":350,"height":200,"srcset":"https:\/\/i0.wp.com\/www.opus-pocus.com\/shop\/wp-content\/uploads\/2022\/04\/Bt-fdl-1.jpg?fit=800%2C800&ssl=1&resize=350%2C200 1x, https:\/\/i0.wp.com\/www.opus-pocus.com\/shop\/wp-content\/uploads\/2022\/04\/Bt-fdl-1.jpg?fit=800%2C800&ssl=1&resize=525%2C300 1.5x, https:\/\/i0.wp.com\/www.opus-pocus.com\/shop\/wp-content\/uploads\/2022\/04\/Bt-fdl-1.jpg?fit=800%2C800&ssl=1&resize=700%2C400 2x"},"classes":[]}],"jetpack_sharing_enabled":true,"_links":{"self":[{"href":"https:\/\/www.opus-pocus.com\/shop\/wp-json\/wp\/v2\/product\/232","targetHints":{"allow":["GET"]}}],"collection":[{"href":"https:\/\/www.opus-pocus.com\/shop\/wp-json\/wp\/v2\/product"}],"about":[{"href":"https:\/\/www.opus-pocus.com\/shop\/wp-json\/wp\/v2\/types\/product"}],"replies":[{"embeddable":true,"href":"https:\/\/www.opus-pocus.com\/shop\/wp-json\/wp\/v2\/comments?post=232"}],"wp:featuredmedia":[{"embeddable":true,"href":"https:\/\/www.opus-pocus.com\/shop\/wp-json\/wp\/v2\/media\/229"}],"wp:attachment":[{"href":"https:\/\/www.opus-pocus.com\/shop\/wp-json\/wp\/v2\/media?parent=232"}],"wp:term":[{"taxonomy":"product_brand","embeddable":true,"href":"https:\/\/www.opus-pocus.com\/shop\/wp-json\/wp\/v2\/product_brand?post=232"},{"taxonomy":"product_cat","embeddable":true,"href":"https:\/\/www.opus-pocus.com\/shop\/wp-json\/wp\/v2\/product_cat?post=232"},{"taxonomy":"product_tag","embeddable":true,"href":"https:\/\/www.opus-pocus.com\/shop\/wp-json\/wp\/v2\/product_tag?post=232"}],"curies":[{"name":"wp","href":"https:\/\/api.w.org\/{rel}","templated":true}]}}