{"id":2327,"date":"2024-01-24T14:17:30","date_gmt":"2024-01-24T13:17:30","guid":{"rendered":"https:\/\/www.opus-pocus.com\/shop\/?post_type=product&#038;p=2327"},"modified":"2026-03-08T20:41:01","modified_gmt":"2026-03-08T19:41:01","slug":"chaine-jaseron-ovale-fine-50-cm-en-argent-925","status":"publish","type":"product","link":"https:\/\/www.opus-pocus.com\/shop\/produit\/chaine-jaseron-ovale-fine-50-cm-en-argent-925\/","title":{"rendered":"Cha\u00eene jaseron ovale fine 50 cm en argent 925"},"content":{"rendered":"","protected":false},"excerpt":{"rendered":"<p>Cha\u00eene en argent 925, maille jaseron ovale, longueur 50 cm.<\/p>\n<p>Cette cha\u00eene accompagne bien tout bijou de la gamme, de plus, elle est r\u00e9glable gr\u00e2ce \u00e0 ses maillons dans lesquels le fermoir peut se placer.<\/p>\n<p>Cette longueur tombe au dessus de la poitrine.<\/p>\n<p>&nbsp;<\/p>\n<ul>\n<li>Il est fortement recommand\u00e9 de l&rsquo;enlever pour dormir, faire du sport ou lors de baignades afin de ne pas la casser ou la perdre.<\/li>\n<\/ul>\n<p>&nbsp;<\/p>\n<p>Fabriqu\u00e9e en Allemagne.<\/p>\n<p>&nbsp;<\/p>\n","protected":false},"featured_media":2319,"comment_status":"closed","ping_status":"closed","template":"","meta":{"site-sidebar-layout":"default","site-content-layout":"default","ast-main-header-display":"","ast-hfb-above-header-display":"","ast-hfb-below-header-display":"","ast-hfb-mobile-header-display":"","site-post-title":"","ast-breadcrumbs-content":"","ast-featured-img":"","footer-sml-layout":"","theme-transparent-header-meta":"default","adv-header-id-meta":"","stick-header-meta":"","header-above-stick-meta":"","header-main-stick-meta":"","header-below-stick-meta":""},"product_brand":[],"product_cat":[265,18,15,256,234,262,261],"product_tag":[],"class_list":{"0":"post-2327","1":"product","2":"type-product","3":"status-publish","4":"has-post-thumbnail","6":"product_cat-50-cm","7":"product_cat-bijoux","8":"product_cat-chaines","9":"product_cat-jaseron-ovale-fine","10":"product_cat-non-classe","11":"product_cat-par-longueurs","12":"product_cat-par-mailles","14":"first","15":"instock","16":"purchasable","17":"product-type-simple"},"yoast_head":"<!-- This site is optimized with the Yoast SEO plugin v27.3 - https:\/\/yoast.com\/product\/yoast-seo-wordpress\/ -->\n<title>Cha\u00eene jaseron ovale fine 50 cm en argent 925 - Opus Pocus<\/title>\n<meta name=\"description\" content=\"Cha\u00eene en argent 925, maille jaseron \u00e9paisse, longueur 50 cm.\" \/>\n<meta name=\"robots\" content=\"index, follow, max-snippet:-1, max-image-preview:large, max-video-preview:-1\" \/>\n<link rel=\"canonical\" href=\"https:\/\/www.opus-pocus.com\/shop\/produit\/chaine-jaseron-ovale-fine-50-cm-en-argent-925\/\" \/>\n<meta property=\"og:locale\" content=\"fr_FR\" \/>\n<meta property=\"og:type\" content=\"article\" \/>\n<meta property=\"og:title\" content=\"Cha\u00eene jaseron ovale fine 50 cm en argent 925 - Opus Pocus\" \/>\n<meta property=\"og:description\" content=\"Cha\u00eene en argent 925, maille jaseron \u00e9paisse, longueur 50 cm.\" \/>\n<meta property=\"og:url\" content=\"https:\/\/www.opus-pocus.com\/shop\/produit\/chaine-jaseron-ovale-fine-50-cm-en-argent-925\/\" \/>\n<meta property=\"og:site_name\" content=\"Opus Pocus\" \/>\n<meta property=\"article:modified_time\" content=\"2026-03-08T19:41:01+00:00\" \/>\n<meta property=\"og:image\" content=\"https:\/\/www.opus-pocus.com\/shop\/wp-content\/uploads\/2023\/12\/Jaseron-ovale-fine-1.jpg\" \/>\n\t<meta property=\"og:image:width\" content=\"1080\" \/>\n\t<meta property=\"og:image:height\" content=\"1350\" \/>\n\t<meta property=\"og:image:type\" content=\"image\/jpeg\" \/>\n<meta name=\"twitter:card\" content=\"summary_large_image\" \/>\n<meta name=\"twitter:label1\" content=\"Dur\u00e9e de lecture estim\u00e9e\" \/>\n\t<meta name=\"twitter:data1\" content=\"1 minute\" \/>\n<script type=\"application\/ld+json\" class=\"yoast-schema-graph\">{\"@context\":\"https:\\\/\\\/schema.org\",\"@graph\":[{\"@type\":\"WebPage\",\"@id\":\"https:\\\/\\\/www.opus-pocus.com\\\/shop\\\/produit\\\/chaine-jaseron-ovale-fine-50-cm-en-argent-925\\\/\",\"url\":\"https:\\\/\\\/www.opus-pocus.com\\\/shop\\\/produit\\\/chaine-jaseron-ovale-fine-50-cm-en-argent-925\\\/\",\"name\":\"Cha\u00eene jaseron ovale fine 50 cm en argent 925 - Opus Pocus\",\"isPartOf\":{\"@id\":\"https:\\\/\\\/www.opus-pocus.com\\\/shop\\\/#website\"},\"primaryImageOfPage\":{\"@id\":\"https:\\\/\\\/www.opus-pocus.com\\\/shop\\\/produit\\\/chaine-jaseron-ovale-fine-50-cm-en-argent-925\\\/#primaryimage\"},\"image\":{\"@id\":\"https:\\\/\\\/www.opus-pocus.com\\\/shop\\\/produit\\\/chaine-jaseron-ovale-fine-50-cm-en-argent-925\\\/#primaryimage\"},\"thumbnailUrl\":\"https:\\\/\\\/i0.wp.com\\\/www.opus-pocus.com\\\/shop\\\/wp-content\\\/uploads\\\/2023\\\/12\\\/Jaseron-ovale-fine-1.jpg?fit=1080%2C1350&ssl=1\",\"datePublished\":\"2024-01-24T13:17:30+00:00\",\"dateModified\":\"2026-03-08T19:41:01+00:00\",\"description\":\"Cha\u00eene en argent 925, maille jaseron \u00e9paisse, longueur 50 cm.\",\"breadcrumb\":{\"@id\":\"https:\\\/\\\/www.opus-pocus.com\\\/shop\\\/produit\\\/chaine-jaseron-ovale-fine-50-cm-en-argent-925\\\/#breadcrumb\"},\"inLanguage\":\"fr-FR\",\"potentialAction\":[{\"@type\":\"ReadAction\",\"target\":[\"https:\\\/\\\/www.opus-pocus.com\\\/shop\\\/produit\\\/chaine-jaseron-ovale-fine-50-cm-en-argent-925\\\/\"]}]},{\"@type\":\"ImageObject\",\"inLanguage\":\"fr-FR\",\"@id\":\"https:\\\/\\\/www.opus-pocus.com\\\/shop\\\/produit\\\/chaine-jaseron-ovale-fine-50-cm-en-argent-925\\\/#primaryimage\",\"url\":\"https:\\\/\\\/i0.wp.com\\\/www.opus-pocus.com\\\/shop\\\/wp-content\\\/uploads\\\/2023\\\/12\\\/Jaseron-ovale-fine-1.jpg?fit=1080%2C1350&ssl=1\",\"contentUrl\":\"https:\\\/\\\/i0.wp.com\\\/www.opus-pocus.com\\\/shop\\\/wp-content\\\/uploads\\\/2023\\\/12\\\/Jaseron-ovale-fine-1.jpg?fit=1080%2C1350&ssl=1\",\"width\":1080,\"height\":1350},{\"@type\":\"BreadcrumbList\",\"@id\":\"https:\\\/\\\/www.opus-pocus.com\\\/shop\\\/produit\\\/chaine-jaseron-ovale-fine-50-cm-en-argent-925\\\/#breadcrumb\",\"itemListElement\":[{\"@type\":\"ListItem\",\"position\":1,\"name\":\"Accueil\",\"item\":\"https:\\\/\\\/www.opus-pocus.com\\\/shop\\\/\"},{\"@type\":\"ListItem\",\"position\":2,\"name\":\"Boutique\",\"item\":\"https:\\\/\\\/www.opus-pocus.com\\\/shop\\\/\"},{\"@type\":\"ListItem\",\"position\":3,\"name\":\"Cha\u00eene jaseron ovale fine 50 cm en argent 925\"}]},{\"@type\":\"WebSite\",\"@id\":\"https:\\\/\\\/www.opus-pocus.com\\\/shop\\\/#website\",\"url\":\"https:\\\/\\\/www.opus-pocus.com\\\/shop\\\/\",\"name\":\"Opus Pocus\",\"description\":\"Opus Pocus\",\"publisher\":{\"@id\":\"https:\\\/\\\/www.opus-pocus.com\\\/shop\\\/#organization\"},\"potentialAction\":[{\"@type\":\"SearchAction\",\"target\":{\"@type\":\"EntryPoint\",\"urlTemplate\":\"https:\\\/\\\/www.opus-pocus.com\\\/shop\\\/?s={search_term_string}\"},\"query-input\":{\"@type\":\"PropertyValueSpecification\",\"valueRequired\":true,\"valueName\":\"search_term_string\"}}],\"inLanguage\":\"fr-FR\"},{\"@type\":\"Organization\",\"@id\":\"https:\\\/\\\/www.opus-pocus.com\\\/shop\\\/#organization\",\"name\":\"Opus Pocus\",\"url\":\"https:\\\/\\\/www.opus-pocus.com\\\/shop\\\/\",\"logo\":{\"@type\":\"ImageObject\",\"inLanguage\":\"fr-FR\",\"@id\":\"https:\\\/\\\/www.opus-pocus.com\\\/shop\\\/#\\\/schema\\\/logo\\\/image\\\/\",\"url\":\"https:\\\/\\\/i0.wp.com\\\/www.opus-pocus.com\\\/shop\\\/wp-content\\\/uploads\\\/2021\\\/12\\\/opus-pocus-logo.png?fit=300%2C78&ssl=1\",\"contentUrl\":\"https:\\\/\\\/i0.wp.com\\\/www.opus-pocus.com\\\/shop\\\/wp-content\\\/uploads\\\/2021\\\/12\\\/opus-pocus-logo.png?fit=300%2C78&ssl=1\",\"width\":300,\"height\":78,\"caption\":\"Opus Pocus\"},\"image\":{\"@id\":\"https:\\\/\\\/www.opus-pocus.com\\\/shop\\\/#\\\/schema\\\/logo\\\/image\\\/\"}}]}<\/script>\n<!-- \/ Yoast SEO plugin. -->","yoast_head_json":{"title":"Cha\u00eene jaseron ovale fine 50 cm en argent 925 - Opus Pocus","description":"Cha\u00eene en argent 925, maille jaseron \u00e9paisse, longueur 50 cm.","robots":{"index":"index","follow":"follow","max-snippet":"max-snippet:-1","max-image-preview":"max-image-preview:large","max-video-preview":"max-video-preview:-1"},"canonical":"https:\/\/www.opus-pocus.com\/shop\/produit\/chaine-jaseron-ovale-fine-50-cm-en-argent-925\/","og_locale":"fr_FR","og_type":"article","og_title":"Cha\u00eene jaseron ovale fine 50 cm en argent 925 - Opus Pocus","og_description":"Cha\u00eene en argent 925, maille jaseron \u00e9paisse, longueur 50 cm.","og_url":"https:\/\/www.opus-pocus.com\/shop\/produit\/chaine-jaseron-ovale-fine-50-cm-en-argent-925\/","og_site_name":"Opus Pocus","article_modified_time":"2026-03-08T19:41:01+00:00","og_image":[{"width":1080,"height":1350,"url":"https:\/\/www.opus-pocus.com\/shop\/wp-content\/uploads\/2023\/12\/Jaseron-ovale-fine-1.jpg","type":"image\/jpeg"}],"twitter_card":"summary_large_image","twitter_misc":{"Dur\u00e9e de lecture estim\u00e9e":"1 minute"},"schema":{"@context":"https:\/\/schema.org","@graph":[{"@type":"WebPage","@id":"https:\/\/www.opus-pocus.com\/shop\/produit\/chaine-jaseron-ovale-fine-50-cm-en-argent-925\/","url":"https:\/\/www.opus-pocus.com\/shop\/produit\/chaine-jaseron-ovale-fine-50-cm-en-argent-925\/","name":"Cha\u00eene jaseron ovale fine 50 cm en argent 925 - Opus Pocus","isPartOf":{"@id":"https:\/\/www.opus-pocus.com\/shop\/#website"},"primaryImageOfPage":{"@id":"https:\/\/www.opus-pocus.com\/shop\/produit\/chaine-jaseron-ovale-fine-50-cm-en-argent-925\/#primaryimage"},"image":{"@id":"https:\/\/www.opus-pocus.com\/shop\/produit\/chaine-jaseron-ovale-fine-50-cm-en-argent-925\/#primaryimage"},"thumbnailUrl":"https:\/\/i0.wp.com\/www.opus-pocus.com\/shop\/wp-content\/uploads\/2023\/12\/Jaseron-ovale-fine-1.jpg?fit=1080%2C1350&ssl=1","datePublished":"2024-01-24T13:17:30+00:00","dateModified":"2026-03-08T19:41:01+00:00","description":"Cha\u00eene en argent 925, maille jaseron \u00e9paisse, longueur 50 cm.","breadcrumb":{"@id":"https:\/\/www.opus-pocus.com\/shop\/produit\/chaine-jaseron-ovale-fine-50-cm-en-argent-925\/#breadcrumb"},"inLanguage":"fr-FR","potentialAction":[{"@type":"ReadAction","target":["https:\/\/www.opus-pocus.com\/shop\/produit\/chaine-jaseron-ovale-fine-50-cm-en-argent-925\/"]}]},{"@type":"ImageObject","inLanguage":"fr-FR","@id":"https:\/\/www.opus-pocus.com\/shop\/produit\/chaine-jaseron-ovale-fine-50-cm-en-argent-925\/#primaryimage","url":"https:\/\/i0.wp.com\/www.opus-pocus.com\/shop\/wp-content\/uploads\/2023\/12\/Jaseron-ovale-fine-1.jpg?fit=1080%2C1350&ssl=1","contentUrl":"https:\/\/i0.wp.com\/www.opus-pocus.com\/shop\/wp-content\/uploads\/2023\/12\/Jaseron-ovale-fine-1.jpg?fit=1080%2C1350&ssl=1","width":1080,"height":1350},{"@type":"BreadcrumbList","@id":"https:\/\/www.opus-pocus.com\/shop\/produit\/chaine-jaseron-ovale-fine-50-cm-en-argent-925\/#breadcrumb","itemListElement":[{"@type":"ListItem","position":1,"name":"Accueil","item":"https:\/\/www.opus-pocus.com\/shop\/"},{"@type":"ListItem","position":2,"name":"Boutique","item":"https:\/\/www.opus-pocus.com\/shop\/"},{"@type":"ListItem","position":3,"name":"Cha\u00eene jaseron ovale fine 50 cm en argent 925"}]},{"@type":"WebSite","@id":"https:\/\/www.opus-pocus.com\/shop\/#website","url":"https:\/\/www.opus-pocus.com\/shop\/","name":"Opus Pocus","description":"Opus Pocus","publisher":{"@id":"https:\/\/www.opus-pocus.com\/shop\/#organization"},"potentialAction":[{"@type":"SearchAction","target":{"@type":"EntryPoint","urlTemplate":"https:\/\/www.opus-pocus.com\/shop\/?s={search_term_string}"},"query-input":{"@type":"PropertyValueSpecification","valueRequired":true,"valueName":"search_term_string"}}],"inLanguage":"fr-FR"},{"@type":"Organization","@id":"https:\/\/www.opus-pocus.com\/shop\/#organization","name":"Opus Pocus","url":"https:\/\/www.opus-pocus.com\/shop\/","logo":{"@type":"ImageObject","inLanguage":"fr-FR","@id":"https:\/\/www.opus-pocus.com\/shop\/#\/schema\/logo\/image\/","url":"https:\/\/i0.wp.com\/www.opus-pocus.com\/shop\/wp-content\/uploads\/2021\/12\/opus-pocus-logo.png?fit=300%2C78&ssl=1","contentUrl":"https:\/\/i0.wp.com\/www.opus-pocus.com\/shop\/wp-content\/uploads\/2021\/12\/opus-pocus-logo.png?fit=300%2C78&ssl=1","width":300,"height":78,"caption":"Opus Pocus"},"image":{"@id":"https:\/\/www.opus-pocus.com\/shop\/#\/schema\/logo\/image\/"}}]}},"jetpack-related-posts":[{"id":3168,"url":"https:\/\/www.opus-pocus.com\/shop\/produit\/chaine-jaseron-ovale-epaisse-50-cm-en-argent-925\/","url_meta":{"origin":2327,"position":0},"title":"Cha\u00eene jaseron ovale \u00e9paisse 50 cm en argent 925","author":"Sarah","date":"22 janvier 2025","format":false,"excerpt":"Cha\u00eene en argent 925, maille \u00e9paisse jaseron ovale, longueur 50 cm. Cette cha\u00eene accompagne particuli\u00e8rement bien le pendule Medieval Times ou tout autre bijou de la gamme. Elle est r\u00e9glable gr\u00e2ce \u00e0 ses maillons dans lesquels le fermoir peut se placer. Cette longueur tombe au niveau du sternum. \u00a0 Il\u2026","rel":"","context":"Article similaire","block_context":{"text":"Article similaire","link":""},"img":{"alt_text":"","src":"https:\/\/i0.wp.com\/www.opus-pocus.com\/shop\/wp-content\/uploads\/2024\/01\/Gros-jaseron-ovale.jpg?fit=960%2C1200&ssl=1&resize=350%2C200","width":350,"height":200,"srcset":"https:\/\/i0.wp.com\/www.opus-pocus.com\/shop\/wp-content\/uploads\/2024\/01\/Gros-jaseron-ovale.jpg?fit=960%2C1200&ssl=1&resize=350%2C200 1x, https:\/\/i0.wp.com\/www.opus-pocus.com\/shop\/wp-content\/uploads\/2024\/01\/Gros-jaseron-ovale.jpg?fit=960%2C1200&ssl=1&resize=525%2C300 1.5x, https:\/\/i0.wp.com\/www.opus-pocus.com\/shop\/wp-content\/uploads\/2024\/01\/Gros-jaseron-ovale.jpg?fit=960%2C1200&ssl=1&resize=700%2C400 2x"},"classes":[]},{"id":2762,"url":"https:\/\/www.opus-pocus.com\/shop\/produit\/chaine-jaseron-ovale-fine-40-cm-en-argent-925\/","url_meta":{"origin":2327,"position":1},"title":"Cha\u00eene jaseron ovale fine 40 cm en argent 925","author":"Sarah","date":"17 septembre 2024","format":false,"excerpt":"Cha\u00eene en argent 925, maille jaseron ovale, longueur 40 cm. Cette cha\u00eene accompagne bien tout bijou de la gamme, de plus, elle est r\u00e9glable gr\u00e2ce \u00e0 ses maillons dans lesquels le fermoir peut se placer. Cette longueur tombe au clavicules. \u00a0 Il est fortement recommand\u00e9 de l'enlever pour dormir, faire\u2026","rel":"","context":"Article similaire","block_context":{"text":"Article similaire","link":""},"img":{"alt_text":"","src":"https:\/\/i0.wp.com\/www.opus-pocus.com\/shop\/wp-content\/uploads\/2023\/12\/Jaseron-ovale-fine-1.jpg?fit=960%2C1200&ssl=1&resize=350%2C200","width":350,"height":200,"srcset":"https:\/\/i0.wp.com\/www.opus-pocus.com\/shop\/wp-content\/uploads\/2023\/12\/Jaseron-ovale-fine-1.jpg?fit=960%2C1200&ssl=1&resize=350%2C200 1x, https:\/\/i0.wp.com\/www.opus-pocus.com\/shop\/wp-content\/uploads\/2023\/12\/Jaseron-ovale-fine-1.jpg?fit=960%2C1200&ssl=1&resize=525%2C300 1.5x, https:\/\/i0.wp.com\/www.opus-pocus.com\/shop\/wp-content\/uploads\/2023\/12\/Jaseron-ovale-fine-1.jpg?fit=960%2C1200&ssl=1&resize=700%2C400 2x"},"classes":[]},{"id":2210,"url":"https:\/\/www.opus-pocus.com\/shop\/produit\/chaine-jaseron-ovale-60-cm-en-argent-925\/","url_meta":{"origin":2327,"position":2},"title":"Cha\u00eene jaseron ovale fine 60 cm en argent 925","author":"Sarah","date":"3 d\u00e9cembre 2023","format":false,"excerpt":"Cha\u00eene en argent 925, maille jaseron ovale, longueur 60 cm. Cette cha\u00eene accompagne particuli\u00e8rement bien le pendule Medieval Times ou tout autre bijou de la gamme. Cette longueur tombe au dessus de la poitrine. (Photos plus professionnelles bient\u00f4t) \u00a0 Il est fortement recommand\u00e9 de l'enlever pour dormir, faire du sport\u2026","rel":"","context":"Article similaire","block_context":{"text":"Article similaire","link":""},"img":{"alt_text":"","src":"https:\/\/i0.wp.com\/www.opus-pocus.com\/shop\/wp-content\/uploads\/2023\/12\/Jaseron-ovale-fine-1.jpg?fit=960%2C1200&ssl=1&resize=350%2C200","width":350,"height":200,"srcset":"https:\/\/i0.wp.com\/www.opus-pocus.com\/shop\/wp-content\/uploads\/2023\/12\/Jaseron-ovale-fine-1.jpg?fit=960%2C1200&ssl=1&resize=350%2C200 1x, https:\/\/i0.wp.com\/www.opus-pocus.com\/shop\/wp-content\/uploads\/2023\/12\/Jaseron-ovale-fine-1.jpg?fit=960%2C1200&ssl=1&resize=525%2C300 1.5x, https:\/\/i0.wp.com\/www.opus-pocus.com\/shop\/wp-content\/uploads\/2023\/12\/Jaseron-ovale-fine-1.jpg?fit=960%2C1200&ssl=1&resize=700%2C400 2x"},"classes":[]},{"id":3617,"url":"https:\/\/www.opus-pocus.com\/shop\/produit\/chaine-jaseron-ovale-epaisse-80-cm-en-argent-925\/","url_meta":{"origin":2327,"position":3},"title":"Cha\u00eene jaseron ovale \u00e9paisse 80 cm en argent 925","author":"Sarah","date":"9 octobre 2025","format":false,"excerpt":"Cha\u00eene en argent 925, maille \u00e9paisse jaseron ovale, longueur 80 cm. Cette cha\u00eene accompagne particuli\u00e8rement bien le pendule Medieval Times ou tout autre bijou de la gamme. Elle est r\u00e9glable gr\u00e2ce \u00e0 ses maillons dans lesquels le fermoir peut se placer. Cette longueur tombe au niveau de la poitrine. \u00a0\u2026","rel":"","context":"Article similaire","block_context":{"text":"Article similaire","link":""},"img":{"alt_text":"","src":"https:\/\/i0.wp.com\/www.opus-pocus.com\/shop\/wp-content\/uploads\/2024\/01\/Gros-jaseron-ovale.jpg?fit=960%2C1200&ssl=1&resize=350%2C200","width":350,"height":200,"srcset":"https:\/\/i0.wp.com\/www.opus-pocus.com\/shop\/wp-content\/uploads\/2024\/01\/Gros-jaseron-ovale.jpg?fit=960%2C1200&ssl=1&resize=350%2C200 1x, https:\/\/i0.wp.com\/www.opus-pocus.com\/shop\/wp-content\/uploads\/2024\/01\/Gros-jaseron-ovale.jpg?fit=960%2C1200&ssl=1&resize=525%2C300 1.5x, https:\/\/i0.wp.com\/www.opus-pocus.com\/shop\/wp-content\/uploads\/2024\/01\/Gros-jaseron-ovale.jpg?fit=960%2C1200&ssl=1&resize=700%2C400 2x"},"classes":[]},{"id":2329,"url":"https:\/\/www.opus-pocus.com\/shop\/produit\/chaine-jaseron-ovale-fine-80-cm-en-argent-925\/","url_meta":{"origin":2327,"position":4},"title":"Cha\u00eene jaseron ovale fine 80 cm en argent 925","author":"Sarah","date":"24 janvier 2024","format":false,"excerpt":"Cha\u00eene en argent 925, maille jaseron ovale, longueur 80 cm. Cette cha\u00eene accompagne bien tout bijou de la gamme, de plus, elle est r\u00e9glable gr\u00e2ce \u00e0 ses maillons dans lesquels le fermoir peut se placer. Cette longueur tombe au dessus de la poitrine. \u00a0 Il est fortement recommand\u00e9 de l'enlever\u2026","rel":"","context":"Article similaire","block_context":{"text":"Article similaire","link":""},"img":{"alt_text":"","src":"https:\/\/i0.wp.com\/www.opus-pocus.com\/shop\/wp-content\/uploads\/2023\/12\/Jaseron-ovale-fine-1.jpg?fit=960%2C1200&ssl=1&resize=350%2C200","width":350,"height":200,"srcset":"https:\/\/i0.wp.com\/www.opus-pocus.com\/shop\/wp-content\/uploads\/2023\/12\/Jaseron-ovale-fine-1.jpg?fit=960%2C1200&ssl=1&resize=350%2C200 1x, https:\/\/i0.wp.com\/www.opus-pocus.com\/shop\/wp-content\/uploads\/2023\/12\/Jaseron-ovale-fine-1.jpg?fit=960%2C1200&ssl=1&resize=525%2C300 1.5x, https:\/\/i0.wp.com\/www.opus-pocus.com\/shop\/wp-content\/uploads\/2023\/12\/Jaseron-ovale-fine-1.jpg?fit=960%2C1200&ssl=1&resize=700%2C400 2x"},"classes":[]},{"id":2325,"url":"https:\/\/www.opus-pocus.com\/shop\/produit\/chaine-jaseron-ovale-fine-45-cm-en-argent-925\/","url_meta":{"origin":2327,"position":5},"title":"Cha\u00eene jaseron ovale fine 45 cm en argent 925","author":"Sarah","date":"24 janvier 2024","format":false,"excerpt":"Cha\u00eene en argent 925, maille jaseron ovale, longueur 45 cm. Cette cha\u00eene accompagne bien tout bijou de la gamme, de plus, elle est r\u00e9glable gr\u00e2ce \u00e0 ses maillons dans lesquels le fermoir peut se placer. Cette longueur tombe l\u00e9g\u00e8rement sous les clavicules. \u00a0 Il est fortement recommand\u00e9 de l'enlever pour\u2026","rel":"","context":"Article similaire","block_context":{"text":"Article similaire","link":""},"img":{"alt_text":"","src":"https:\/\/i0.wp.com\/www.opus-pocus.com\/shop\/wp-content\/uploads\/2023\/12\/Jaseron-ovale-fine-1.jpg?fit=960%2C1200&ssl=1&resize=350%2C200","width":350,"height":200,"srcset":"https:\/\/i0.wp.com\/www.opus-pocus.com\/shop\/wp-content\/uploads\/2023\/12\/Jaseron-ovale-fine-1.jpg?fit=960%2C1200&ssl=1&resize=350%2C200 1x, https:\/\/i0.wp.com\/www.opus-pocus.com\/shop\/wp-content\/uploads\/2023\/12\/Jaseron-ovale-fine-1.jpg?fit=960%2C1200&ssl=1&resize=525%2C300 1.5x, https:\/\/i0.wp.com\/www.opus-pocus.com\/shop\/wp-content\/uploads\/2023\/12\/Jaseron-ovale-fine-1.jpg?fit=960%2C1200&ssl=1&resize=700%2C400 2x"},"classes":[]}],"jetpack_sharing_enabled":true,"_links":{"self":[{"href":"https:\/\/www.opus-pocus.com\/shop\/wp-json\/wp\/v2\/product\/2327","targetHints":{"allow":["GET"]}}],"collection":[{"href":"https:\/\/www.opus-pocus.com\/shop\/wp-json\/wp\/v2\/product"}],"about":[{"href":"https:\/\/www.opus-pocus.com\/shop\/wp-json\/wp\/v2\/types\/product"}],"replies":[{"embeddable":true,"href":"https:\/\/www.opus-pocus.com\/shop\/wp-json\/wp\/v2\/comments?post=2327"}],"wp:featuredmedia":[{"embeddable":true,"href":"https:\/\/www.opus-pocus.com\/shop\/wp-json\/wp\/v2\/media\/2319"}],"wp:attachment":[{"href":"https:\/\/www.opus-pocus.com\/shop\/wp-json\/wp\/v2\/media?parent=2327"}],"wp:term":[{"taxonomy":"product_brand","embeddable":true,"href":"https:\/\/www.opus-pocus.com\/shop\/wp-json\/wp\/v2\/product_brand?post=2327"},{"taxonomy":"product_cat","embeddable":true,"href":"https:\/\/www.opus-pocus.com\/shop\/wp-json\/wp\/v2\/product_cat?post=2327"},{"taxonomy":"product_tag","embeddable":true,"href":"https:\/\/www.opus-pocus.com\/shop\/wp-json\/wp\/v2\/product_tag?post=2327"}],"curies":[{"name":"wp","href":"https:\/\/api.w.org\/{rel}","templated":true}]}}