{"id":2610,"date":"2024-07-01T20:30:25","date_gmt":"2024-07-01T18:30:25","guid":{"rendered":"https:\/\/www.opus-pocus.com\/shop\/?post_type=product&#038;p=2610"},"modified":"2026-03-25T12:14:01","modified_gmt":"2026-03-25T11:14:01","slug":"bague-medieval-times-en-amethyste-et-argent-925-copie","status":"publish","type":"product","link":"https:\/\/www.opus-pocus.com\/shop\/produit\/bague-medieval-times-en-amethyste-et-argent-925-copie\/","title":{"rendered":"Bague MEDIEVAL TIMES en am\u00e9thyste et argent 925"},"content":{"rendered":"<p>Taille de la pierre: 6 x 8 mm<\/p>\n<p>Hauteur bague: 10,5 mm<\/p>\n<p>Hauteur corps de bague: 3,5 mm<\/p>\n<p>Poids total moyen: entre 5,80g et 6,45g<\/p>\n<p>&nbsp;<\/p>\n<p><strong>Entretien:<\/strong> Le bijou s\u2019entretient tr\u00e8s facilement en le lavant de temps en temps \u00e0 l\u2019eau savonneuse avec une brosse \u00e0 dent souple. Si votre bijou s&rsquo;oxyde, nettoyer avec une petite noisette de dentifrice avec un peu d&rsquo;eau ti\u00e8de, soit au doigt, soit \u00e0 l&rsquo;aide d&rsquo;une brosse \u00e0 dent tr\u00e8s souple (type Inava).<\/p>\n<p>Si vous ne portez pas votre bijou, conservez-le dans une petite pochette \u00e0 l&rsquo;abri de l&rsquo;air. Ne les conservez surtout pas dans votre salle de bain ou autre lieu humide, cela favorise l&rsquo;oxydation.<\/p>\n<p>Rassurez-vous, l&rsquo;oxydation n&rsquo;est qu&rsquo;un d\u00e9p\u00f4t sur l&rsquo;argent et se rattrape sans probl\u00e8me. L&rsquo;avantage de l&rsquo;argent c&rsquo;est qu&rsquo;il se garde \u00e0 vie et s&rsquo;entretien tr\u00e8s facilement. Si vous portez votre bijou chaque jour alors celui-ci ne bougera pas.<\/p>\n<p>Evitez tout de m\u00eame de vous baigner dans de l&rsquo;eau chlor\u00e9e ou dans les sources d&rsquo;eau soufr\u00e9e, le souffre noircit les bijoux. Retirez les pour dormir id\u00e9alement afin de ne pas les ab\u00eemer ainsi que pour le m\u00e9nage et les travaux manuels.<\/p>\n","protected":false},"excerpt":{"rendered":"<p>\u2727 La bague MEDIEVAL TIMES est ajour\u00e9e d&rsquo;arches gothiques de chaque c\u00f4t\u00e9 de la pierre.<\/p>\n<p>\u2727 Le serti est fait de 4 griffes de style m\u00e9di\u00e9val.<\/p>\n<p>\u2727 Amoureux des temps m\u00e9di\u00e9vaux, d&rsquo;architecture m\u00e9di\u00e9vale, des ruines tapiss\u00e9es de lierre et des l\u00e9gendes du Moyen-\u00c2ge, alors ce bijou est \u00e0 coup s\u00fbr un indispensable pour r\u00e9v\u00e9ler votre passion.<\/p>\n<p>\u2727 Assortie au pendentif et aux boucles d&rsquo;oreilles MEDIEVAL TIMES, elle compl\u00e8tera la parure d&rsquo;une nouvelle touche d&rsquo;originalit\u00e9 et de d\u00e9licatesse.<\/p>\n<ul>\n<li><strong>Mati\u00e8re<\/strong>: Argent 925 et am\u00e9thyste<\/li>\n<li><strong>Taille de la bague<\/strong>: 10,5 mm devant, 3,5 mm derri\u00e8re<\/li>\n<li><strong>Taille de la pierre<\/strong>: 6&#215;8 mm<\/li>\n<\/ul>\n<p>&nbsp;<\/p>\n<p>-Mod\u00e8le D\u00e9pos\u00e9-<\/p>\n<p>Design fran\u00e7ais, fabriqu\u00e9e artisanalement et \u00e9thiquement en Tha\u00eflande.<\/p>\n<p>Estamp\u00e9e de mon poin\u00e7on d&rsquo;importation.<\/p>\n","protected":false},"featured_media":2617,"comment_status":"closed","ping_status":"closed","template":"","meta":{"site-sidebar-layout":"default","site-content-layout":"default","ast-main-header-display":"","ast-hfb-above-header-display":"","ast-hfb-below-header-display":"","ast-hfb-mobile-header-display":"","site-post-title":"","ast-breadcrumbs-content":"","ast-featured-img":"","footer-sml-layout":"","theme-transparent-header-meta":"default","adv-header-id-meta":"","stick-header-meta":"","header-above-stick-meta":"","header-main-stick-meta":"","header-below-stick-meta":""},"product_brand":[],"product_cat":[233,240,18,22],"product_tag":[],"class_list":{"0":"post-2610","1":"product","2":"type-product","3":"status-publish","4":"has-post-thumbnail","6":"product_cat-accueil","7":"product_cat-bagues","8":"product_cat-bijoux","9":"product_cat-collection-medieval-times","11":"first","12":"instock","13":"shipping-taxable","14":"purchasable","15":"product-type-variable"},"yoast_head":"<!-- This site is optimized with the Yoast SEO plugin v27.3 - https:\/\/yoast.com\/product\/yoast-seo-wordpress\/ -->\n<title>Bague MEDIEVAL TIMES en am\u00e9thyste et argent 925 - Opus Pocus<\/title>\n<meta name=\"description\" content=\"Bague en argent 925 et labradorite ajour\u00e9e d&#039;arches gothiques de chaque c\u00f4t\u00e9 de la pierre. Le serti est fait de 4 griffes de style m\u00e9di\u00e9val.\" \/>\n<meta name=\"robots\" content=\"index, follow, max-snippet:-1, max-image-preview:large, max-video-preview:-1\" \/>\n<link rel=\"canonical\" href=\"https:\/\/www.opus-pocus.com\/shop\/produit\/bague-medieval-times-en-amethyste-et-argent-925-copie\/\" \/>\n<meta property=\"og:locale\" content=\"fr_FR\" \/>\n<meta property=\"og:type\" content=\"article\" \/>\n<meta property=\"og:title\" content=\"Bague MEDIEVAL TIMES en am\u00e9thyste et argent 925 - Opus Pocus\" \/>\n<meta property=\"og:description\" content=\"Bague en argent 925 et labradorite ajour\u00e9e d&#039;arches gothiques de chaque c\u00f4t\u00e9 de la pierre. Le serti est fait de 4 griffes de style m\u00e9di\u00e9val.\" \/>\n<meta property=\"og:url\" content=\"https:\/\/www.opus-pocus.com\/shop\/produit\/bague-medieval-times-en-amethyste-et-argent-925-copie\/\" \/>\n<meta property=\"og:site_name\" content=\"Opus Pocus\" \/>\n<meta property=\"article:modified_time\" content=\"2026-03-25T11:14:01+00:00\" \/>\n<meta property=\"og:image\" content=\"https:\/\/www.opus-pocus.com\/shop\/wp-content\/uploads\/2024\/06\/Bg3.jpg\" \/>\n\t<meta property=\"og:image:width\" content=\"1080\" \/>\n\t<meta property=\"og:image:height\" content=\"1350\" \/>\n\t<meta property=\"og:image:type\" content=\"image\/jpeg\" \/>\n<meta name=\"twitter:card\" content=\"summary_large_image\" \/>\n<meta name=\"twitter:label1\" content=\"Dur\u00e9e de lecture estim\u00e9e\" \/>\n\t<meta name=\"twitter:data1\" content=\"2 minutes\" \/>\n<script type=\"application\/ld+json\" class=\"yoast-schema-graph\">{\"@context\":\"https:\\\/\\\/schema.org\",\"@graph\":[{\"@type\":\"WebPage\",\"@id\":\"https:\\\/\\\/www.opus-pocus.com\\\/shop\\\/produit\\\/bague-medieval-times-en-amethyste-et-argent-925-copie\\\/\",\"url\":\"https:\\\/\\\/www.opus-pocus.com\\\/shop\\\/produit\\\/bague-medieval-times-en-amethyste-et-argent-925-copie\\\/\",\"name\":\"Bague MEDIEVAL TIMES en am\u00e9thyste et argent 925 - Opus Pocus\",\"isPartOf\":{\"@id\":\"https:\\\/\\\/www.opus-pocus.com\\\/shop\\\/#website\"},\"primaryImageOfPage\":{\"@id\":\"https:\\\/\\\/www.opus-pocus.com\\\/shop\\\/produit\\\/bague-medieval-times-en-amethyste-et-argent-925-copie\\\/#primaryimage\"},\"image\":{\"@id\":\"https:\\\/\\\/www.opus-pocus.com\\\/shop\\\/produit\\\/bague-medieval-times-en-amethyste-et-argent-925-copie\\\/#primaryimage\"},\"thumbnailUrl\":\"https:\\\/\\\/i0.wp.com\\\/www.opus-pocus.com\\\/shop\\\/wp-content\\\/uploads\\\/2024\\\/06\\\/Bg3.jpg?fit=1080%2C1350&ssl=1\",\"datePublished\":\"2024-07-01T18:30:25+00:00\",\"dateModified\":\"2026-03-25T11:14:01+00:00\",\"description\":\"Bague en argent 925 et labradorite ajour\u00e9e d'arches gothiques de chaque c\u00f4t\u00e9 de la pierre. Le serti est fait de 4 griffes de style m\u00e9di\u00e9val.\",\"breadcrumb\":{\"@id\":\"https:\\\/\\\/www.opus-pocus.com\\\/shop\\\/produit\\\/bague-medieval-times-en-amethyste-et-argent-925-copie\\\/#breadcrumb\"},\"inLanguage\":\"fr-FR\",\"potentialAction\":[{\"@type\":\"ReadAction\",\"target\":[\"https:\\\/\\\/www.opus-pocus.com\\\/shop\\\/produit\\\/bague-medieval-times-en-amethyste-et-argent-925-copie\\\/\"]}]},{\"@type\":\"ImageObject\",\"inLanguage\":\"fr-FR\",\"@id\":\"https:\\\/\\\/www.opus-pocus.com\\\/shop\\\/produit\\\/bague-medieval-times-en-amethyste-et-argent-925-copie\\\/#primaryimage\",\"url\":\"https:\\\/\\\/i0.wp.com\\\/www.opus-pocus.com\\\/shop\\\/wp-content\\\/uploads\\\/2024\\\/06\\\/Bg3.jpg?fit=1080%2C1350&ssl=1\",\"contentUrl\":\"https:\\\/\\\/i0.wp.com\\\/www.opus-pocus.com\\\/shop\\\/wp-content\\\/uploads\\\/2024\\\/06\\\/Bg3.jpg?fit=1080%2C1350&ssl=1\",\"width\":1080,\"height\":1350},{\"@type\":\"BreadcrumbList\",\"@id\":\"https:\\\/\\\/www.opus-pocus.com\\\/shop\\\/produit\\\/bague-medieval-times-en-amethyste-et-argent-925-copie\\\/#breadcrumb\",\"itemListElement\":[{\"@type\":\"ListItem\",\"position\":1,\"name\":\"Accueil\",\"item\":\"https:\\\/\\\/www.opus-pocus.com\\\/shop\\\/\"},{\"@type\":\"ListItem\",\"position\":2,\"name\":\"Boutique\",\"item\":\"https:\\\/\\\/www.opus-pocus.com\\\/shop\\\/\"},{\"@type\":\"ListItem\",\"position\":3,\"name\":\"Bague MEDIEVAL TIMES en am\u00e9thyste et argent 925\"}]},{\"@type\":\"WebSite\",\"@id\":\"https:\\\/\\\/www.opus-pocus.com\\\/shop\\\/#website\",\"url\":\"https:\\\/\\\/www.opus-pocus.com\\\/shop\\\/\",\"name\":\"Opus Pocus\",\"description\":\"Opus Pocus\",\"publisher\":{\"@id\":\"https:\\\/\\\/www.opus-pocus.com\\\/shop\\\/#organization\"},\"potentialAction\":[{\"@type\":\"SearchAction\",\"target\":{\"@type\":\"EntryPoint\",\"urlTemplate\":\"https:\\\/\\\/www.opus-pocus.com\\\/shop\\\/?s={search_term_string}\"},\"query-input\":{\"@type\":\"PropertyValueSpecification\",\"valueRequired\":true,\"valueName\":\"search_term_string\"}}],\"inLanguage\":\"fr-FR\"},{\"@type\":\"Organization\",\"@id\":\"https:\\\/\\\/www.opus-pocus.com\\\/shop\\\/#organization\",\"name\":\"Opus Pocus\",\"url\":\"https:\\\/\\\/www.opus-pocus.com\\\/shop\\\/\",\"logo\":{\"@type\":\"ImageObject\",\"inLanguage\":\"fr-FR\",\"@id\":\"https:\\\/\\\/www.opus-pocus.com\\\/shop\\\/#\\\/schema\\\/logo\\\/image\\\/\",\"url\":\"https:\\\/\\\/i0.wp.com\\\/www.opus-pocus.com\\\/shop\\\/wp-content\\\/uploads\\\/2021\\\/12\\\/opus-pocus-logo.png?fit=300%2C78&ssl=1\",\"contentUrl\":\"https:\\\/\\\/i0.wp.com\\\/www.opus-pocus.com\\\/shop\\\/wp-content\\\/uploads\\\/2021\\\/12\\\/opus-pocus-logo.png?fit=300%2C78&ssl=1\",\"width\":300,\"height\":78,\"caption\":\"Opus Pocus\"},\"image\":{\"@id\":\"https:\\\/\\\/www.opus-pocus.com\\\/shop\\\/#\\\/schema\\\/logo\\\/image\\\/\"}}]}<\/script>\n<!-- \/ Yoast SEO plugin. -->","yoast_head_json":{"title":"Bague MEDIEVAL TIMES en am\u00e9thyste et argent 925 - Opus Pocus","description":"Bague en argent 925 et labradorite ajour\u00e9e d'arches gothiques de chaque c\u00f4t\u00e9 de la pierre. Le serti est fait de 4 griffes de style m\u00e9di\u00e9val.","robots":{"index":"index","follow":"follow","max-snippet":"max-snippet:-1","max-image-preview":"max-image-preview:large","max-video-preview":"max-video-preview:-1"},"canonical":"https:\/\/www.opus-pocus.com\/shop\/produit\/bague-medieval-times-en-amethyste-et-argent-925-copie\/","og_locale":"fr_FR","og_type":"article","og_title":"Bague MEDIEVAL TIMES en am\u00e9thyste et argent 925 - Opus Pocus","og_description":"Bague en argent 925 et labradorite ajour\u00e9e d'arches gothiques de chaque c\u00f4t\u00e9 de la pierre. Le serti est fait de 4 griffes de style m\u00e9di\u00e9val.","og_url":"https:\/\/www.opus-pocus.com\/shop\/produit\/bague-medieval-times-en-amethyste-et-argent-925-copie\/","og_site_name":"Opus Pocus","article_modified_time":"2026-03-25T11:14:01+00:00","og_image":[{"width":1080,"height":1350,"url":"https:\/\/www.opus-pocus.com\/shop\/wp-content\/uploads\/2024\/06\/Bg3.jpg","type":"image\/jpeg"}],"twitter_card":"summary_large_image","twitter_misc":{"Dur\u00e9e de lecture estim\u00e9e":"2 minutes"},"schema":{"@context":"https:\/\/schema.org","@graph":[{"@type":"WebPage","@id":"https:\/\/www.opus-pocus.com\/shop\/produit\/bague-medieval-times-en-amethyste-et-argent-925-copie\/","url":"https:\/\/www.opus-pocus.com\/shop\/produit\/bague-medieval-times-en-amethyste-et-argent-925-copie\/","name":"Bague MEDIEVAL TIMES en am\u00e9thyste et argent 925 - Opus Pocus","isPartOf":{"@id":"https:\/\/www.opus-pocus.com\/shop\/#website"},"primaryImageOfPage":{"@id":"https:\/\/www.opus-pocus.com\/shop\/produit\/bague-medieval-times-en-amethyste-et-argent-925-copie\/#primaryimage"},"image":{"@id":"https:\/\/www.opus-pocus.com\/shop\/produit\/bague-medieval-times-en-amethyste-et-argent-925-copie\/#primaryimage"},"thumbnailUrl":"https:\/\/i0.wp.com\/www.opus-pocus.com\/shop\/wp-content\/uploads\/2024\/06\/Bg3.jpg?fit=1080%2C1350&ssl=1","datePublished":"2024-07-01T18:30:25+00:00","dateModified":"2026-03-25T11:14:01+00:00","description":"Bague en argent 925 et labradorite ajour\u00e9e d'arches gothiques de chaque c\u00f4t\u00e9 de la pierre. Le serti est fait de 4 griffes de style m\u00e9di\u00e9val.","breadcrumb":{"@id":"https:\/\/www.opus-pocus.com\/shop\/produit\/bague-medieval-times-en-amethyste-et-argent-925-copie\/#breadcrumb"},"inLanguage":"fr-FR","potentialAction":[{"@type":"ReadAction","target":["https:\/\/www.opus-pocus.com\/shop\/produit\/bague-medieval-times-en-amethyste-et-argent-925-copie\/"]}]},{"@type":"ImageObject","inLanguage":"fr-FR","@id":"https:\/\/www.opus-pocus.com\/shop\/produit\/bague-medieval-times-en-amethyste-et-argent-925-copie\/#primaryimage","url":"https:\/\/i0.wp.com\/www.opus-pocus.com\/shop\/wp-content\/uploads\/2024\/06\/Bg3.jpg?fit=1080%2C1350&ssl=1","contentUrl":"https:\/\/i0.wp.com\/www.opus-pocus.com\/shop\/wp-content\/uploads\/2024\/06\/Bg3.jpg?fit=1080%2C1350&ssl=1","width":1080,"height":1350},{"@type":"BreadcrumbList","@id":"https:\/\/www.opus-pocus.com\/shop\/produit\/bague-medieval-times-en-amethyste-et-argent-925-copie\/#breadcrumb","itemListElement":[{"@type":"ListItem","position":1,"name":"Accueil","item":"https:\/\/www.opus-pocus.com\/shop\/"},{"@type":"ListItem","position":2,"name":"Boutique","item":"https:\/\/www.opus-pocus.com\/shop\/"},{"@type":"ListItem","position":3,"name":"Bague MEDIEVAL TIMES en am\u00e9thyste et argent 925"}]},{"@type":"WebSite","@id":"https:\/\/www.opus-pocus.com\/shop\/#website","url":"https:\/\/www.opus-pocus.com\/shop\/","name":"Opus Pocus","description":"Opus Pocus","publisher":{"@id":"https:\/\/www.opus-pocus.com\/shop\/#organization"},"potentialAction":[{"@type":"SearchAction","target":{"@type":"EntryPoint","urlTemplate":"https:\/\/www.opus-pocus.com\/shop\/?s={search_term_string}"},"query-input":{"@type":"PropertyValueSpecification","valueRequired":true,"valueName":"search_term_string"}}],"inLanguage":"fr-FR"},{"@type":"Organization","@id":"https:\/\/www.opus-pocus.com\/shop\/#organization","name":"Opus Pocus","url":"https:\/\/www.opus-pocus.com\/shop\/","logo":{"@type":"ImageObject","inLanguage":"fr-FR","@id":"https:\/\/www.opus-pocus.com\/shop\/#\/schema\/logo\/image\/","url":"https:\/\/i0.wp.com\/www.opus-pocus.com\/shop\/wp-content\/uploads\/2021\/12\/opus-pocus-logo.png?fit=300%2C78&ssl=1","contentUrl":"https:\/\/i0.wp.com\/www.opus-pocus.com\/shop\/wp-content\/uploads\/2021\/12\/opus-pocus-logo.png?fit=300%2C78&ssl=1","width":300,"height":78,"caption":"Opus Pocus"},"image":{"@id":"https:\/\/www.opus-pocus.com\/shop\/#\/schema\/logo\/image\/"}}]}},"jetpack-related-posts":[{"id":1011,"url":"https:\/\/www.opus-pocus.com\/shop\/produit\/bague-medieval-times-onyx\/","url_meta":{"origin":2610,"position":0},"title":"Bague MEDIEVAL TIMES en onyx et argent 925","author":"Sarah","date":"1 avril 2025","format":false,"excerpt":"\u2727 La bague MEDIEVAL TIMES est ajour\u00e9e d'arches gothiques de chaque c\u00f4t\u00e9 de la pierre. \u2727 Le serti est fait de 4 griffes de style m\u00e9di\u00e9val. \u2727 Amoureux des temps m\u00e9di\u00e9vaux, d'architecture m\u00e9di\u00e9vale, des ruines tapiss\u00e9es de lierre et des l\u00e9gendes du Moyen-\u00c2ge, alors ce bijou est \u00e0 coup s\u00fbr\u2026","rel":"","context":"Article similaire","block_context":{"text":"Article similaire","link":""},"img":{"alt_text":"","src":"https:\/\/i0.wp.com\/www.opus-pocus.com\/shop\/wp-content\/uploads\/2022\/09\/Bague-MT-onyx-seule-SITE-1.jpg?fit=800%2C800&ssl=1&resize=350%2C200","width":350,"height":200,"srcset":"https:\/\/i0.wp.com\/www.opus-pocus.com\/shop\/wp-content\/uploads\/2022\/09\/Bague-MT-onyx-seule-SITE-1.jpg?fit=800%2C800&ssl=1&resize=350%2C200 1x, https:\/\/i0.wp.com\/www.opus-pocus.com\/shop\/wp-content\/uploads\/2022\/09\/Bague-MT-onyx-seule-SITE-1.jpg?fit=800%2C800&ssl=1&resize=525%2C300 1.5x, https:\/\/i0.wp.com\/www.opus-pocus.com\/shop\/wp-content\/uploads\/2022\/09\/Bague-MT-onyx-seule-SITE-1.jpg?fit=800%2C800&ssl=1&resize=700%2C400 2x"},"classes":[]},{"id":1430,"url":"https:\/\/www.opus-pocus.com\/shop\/produit\/bague-tintagel-en-argent-925\/","url_meta":{"origin":2610,"position":1},"title":"Bague TINTAGEL en argent 925","author":"Sarah","date":"9 octobre 2025","format":false,"excerpt":"\u2727 La bague TINTAGEL est en forme d'arche gothique \u00e9voquant les fen\u00eatres ouvrag\u00e9es de la p\u00e9riode du Moyen-\u00c2ge, souvent accompagn\u00e9es de vitraux. \u2727 Nomm\u00e9e bague TINTAGEL, elle est de style chevali\u00e8re, style de bague courant au Moyen \u00c2ge. \u2727 Cette bague a \u00e9t\u00e9 imagin\u00e9e au pied du Ch\u00e2teau de Tintagel,\u2026","rel":"","context":"Article similaire","block_context":{"text":"Article similaire","link":""},"img":{"alt_text":"","src":"https:\/\/i0.wp.com\/www.opus-pocus.com\/shop\/wp-content\/uploads\/2024\/11\/Bague-Tintagel-lumiere.jpg?fit=960%2C1200&ssl=1&resize=350%2C200","width":350,"height":200,"srcset":"https:\/\/i0.wp.com\/www.opus-pocus.com\/shop\/wp-content\/uploads\/2024\/11\/Bague-Tintagel-lumiere.jpg?fit=960%2C1200&ssl=1&resize=350%2C200 1x, https:\/\/i0.wp.com\/www.opus-pocus.com\/shop\/wp-content\/uploads\/2024\/11\/Bague-Tintagel-lumiere.jpg?fit=960%2C1200&ssl=1&resize=525%2C300 1.5x, https:\/\/i0.wp.com\/www.opus-pocus.com\/shop\/wp-content\/uploads\/2024\/11\/Bague-Tintagel-lumiere.jpg?fit=960%2C1200&ssl=1&resize=700%2C400 2x"},"classes":[]},{"id":3498,"url":"https:\/\/www.opus-pocus.com\/shop\/produit\/bague-awen-en-amethyste-et-argent-925\/","url_meta":{"origin":2610,"position":2},"title":"Bague AWEN en am\u00e9thyste et argent 925","author":"Sarah","date":"4 septembre 2025","format":false,"excerpt":"\u2727 La bague AWEN est surmont\u00e9e d'un petit vitrail et de chaque c\u00f4t\u00e9 de la gemme, en relief, vous pouvez admirer une d\u00e9licate feuille de lierre. \u2727 L'awen est dans les langues brittoniques, l'inspiration po\u00e9tique, musicale. \u2727 Puisse cette bague vous envahir de cette inspiration lorsque vous la porterez. Mati\u00e8re:\u2026","rel":"","context":"Article similaire","block_context":{"text":"Article similaire","link":""},"img":{"alt_text":"","src":"https:\/\/i0.wp.com\/www.opus-pocus.com\/shop\/wp-content\/uploads\/2025\/08\/Bg-Aw-SITE.jpg?fit=960%2C1200&ssl=1&resize=350%2C200","width":350,"height":200,"srcset":"https:\/\/i0.wp.com\/www.opus-pocus.com\/shop\/wp-content\/uploads\/2025\/08\/Bg-Aw-SITE.jpg?fit=960%2C1200&ssl=1&resize=350%2C200 1x, https:\/\/i0.wp.com\/www.opus-pocus.com\/shop\/wp-content\/uploads\/2025\/08\/Bg-Aw-SITE.jpg?fit=960%2C1200&ssl=1&resize=525%2C300 1.5x, https:\/\/i0.wp.com\/www.opus-pocus.com\/shop\/wp-content\/uploads\/2025\/08\/Bg-Aw-SITE.jpg?fit=960%2C1200&ssl=1&resize=700%2C400 2x"},"classes":[]},{"id":1116,"url":"https:\/\/www.opus-pocus.com\/shop\/produit\/bague-medieval-times-en-labradorite-et-argent-925\/","url_meta":{"origin":2610,"position":3},"title":"Bague MEDIEVAL TIMES en labradorite et argent 925","author":"Sarah","date":"1 avril 2025","format":false,"excerpt":"\u2727 La bague MEDIEVAL TIMES est ajour\u00e9e d'arches gothiques de chaque c\u00f4t\u00e9 de la pierre. \u2727 Le serti est fait de 4 griffes de style m\u00e9di\u00e9val. \u2727 Amoureux des temps m\u00e9di\u00e9vaux, d'architecture m\u00e9di\u00e9vale, des ruines tapiss\u00e9es de lierre et des l\u00e9gendes du Moyen-\u00c2ge, alors ce bijou est \u00e0 coup s\u00fbr\u2026","rel":"","context":"Article similaire","block_context":{"text":"Article similaire","link":""},"img":{"alt_text":"","src":"https:\/\/i0.wp.com\/www.opus-pocus.com\/shop\/wp-content\/uploads\/2022\/09\/Bague-MT-labra-seule-SITE-1.jpg?fit=800%2C800&ssl=1&resize=350%2C200","width":350,"height":200,"srcset":"https:\/\/i0.wp.com\/www.opus-pocus.com\/shop\/wp-content\/uploads\/2022\/09\/Bague-MT-labra-seule-SITE-1.jpg?fit=800%2C800&ssl=1&resize=350%2C200 1x, https:\/\/i0.wp.com\/www.opus-pocus.com\/shop\/wp-content\/uploads\/2022\/09\/Bague-MT-labra-seule-SITE-1.jpg?fit=800%2C800&ssl=1&resize=525%2C300 1.5x, https:\/\/i0.wp.com\/www.opus-pocus.com\/shop\/wp-content\/uploads\/2022\/09\/Bague-MT-labra-seule-SITE-1.jpg?fit=800%2C800&ssl=1&resize=700%2C400 2x"},"classes":[]},{"id":1123,"url":"https:\/\/www.opus-pocus.com\/shop\/produit\/bague-medieval-times-en-grenat-et-argent-925\/","url_meta":{"origin":2610,"position":4},"title":"Bague MEDIEVAL TIMES en grenat et argent 925","author":"Sarah","date":"1 d\u00e9cembre 2025","format":false,"excerpt":"\u2727 La bague MEDIEVAL TIMES est ajour\u00e9e d'arches gothiques de chaque c\u00f4t\u00e9 de la pierre. \u2727 Le serti est fait de 4 griffes de style m\u00e9di\u00e9val. \u2727 Amoureux des temps m\u00e9di\u00e9vaux, d'architecture m\u00e9di\u00e9vale, des ruines tapiss\u00e9es de lierre et des l\u00e9gendes du Moyen-\u00c2ge, alors ce bijou est \u00e0 coup s\u00fbr\u2026","rel":"","context":"Article similaire","block_context":{"text":"Article similaire","link":""},"img":{"alt_text":"","src":"https:\/\/i0.wp.com\/www.opus-pocus.com\/shop\/wp-content\/uploads\/2022\/09\/Bague-MT-grenat-seule-SITE.jpg?fit=800%2C800&ssl=1&resize=350%2C200","width":350,"height":200,"srcset":"https:\/\/i0.wp.com\/www.opus-pocus.com\/shop\/wp-content\/uploads\/2022\/09\/Bague-MT-grenat-seule-SITE.jpg?fit=800%2C800&ssl=1&resize=350%2C200 1x, https:\/\/i0.wp.com\/www.opus-pocus.com\/shop\/wp-content\/uploads\/2022\/09\/Bague-MT-grenat-seule-SITE.jpg?fit=800%2C800&ssl=1&resize=525%2C300 1.5x, https:\/\/i0.wp.com\/www.opus-pocus.com\/shop\/wp-content\/uploads\/2022\/09\/Bague-MT-grenat-seule-SITE.jpg?fit=800%2C800&ssl=1&resize=700%2C400 2x"},"classes":[]},{"id":2302,"url":"https:\/\/www.opus-pocus.com\/shop\/produit\/bague-medieval-times-en-labradorite-blanche-et-argent-925\/","url_meta":{"origin":2610,"position":5},"title":"Bague MEDIEVAL TIMES en labradorite blanche et argent 925","author":"Sarah","date":"18 janvier 2024","format":false,"excerpt":"\u2727 La bague MEDIEVAL TIMES est ajour\u00e9e d'arches gothiques de chaque c\u00f4t\u00e9 de la pierre. \u2727 Le serti est fait de 4 griffes de style m\u00e9di\u00e9val. \u2727 Amoureux des temps m\u00e9di\u00e9vaux, d'architecture m\u00e9di\u00e9vale, des ruines tapiss\u00e9es de lierre et des l\u00e9gendes du Moyen-\u00c2ge, alors ce bijou est \u00e0 coup s\u00fbr\u2026","rel":"","context":"Article similaire","block_context":{"text":"Article similaire","link":""},"img":{"alt_text":"","src":"https:\/\/i0.wp.com\/www.opus-pocus.com\/shop\/wp-content\/uploads\/2024\/01\/Bg-MT-neige-22.jpg?fit=960%2C1200&ssl=1&resize=350%2C200","width":350,"height":200,"srcset":"https:\/\/i0.wp.com\/www.opus-pocus.com\/shop\/wp-content\/uploads\/2024\/01\/Bg-MT-neige-22.jpg?fit=960%2C1200&ssl=1&resize=350%2C200 1x, https:\/\/i0.wp.com\/www.opus-pocus.com\/shop\/wp-content\/uploads\/2024\/01\/Bg-MT-neige-22.jpg?fit=960%2C1200&ssl=1&resize=525%2C300 1.5x, https:\/\/i0.wp.com\/www.opus-pocus.com\/shop\/wp-content\/uploads\/2024\/01\/Bg-MT-neige-22.jpg?fit=960%2C1200&ssl=1&resize=700%2C400 2x"},"classes":[]}],"jetpack_sharing_enabled":true,"_links":{"self":[{"href":"https:\/\/www.opus-pocus.com\/shop\/wp-json\/wp\/v2\/product\/2610","targetHints":{"allow":["GET"]}}],"collection":[{"href":"https:\/\/www.opus-pocus.com\/shop\/wp-json\/wp\/v2\/product"}],"about":[{"href":"https:\/\/www.opus-pocus.com\/shop\/wp-json\/wp\/v2\/types\/product"}],"replies":[{"embeddable":true,"href":"https:\/\/www.opus-pocus.com\/shop\/wp-json\/wp\/v2\/comments?post=2610"}],"wp:featuredmedia":[{"embeddable":true,"href":"https:\/\/www.opus-pocus.com\/shop\/wp-json\/wp\/v2\/media\/2617"}],"wp:attachment":[{"href":"https:\/\/www.opus-pocus.com\/shop\/wp-json\/wp\/v2\/media?parent=2610"}],"wp:term":[{"taxonomy":"product_brand","embeddable":true,"href":"https:\/\/www.opus-pocus.com\/shop\/wp-json\/wp\/v2\/product_brand?post=2610"},{"taxonomy":"product_cat","embeddable":true,"href":"https:\/\/www.opus-pocus.com\/shop\/wp-json\/wp\/v2\/product_cat?post=2610"},{"taxonomy":"product_tag","embeddable":true,"href":"https:\/\/www.opus-pocus.com\/shop\/wp-json\/wp\/v2\/product_tag?post=2610"}],"curies":[{"name":"wp","href":"https:\/\/api.w.org\/{rel}","templated":true}]}}