{"id":2832,"date":"2025-10-09T20:30:59","date_gmt":"2025-10-09T18:30:59","guid":{"rendered":"https:\/\/www.opus-pocus.com\/shop\/?post_type=product&#038;p=2832"},"modified":"2026-04-12T21:38:28","modified_gmt":"2026-04-12T19:38:28","slug":"pendentif-umbra-sumus-en-onyx-et-argent-925","status":"publish","type":"product","link":"https:\/\/www.opus-pocus.com\/shop\/produit\/pendentif-umbra-sumus-en-onyx-et-argent-925\/","title":{"rendered":"Pendentif UMBRA SUMUS en onyx et argent 925"},"content":{"rendered":"<p><strong>Entretien:<\/strong> Le bijou s\u2019entretient tr\u00e8s facilement en le lavant de temps en temps \u00e0 l\u2019eau savonneuse avec une brosse \u00e0 dent souple. Si votre bijou s&rsquo;oxyde, nettoyer avec une petite noisette de dentifrice avec un peu d&rsquo;eau ti\u00e8de, soit au doigt, soit \u00e0 l&rsquo;aide d&rsquo;une brosse \u00e0 dent tr\u00e8s souple (type Inava).<\/p>\n<p>Si vous ne portez pas votre bijou, conservez-le dans une petite pochette \u00e0 l&rsquo;abri de l&rsquo;air. Ne les conservez surtout pas dans votre salle de bain ou autre lieu humide, cela favorise l&rsquo;oxydation.<\/p>\n<p>Rassurez-vous, l&rsquo;oxydation n&rsquo;est qu&rsquo;un d\u00e9p\u00f4t sur l&rsquo;argent et se rattrape sans probl\u00e8me. L&rsquo;avantage de l&rsquo;argent c&rsquo;est qu&rsquo;il se garde \u00e0 vie et s&rsquo;entretien tr\u00e8s facilement. Si vous portez votre bijou chaque jour alors celui-ci ne bougera pas.<\/p>\n<p>Evitez tout de m\u00eame de vous baigner dans de l&rsquo;eau chlor\u00e9e ou dans les sources d&rsquo;eau soufr\u00e9e, cela noircit les bijoux. Retirez les pour dormir id\u00e9alement afin de ne pas les ab\u00eemer ainsi que pour le m\u00e9nage et les travaux manuels.<\/p>\n","protected":false},"excerpt":{"rendered":"<p>\u2727 UMBRA SUMUS est un pendentif serti d&rsquo;un onyx naturel surmont\u00e9 d&rsquo;un petit cr\u00e2ne entour\u00e9 de banni\u00e8res avec inscrit \u00ab\u00a0Umbra Sumus\u00a0\u00bb (Nous ne sommes que des ombres) en \u00e9criture m\u00e9di\u00e9vale.<\/p>\n<p>\u2727 Il est inspir\u00e9 d&rsquo;un cadran solaire londonien et dont la devise m&rsquo;a imm\u00e9diatement inspir\u00e9e au sujet de l&rsquo;\u00e9ph\u00e9m\u00e9rit\u00e9 de la vie.<\/p>\n<p>\u2727 Un talisman pour vous rappeler de vivre chaque instant intens\u00e9ment au m\u00eame titre qu&rsquo;un memento mori.<\/p>\n<p>&nbsp;<\/p>\n<ul>\n<li><strong>Mati\u00e8re<\/strong>: Argent 925 et onyx<\/li>\n<li><strong>Taille du bijou<\/strong>: 29 x 21,80 mm (b\u00e9li\u00e8re non comprise)<\/li>\n<\/ul>\n<p><strong>*VENDU SANS CHA\u00ceNE*\u00a0 (Cha\u00eenes disponibles dans cat\u00e9gorie \u00ab\u00a0Cha\u00eenes\u00a0\u00bb)<\/strong><\/p>\n<p>&nbsp;<\/p>\n<p>ATTENTION: Photo non contractuelle. Chaque produit est issu de l&rsquo;artisanat. Les bijoux ne sont donc pas identiques et peuvent comporter des diff\u00e9rences ou des petites irr\u00e9gularit\u00e9s dues au caract\u00e8re artisanal.<\/p>\n<p>&nbsp;<\/p>\n<p>-Mod\u00e8le D\u00e9pos\u00e9-<\/p>\n<p>Design fran\u00e7ais, fabriqu\u00e9 artisanalement et \u00e9thiquement en Tha\u00eflande.<\/p>\n<p>Estamp\u00e9 de mon poin\u00e7on d\u2019importation.<\/p>\n","protected":false},"featured_media":2887,"comment_status":"closed","ping_status":"closed","template":"","meta":{"site-sidebar-layout":"default","site-content-layout":"default","ast-main-header-display":"","ast-hfb-above-header-display":"","ast-hfb-below-header-display":"","ast-hfb-mobile-header-display":"","site-post-title":"","ast-breadcrumbs-content":"","ast-featured-img":"","footer-sml-layout":"","theme-transparent-header-meta":"default","adv-header-id-meta":"","stick-header-meta":"","header-above-stick-meta":"","header-main-stick-meta":"","header-below-stick-meta":""},"product_brand":[],"product_cat":[233,18,23],"product_tag":[],"class_list":{"0":"post-2832","1":"product","2":"type-product","3":"status-publish","4":"has-post-thumbnail","6":"product_cat-accueil","7":"product_cat-bijoux","8":"product_cat-pendentifs","10":"first","11":"outofstock","12":"shipping-taxable","13":"purchasable","14":"product-type-simple"},"yoast_head":"<!-- This site is optimized with the Yoast SEO plugin v27.3 - https:\/\/yoast.com\/product\/yoast-seo-wordpress\/ -->\n<title>Pendentif UMBRA SUMUS en onyx et argent 925 - Opus Pocus<\/title>\n<meta name=\"description\" content=\"Bijou cr\u00e2ne t\u00eate de mort memento mori gothique biker\" \/>\n<meta name=\"robots\" content=\"index, follow, max-snippet:-1, max-image-preview:large, max-video-preview:-1\" \/>\n<link rel=\"canonical\" href=\"https:\/\/www.opus-pocus.com\/shop\/produit\/pendentif-umbra-sumus-en-onyx-et-argent-925\/\" \/>\n<meta property=\"og:locale\" content=\"fr_FR\" \/>\n<meta property=\"og:type\" content=\"article\" \/>\n<meta property=\"og:title\" content=\"Pendentif UMBRA SUMUS en onyx et argent 925 - Opus Pocus\" \/>\n<meta property=\"og:description\" content=\"Bijou cr\u00e2ne t\u00eate de mort memento mori gothique biker\" \/>\n<meta property=\"og:url\" content=\"https:\/\/www.opus-pocus.com\/shop\/produit\/pendentif-umbra-sumus-en-onyx-et-argent-925\/\" \/>\n<meta property=\"og:site_name\" content=\"Opus Pocus\" \/>\n<meta property=\"article:modified_time\" content=\"2026-04-12T19:38:28+00:00\" \/>\n<meta property=\"og:image\" content=\"https:\/\/i0.wp.com\/www.opus-pocus.com\/shop\/wp-content\/uploads\/2024\/10\/U1.jpg?fit=1080%2C1350&ssl=1\" \/>\n\t<meta property=\"og:image:width\" content=\"1080\" \/>\n\t<meta property=\"og:image:height\" content=\"1350\" \/>\n\t<meta property=\"og:image:type\" content=\"image\/jpeg\" \/>\n<meta name=\"twitter:card\" content=\"summary_large_image\" \/>\n<meta name=\"twitter:label1\" content=\"Dur\u00e9e de lecture estim\u00e9e\" \/>\n\t<meta name=\"twitter:data1\" content=\"2 minutes\" \/>\n<script type=\"application\/ld+json\" class=\"yoast-schema-graph\">{\"@context\":\"https:\\\/\\\/schema.org\",\"@graph\":[{\"@type\":\"WebPage\",\"@id\":\"https:\\\/\\\/www.opus-pocus.com\\\/shop\\\/produit\\\/pendentif-umbra-sumus-en-onyx-et-argent-925\\\/\",\"url\":\"https:\\\/\\\/www.opus-pocus.com\\\/shop\\\/produit\\\/pendentif-umbra-sumus-en-onyx-et-argent-925\\\/\",\"name\":\"Pendentif UMBRA SUMUS en onyx et argent 925 - Opus Pocus\",\"isPartOf\":{\"@id\":\"https:\\\/\\\/www.opus-pocus.com\\\/shop\\\/#website\"},\"primaryImageOfPage\":{\"@id\":\"https:\\\/\\\/www.opus-pocus.com\\\/shop\\\/produit\\\/pendentif-umbra-sumus-en-onyx-et-argent-925\\\/#primaryimage\"},\"image\":{\"@id\":\"https:\\\/\\\/www.opus-pocus.com\\\/shop\\\/produit\\\/pendentif-umbra-sumus-en-onyx-et-argent-925\\\/#primaryimage\"},\"thumbnailUrl\":\"https:\\\/\\\/i0.wp.com\\\/www.opus-pocus.com\\\/shop\\\/wp-content\\\/uploads\\\/2024\\\/10\\\/U1.jpg?fit=1080%2C1350&ssl=1\",\"datePublished\":\"2025-10-09T18:30:59+00:00\",\"dateModified\":\"2026-04-12T19:38:28+00:00\",\"description\":\"Bijou cr\u00e2ne t\u00eate de mort memento mori gothique biker\",\"breadcrumb\":{\"@id\":\"https:\\\/\\\/www.opus-pocus.com\\\/shop\\\/produit\\\/pendentif-umbra-sumus-en-onyx-et-argent-925\\\/#breadcrumb\"},\"inLanguage\":\"fr-FR\",\"potentialAction\":[{\"@type\":\"ReadAction\",\"target\":[\"https:\\\/\\\/www.opus-pocus.com\\\/shop\\\/produit\\\/pendentif-umbra-sumus-en-onyx-et-argent-925\\\/\"]}]},{\"@type\":\"ImageObject\",\"inLanguage\":\"fr-FR\",\"@id\":\"https:\\\/\\\/www.opus-pocus.com\\\/shop\\\/produit\\\/pendentif-umbra-sumus-en-onyx-et-argent-925\\\/#primaryimage\",\"url\":\"https:\\\/\\\/i0.wp.com\\\/www.opus-pocus.com\\\/shop\\\/wp-content\\\/uploads\\\/2024\\\/10\\\/U1.jpg?fit=1080%2C1350&ssl=1\",\"contentUrl\":\"https:\\\/\\\/i0.wp.com\\\/www.opus-pocus.com\\\/shop\\\/wp-content\\\/uploads\\\/2024\\\/10\\\/U1.jpg?fit=1080%2C1350&ssl=1\",\"width\":1080,\"height\":1350},{\"@type\":\"BreadcrumbList\",\"@id\":\"https:\\\/\\\/www.opus-pocus.com\\\/shop\\\/produit\\\/pendentif-umbra-sumus-en-onyx-et-argent-925\\\/#breadcrumb\",\"itemListElement\":[{\"@type\":\"ListItem\",\"position\":1,\"name\":\"Accueil\",\"item\":\"https:\\\/\\\/www.opus-pocus.com\\\/shop\\\/\"},{\"@type\":\"ListItem\",\"position\":2,\"name\":\"Boutique\",\"item\":\"https:\\\/\\\/www.opus-pocus.com\\\/shop\\\/\"},{\"@type\":\"ListItem\",\"position\":3,\"name\":\"Pendentif UMBRA SUMUS en onyx et argent 925\"}]},{\"@type\":\"WebSite\",\"@id\":\"https:\\\/\\\/www.opus-pocus.com\\\/shop\\\/#website\",\"url\":\"https:\\\/\\\/www.opus-pocus.com\\\/shop\\\/\",\"name\":\"Opus Pocus\",\"description\":\"Opus Pocus\",\"publisher\":{\"@id\":\"https:\\\/\\\/www.opus-pocus.com\\\/shop\\\/#organization\"},\"potentialAction\":[{\"@type\":\"SearchAction\",\"target\":{\"@type\":\"EntryPoint\",\"urlTemplate\":\"https:\\\/\\\/www.opus-pocus.com\\\/shop\\\/?s={search_term_string}\"},\"query-input\":{\"@type\":\"PropertyValueSpecification\",\"valueRequired\":true,\"valueName\":\"search_term_string\"}}],\"inLanguage\":\"fr-FR\"},{\"@type\":\"Organization\",\"@id\":\"https:\\\/\\\/www.opus-pocus.com\\\/shop\\\/#organization\",\"name\":\"Opus Pocus\",\"url\":\"https:\\\/\\\/www.opus-pocus.com\\\/shop\\\/\",\"logo\":{\"@type\":\"ImageObject\",\"inLanguage\":\"fr-FR\",\"@id\":\"https:\\\/\\\/www.opus-pocus.com\\\/shop\\\/#\\\/schema\\\/logo\\\/image\\\/\",\"url\":\"https:\\\/\\\/i0.wp.com\\\/www.opus-pocus.com\\\/shop\\\/wp-content\\\/uploads\\\/2021\\\/12\\\/opus-pocus-logo.png?fit=300%2C78&ssl=1\",\"contentUrl\":\"https:\\\/\\\/i0.wp.com\\\/www.opus-pocus.com\\\/shop\\\/wp-content\\\/uploads\\\/2021\\\/12\\\/opus-pocus-logo.png?fit=300%2C78&ssl=1\",\"width\":300,\"height\":78,\"caption\":\"Opus Pocus\"},\"image\":{\"@id\":\"https:\\\/\\\/www.opus-pocus.com\\\/shop\\\/#\\\/schema\\\/logo\\\/image\\\/\"}}]}<\/script>\n<!-- \/ Yoast SEO plugin. -->","yoast_head_json":{"title":"Pendentif UMBRA SUMUS en onyx et argent 925 - Opus Pocus","description":"Bijou cr\u00e2ne t\u00eate de mort memento mori gothique biker","robots":{"index":"index","follow":"follow","max-snippet":"max-snippet:-1","max-image-preview":"max-image-preview:large","max-video-preview":"max-video-preview:-1"},"canonical":"https:\/\/www.opus-pocus.com\/shop\/produit\/pendentif-umbra-sumus-en-onyx-et-argent-925\/","og_locale":"fr_FR","og_type":"article","og_title":"Pendentif UMBRA SUMUS en onyx et argent 925 - Opus Pocus","og_description":"Bijou cr\u00e2ne t\u00eate de mort memento mori gothique biker","og_url":"https:\/\/www.opus-pocus.com\/shop\/produit\/pendentif-umbra-sumus-en-onyx-et-argent-925\/","og_site_name":"Opus Pocus","article_modified_time":"2026-04-12T19:38:28+00:00","og_image":[{"width":1080,"height":1350,"url":"https:\/\/i0.wp.com\/www.opus-pocus.com\/shop\/wp-content\/uploads\/2024\/10\/U1.jpg?fit=1080%2C1350&ssl=1","type":"image\/jpeg"}],"twitter_card":"summary_large_image","twitter_misc":{"Dur\u00e9e de lecture estim\u00e9e":"2 minutes"},"schema":{"@context":"https:\/\/schema.org","@graph":[{"@type":"WebPage","@id":"https:\/\/www.opus-pocus.com\/shop\/produit\/pendentif-umbra-sumus-en-onyx-et-argent-925\/","url":"https:\/\/www.opus-pocus.com\/shop\/produit\/pendentif-umbra-sumus-en-onyx-et-argent-925\/","name":"Pendentif UMBRA SUMUS en onyx et argent 925 - Opus Pocus","isPartOf":{"@id":"https:\/\/www.opus-pocus.com\/shop\/#website"},"primaryImageOfPage":{"@id":"https:\/\/www.opus-pocus.com\/shop\/produit\/pendentif-umbra-sumus-en-onyx-et-argent-925\/#primaryimage"},"image":{"@id":"https:\/\/www.opus-pocus.com\/shop\/produit\/pendentif-umbra-sumus-en-onyx-et-argent-925\/#primaryimage"},"thumbnailUrl":"https:\/\/i0.wp.com\/www.opus-pocus.com\/shop\/wp-content\/uploads\/2024\/10\/U1.jpg?fit=1080%2C1350&ssl=1","datePublished":"2025-10-09T18:30:59+00:00","dateModified":"2026-04-12T19:38:28+00:00","description":"Bijou cr\u00e2ne t\u00eate de mort memento mori gothique biker","breadcrumb":{"@id":"https:\/\/www.opus-pocus.com\/shop\/produit\/pendentif-umbra-sumus-en-onyx-et-argent-925\/#breadcrumb"},"inLanguage":"fr-FR","potentialAction":[{"@type":"ReadAction","target":["https:\/\/www.opus-pocus.com\/shop\/produit\/pendentif-umbra-sumus-en-onyx-et-argent-925\/"]}]},{"@type":"ImageObject","inLanguage":"fr-FR","@id":"https:\/\/www.opus-pocus.com\/shop\/produit\/pendentif-umbra-sumus-en-onyx-et-argent-925\/#primaryimage","url":"https:\/\/i0.wp.com\/www.opus-pocus.com\/shop\/wp-content\/uploads\/2024\/10\/U1.jpg?fit=1080%2C1350&ssl=1","contentUrl":"https:\/\/i0.wp.com\/www.opus-pocus.com\/shop\/wp-content\/uploads\/2024\/10\/U1.jpg?fit=1080%2C1350&ssl=1","width":1080,"height":1350},{"@type":"BreadcrumbList","@id":"https:\/\/www.opus-pocus.com\/shop\/produit\/pendentif-umbra-sumus-en-onyx-et-argent-925\/#breadcrumb","itemListElement":[{"@type":"ListItem","position":1,"name":"Accueil","item":"https:\/\/www.opus-pocus.com\/shop\/"},{"@type":"ListItem","position":2,"name":"Boutique","item":"https:\/\/www.opus-pocus.com\/shop\/"},{"@type":"ListItem","position":3,"name":"Pendentif UMBRA SUMUS en onyx et argent 925"}]},{"@type":"WebSite","@id":"https:\/\/www.opus-pocus.com\/shop\/#website","url":"https:\/\/www.opus-pocus.com\/shop\/","name":"Opus Pocus","description":"Opus Pocus","publisher":{"@id":"https:\/\/www.opus-pocus.com\/shop\/#organization"},"potentialAction":[{"@type":"SearchAction","target":{"@type":"EntryPoint","urlTemplate":"https:\/\/www.opus-pocus.com\/shop\/?s={search_term_string}"},"query-input":{"@type":"PropertyValueSpecification","valueRequired":true,"valueName":"search_term_string"}}],"inLanguage":"fr-FR"},{"@type":"Organization","@id":"https:\/\/www.opus-pocus.com\/shop\/#organization","name":"Opus Pocus","url":"https:\/\/www.opus-pocus.com\/shop\/","logo":{"@type":"ImageObject","inLanguage":"fr-FR","@id":"https:\/\/www.opus-pocus.com\/shop\/#\/schema\/logo\/image\/","url":"https:\/\/i0.wp.com\/www.opus-pocus.com\/shop\/wp-content\/uploads\/2021\/12\/opus-pocus-logo.png?fit=300%2C78&ssl=1","contentUrl":"https:\/\/i0.wp.com\/www.opus-pocus.com\/shop\/wp-content\/uploads\/2021\/12\/opus-pocus-logo.png?fit=300%2C78&ssl=1","width":300,"height":78,"caption":"Opus Pocus"},"image":{"@id":"https:\/\/www.opus-pocus.com\/shop\/#\/schema\/logo\/image\/"}}]}},"jetpack-related-posts":[{"id":2921,"url":"https:\/\/www.opus-pocus.com\/shop\/produit\/pendentif-icarus-en-quartz-et-argent-925\/","url_meta":{"origin":2832,"position":0},"title":"Pendentif ICARUS en quartz et argent 925","author":"Sarah","date":"1 d\u00e9cembre 2024","format":false,"excerpt":"Issu de la collaboration avec l'artiste tatoueur bordelais Icarus et Opus Pocus, le pendentif nomm\u00e9 ICARUS est un cristal de roche (quartz) surmont\u00e9 d'une partie en argent inspir\u00e9e de l'univers d'Icarus commun \u00e0 Opus Pocus et en bas d'une partie architecturale issu des visuels d'Icarus. Passionn\u00e9s d'univers","rel":"","context":"Article similaire","block_context":{"text":"Article similaire","link":""},"img":{"alt_text":"","src":"https:\/\/i0.wp.com\/www.opus-pocus.com\/shop\/wp-content\/uploads\/2024\/11\/Icarus.jpg?fit=960%2C1200&ssl=1&resize=350%2C200","width":350,"height":200,"srcset":"https:\/\/i0.wp.com\/www.opus-pocus.com\/shop\/wp-content\/uploads\/2024\/11\/Icarus.jpg?fit=960%2C1200&ssl=1&resize=350%2C200 1x, https:\/\/i0.wp.com\/www.opus-pocus.com\/shop\/wp-content\/uploads\/2024\/11\/Icarus.jpg?fit=960%2C1200&ssl=1&resize=525%2C300 1.5x, https:\/\/i0.wp.com\/www.opus-pocus.com\/shop\/wp-content\/uploads\/2024\/11\/Icarus.jpg?fit=960%2C1200&ssl=1&resize=700%2C400 2x"},"classes":[]},{"id":3940,"url":"https:\/\/www.opus-pocus.com\/shop\/produit\/collier-ignis-en-onyx-et-argent-925\/","url_meta":{"origin":2832,"position":1},"title":"Collier IGNIS en onyx et argent 925","author":"Sarah","date":"5 avril 2026","format":false,"excerpt":"\u2727 IGNIS est un collier en argent serti d'un petit cabochon ovale entour\u00e9 d'\u00e9l\u00e9ments issus du gothique flamboyant: des flammes et des quadrilobes. \u2727 J'ai nomm\u00e9 ce collier IGNIS qui est le \"feu\" en latin, relatif aux flammes qui composent l'ensemble. \u2727 Un bijou pour vous magnifier et r\u00e9v\u00e9ler la\u2026","rel":"","context":"Article similaire","block_context":{"text":"Article similaire","link":""},"img":{"alt_text":"","src":"https:\/\/i0.wp.com\/www.opus-pocus.com\/shop\/wp-content\/uploads\/2026\/04\/Collier-Ignis.jpg?fit=960%2C1200&ssl=1&resize=350%2C200","width":350,"height":200,"srcset":"https:\/\/i0.wp.com\/www.opus-pocus.com\/shop\/wp-content\/uploads\/2026\/04\/Collier-Ignis.jpg?fit=960%2C1200&ssl=1&resize=350%2C200 1x, https:\/\/i0.wp.com\/www.opus-pocus.com\/shop\/wp-content\/uploads\/2026\/04\/Collier-Ignis.jpg?fit=960%2C1200&ssl=1&resize=525%2C300 1.5x, https:\/\/i0.wp.com\/www.opus-pocus.com\/shop\/wp-content\/uploads\/2026\/04\/Collier-Ignis.jpg?fit=960%2C1200&ssl=1&resize=700%2C400 2x"},"classes":[]},{"id":1990,"url":"https:\/\/www.opus-pocus.com\/shop\/produit\/boucles-doreilles-roscudon-en-argent-925\/","url_meta":{"origin":2832,"position":2},"title":"Boucles d&rsquo;oreilles ROSCUDON en argent 925","author":"Sarah","date":"9 novembre 2025","format":false,"excerpt":"\u2727 Les boucles d\u2019oreilles ROSCUDON sont des petites cr\u00e9oles en argent 925 inspir\u00e9es de l\u2019architecture m\u00e9di\u00e9vale. Mati\u00e8re: argent 925 Taille: 20 x 17,5\u00a0 mm L\u2019attache est tr\u00e8s pratique, la tige se clipse entre 2 bras d\u2019argent, fermoir le plus adapt\u00e9 \u00e0 tous. *Pens\u00e9es \u00e9galement pour les oreilles stretch\u00e9es* \u00a0 -Mod\u00e8le\u2026","rel":"","context":"Article similaire","block_context":{"text":"Article similaire","link":""},"img":{"alt_text":"","src":"https:\/\/i0.wp.com\/www.opus-pocus.com\/shop\/wp-content\/uploads\/2023\/11\/BO-Roscudon.jpg?fit=960%2C1200&ssl=1&resize=350%2C200","width":350,"height":200,"srcset":"https:\/\/i0.wp.com\/www.opus-pocus.com\/shop\/wp-content\/uploads\/2023\/11\/BO-Roscudon.jpg?fit=960%2C1200&ssl=1&resize=350%2C200 1x, https:\/\/i0.wp.com\/www.opus-pocus.com\/shop\/wp-content\/uploads\/2023\/11\/BO-Roscudon.jpg?fit=960%2C1200&ssl=1&resize=525%2C300 1.5x, https:\/\/i0.wp.com\/www.opus-pocus.com\/shop\/wp-content\/uploads\/2023\/11\/BO-Roscudon.jpg?fit=960%2C1200&ssl=1&resize=700%2C400 2x"},"classes":[]},{"id":3834,"url":"https:\/\/www.opus-pocus.com\/shop\/produit\/pendentif-amara-en-cristal-de-roche-et-argent-925\/","url_meta":{"origin":2832,"position":3},"title":"Pendentif AMARA en cristal de roche et argent 925","author":"Sarah","date":"1 f\u00e9vrier 2026","format":false,"excerpt":"\u2727 Le pendentif AMARA est un symbole double de flammes, \u00e9l\u00e9ments typiques de l'architecture gothique comme un Yin Yang ajour\u00e9 au dos. \u2727 Le serti est comme une dentelle architecturale tout autour du bijou. \u2727 Ce bijou est en lien avec les \u00e2mes soeurs et la symbolique d'amour, ne dit-on\u2026","rel":"","context":"Article similaire","block_context":{"text":"Article similaire","link":""},"img":{"alt_text":"","src":"https:\/\/i0.wp.com\/www.opus-pocus.com\/shop\/wp-content\/uploads\/2026\/01\/Lovers.jpg?fit=960%2C1200&ssl=1&resize=350%2C200","width":350,"height":200,"srcset":"https:\/\/i0.wp.com\/www.opus-pocus.com\/shop\/wp-content\/uploads\/2026\/01\/Lovers.jpg?fit=960%2C1200&ssl=1&resize=350%2C200 1x, https:\/\/i0.wp.com\/www.opus-pocus.com\/shop\/wp-content\/uploads\/2026\/01\/Lovers.jpg?fit=960%2C1200&ssl=1&resize=525%2C300 1.5x, https:\/\/i0.wp.com\/www.opus-pocus.com\/shop\/wp-content\/uploads\/2026\/01\/Lovers.jpg?fit=960%2C1200&ssl=1&resize=700%2C400 2x"},"classes":[]},{"id":1991,"url":"https:\/\/www.opus-pocus.com\/shop\/produit\/bracelet-courtois\/","url_meta":{"origin":2832,"position":4},"title":"Bracelet COURTOIS en argent 925","author":"Sarah","date":"5 mai 2024","format":false,"excerpt":"\u2727 Le bracelet Courtoise est un jonc en argent 925 d\u00e9cor\u00e9 de motifs d\u2019inspiration m\u00e9di\u00e9vale, grav\u00e9s. \u2727 C\u2019est un bracelet mixte. \u2727 3 tailles sont disponibles. \u00a0 Mati\u00e8re: Argent 925 Dimensions: 5,5 mm de largeur \u00a0 -Mod\u00e8le D\u00e9pos\u00e9- Design fran\u00e7ais, fabriqu\u00e9 artisanalement et \u00e9thiquement en Tha\u00eflande. Estamp\u00e9 de mon poin\u00e7on\u2026","rel":"","context":"Article similaire","block_context":{"text":"Article similaire","link":""},"img":{"alt_text":"","src":"https:\/\/i0.wp.com\/www.opus-pocus.com\/shop\/wp-content\/uploads\/2023\/09\/Bracelet-Courtois-site.jpg?fit=960%2C1200&ssl=1&resize=350%2C200","width":350,"height":200,"srcset":"https:\/\/i0.wp.com\/www.opus-pocus.com\/shop\/wp-content\/uploads\/2023\/09\/Bracelet-Courtois-site.jpg?fit=960%2C1200&ssl=1&resize=350%2C200 1x, https:\/\/i0.wp.com\/www.opus-pocus.com\/shop\/wp-content\/uploads\/2023\/09\/Bracelet-Courtois-site.jpg?fit=960%2C1200&ssl=1&resize=525%2C300 1.5x, https:\/\/i0.wp.com\/www.opus-pocus.com\/shop\/wp-content\/uploads\/2023\/09\/Bracelet-Courtois-site.jpg?fit=960%2C1200&ssl=1&resize=700%2C400 2x"},"classes":[]},{"id":896,"url":"https:\/\/www.opus-pocus.com\/shop\/produit\/bracelet-jonc-rigide-argent-925\/","url_meta":{"origin":2832,"position":5},"title":"Bracelet rigide \u00ab\u00a0Majesty\u00a0\u00bb","author":"Sarah","date":"8 novembre 2022","format":false,"excerpt":"Jonc en argent parsem\u00e9 de motifs m\u00e9di\u00e9vaux fabriqu\u00e9 artisanalement. Ce jonc est un accessoire que j'ai pens\u00e9 pour \u00eatre port\u00e9 au quotidien. C'est un intemporel et un classique qui peut \u00eatre port\u00e9 seul ou port\u00e9 accumul\u00e9 avec d'autres bracelets. Epaisseur: 3,20 mm x 1,60 mm Diam\u00e8tre: 65 \u00e0 67 mm\u2026","rel":"","context":"Article similaire","block_context":{"text":"Article similaire","link":""},"img":{"alt_text":"","src":"https:\/\/i0.wp.com\/www.opus-pocus.com\/shop\/wp-content\/uploads\/2022\/04\/Jonc.jpg?fit=800%2C800&ssl=1&resize=350%2C200","width":350,"height":200,"srcset":"https:\/\/i0.wp.com\/www.opus-pocus.com\/shop\/wp-content\/uploads\/2022\/04\/Jonc.jpg?fit=800%2C800&ssl=1&resize=350%2C200 1x, https:\/\/i0.wp.com\/www.opus-pocus.com\/shop\/wp-content\/uploads\/2022\/04\/Jonc.jpg?fit=800%2C800&ssl=1&resize=525%2C300 1.5x, https:\/\/i0.wp.com\/www.opus-pocus.com\/shop\/wp-content\/uploads\/2022\/04\/Jonc.jpg?fit=800%2C800&ssl=1&resize=700%2C400 2x"},"classes":[]}],"jetpack_sharing_enabled":true,"_links":{"self":[{"href":"https:\/\/www.opus-pocus.com\/shop\/wp-json\/wp\/v2\/product\/2832","targetHints":{"allow":["GET"]}}],"collection":[{"href":"https:\/\/www.opus-pocus.com\/shop\/wp-json\/wp\/v2\/product"}],"about":[{"href":"https:\/\/www.opus-pocus.com\/shop\/wp-json\/wp\/v2\/types\/product"}],"replies":[{"embeddable":true,"href":"https:\/\/www.opus-pocus.com\/shop\/wp-json\/wp\/v2\/comments?post=2832"}],"wp:featuredmedia":[{"embeddable":true,"href":"https:\/\/www.opus-pocus.com\/shop\/wp-json\/wp\/v2\/media\/2887"}],"wp:attachment":[{"href":"https:\/\/www.opus-pocus.com\/shop\/wp-json\/wp\/v2\/media?parent=2832"}],"wp:term":[{"taxonomy":"product_brand","embeddable":true,"href":"https:\/\/www.opus-pocus.com\/shop\/wp-json\/wp\/v2\/product_brand?post=2832"},{"taxonomy":"product_cat","embeddable":true,"href":"https:\/\/www.opus-pocus.com\/shop\/wp-json\/wp\/v2\/product_cat?post=2832"},{"taxonomy":"product_tag","embeddable":true,"href":"https:\/\/www.opus-pocus.com\/shop\/wp-json\/wp\/v2\/product_tag?post=2832"}],"curies":[{"name":"wp","href":"https:\/\/api.w.org\/{rel}","templated":true}]}}