{"id":2837,"date":"2024-10-31T20:00:12","date_gmt":"2024-10-31T19:00:12","guid":{"rendered":"https:\/\/www.opus-pocus.com\/shop\/?post_type=product&#038;p=2837"},"modified":"2026-02-20T13:45:25","modified_gmt":"2026-02-20T12:45:25","slug":"le-talisman-magique-darchibald-en-argent-925","status":"publish","type":"product","link":"https:\/\/www.opus-pocus.com\/shop\/produit\/le-talisman-magique-darchibald-en-argent-925\/","title":{"rendered":"Le Talisman Magique d&rsquo;Archibald en argent 925"},"content":{"rendered":"<p><strong>Entretien:<\/strong> Les bijoux s\u2019entretiennent tr\u00e8s facilement en les lavant de temps en temps \u00e0 l\u2019eau savonneuse avec une brosse \u00e0 dent souple. Si vos bijoux s\u2019oxydent, nettoyer avec une petite noisette de dentifrice avec un peu d\u2019eau ti\u00e8de, soit au doigt, soit \u00e0 l\u2019aide d\u2019une brosse \u00e0 dent tr\u00e8s souple (type Inava).<\/p>\n<p>Si vous ne portez pas votre pendentif, conservez-le dans une petite pochette \u00e0 l\u2019abri de l\u2019air. Ne le conservez surtout pas dans votre salle de bain ou autre lieu humide, cela favorise l\u2019oxydation.<\/p>\n<p>Rassurez-vous, l\u2019oxydation n\u2019est qu\u2019un d\u00e9p\u00f4t sur l\u2019argent et se rattrape sans probl\u00e8me. L\u2019avantage de l\u2019argent c\u2019est qu\u2019il se garde \u00e0 vie et s\u2019entretien tr\u00e8s facilement. Si vous portez vos bijoux chaque jour alors ceux-l\u00e0 ne bougeront pas.<\/p>\n<p>Evitez tout de m\u00eame de vous baigner dans de l\u2019eau chlor\u00e9e ou dans les sources d\u2019eau soufr\u00e9e, cela noircit les bijoux. Retirez les pour dormir id\u00e9alement afin de ne pas les ab\u00eemer ainsi que pour le m\u00e9nage et les travaux manuels.<\/p>\n","protected":false},"excerpt":{"rendered":"<p>Pendentif repr\u00e9sentant Archibald en argent 925.<\/p>\n<p>&nbsp;<\/p>\n<p>Design fran\u00e7ais, fabriqu\u00e9 artisanalement et \u00e9thiquement en Tha\u00eflande.<\/p>\n<p>Estamp\u00e9 de mon poin\u00e7on d\u2019importation.<\/p>\n","protected":false},"featured_media":2839,"comment_status":"closed","ping_status":"closed","template":"","meta":{"site-sidebar-layout":"default","site-content-layout":"default","ast-main-header-display":"","ast-hfb-above-header-display":"","ast-hfb-below-header-display":"","ast-hfb-mobile-header-display":"","site-post-title":"","ast-breadcrumbs-content":"","ast-featured-img":"","footer-sml-layout":"","theme-transparent-header-meta":"default","adv-header-id-meta":"","stick-header-meta":"","header-above-stick-meta":"","header-main-stick-meta":"","header-below-stick-meta":""},"product_brand":[],"product_cat":[233,18,23],"product_tag":[],"class_list":{"0":"post-2837","1":"product","2":"type-product","3":"status-publish","4":"has-post-thumbnail","6":"product_cat-accueil","7":"product_cat-bijoux","8":"product_cat-pendentifs","10":"first","11":"instock","12":"shipping-taxable","13":"purchasable","14":"product-type-simple"},"yoast_head":"<!-- This site is optimized with the Yoast SEO plugin v27.3 - https:\/\/yoast.com\/product\/yoast-seo-wordpress\/ -->\n<title>Le Talisman Magique d&#039;Archibald en argent 925 - Opus Pocus<\/title>\n<meta name=\"robots\" content=\"index, follow, max-snippet:-1, max-image-preview:large, max-video-preview:-1\" \/>\n<link rel=\"canonical\" href=\"https:\/\/www.opus-pocus.com\/shop\/produit\/le-talisman-magique-darchibald-en-argent-925\/\" \/>\n<meta property=\"og:locale\" content=\"fr_FR\" \/>\n<meta property=\"og:type\" content=\"article\" \/>\n<meta property=\"og:title\" content=\"Le Talisman Magique d&#039;Archibald en argent 925 - Opus Pocus\" \/>\n<meta property=\"og:description\" content=\"Pendentif repr\u00e9sentant Archibald en argent 925.  &nbsp;  Design fran\u00e7ais, fabriqu\u00e9 artisanalement et \u00e9thiquement en Tha\u00eflande.  Estamp\u00e9 de mon poin\u00e7on d\u2019importation.\" \/>\n<meta property=\"og:url\" content=\"https:\/\/www.opus-pocus.com\/shop\/produit\/le-talisman-magique-darchibald-en-argent-925\/\" \/>\n<meta property=\"og:site_name\" content=\"Opus Pocus\" \/>\n<meta property=\"article:modified_time\" content=\"2026-02-20T12:45:25+00:00\" \/>\n<meta property=\"og:image\" content=\"https:\/\/www.opus-pocus.com\/shop\/wp-content\/uploads\/2024\/10\/Archibald.jpg\" \/>\n\t<meta property=\"og:image:width\" content=\"1080\" \/>\n\t<meta property=\"og:image:height\" content=\"1350\" \/>\n\t<meta property=\"og:image:type\" content=\"image\/jpeg\" \/>\n<meta name=\"twitter:card\" content=\"summary_large_image\" \/>\n<meta name=\"twitter:label1\" content=\"Dur\u00e9e de lecture estim\u00e9e\" \/>\n\t<meta name=\"twitter:data1\" content=\"2 minutes\" \/>\n<script type=\"application\/ld+json\" class=\"yoast-schema-graph\">{\"@context\":\"https:\\\/\\\/schema.org\",\"@graph\":[{\"@type\":\"WebPage\",\"@id\":\"https:\\\/\\\/www.opus-pocus.com\\\/shop\\\/produit\\\/le-talisman-magique-darchibald-en-argent-925\\\/\",\"url\":\"https:\\\/\\\/www.opus-pocus.com\\\/shop\\\/produit\\\/le-talisman-magique-darchibald-en-argent-925\\\/\",\"name\":\"Le Talisman Magique d'Archibald en argent 925 - Opus Pocus\",\"isPartOf\":{\"@id\":\"https:\\\/\\\/www.opus-pocus.com\\\/shop\\\/#website\"},\"primaryImageOfPage\":{\"@id\":\"https:\\\/\\\/www.opus-pocus.com\\\/shop\\\/produit\\\/le-talisman-magique-darchibald-en-argent-925\\\/#primaryimage\"},\"image\":{\"@id\":\"https:\\\/\\\/www.opus-pocus.com\\\/shop\\\/produit\\\/le-talisman-magique-darchibald-en-argent-925\\\/#primaryimage\"},\"thumbnailUrl\":\"https:\\\/\\\/i0.wp.com\\\/www.opus-pocus.com\\\/shop\\\/wp-content\\\/uploads\\\/2024\\\/10\\\/Archibald.jpg?fit=1080%2C1350&ssl=1\",\"datePublished\":\"2024-10-31T19:00:12+00:00\",\"dateModified\":\"2026-02-20T12:45:25+00:00\",\"breadcrumb\":{\"@id\":\"https:\\\/\\\/www.opus-pocus.com\\\/shop\\\/produit\\\/le-talisman-magique-darchibald-en-argent-925\\\/#breadcrumb\"},\"inLanguage\":\"fr-FR\",\"potentialAction\":[{\"@type\":\"ReadAction\",\"target\":[\"https:\\\/\\\/www.opus-pocus.com\\\/shop\\\/produit\\\/le-talisman-magique-darchibald-en-argent-925\\\/\"]}]},{\"@type\":\"ImageObject\",\"inLanguage\":\"fr-FR\",\"@id\":\"https:\\\/\\\/www.opus-pocus.com\\\/shop\\\/produit\\\/le-talisman-magique-darchibald-en-argent-925\\\/#primaryimage\",\"url\":\"https:\\\/\\\/i0.wp.com\\\/www.opus-pocus.com\\\/shop\\\/wp-content\\\/uploads\\\/2024\\\/10\\\/Archibald.jpg?fit=1080%2C1350&ssl=1\",\"contentUrl\":\"https:\\\/\\\/i0.wp.com\\\/www.opus-pocus.com\\\/shop\\\/wp-content\\\/uploads\\\/2024\\\/10\\\/Archibald.jpg?fit=1080%2C1350&ssl=1\",\"width\":1080,\"height\":1350},{\"@type\":\"BreadcrumbList\",\"@id\":\"https:\\\/\\\/www.opus-pocus.com\\\/shop\\\/produit\\\/le-talisman-magique-darchibald-en-argent-925\\\/#breadcrumb\",\"itemListElement\":[{\"@type\":\"ListItem\",\"position\":1,\"name\":\"Accueil\",\"item\":\"https:\\\/\\\/www.opus-pocus.com\\\/shop\\\/\"},{\"@type\":\"ListItem\",\"position\":2,\"name\":\"Boutique\",\"item\":\"https:\\\/\\\/www.opus-pocus.com\\\/shop\\\/\"},{\"@type\":\"ListItem\",\"position\":3,\"name\":\"Le Talisman Magique d&rsquo;Archibald en argent 925\"}]},{\"@type\":\"WebSite\",\"@id\":\"https:\\\/\\\/www.opus-pocus.com\\\/shop\\\/#website\",\"url\":\"https:\\\/\\\/www.opus-pocus.com\\\/shop\\\/\",\"name\":\"Opus Pocus\",\"description\":\"Opus Pocus\",\"publisher\":{\"@id\":\"https:\\\/\\\/www.opus-pocus.com\\\/shop\\\/#organization\"},\"potentialAction\":[{\"@type\":\"SearchAction\",\"target\":{\"@type\":\"EntryPoint\",\"urlTemplate\":\"https:\\\/\\\/www.opus-pocus.com\\\/shop\\\/?s={search_term_string}\"},\"query-input\":{\"@type\":\"PropertyValueSpecification\",\"valueRequired\":true,\"valueName\":\"search_term_string\"}}],\"inLanguage\":\"fr-FR\"},{\"@type\":\"Organization\",\"@id\":\"https:\\\/\\\/www.opus-pocus.com\\\/shop\\\/#organization\",\"name\":\"Opus Pocus\",\"url\":\"https:\\\/\\\/www.opus-pocus.com\\\/shop\\\/\",\"logo\":{\"@type\":\"ImageObject\",\"inLanguage\":\"fr-FR\",\"@id\":\"https:\\\/\\\/www.opus-pocus.com\\\/shop\\\/#\\\/schema\\\/logo\\\/image\\\/\",\"url\":\"https:\\\/\\\/i0.wp.com\\\/www.opus-pocus.com\\\/shop\\\/wp-content\\\/uploads\\\/2021\\\/12\\\/opus-pocus-logo.png?fit=300%2C78&ssl=1\",\"contentUrl\":\"https:\\\/\\\/i0.wp.com\\\/www.opus-pocus.com\\\/shop\\\/wp-content\\\/uploads\\\/2021\\\/12\\\/opus-pocus-logo.png?fit=300%2C78&ssl=1\",\"width\":300,\"height\":78,\"caption\":\"Opus Pocus\"},\"image\":{\"@id\":\"https:\\\/\\\/www.opus-pocus.com\\\/shop\\\/#\\\/schema\\\/logo\\\/image\\\/\"}}]}<\/script>\n<!-- \/ Yoast SEO plugin. -->","yoast_head_json":{"title":"Le Talisman Magique d'Archibald en argent 925 - Opus Pocus","robots":{"index":"index","follow":"follow","max-snippet":"max-snippet:-1","max-image-preview":"max-image-preview:large","max-video-preview":"max-video-preview:-1"},"canonical":"https:\/\/www.opus-pocus.com\/shop\/produit\/le-talisman-magique-darchibald-en-argent-925\/","og_locale":"fr_FR","og_type":"article","og_title":"Le Talisman Magique d'Archibald en argent 925 - Opus Pocus","og_description":"Pendentif repr\u00e9sentant Archibald en argent 925.  &nbsp;  Design fran\u00e7ais, fabriqu\u00e9 artisanalement et \u00e9thiquement en Tha\u00eflande.  Estamp\u00e9 de mon poin\u00e7on d\u2019importation.","og_url":"https:\/\/www.opus-pocus.com\/shop\/produit\/le-talisman-magique-darchibald-en-argent-925\/","og_site_name":"Opus Pocus","article_modified_time":"2026-02-20T12:45:25+00:00","og_image":[{"width":1080,"height":1350,"url":"https:\/\/www.opus-pocus.com\/shop\/wp-content\/uploads\/2024\/10\/Archibald.jpg","type":"image\/jpeg"}],"twitter_card":"summary_large_image","twitter_misc":{"Dur\u00e9e de lecture estim\u00e9e":"2 minutes"},"schema":{"@context":"https:\/\/schema.org","@graph":[{"@type":"WebPage","@id":"https:\/\/www.opus-pocus.com\/shop\/produit\/le-talisman-magique-darchibald-en-argent-925\/","url":"https:\/\/www.opus-pocus.com\/shop\/produit\/le-talisman-magique-darchibald-en-argent-925\/","name":"Le Talisman Magique d'Archibald en argent 925 - Opus Pocus","isPartOf":{"@id":"https:\/\/www.opus-pocus.com\/shop\/#website"},"primaryImageOfPage":{"@id":"https:\/\/www.opus-pocus.com\/shop\/produit\/le-talisman-magique-darchibald-en-argent-925\/#primaryimage"},"image":{"@id":"https:\/\/www.opus-pocus.com\/shop\/produit\/le-talisman-magique-darchibald-en-argent-925\/#primaryimage"},"thumbnailUrl":"https:\/\/i0.wp.com\/www.opus-pocus.com\/shop\/wp-content\/uploads\/2024\/10\/Archibald.jpg?fit=1080%2C1350&ssl=1","datePublished":"2024-10-31T19:00:12+00:00","dateModified":"2026-02-20T12:45:25+00:00","breadcrumb":{"@id":"https:\/\/www.opus-pocus.com\/shop\/produit\/le-talisman-magique-darchibald-en-argent-925\/#breadcrumb"},"inLanguage":"fr-FR","potentialAction":[{"@type":"ReadAction","target":["https:\/\/www.opus-pocus.com\/shop\/produit\/le-talisman-magique-darchibald-en-argent-925\/"]}]},{"@type":"ImageObject","inLanguage":"fr-FR","@id":"https:\/\/www.opus-pocus.com\/shop\/produit\/le-talisman-magique-darchibald-en-argent-925\/#primaryimage","url":"https:\/\/i0.wp.com\/www.opus-pocus.com\/shop\/wp-content\/uploads\/2024\/10\/Archibald.jpg?fit=1080%2C1350&ssl=1","contentUrl":"https:\/\/i0.wp.com\/www.opus-pocus.com\/shop\/wp-content\/uploads\/2024\/10\/Archibald.jpg?fit=1080%2C1350&ssl=1","width":1080,"height":1350},{"@type":"BreadcrumbList","@id":"https:\/\/www.opus-pocus.com\/shop\/produit\/le-talisman-magique-darchibald-en-argent-925\/#breadcrumb","itemListElement":[{"@type":"ListItem","position":1,"name":"Accueil","item":"https:\/\/www.opus-pocus.com\/shop\/"},{"@type":"ListItem","position":2,"name":"Boutique","item":"https:\/\/www.opus-pocus.com\/shop\/"},{"@type":"ListItem","position":3,"name":"Le Talisman Magique d&rsquo;Archibald en argent 925"}]},{"@type":"WebSite","@id":"https:\/\/www.opus-pocus.com\/shop\/#website","url":"https:\/\/www.opus-pocus.com\/shop\/","name":"Opus Pocus","description":"Opus Pocus","publisher":{"@id":"https:\/\/www.opus-pocus.com\/shop\/#organization"},"potentialAction":[{"@type":"SearchAction","target":{"@type":"EntryPoint","urlTemplate":"https:\/\/www.opus-pocus.com\/shop\/?s={search_term_string}"},"query-input":{"@type":"PropertyValueSpecification","valueRequired":true,"valueName":"search_term_string"}}],"inLanguage":"fr-FR"},{"@type":"Organization","@id":"https:\/\/www.opus-pocus.com\/shop\/#organization","name":"Opus Pocus","url":"https:\/\/www.opus-pocus.com\/shop\/","logo":{"@type":"ImageObject","inLanguage":"fr-FR","@id":"https:\/\/www.opus-pocus.com\/shop\/#\/schema\/logo\/image\/","url":"https:\/\/i0.wp.com\/www.opus-pocus.com\/shop\/wp-content\/uploads\/2021\/12\/opus-pocus-logo.png?fit=300%2C78&ssl=1","contentUrl":"https:\/\/i0.wp.com\/www.opus-pocus.com\/shop\/wp-content\/uploads\/2021\/12\/opus-pocus-logo.png?fit=300%2C78&ssl=1","width":300,"height":78,"caption":"Opus Pocus"},"image":{"@id":"https:\/\/www.opus-pocus.com\/shop\/#\/schema\/logo\/image\/"}}]}},"jetpack-related-posts":[{"id":3112,"url":"https:\/\/www.opus-pocus.com\/shop\/produit\/bague-hedera-en-argent-925\/","url_meta":{"origin":2837,"position":0},"title":"Bague HEDERA en argent 925","author":"Sarah","date":"1 juillet 2025","format":false,"excerpt":"\u2727 La bague HEDERA est un anneau en argent 925 d\u00e9cor\u00e9 de lierre et de deux vitraux. \u2727 C'est une bague mixte. \u2727 Le lierre est symbole d'\u00e9ternit\u00e9 et de recherche de lumi\u00e8re et d'\u00e9l\u00e9vation. Conqu\u00e9rant, il est un symbole de d\u00e9termination et de pers\u00e9v\u00e9rance. \u00a0 Mati\u00e8re: Argent 925 Dimensions:\u2026","rel":"","context":"Article similaire","block_context":{"text":"Article similaire","link":""},"img":{"alt_text":"","src":"https:\/\/i0.wp.com\/www.opus-pocus.com\/shop\/wp-content\/uploads\/2025\/02\/Bg-Hedera.jpg?fit=960%2C1200&ssl=1&resize=350%2C200","width":350,"height":200,"srcset":"https:\/\/i0.wp.com\/www.opus-pocus.com\/shop\/wp-content\/uploads\/2025\/02\/Bg-Hedera.jpg?fit=960%2C1200&ssl=1&resize=350%2C200 1x, https:\/\/i0.wp.com\/www.opus-pocus.com\/shop\/wp-content\/uploads\/2025\/02\/Bg-Hedera.jpg?fit=960%2C1200&ssl=1&resize=525%2C300 1.5x, https:\/\/i0.wp.com\/www.opus-pocus.com\/shop\/wp-content\/uploads\/2025\/02\/Bg-Hedera.jpg?fit=960%2C1200&ssl=1&resize=700%2C400 2x"},"classes":[]},{"id":1421,"url":"https:\/\/www.opus-pocus.com\/shop\/produit\/bague-courtoise-en-argent-925\/","url_meta":{"origin":2837,"position":1},"title":"Bague COURTOISE en argent 925","author":"Sarah","date":"1 d\u00e9cembre 2025","format":false,"excerpt":"\u2727 La bague Courtoise est un anneau en argent 925 d\u00e9cor\u00e9 de motifs d'inspiration m\u00e9di\u00e9vale, grav\u00e9s. \u2727 C'est une bague mixte. \u2727 L'amour courtois du Moyen-Age m'\u00e9voque l'amour pur et sinc\u00e8re entre deux \u00eatres dans un respect profond et mutuel. J'ai donc cr\u00e9\u00e9 cette bague pour symboliser l'amour entre personnes\u2026","rel":"","context":"Article similaire","block_context":{"text":"Article similaire","link":""},"img":{"alt_text":"","src":"https:\/\/i0.wp.com\/www.opus-pocus.com\/shop\/wp-content\/uploads\/2023\/02\/Bg-Courtoise-3.jpg?fit=960%2C1200&ssl=1&resize=350%2C200","width":350,"height":200,"srcset":"https:\/\/i0.wp.com\/www.opus-pocus.com\/shop\/wp-content\/uploads\/2023\/02\/Bg-Courtoise-3.jpg?fit=960%2C1200&ssl=1&resize=350%2C200 1x, https:\/\/i0.wp.com\/www.opus-pocus.com\/shop\/wp-content\/uploads\/2023\/02\/Bg-Courtoise-3.jpg?fit=960%2C1200&ssl=1&resize=525%2C300 1.5x, https:\/\/i0.wp.com\/www.opus-pocus.com\/shop\/wp-content\/uploads\/2023\/02\/Bg-Courtoise-3.jpg?fit=960%2C1200&ssl=1&resize=700%2C400 2x"},"classes":[]},{"id":2921,"url":"https:\/\/www.opus-pocus.com\/shop\/produit\/pendentif-icarus-en-quartz-et-argent-925\/","url_meta":{"origin":2837,"position":2},"title":"Pendentif ICARUS en quartz et argent 925","author":"Sarah","date":"1 d\u00e9cembre 2024","format":false,"excerpt":"Issu de la collaboration avec l'artiste tatoueur bordelais Icarus et Opus Pocus, le pendentif nomm\u00e9 ICARUS est un cristal de roche (quartz) surmont\u00e9 d'une partie en argent inspir\u00e9e de l'univers d'Icarus commun \u00e0 Opus Pocus et en bas d'une partie architecturale issu des visuels d'Icarus. Passionn\u00e9s d'univers","rel":"","context":"Article similaire","block_context":{"text":"Article similaire","link":""},"img":{"alt_text":"","src":"https:\/\/i0.wp.com\/www.opus-pocus.com\/shop\/wp-content\/uploads\/2024\/11\/Icarus.jpg?fit=960%2C1200&ssl=1&resize=350%2C200","width":350,"height":200,"srcset":"https:\/\/i0.wp.com\/www.opus-pocus.com\/shop\/wp-content\/uploads\/2024\/11\/Icarus.jpg?fit=960%2C1200&ssl=1&resize=350%2C200 1x, https:\/\/i0.wp.com\/www.opus-pocus.com\/shop\/wp-content\/uploads\/2024\/11\/Icarus.jpg?fit=960%2C1200&ssl=1&resize=525%2C300 1.5x, https:\/\/i0.wp.com\/www.opus-pocus.com\/shop\/wp-content\/uploads\/2024\/11\/Icarus.jpg?fit=960%2C1200&ssl=1&resize=700%2C400 2x"},"classes":[]},{"id":1418,"url":"https:\/\/www.opus-pocus.com\/shop\/produit\/creoles-kernas\/","url_meta":{"origin":2837,"position":3},"title":"Cr\u00e9oles KERNAS en argent 925","author":"Sarah","date":"1 d\u00e9cembre 2024","format":false,"excerpt":"\u2727 Les cr\u00e9oles KERNAS sont orn\u00e9es d'un d\u00e9tail architectural inspir\u00e9 de la p\u00e9riode gothique \u00e0 la base du bijou. Mati\u00e8re: argent 925 Diam\u00e8tre: 45 mm Epaisseur: 2 mm Hauteur de la d\u00e9coration: 16 mm \u00a0 *Vendues \u00e0 la paire* -Mod\u00e8le D\u00e9pos\u00e9- Design fran\u00e7ais, fabriqu\u00e9 artisanalement et \u00e9thiquement en Tha\u00eflande. Estamp\u00e9\u2026","rel":"","context":"Article similaire","block_context":{"text":"Article similaire","link":""},"img":{"alt_text":"","src":"https:\/\/i0.wp.com\/www.opus-pocus.com\/shop\/wp-content\/uploads\/2023\/09\/BO-Medieval-Lace-Fa.jpg?fit=960%2C1200&ssl=1&resize=350%2C200","width":350,"height":200,"srcset":"https:\/\/i0.wp.com\/www.opus-pocus.com\/shop\/wp-content\/uploads\/2023\/09\/BO-Medieval-Lace-Fa.jpg?fit=960%2C1200&ssl=1&resize=350%2C200 1x, https:\/\/i0.wp.com\/www.opus-pocus.com\/shop\/wp-content\/uploads\/2023\/09\/BO-Medieval-Lace-Fa.jpg?fit=960%2C1200&ssl=1&resize=525%2C300 1.5x, https:\/\/i0.wp.com\/www.opus-pocus.com\/shop\/wp-content\/uploads\/2023\/09\/BO-Medieval-Lace-Fa.jpg?fit=960%2C1200&ssl=1&resize=700%2C400 2x"},"classes":[]},{"id":1990,"url":"https:\/\/www.opus-pocus.com\/shop\/produit\/boucles-doreilles-roscudon-en-argent-925\/","url_meta":{"origin":2837,"position":4},"title":"Boucles d&rsquo;oreilles ROSCUDON en argent 925","author":"Sarah","date":"9 novembre 2025","format":false,"excerpt":"\u2727 Les boucles d\u2019oreilles ROSCUDON sont des petites cr\u00e9oles en argent 925 inspir\u00e9es de l\u2019architecture m\u00e9di\u00e9vale. Mati\u00e8re: argent 925 Taille: 20 x 17,5\u00a0 mm L\u2019attache est tr\u00e8s pratique, la tige se clipse entre 2 bras d\u2019argent, fermoir le plus adapt\u00e9 \u00e0 tous. *Pens\u00e9es \u00e9galement pour les oreilles stretch\u00e9es* \u00a0 -Mod\u00e8le\u2026","rel":"","context":"Article similaire","block_context":{"text":"Article similaire","link":""},"img":{"alt_text":"","src":"https:\/\/i0.wp.com\/www.opus-pocus.com\/shop\/wp-content\/uploads\/2023\/11\/BO-Roscudon.jpg?fit=960%2C1200&ssl=1&resize=350%2C200","width":350,"height":200,"srcset":"https:\/\/i0.wp.com\/www.opus-pocus.com\/shop\/wp-content\/uploads\/2023\/11\/BO-Roscudon.jpg?fit=960%2C1200&ssl=1&resize=350%2C200 1x, https:\/\/i0.wp.com\/www.opus-pocus.com\/shop\/wp-content\/uploads\/2023\/11\/BO-Roscudon.jpg?fit=960%2C1200&ssl=1&resize=525%2C300 1.5x, https:\/\/i0.wp.com\/www.opus-pocus.com\/shop\/wp-content\/uploads\/2023\/11\/BO-Roscudon.jpg?fit=960%2C1200&ssl=1&resize=700%2C400 2x"},"classes":[]},{"id":3670,"url":"https:\/\/www.opus-pocus.com\/shop\/produit\/boucles-doreilles-lore-en-argent-925\/","url_meta":{"origin":2837,"position":5},"title":"Boucles d&rsquo;oreilles LORE en argent 925","author":"Sarah","date":"9 novembre 2025","format":false,"excerpt":"\u2727 Les boucles d'oreilles LORE sont inspir\u00e9es de l'architecture m\u00e9di\u00e9vale plus pr\u00e9cis\u00e9ment du gothique flamboyant. Mati\u00e8re: argent 925 Taille: 25 x 23 mm Poids:\u00a0 environ 8g la paire L'attache est tr\u00e8s pratique, la tige se clipse entre 2 bras d'argent, fermoir le plus adapt\u00e9 \u00e0 tous. Mixte. Convient aux oreilles\u2026","rel":"","context":"Article similaire","block_context":{"text":"Article similaire","link":""},"img":{"alt_text":"","src":"https:\/\/i0.wp.com\/www.opus-pocus.com\/shop\/wp-content\/uploads\/2025\/11\/BO-Lore.jpg?fit=960%2C1200&ssl=1&resize=350%2C200","width":350,"height":200,"srcset":"https:\/\/i0.wp.com\/www.opus-pocus.com\/shop\/wp-content\/uploads\/2025\/11\/BO-Lore.jpg?fit=960%2C1200&ssl=1&resize=350%2C200 1x, https:\/\/i0.wp.com\/www.opus-pocus.com\/shop\/wp-content\/uploads\/2025\/11\/BO-Lore.jpg?fit=960%2C1200&ssl=1&resize=525%2C300 1.5x, https:\/\/i0.wp.com\/www.opus-pocus.com\/shop\/wp-content\/uploads\/2025\/11\/BO-Lore.jpg?fit=960%2C1200&ssl=1&resize=700%2C400 2x"},"classes":[]}],"jetpack_sharing_enabled":true,"_links":{"self":[{"href":"https:\/\/www.opus-pocus.com\/shop\/wp-json\/wp\/v2\/product\/2837","targetHints":{"allow":["GET"]}}],"collection":[{"href":"https:\/\/www.opus-pocus.com\/shop\/wp-json\/wp\/v2\/product"}],"about":[{"href":"https:\/\/www.opus-pocus.com\/shop\/wp-json\/wp\/v2\/types\/product"}],"replies":[{"embeddable":true,"href":"https:\/\/www.opus-pocus.com\/shop\/wp-json\/wp\/v2\/comments?post=2837"}],"wp:featuredmedia":[{"embeddable":true,"href":"https:\/\/www.opus-pocus.com\/shop\/wp-json\/wp\/v2\/media\/2839"}],"wp:attachment":[{"href":"https:\/\/www.opus-pocus.com\/shop\/wp-json\/wp\/v2\/media?parent=2837"}],"wp:term":[{"taxonomy":"product_brand","embeddable":true,"href":"https:\/\/www.opus-pocus.com\/shop\/wp-json\/wp\/v2\/product_brand?post=2837"},{"taxonomy":"product_cat","embeddable":true,"href":"https:\/\/www.opus-pocus.com\/shop\/wp-json\/wp\/v2\/product_cat?post=2837"},{"taxonomy":"product_tag","embeddable":true,"href":"https:\/\/www.opus-pocus.com\/shop\/wp-json\/wp\/v2\/product_tag?post=2837"}],"curies":[{"name":"wp","href":"https:\/\/api.w.org\/{rel}","templated":true}]}}