{"id":3240,"date":"2025-04-01T20:30:40","date_gmt":"2025-04-01T18:30:40","guid":{"rendered":"https:\/\/www.opus-pocus.com\/shop\/?post_type=product&#038;p=3240"},"modified":"2026-03-25T11:55:48","modified_gmt":"2026-03-25T10:55:48","slug":"bague-aegis-en-argent-925","status":"publish","type":"product","link":"https:\/\/www.opus-pocus.com\/shop\/produit\/bague-aegis-en-argent-925\/","title":{"rendered":"Bague AEGIS en argent 925"},"content":{"rendered":"<p><strong>Entretien:<\/strong>\u00a0Si vos bijoux s\u2019oxydent, nettoyer avec une petite noisette de dentifrice avec un peu d\u2019eau ti\u00e8de, soit au doigt, soit \u00e0 l\u2019aide d\u2019une brosse \u00e0 dent tr\u00e8s souple (type Inava).<\/p>\n<p>Si vous ne portez pas votre bague, conservez-la dans une petite pochette \u00e0 l\u2019abri de l\u2019air. Ne la conservez surtout pas dans votre salle de bain ou autre lieu humide, cela favorise l\u2019oxydation.<\/p>\n<p>Rassurez-vous, l\u2019oxydation n\u2019est qu\u2019un d\u00e9p\u00f4t sur l\u2019argent et se rattrape sans probl\u00e8me. L\u2019avantage de l\u2019argent c\u2019est qu\u2019il se garde \u00e0 vie et s\u2019entretien tr\u00e8s facilement. Si vous portez vos bijoux chaque jour alors ceux-l\u00e0 ne bougeront pas.<\/p>\n<p>Evitez tout de m\u00eame de vous baigner dans de l\u2019eau chlor\u00e9e ou dans les sources d\u2019eau soufr\u00e9e, cela noircit les bijoux. Retirez les pour dormir id\u00e9alement afin de ne pas les ab\u00eemer ainsi que pour le m\u00e9nage et les travaux manuels.<\/p>\n","protected":false},"excerpt":{"rendered":"<p>\u2727 La bague AEGIS est inspir\u00e9e de l&rsquo;architecture gothique, plus particuli\u00e8rement du d\u00e9tail ouvrag\u00e9 que l&rsquo;on retrouve sur certains mobiliers religieux.<\/p>\n<p>\u2727 Cette bague est large et l\u00e9g\u00e8re \u00e0 la fois. Elle enveloppe votre doigt comme une protection.<\/p>\n<p>\u2727 AEGIS, le \u00ab\u00a0bouclier\u00a0\u00bb en latin en fait un talisman fait pour vous apporter de la protection, qu&rsquo;elle soit physique ou spirituelle, ainsi que la force de vous battre \u00e0 chaque moment de votre vie, \u00e0 l&rsquo;image de la symbolique du bouclier.<\/p>\n<p>Vous pouvez tout affronter avec elle \u00e0 votre doigt.<\/p>\n<p>\u2727 C&rsquo;est un bijou plein de sens destin\u00e9 \u00e0 vous prot\u00e9ger et donner foi en vous-m\u00eame.<\/p>\n<ul>\n<li><strong>Mati\u00e8re: <\/strong>argent 925<\/li>\n<li><strong>Taille: <\/strong>La bague est r\u00e9glable et bas\u00e9e sur les tailles 54 (51 au 54), 59 (56 \u00e0 62) et 66 (63 \u00e0 66).<\/li>\n<li><strong>Dimensions:\u00a0<\/strong>22 mm de hauteur devant, 9 mm \u00e0 l&rsquo;arri\u00e8re<\/li>\n<\/ul>\n<p>&nbsp;<\/p>\n<p>-Mod\u00e8le D\u00e9pos\u00e9-<\/p>\n<p>Design fran\u00e7ais, fabriqu\u00e9 artisanalement et \u00e9thiquement en Tha\u00eflande.<\/p>\n<p>Estamp\u00e9 de mon poin\u00e7on d\u2019importation.<\/p>\n","protected":false},"featured_media":3244,"comment_status":"closed","ping_status":"closed","template":"","meta":{"site-sidebar-layout":"default","site-content-layout":"default","ast-main-header-display":"","ast-hfb-above-header-display":"","ast-hfb-below-header-display":"","ast-hfb-mobile-header-display":"","site-post-title":"","ast-breadcrumbs-content":"","ast-featured-img":"","footer-sml-layout":"","theme-transparent-header-meta":"default","adv-header-id-meta":"","stick-header-meta":"","header-above-stick-meta":"","header-main-stick-meta":"","header-below-stick-meta":""},"product_brand":[],"product_cat":[233,240,18,22],"product_tag":[],"class_list":{"0":"post-3240","1":"product","2":"type-product","3":"status-publish","4":"has-post-thumbnail","6":"product_cat-accueil","7":"product_cat-bagues","8":"product_cat-bijoux","9":"product_cat-collection-medieval-times","11":"first","12":"instock","13":"shipping-taxable","14":"purchasable","15":"product-type-variable"},"yoast_head":"<!-- This site is optimized with the Yoast SEO plugin v27.4 - https:\/\/yoast.com\/product\/yoast-seo-wordpress\/ -->\n<title>Bague AEGIS en argent 925 - Opus Pocus<\/title>\n<meta name=\"robots\" content=\"index, follow, max-snippet:-1, max-image-preview:large, max-video-preview:-1\" \/>\n<link rel=\"canonical\" href=\"https:\/\/www.opus-pocus.com\/shop\/produit\/bague-aegis-en-argent-925\/\" \/>\n<meta property=\"og:locale\" content=\"fr_FR\" \/>\n<meta property=\"og:type\" content=\"article\" \/>\n<meta property=\"og:title\" content=\"Bague AEGIS en argent 925 - Opus Pocus\" \/>\n<meta property=\"og:description\" content=\"\u2727 La bague AEGIS est inspir\u00e9e de l&#039;architecture gothique, plus particuli\u00e8rement du d\u00e9tail ouvrag\u00e9 que l&#039;on retrouve sur certains mobiliers religieux.  \u2727 Cette bague est large et l\u00e9g\u00e8re \u00e0 la fois. Elle enveloppe votre doigt comme une protection.  \u2727 AEGIS, le &quot;bouclier&quot; en latin en fait un talisman fait pour vous apporter de la protection, qu&#039;elle soit physique ou spirituelle, ainsi que la force de vous battre \u00e0 chaque moment de votre vie, \u00e0 l&#039;image de la symbolique du bouclier.  Vous pouvez tout affronter avec elle \u00e0 votre doigt.  \u2727 C&#039;est un bijou plein de sens destin\u00e9 \u00e0 vous prot\u00e9ger et donner foi en vous-m\u00eame.   Mati\u00e8re: argent 925  Taille: La bague est r\u00e9glable et bas\u00e9e sur les tailles 54 (51 au 54), 59 (56 \u00e0 62) et 66 (63 \u00e0 66).  Dimensions:\u00a022 mm de hauteur devant, 9 mm \u00e0 l&#039;arri\u00e8re  &nbsp;  -Mod\u00e8le D\u00e9pos\u00e9-  Design fran\u00e7ais, fabriqu\u00e9 artisanalement et \u00e9thiquement en Tha\u00eflande.  Estamp\u00e9 de mon poin\u00e7on d\u2019importation.\" \/>\n<meta property=\"og:url\" content=\"https:\/\/www.opus-pocus.com\/shop\/produit\/bague-aegis-en-argent-925\/\" \/>\n<meta property=\"og:site_name\" content=\"Opus Pocus\" \/>\n<meta property=\"article:modified_time\" content=\"2026-03-25T10:55:48+00:00\" \/>\n<meta property=\"og:image\" content=\"https:\/\/www.opus-pocus.com\/shop\/wp-content\/uploads\/2025\/03\/Aegis-3.jpg\" \/>\n\t<meta property=\"og:image:width\" content=\"1080\" \/>\n\t<meta property=\"og:image:height\" content=\"1350\" \/>\n\t<meta property=\"og:image:type\" content=\"image\/jpeg\" \/>\n<meta name=\"twitter:card\" content=\"summary_large_image\" \/>\n<meta name=\"twitter:label1\" content=\"Dur\u00e9e de lecture estim\u00e9e\" \/>\n\t<meta name=\"twitter:data1\" content=\"1 minute\" \/>\n<script type=\"application\/ld+json\" class=\"yoast-schema-graph\">{\"@context\":\"https:\\\/\\\/schema.org\",\"@graph\":[{\"@type\":\"WebPage\",\"@id\":\"https:\\\/\\\/www.opus-pocus.com\\\/shop\\\/produit\\\/bague-aegis-en-argent-925\\\/\",\"url\":\"https:\\\/\\\/www.opus-pocus.com\\\/shop\\\/produit\\\/bague-aegis-en-argent-925\\\/\",\"name\":\"Bague AEGIS en argent 925 - Opus Pocus\",\"isPartOf\":{\"@id\":\"https:\\\/\\\/www.opus-pocus.com\\\/shop\\\/#website\"},\"primaryImageOfPage\":{\"@id\":\"https:\\\/\\\/www.opus-pocus.com\\\/shop\\\/produit\\\/bague-aegis-en-argent-925\\\/#primaryimage\"},\"image\":{\"@id\":\"https:\\\/\\\/www.opus-pocus.com\\\/shop\\\/produit\\\/bague-aegis-en-argent-925\\\/#primaryimage\"},\"thumbnailUrl\":\"https:\\\/\\\/i0.wp.com\\\/www.opus-pocus.com\\\/shop\\\/wp-content\\\/uploads\\\/2025\\\/03\\\/Aegis-3.jpg?fit=1080%2C1350&ssl=1\",\"datePublished\":\"2025-04-01T18:30:40+00:00\",\"dateModified\":\"2026-03-25T10:55:48+00:00\",\"breadcrumb\":{\"@id\":\"https:\\\/\\\/www.opus-pocus.com\\\/shop\\\/produit\\\/bague-aegis-en-argent-925\\\/#breadcrumb\"},\"inLanguage\":\"fr-FR\",\"potentialAction\":[{\"@type\":\"ReadAction\",\"target\":[\"https:\\\/\\\/www.opus-pocus.com\\\/shop\\\/produit\\\/bague-aegis-en-argent-925\\\/\"]}]},{\"@type\":\"ImageObject\",\"inLanguage\":\"fr-FR\",\"@id\":\"https:\\\/\\\/www.opus-pocus.com\\\/shop\\\/produit\\\/bague-aegis-en-argent-925\\\/#primaryimage\",\"url\":\"https:\\\/\\\/i0.wp.com\\\/www.opus-pocus.com\\\/shop\\\/wp-content\\\/uploads\\\/2025\\\/03\\\/Aegis-3.jpg?fit=1080%2C1350&ssl=1\",\"contentUrl\":\"https:\\\/\\\/i0.wp.com\\\/www.opus-pocus.com\\\/shop\\\/wp-content\\\/uploads\\\/2025\\\/03\\\/Aegis-3.jpg?fit=1080%2C1350&ssl=1\",\"width\":1080,\"height\":1350},{\"@type\":\"BreadcrumbList\",\"@id\":\"https:\\\/\\\/www.opus-pocus.com\\\/shop\\\/produit\\\/bague-aegis-en-argent-925\\\/#breadcrumb\",\"itemListElement\":[{\"@type\":\"ListItem\",\"position\":1,\"name\":\"Accueil\",\"item\":\"https:\\\/\\\/www.opus-pocus.com\\\/shop\\\/\"},{\"@type\":\"ListItem\",\"position\":2,\"name\":\"Boutique\",\"item\":\"https:\\\/\\\/www.opus-pocus.com\\\/shop\\\/\"},{\"@type\":\"ListItem\",\"position\":3,\"name\":\"Bague AEGIS en argent 925\"}]},{\"@type\":\"WebSite\",\"@id\":\"https:\\\/\\\/www.opus-pocus.com\\\/shop\\\/#website\",\"url\":\"https:\\\/\\\/www.opus-pocus.com\\\/shop\\\/\",\"name\":\"Opus Pocus\",\"description\":\"Opus Pocus\",\"publisher\":{\"@id\":\"https:\\\/\\\/www.opus-pocus.com\\\/shop\\\/#organization\"},\"potentialAction\":[{\"@type\":\"SearchAction\",\"target\":{\"@type\":\"EntryPoint\",\"urlTemplate\":\"https:\\\/\\\/www.opus-pocus.com\\\/shop\\\/?s={search_term_string}\"},\"query-input\":{\"@type\":\"PropertyValueSpecification\",\"valueRequired\":true,\"valueName\":\"search_term_string\"}}],\"inLanguage\":\"fr-FR\"},{\"@type\":\"Organization\",\"@id\":\"https:\\\/\\\/www.opus-pocus.com\\\/shop\\\/#organization\",\"name\":\"Opus Pocus\",\"url\":\"https:\\\/\\\/www.opus-pocus.com\\\/shop\\\/\",\"logo\":{\"@type\":\"ImageObject\",\"inLanguage\":\"fr-FR\",\"@id\":\"https:\\\/\\\/www.opus-pocus.com\\\/shop\\\/#\\\/schema\\\/logo\\\/image\\\/\",\"url\":\"https:\\\/\\\/i0.wp.com\\\/www.opus-pocus.com\\\/shop\\\/wp-content\\\/uploads\\\/2021\\\/12\\\/opus-pocus-logo.png?fit=300%2C78&ssl=1\",\"contentUrl\":\"https:\\\/\\\/i0.wp.com\\\/www.opus-pocus.com\\\/shop\\\/wp-content\\\/uploads\\\/2021\\\/12\\\/opus-pocus-logo.png?fit=300%2C78&ssl=1\",\"width\":300,\"height\":78,\"caption\":\"Opus Pocus\"},\"image\":{\"@id\":\"https:\\\/\\\/www.opus-pocus.com\\\/shop\\\/#\\\/schema\\\/logo\\\/image\\\/\"}}]}<\/script>\n<!-- \/ Yoast SEO plugin. -->","yoast_head_json":{"title":"Bague AEGIS en argent 925 - Opus Pocus","robots":{"index":"index","follow":"follow","max-snippet":"max-snippet:-1","max-image-preview":"max-image-preview:large","max-video-preview":"max-video-preview:-1"},"canonical":"https:\/\/www.opus-pocus.com\/shop\/produit\/bague-aegis-en-argent-925\/","og_locale":"fr_FR","og_type":"article","og_title":"Bague AEGIS en argent 925 - Opus Pocus","og_description":"\u2727 La bague AEGIS est inspir\u00e9e de l'architecture gothique, plus particuli\u00e8rement du d\u00e9tail ouvrag\u00e9 que l'on retrouve sur certains mobiliers religieux.  \u2727 Cette bague est large et l\u00e9g\u00e8re \u00e0 la fois. Elle enveloppe votre doigt comme une protection.  \u2727 AEGIS, le \"bouclier\" en latin en fait un talisman fait pour vous apporter de la protection, qu'elle soit physique ou spirituelle, ainsi que la force de vous battre \u00e0 chaque moment de votre vie, \u00e0 l'image de la symbolique du bouclier.  Vous pouvez tout affronter avec elle \u00e0 votre doigt.  \u2727 C'est un bijou plein de sens destin\u00e9 \u00e0 vous prot\u00e9ger et donner foi en vous-m\u00eame.   Mati\u00e8re: argent 925  Taille: La bague est r\u00e9glable et bas\u00e9e sur les tailles 54 (51 au 54), 59 (56 \u00e0 62) et 66 (63 \u00e0 66).  Dimensions:\u00a022 mm de hauteur devant, 9 mm \u00e0 l'arri\u00e8re  &nbsp;  -Mod\u00e8le D\u00e9pos\u00e9-  Design fran\u00e7ais, fabriqu\u00e9 artisanalement et \u00e9thiquement en Tha\u00eflande.  Estamp\u00e9 de mon poin\u00e7on d\u2019importation.","og_url":"https:\/\/www.opus-pocus.com\/shop\/produit\/bague-aegis-en-argent-925\/","og_site_name":"Opus Pocus","article_modified_time":"2026-03-25T10:55:48+00:00","og_image":[{"width":1080,"height":1350,"url":"https:\/\/www.opus-pocus.com\/shop\/wp-content\/uploads\/2025\/03\/Aegis-3.jpg","type":"image\/jpeg"}],"twitter_card":"summary_large_image","twitter_misc":{"Dur\u00e9e de lecture estim\u00e9e":"1 minute"},"schema":{"@context":"https:\/\/schema.org","@graph":[{"@type":"WebPage","@id":"https:\/\/www.opus-pocus.com\/shop\/produit\/bague-aegis-en-argent-925\/","url":"https:\/\/www.opus-pocus.com\/shop\/produit\/bague-aegis-en-argent-925\/","name":"Bague AEGIS en argent 925 - Opus Pocus","isPartOf":{"@id":"https:\/\/www.opus-pocus.com\/shop\/#website"},"primaryImageOfPage":{"@id":"https:\/\/www.opus-pocus.com\/shop\/produit\/bague-aegis-en-argent-925\/#primaryimage"},"image":{"@id":"https:\/\/www.opus-pocus.com\/shop\/produit\/bague-aegis-en-argent-925\/#primaryimage"},"thumbnailUrl":"https:\/\/i0.wp.com\/www.opus-pocus.com\/shop\/wp-content\/uploads\/2025\/03\/Aegis-3.jpg?fit=1080%2C1350&ssl=1","datePublished":"2025-04-01T18:30:40+00:00","dateModified":"2026-03-25T10:55:48+00:00","breadcrumb":{"@id":"https:\/\/www.opus-pocus.com\/shop\/produit\/bague-aegis-en-argent-925\/#breadcrumb"},"inLanguage":"fr-FR","potentialAction":[{"@type":"ReadAction","target":["https:\/\/www.opus-pocus.com\/shop\/produit\/bague-aegis-en-argent-925\/"]}]},{"@type":"ImageObject","inLanguage":"fr-FR","@id":"https:\/\/www.opus-pocus.com\/shop\/produit\/bague-aegis-en-argent-925\/#primaryimage","url":"https:\/\/i0.wp.com\/www.opus-pocus.com\/shop\/wp-content\/uploads\/2025\/03\/Aegis-3.jpg?fit=1080%2C1350&ssl=1","contentUrl":"https:\/\/i0.wp.com\/www.opus-pocus.com\/shop\/wp-content\/uploads\/2025\/03\/Aegis-3.jpg?fit=1080%2C1350&ssl=1","width":1080,"height":1350},{"@type":"BreadcrumbList","@id":"https:\/\/www.opus-pocus.com\/shop\/produit\/bague-aegis-en-argent-925\/#breadcrumb","itemListElement":[{"@type":"ListItem","position":1,"name":"Accueil","item":"https:\/\/www.opus-pocus.com\/shop\/"},{"@type":"ListItem","position":2,"name":"Boutique","item":"https:\/\/www.opus-pocus.com\/shop\/"},{"@type":"ListItem","position":3,"name":"Bague AEGIS en argent 925"}]},{"@type":"WebSite","@id":"https:\/\/www.opus-pocus.com\/shop\/#website","url":"https:\/\/www.opus-pocus.com\/shop\/","name":"Opus Pocus","description":"Opus Pocus","publisher":{"@id":"https:\/\/www.opus-pocus.com\/shop\/#organization"},"potentialAction":[{"@type":"SearchAction","target":{"@type":"EntryPoint","urlTemplate":"https:\/\/www.opus-pocus.com\/shop\/?s={search_term_string}"},"query-input":{"@type":"PropertyValueSpecification","valueRequired":true,"valueName":"search_term_string"}}],"inLanguage":"fr-FR"},{"@type":"Organization","@id":"https:\/\/www.opus-pocus.com\/shop\/#organization","name":"Opus Pocus","url":"https:\/\/www.opus-pocus.com\/shop\/","logo":{"@type":"ImageObject","inLanguage":"fr-FR","@id":"https:\/\/www.opus-pocus.com\/shop\/#\/schema\/logo\/image\/","url":"https:\/\/i0.wp.com\/www.opus-pocus.com\/shop\/wp-content\/uploads\/2021\/12\/opus-pocus-logo.png?fit=300%2C78&ssl=1","contentUrl":"https:\/\/i0.wp.com\/www.opus-pocus.com\/shop\/wp-content\/uploads\/2021\/12\/opus-pocus-logo.png?fit=300%2C78&ssl=1","width":300,"height":78,"caption":"Opus Pocus"},"image":{"@id":"https:\/\/www.opus-pocus.com\/shop\/#\/schema\/logo\/image\/"}}]}},"jetpack-related-posts":[{"id":3112,"url":"https:\/\/www.opus-pocus.com\/shop\/produit\/bague-hedera-en-argent-925\/","url_meta":{"origin":3240,"position":0},"title":"Bague HEDERA en argent 925","author":"Sarah","date":"1 juillet 2025","format":false,"excerpt":"\u2727 La bague HEDERA est un anneau en argent 925 d\u00e9cor\u00e9 de lierre et de deux vitraux. \u2727 C'est une bague mixte. \u2727 Le lierre est symbole d'\u00e9ternit\u00e9 et de recherche de lumi\u00e8re et d'\u00e9l\u00e9vation. Conqu\u00e9rant, il est un symbole de d\u00e9termination et de pers\u00e9v\u00e9rance. \u00a0 Mati\u00e8re: Argent 925 Dimensions:\u2026","rel":"","context":"Article similaire","block_context":{"text":"Article similaire","link":""},"img":{"alt_text":"","src":"https:\/\/i0.wp.com\/www.opus-pocus.com\/shop\/wp-content\/uploads\/2025\/02\/Bg-Hedera.jpg?fit=960%2C1200&ssl=1&resize=350%2C200","width":350,"height":200,"srcset":"https:\/\/i0.wp.com\/www.opus-pocus.com\/shop\/wp-content\/uploads\/2025\/02\/Bg-Hedera.jpg?fit=960%2C1200&ssl=1&resize=350%2C200 1x, https:\/\/i0.wp.com\/www.opus-pocus.com\/shop\/wp-content\/uploads\/2025\/02\/Bg-Hedera.jpg?fit=960%2C1200&ssl=1&resize=525%2C300 1.5x, https:\/\/i0.wp.com\/www.opus-pocus.com\/shop\/wp-content\/uploads\/2025\/02\/Bg-Hedera.jpg?fit=960%2C1200&ssl=1&resize=700%2C400 2x"},"classes":[]},{"id":1421,"url":"https:\/\/www.opus-pocus.com\/shop\/produit\/bague-courtoise-en-argent-925\/","url_meta":{"origin":3240,"position":1},"title":"Bague COURTOISE en argent 925","author":"Sarah","date":"1 d\u00e9cembre 2025","format":false,"excerpt":"\u2727 La bague Courtoise est un anneau en argent 925 d\u00e9cor\u00e9 de motifs d'inspiration m\u00e9di\u00e9vale, grav\u00e9s. \u2727 C'est une bague mixte. \u2727 L'amour courtois du Moyen-Age m'\u00e9voque l'amour pur et sinc\u00e8re entre deux \u00eatres dans un respect profond et mutuel. J'ai donc cr\u00e9\u00e9 cette bague pour symboliser l'amour entre personnes\u2026","rel":"","context":"Article similaire","block_context":{"text":"Article similaire","link":""},"img":{"alt_text":"","src":"https:\/\/i0.wp.com\/www.opus-pocus.com\/shop\/wp-content\/uploads\/2023\/02\/Bg-Courtoise-3.jpg?fit=960%2C1200&ssl=1&resize=350%2C200","width":350,"height":200,"srcset":"https:\/\/i0.wp.com\/www.opus-pocus.com\/shop\/wp-content\/uploads\/2023\/02\/Bg-Courtoise-3.jpg?fit=960%2C1200&ssl=1&resize=350%2C200 1x, https:\/\/i0.wp.com\/www.opus-pocus.com\/shop\/wp-content\/uploads\/2023\/02\/Bg-Courtoise-3.jpg?fit=960%2C1200&ssl=1&resize=525%2C300 1.5x, https:\/\/i0.wp.com\/www.opus-pocus.com\/shop\/wp-content\/uploads\/2023\/02\/Bg-Courtoise-3.jpg?fit=960%2C1200&ssl=1&resize=700%2C400 2x"},"classes":[]},{"id":2945,"url":"https:\/\/www.opus-pocus.com\/shop\/produit\/bague-arcanum-en-argent-925\/","url_meta":{"origin":3240,"position":2},"title":"Bague ARCANUM en argent 925","author":"Sarah","date":"5 avril 2026","format":false,"excerpt":"\u2727 La bague ARCANUM est inspir\u00e9e des fen\u00eatres \u00e0 meneaux en ogive de l'architecture gothique. \u2727 Cette bague comprends une arche gothique ajour\u00e9e de chaque c\u00f4t\u00e9 revenant sur le devant du doigt. \u2727 Elle est pens\u00e9e comme un talisman fait pour vous apporter de la protection, qu'elle soit physique ou\u2026","rel":"","context":"Article similaire","block_context":{"text":"Article similaire","link":""},"img":{"alt_text":"","src":"https:\/\/i0.wp.com\/www.opus-pocus.com\/shop\/wp-content\/uploads\/2024\/11\/BG-light.jpg?fit=960%2C1200&ssl=1&resize=350%2C200","width":350,"height":200,"srcset":"https:\/\/i0.wp.com\/www.opus-pocus.com\/shop\/wp-content\/uploads\/2024\/11\/BG-light.jpg?fit=960%2C1200&ssl=1&resize=350%2C200 1x, https:\/\/i0.wp.com\/www.opus-pocus.com\/shop\/wp-content\/uploads\/2024\/11\/BG-light.jpg?fit=960%2C1200&ssl=1&resize=525%2C300 1.5x, https:\/\/i0.wp.com\/www.opus-pocus.com\/shop\/wp-content\/uploads\/2024\/11\/BG-light.jpg?fit=960%2C1200&ssl=1&resize=700%2C400 2x"},"classes":[]},{"id":3498,"url":"https:\/\/www.opus-pocus.com\/shop\/produit\/bague-awen-en-amethyste-et-argent-925\/","url_meta":{"origin":3240,"position":3},"title":"Bague AWEN en am\u00e9thyste et argent 925","author":"Sarah","date":"4 septembre 2025","format":false,"excerpt":"\u2727 La bague AWEN est surmont\u00e9e d'un petit vitrail et de chaque c\u00f4t\u00e9 de la gemme, en relief, vous pouvez admirer une d\u00e9licate feuille de lierre. \u2727 L'awen est dans les langues brittoniques, l'inspiration po\u00e9tique, musicale. \u2727 Puisse cette bague vous envahir de cette inspiration lorsque vous la porterez. Mati\u00e8re:\u2026","rel":"","context":"Article similaire","block_context":{"text":"Article similaire","link":""},"img":{"alt_text":"","src":"https:\/\/i0.wp.com\/www.opus-pocus.com\/shop\/wp-content\/uploads\/2025\/08\/Bg-Aw-SITE.jpg?fit=960%2C1200&ssl=1&resize=350%2C200","width":350,"height":200,"srcset":"https:\/\/i0.wp.com\/www.opus-pocus.com\/shop\/wp-content\/uploads\/2025\/08\/Bg-Aw-SITE.jpg?fit=960%2C1200&ssl=1&resize=350%2C200 1x, https:\/\/i0.wp.com\/www.opus-pocus.com\/shop\/wp-content\/uploads\/2025\/08\/Bg-Aw-SITE.jpg?fit=960%2C1200&ssl=1&resize=525%2C300 1.5x, https:\/\/i0.wp.com\/www.opus-pocus.com\/shop\/wp-content\/uploads\/2025\/08\/Bg-Aw-SITE.jpg?fit=960%2C1200&ssl=1&resize=700%2C400 2x"},"classes":[]},{"id":1430,"url":"https:\/\/www.opus-pocus.com\/shop\/produit\/bague-tintagel-en-argent-925\/","url_meta":{"origin":3240,"position":4},"title":"Bague TINTAGEL en argent 925","author":"Sarah","date":"9 octobre 2025","format":false,"excerpt":"\u2727 La bague TINTAGEL est en forme d'arche gothique \u00e9voquant les fen\u00eatres ouvrag\u00e9es de la p\u00e9riode du Moyen-\u00c2ge, souvent accompagn\u00e9es de vitraux. \u2727 Nomm\u00e9e bague TINTAGEL, elle est de style chevali\u00e8re, style de bague courant au Moyen \u00c2ge. \u2727 Cette bague a \u00e9t\u00e9 imagin\u00e9e au pied du Ch\u00e2teau de Tintagel,\u2026","rel":"","context":"Article similaire","block_context":{"text":"Article similaire","link":""},"img":{"alt_text":"","src":"https:\/\/i0.wp.com\/www.opus-pocus.com\/shop\/wp-content\/uploads\/2024\/11\/Bague-Tintagel-lumiere.jpg?fit=960%2C1200&ssl=1&resize=350%2C200","width":350,"height":200,"srcset":"https:\/\/i0.wp.com\/www.opus-pocus.com\/shop\/wp-content\/uploads\/2024\/11\/Bague-Tintagel-lumiere.jpg?fit=960%2C1200&ssl=1&resize=350%2C200 1x, https:\/\/i0.wp.com\/www.opus-pocus.com\/shop\/wp-content\/uploads\/2024\/11\/Bague-Tintagel-lumiere.jpg?fit=960%2C1200&ssl=1&resize=525%2C300 1.5x, https:\/\/i0.wp.com\/www.opus-pocus.com\/shop\/wp-content\/uploads\/2024\/11\/Bague-Tintagel-lumiere.jpg?fit=960%2C1200&ssl=1&resize=700%2C400 2x"},"classes":[]},{"id":3487,"url":"https:\/\/www.opus-pocus.com\/shop\/produit\/bague-awen-en-labradorite-blanche-et-argent-925\/","url_meta":{"origin":3240,"position":5},"title":"Bague AWEN en labradorite blanche et argent 925","author":"Sarah","date":"4 septembre 2025","format":false,"excerpt":"\u2727 La bague AWEN est surmont\u00e9e d'un petit vitrail et de chaque c\u00f4t\u00e9 de la gemme, en relief, vous pouvez admirer une d\u00e9licate feuille de lierre. \u2727 L'awen est dans les langues brittoniques, l'inspiration po\u00e9tique, musicale. \u2727 Puisse cette bague vous envahir de cette inspiration lorsque vous la porterez. Mati\u00e8re:\u2026","rel":"","context":"Article similaire","block_context":{"text":"Article similaire","link":""},"img":{"alt_text":"","src":"https:\/\/i0.wp.com\/www.opus-pocus.com\/shop\/wp-content\/uploads\/2025\/08\/BG-LBD-1e.jpg?fit=960%2C1200&ssl=1&resize=350%2C200","width":350,"height":200,"srcset":"https:\/\/i0.wp.com\/www.opus-pocus.com\/shop\/wp-content\/uploads\/2025\/08\/BG-LBD-1e.jpg?fit=960%2C1200&ssl=1&resize=350%2C200 1x, https:\/\/i0.wp.com\/www.opus-pocus.com\/shop\/wp-content\/uploads\/2025\/08\/BG-LBD-1e.jpg?fit=960%2C1200&ssl=1&resize=525%2C300 1.5x, https:\/\/i0.wp.com\/www.opus-pocus.com\/shop\/wp-content\/uploads\/2025\/08\/BG-LBD-1e.jpg?fit=960%2C1200&ssl=1&resize=700%2C400 2x"},"classes":[]}],"jetpack_sharing_enabled":true,"_links":{"self":[{"href":"https:\/\/www.opus-pocus.com\/shop\/wp-json\/wp\/v2\/product\/3240","targetHints":{"allow":["GET"]}}],"collection":[{"href":"https:\/\/www.opus-pocus.com\/shop\/wp-json\/wp\/v2\/product"}],"about":[{"href":"https:\/\/www.opus-pocus.com\/shop\/wp-json\/wp\/v2\/types\/product"}],"replies":[{"embeddable":true,"href":"https:\/\/www.opus-pocus.com\/shop\/wp-json\/wp\/v2\/comments?post=3240"}],"wp:featuredmedia":[{"embeddable":true,"href":"https:\/\/www.opus-pocus.com\/shop\/wp-json\/wp\/v2\/media\/3244"}],"wp:attachment":[{"href":"https:\/\/www.opus-pocus.com\/shop\/wp-json\/wp\/v2\/media?parent=3240"}],"wp:term":[{"taxonomy":"product_brand","embeddable":true,"href":"https:\/\/www.opus-pocus.com\/shop\/wp-json\/wp\/v2\/product_brand?post=3240"},{"taxonomy":"product_cat","embeddable":true,"href":"https:\/\/www.opus-pocus.com\/shop\/wp-json\/wp\/v2\/product_cat?post=3240"},{"taxonomy":"product_tag","embeddable":true,"href":"https:\/\/www.opus-pocus.com\/shop\/wp-json\/wp\/v2\/product_tag?post=3240"}],"curies":[{"name":"wp","href":"https:\/\/api.w.org\/{rel}","templated":true}]}}