{"id":328,"date":"2022-10-06T16:05:39","date_gmt":"2022-10-06T14:05:39","guid":{"rendered":"https:\/\/opus-pocus.com\/woocommerce\/?post_type=product&#038;p=328"},"modified":"2025-12-25T18:30:34","modified_gmt":"2025-12-25T17:30:34","slug":"bon-cadeau","status":"publish","type":"product","link":"https:\/\/www.opus-pocus.com\/shop\/produit\/bon-cadeau\/","title":{"rendered":"Bon Cadeau"},"content":{"rendered":"","protected":false},"excerpt":{"rendered":"<p>Vous souhaitez offrir un bon cadeau chez Opus Pocus? Choissisez le montant que vous souhaitez offrir (10\u20ac que vous commandez autant de fois que vous voulez jusqu&rsquo;\u00e0 atteindre le montant souhait\u00e9) puis un code vous sera envoy\u00e9 \u00e0 votre adresse mail ainsi que le bon cadeau \u00e0 imprimer que vous pourrez remplir \u00e0 votre guise!<\/p>\n<p>Il suffira ensuite \u00e0 la personne d&rsquo;entrer le code qui lui sera attribu\u00e9 lors de son prochain achat au moment du paiement.<\/p>\n<p>Valable 1 an.<\/p>\n<p>Merci pour votre confiance et d&rsquo;appr\u00e9cier les bijoux Opus Pocus!<\/p>\n","protected":false},"featured_media":2579,"comment_status":"closed","ping_status":"closed","template":"","meta":{"site-sidebar-layout":"default","site-content-layout":"default","ast-main-header-display":"","ast-hfb-above-header-display":"","ast-hfb-below-header-display":"","ast-hfb-mobile-header-display":"","site-post-title":"","ast-breadcrumbs-content":"","ast-featured-img":"","footer-sml-layout":"","theme-transparent-header-meta":"default","adv-header-id-meta":"","stick-header-meta":"","header-above-stick-meta":"","header-main-stick-meta":"","header-below-stick-meta":""},"product_brand":[],"product_cat":[19,233],"product_tag":[],"class_list":{"0":"post-328","1":"product","2":"type-product","3":"status-publish","4":"has-post-thumbnail","6":"product_cat-accessoires","7":"product_cat-accueil","9":"first","10":"instock","11":"virtual","12":"purchasable","13":"product-type-simple"},"yoast_head":"<!-- This site is optimized with the Yoast SEO plugin v27.4 - https:\/\/yoast.com\/product\/yoast-seo-wordpress\/ -->\n<title>Bon Cadeau - Opus Pocus<\/title>\n<meta name=\"robots\" content=\"index, follow, max-snippet:-1, max-image-preview:large, max-video-preview:-1\" \/>\n<link rel=\"canonical\" href=\"https:\/\/www.opus-pocus.com\/shop\/produit\/bon-cadeau\/\" \/>\n<meta property=\"og:locale\" content=\"fr_FR\" \/>\n<meta property=\"og:type\" content=\"article\" \/>\n<meta property=\"og:title\" content=\"Bon Cadeau - Opus Pocus\" \/>\n<meta property=\"og:description\" content=\"Vous souhaitez offrir un bon cadeau chez Opus Pocus? Choissisez le montant que vous souhaitez offrir (10\u20ac que vous commandez autant de fois que vous voulez jusqu&#039;\u00e0 atteindre le montant souhait\u00e9) puis un code vous sera envoy\u00e9 \u00e0 votre adresse mail ainsi que le bon cadeau \u00e0 imprimer que vous pourrez remplir \u00e0 votre guise!  Il suffira ensuite \u00e0 la personne d&#039;entrer le code qui lui sera attribu\u00e9 lors de son prochain achat au moment du paiement.  Valable 1 an.  Merci pour votre confiance et d&#039;appr\u00e9cier les bijoux Opus Pocus!\" \/>\n<meta property=\"og:url\" content=\"https:\/\/www.opus-pocus.com\/shop\/produit\/bon-cadeau\/\" \/>\n<meta property=\"og:site_name\" content=\"Opus Pocus\" \/>\n<meta property=\"article:modified_time\" content=\"2025-12-25T17:30:34+00:00\" \/>\n<meta property=\"og:image\" content=\"https:\/\/www.opus-pocus.com\/shop\/wp-content\/uploads\/2022\/10\/Cheque-Bon-Cadeau-Opus-Pocus-2024.jpg\" \/>\n\t<meta property=\"og:image:width\" content=\"425\" \/>\n\t<meta property=\"og:image:height\" content=\"283\" \/>\n\t<meta property=\"og:image:type\" content=\"image\/jpeg\" \/>\n<meta name=\"twitter:card\" content=\"summary_large_image\" \/>\n<meta name=\"twitter:label1\" content=\"Dur\u00e9e de lecture estim\u00e9e\" \/>\n\t<meta name=\"twitter:data1\" content=\"1 minute\" \/>\n<script type=\"application\/ld+json\" class=\"yoast-schema-graph\">{\"@context\":\"https:\\\/\\\/schema.org\",\"@graph\":[{\"@type\":\"WebPage\",\"@id\":\"https:\\\/\\\/www.opus-pocus.com\\\/shop\\\/produit\\\/bon-cadeau\\\/\",\"url\":\"https:\\\/\\\/www.opus-pocus.com\\\/shop\\\/produit\\\/bon-cadeau\\\/\",\"name\":\"Bon Cadeau - Opus Pocus\",\"isPartOf\":{\"@id\":\"https:\\\/\\\/www.opus-pocus.com\\\/shop\\\/#website\"},\"primaryImageOfPage\":{\"@id\":\"https:\\\/\\\/www.opus-pocus.com\\\/shop\\\/produit\\\/bon-cadeau\\\/#primaryimage\"},\"image\":{\"@id\":\"https:\\\/\\\/www.opus-pocus.com\\\/shop\\\/produit\\\/bon-cadeau\\\/#primaryimage\"},\"thumbnailUrl\":\"https:\\\/\\\/i0.wp.com\\\/www.opus-pocus.com\\\/shop\\\/wp-content\\\/uploads\\\/2022\\\/10\\\/Cheque-Bon-Cadeau-Opus-Pocus-2024.jpg?fit=425%2C283&ssl=1\",\"datePublished\":\"2022-10-06T14:05:39+00:00\",\"dateModified\":\"2025-12-25T17:30:34+00:00\",\"breadcrumb\":{\"@id\":\"https:\\\/\\\/www.opus-pocus.com\\\/shop\\\/produit\\\/bon-cadeau\\\/#breadcrumb\"},\"inLanguage\":\"fr-FR\",\"potentialAction\":[{\"@type\":\"ReadAction\",\"target\":[\"https:\\\/\\\/www.opus-pocus.com\\\/shop\\\/produit\\\/bon-cadeau\\\/\"]}]},{\"@type\":\"ImageObject\",\"inLanguage\":\"fr-FR\",\"@id\":\"https:\\\/\\\/www.opus-pocus.com\\\/shop\\\/produit\\\/bon-cadeau\\\/#primaryimage\",\"url\":\"https:\\\/\\\/i0.wp.com\\\/www.opus-pocus.com\\\/shop\\\/wp-content\\\/uploads\\\/2022\\\/10\\\/Cheque-Bon-Cadeau-Opus-Pocus-2024.jpg?fit=425%2C283&ssl=1\",\"contentUrl\":\"https:\\\/\\\/i0.wp.com\\\/www.opus-pocus.com\\\/shop\\\/wp-content\\\/uploads\\\/2022\\\/10\\\/Cheque-Bon-Cadeau-Opus-Pocus-2024.jpg?fit=425%2C283&ssl=1\",\"width\":425,\"height\":283},{\"@type\":\"BreadcrumbList\",\"@id\":\"https:\\\/\\\/www.opus-pocus.com\\\/shop\\\/produit\\\/bon-cadeau\\\/#breadcrumb\",\"itemListElement\":[{\"@type\":\"ListItem\",\"position\":1,\"name\":\"Accueil\",\"item\":\"https:\\\/\\\/www.opus-pocus.com\\\/shop\\\/\"},{\"@type\":\"ListItem\",\"position\":2,\"name\":\"Boutique\",\"item\":\"https:\\\/\\\/www.opus-pocus.com\\\/shop\\\/\"},{\"@type\":\"ListItem\",\"position\":3,\"name\":\"Bon Cadeau\"}]},{\"@type\":\"WebSite\",\"@id\":\"https:\\\/\\\/www.opus-pocus.com\\\/shop\\\/#website\",\"url\":\"https:\\\/\\\/www.opus-pocus.com\\\/shop\\\/\",\"name\":\"Opus Pocus\",\"description\":\"Opus Pocus\",\"publisher\":{\"@id\":\"https:\\\/\\\/www.opus-pocus.com\\\/shop\\\/#organization\"},\"potentialAction\":[{\"@type\":\"SearchAction\",\"target\":{\"@type\":\"EntryPoint\",\"urlTemplate\":\"https:\\\/\\\/www.opus-pocus.com\\\/shop\\\/?s={search_term_string}\"},\"query-input\":{\"@type\":\"PropertyValueSpecification\",\"valueRequired\":true,\"valueName\":\"search_term_string\"}}],\"inLanguage\":\"fr-FR\"},{\"@type\":\"Organization\",\"@id\":\"https:\\\/\\\/www.opus-pocus.com\\\/shop\\\/#organization\",\"name\":\"Opus Pocus\",\"url\":\"https:\\\/\\\/www.opus-pocus.com\\\/shop\\\/\",\"logo\":{\"@type\":\"ImageObject\",\"inLanguage\":\"fr-FR\",\"@id\":\"https:\\\/\\\/www.opus-pocus.com\\\/shop\\\/#\\\/schema\\\/logo\\\/image\\\/\",\"url\":\"https:\\\/\\\/i0.wp.com\\\/www.opus-pocus.com\\\/shop\\\/wp-content\\\/uploads\\\/2021\\\/12\\\/opus-pocus-logo.png?fit=300%2C78&ssl=1\",\"contentUrl\":\"https:\\\/\\\/i0.wp.com\\\/www.opus-pocus.com\\\/shop\\\/wp-content\\\/uploads\\\/2021\\\/12\\\/opus-pocus-logo.png?fit=300%2C78&ssl=1\",\"width\":300,\"height\":78,\"caption\":\"Opus Pocus\"},\"image\":{\"@id\":\"https:\\\/\\\/www.opus-pocus.com\\\/shop\\\/#\\\/schema\\\/logo\\\/image\\\/\"}}]}<\/script>\n<!-- \/ Yoast SEO plugin. -->","yoast_head_json":{"title":"Bon Cadeau - Opus Pocus","robots":{"index":"index","follow":"follow","max-snippet":"max-snippet:-1","max-image-preview":"max-image-preview:large","max-video-preview":"max-video-preview:-1"},"canonical":"https:\/\/www.opus-pocus.com\/shop\/produit\/bon-cadeau\/","og_locale":"fr_FR","og_type":"article","og_title":"Bon Cadeau - Opus Pocus","og_description":"Vous souhaitez offrir un bon cadeau chez Opus Pocus? Choissisez le montant que vous souhaitez offrir (10\u20ac que vous commandez autant de fois que vous voulez jusqu'\u00e0 atteindre le montant souhait\u00e9) puis un code vous sera envoy\u00e9 \u00e0 votre adresse mail ainsi que le bon cadeau \u00e0 imprimer que vous pourrez remplir \u00e0 votre guise!  Il suffira ensuite \u00e0 la personne d'entrer le code qui lui sera attribu\u00e9 lors de son prochain achat au moment du paiement.  Valable 1 an.  Merci pour votre confiance et d'appr\u00e9cier les bijoux Opus Pocus!","og_url":"https:\/\/www.opus-pocus.com\/shop\/produit\/bon-cadeau\/","og_site_name":"Opus Pocus","article_modified_time":"2025-12-25T17:30:34+00:00","og_image":[{"width":425,"height":283,"url":"https:\/\/www.opus-pocus.com\/shop\/wp-content\/uploads\/2022\/10\/Cheque-Bon-Cadeau-Opus-Pocus-2024.jpg","type":"image\/jpeg"}],"twitter_card":"summary_large_image","twitter_misc":{"Dur\u00e9e de lecture estim\u00e9e":"1 minute"},"schema":{"@context":"https:\/\/schema.org","@graph":[{"@type":"WebPage","@id":"https:\/\/www.opus-pocus.com\/shop\/produit\/bon-cadeau\/","url":"https:\/\/www.opus-pocus.com\/shop\/produit\/bon-cadeau\/","name":"Bon Cadeau - Opus Pocus","isPartOf":{"@id":"https:\/\/www.opus-pocus.com\/shop\/#website"},"primaryImageOfPage":{"@id":"https:\/\/www.opus-pocus.com\/shop\/produit\/bon-cadeau\/#primaryimage"},"image":{"@id":"https:\/\/www.opus-pocus.com\/shop\/produit\/bon-cadeau\/#primaryimage"},"thumbnailUrl":"https:\/\/i0.wp.com\/www.opus-pocus.com\/shop\/wp-content\/uploads\/2022\/10\/Cheque-Bon-Cadeau-Opus-Pocus-2024.jpg?fit=425%2C283&ssl=1","datePublished":"2022-10-06T14:05:39+00:00","dateModified":"2025-12-25T17:30:34+00:00","breadcrumb":{"@id":"https:\/\/www.opus-pocus.com\/shop\/produit\/bon-cadeau\/#breadcrumb"},"inLanguage":"fr-FR","potentialAction":[{"@type":"ReadAction","target":["https:\/\/www.opus-pocus.com\/shop\/produit\/bon-cadeau\/"]}]},{"@type":"ImageObject","inLanguage":"fr-FR","@id":"https:\/\/www.opus-pocus.com\/shop\/produit\/bon-cadeau\/#primaryimage","url":"https:\/\/i0.wp.com\/www.opus-pocus.com\/shop\/wp-content\/uploads\/2022\/10\/Cheque-Bon-Cadeau-Opus-Pocus-2024.jpg?fit=425%2C283&ssl=1","contentUrl":"https:\/\/i0.wp.com\/www.opus-pocus.com\/shop\/wp-content\/uploads\/2022\/10\/Cheque-Bon-Cadeau-Opus-Pocus-2024.jpg?fit=425%2C283&ssl=1","width":425,"height":283},{"@type":"BreadcrumbList","@id":"https:\/\/www.opus-pocus.com\/shop\/produit\/bon-cadeau\/#breadcrumb","itemListElement":[{"@type":"ListItem","position":1,"name":"Accueil","item":"https:\/\/www.opus-pocus.com\/shop\/"},{"@type":"ListItem","position":2,"name":"Boutique","item":"https:\/\/www.opus-pocus.com\/shop\/"},{"@type":"ListItem","position":3,"name":"Bon Cadeau"}]},{"@type":"WebSite","@id":"https:\/\/www.opus-pocus.com\/shop\/#website","url":"https:\/\/www.opus-pocus.com\/shop\/","name":"Opus Pocus","description":"Opus Pocus","publisher":{"@id":"https:\/\/www.opus-pocus.com\/shop\/#organization"},"potentialAction":[{"@type":"SearchAction","target":{"@type":"EntryPoint","urlTemplate":"https:\/\/www.opus-pocus.com\/shop\/?s={search_term_string}"},"query-input":{"@type":"PropertyValueSpecification","valueRequired":true,"valueName":"search_term_string"}}],"inLanguage":"fr-FR"},{"@type":"Organization","@id":"https:\/\/www.opus-pocus.com\/shop\/#organization","name":"Opus Pocus","url":"https:\/\/www.opus-pocus.com\/shop\/","logo":{"@type":"ImageObject","inLanguage":"fr-FR","@id":"https:\/\/www.opus-pocus.com\/shop\/#\/schema\/logo\/image\/","url":"https:\/\/i0.wp.com\/www.opus-pocus.com\/shop\/wp-content\/uploads\/2021\/12\/opus-pocus-logo.png?fit=300%2C78&ssl=1","contentUrl":"https:\/\/i0.wp.com\/www.opus-pocus.com\/shop\/wp-content\/uploads\/2021\/12\/opus-pocus-logo.png?fit=300%2C78&ssl=1","width":300,"height":78,"caption":"Opus Pocus"},"image":{"@id":"https:\/\/www.opus-pocus.com\/shop\/#\/schema\/logo\/image\/"}}]}},"jetpack-related-posts":[{"id":232,"url":"https:\/\/www.opus-pocus.com\/shop\/produit\/tote-bag-opus-pocus\/","url_meta":{"origin":328,"position":0},"title":"Tote Bag \u00ab\u00a0Opus Pocus\u00a0\u00bb","author":"henri@exclamations.fr","date":"1 septembre 2024","format":false,"excerpt":"Le tote bag Opus Pocus est id\u00e9al pour vos d\u00e9placements quotidiens, pour vos courses, en concert, festival, (taille parfaite pour vos achats de vinyles!). Il est en coton 100% et fabriqu\u00e9 \u00e0 Grenoble, en France. \u00a0 Envoi en suivi dans lettre \u00e0 bulles. \u00a0 \u00a0","rel":"","context":"Article similaire","block_context":{"text":"Article similaire","link":""},"img":{"alt_text":"Tote Bag \"Opus Pocus\"","src":"https:\/\/i0.wp.com\/www.opus-pocus.com\/shop\/wp-content\/uploads\/2020\/10\/274-Tote-Bag-Opus-Pocus.jpg?fit=1200%2C1200&ssl=1&resize=350%2C200","width":350,"height":200,"srcset":"https:\/\/i0.wp.com\/www.opus-pocus.com\/shop\/wp-content\/uploads\/2020\/10\/274-Tote-Bag-Opus-Pocus.jpg?fit=1200%2C1200&ssl=1&resize=350%2C200 1x, https:\/\/i0.wp.com\/www.opus-pocus.com\/shop\/wp-content\/uploads\/2020\/10\/274-Tote-Bag-Opus-Pocus.jpg?fit=1200%2C1200&ssl=1&resize=525%2C300 1.5x, https:\/\/i0.wp.com\/www.opus-pocus.com\/shop\/wp-content\/uploads\/2020\/10\/274-Tote-Bag-Opus-Pocus.jpg?fit=1200%2C1200&ssl=1&resize=700%2C400 2x, https:\/\/i0.wp.com\/www.opus-pocus.com\/shop\/wp-content\/uploads\/2020\/10\/274-Tote-Bag-Opus-Pocus.jpg?fit=1200%2C1200&ssl=1&resize=1050%2C600 3x"},"classes":[]},{"id":2921,"url":"https:\/\/www.opus-pocus.com\/shop\/produit\/pendentif-icarus-en-quartz-et-argent-925\/","url_meta":{"origin":328,"position":1},"title":"Pendentif ICARUS en quartz et argent 925","author":"Sarah","date":"1 d\u00e9cembre 2024","format":false,"excerpt":"Issu de la collaboration avec l'artiste tatoueur bordelais Icarus et Opus Pocus, le pendentif nomm\u00e9 ICARUS est un cristal de roche (quartz) surmont\u00e9 d'une partie en argent inspir\u00e9e de l'univers d'Icarus commun \u00e0 Opus Pocus et en bas d'une partie architecturale issu des visuels d'Icarus. Passionn\u00e9s d'univers","rel":"","context":"Article similaire","block_context":{"text":"Article similaire","link":""},"img":{"alt_text":"","src":"https:\/\/i0.wp.com\/www.opus-pocus.com\/shop\/wp-content\/uploads\/2024\/11\/Icarus.jpg?fit=960%2C1200&ssl=1&resize=350%2C200","width":350,"height":200,"srcset":"https:\/\/i0.wp.com\/www.opus-pocus.com\/shop\/wp-content\/uploads\/2024\/11\/Icarus.jpg?fit=960%2C1200&ssl=1&resize=350%2C200 1x, https:\/\/i0.wp.com\/www.opus-pocus.com\/shop\/wp-content\/uploads\/2024\/11\/Icarus.jpg?fit=960%2C1200&ssl=1&resize=525%2C300 1.5x, https:\/\/i0.wp.com\/www.opus-pocus.com\/shop\/wp-content\/uploads\/2024\/11\/Icarus.jpg?fit=960%2C1200&ssl=1&resize=700%2C400 2x"},"classes":[]},{"id":381,"url":"https:\/\/www.opus-pocus.com\/shop\/produit\/pendentif-labradorite-violette-a-gravee-triple-lune\/","url_meta":{"origin":328,"position":2},"title":"Pendentif labradorite violette \u00ab\u00a0A\u00a0\u00bb grav\u00e9e Triple Lune","author":"henri@exclamations.fr","date":"2 janvier 2022","format":false,"excerpt":"Pendentif en argent 925 et labradorite violette et dor\u00e9e, grav\u00e9e du symbole Triple Lune. La b\u00e9li\u00e8re est estampill\u00e9e de Lunes et d'\u00e9toiles. \u00a0 Le bijou mesure 32 mm x 25 mm, 35 mm de hauteur avec b\u00e9li\u00e8re.","rel":"","context":"Article similaire","block_context":{"text":"Article similaire","link":""},"img":{"alt_text":"Pendentif labradorite violette \"A\" grav\u00e9e Triple Lune","src":"https:\/\/i0.wp.com\/www.opus-pocus.com\/shop\/wp-content\/uploads\/2021\/10\/491-Pendentif-labradorite-violette-A-gravee-Triple-Lune.jpg?fit=800%2C800&ssl=1&resize=350%2C200","width":350,"height":200,"srcset":"https:\/\/i0.wp.com\/www.opus-pocus.com\/shop\/wp-content\/uploads\/2021\/10\/491-Pendentif-labradorite-violette-A-gravee-Triple-Lune.jpg?fit=800%2C800&ssl=1&resize=350%2C200 1x, https:\/\/i0.wp.com\/www.opus-pocus.com\/shop\/wp-content\/uploads\/2021\/10\/491-Pendentif-labradorite-violette-A-gravee-Triple-Lune.jpg?fit=800%2C800&ssl=1&resize=525%2C300 1.5x, https:\/\/i0.wp.com\/www.opus-pocus.com\/shop\/wp-content\/uploads\/2021\/10\/491-Pendentif-labradorite-violette-A-gravee-Triple-Lune.jpg?fit=800%2C800&ssl=1&resize=700%2C400 2x"},"classes":[]},{"id":908,"url":"https:\/\/www.opus-pocus.com\/shop\/produit\/pendentif-red-majesty\/","url_meta":{"origin":328,"position":3},"title":"Pendentif \u00ab\u00a0Red Majesty\u00a0\u00bb","author":"Sarah","date":"11 avril 2022","format":false,"excerpt":"Pendentif en argent 925 surmont\u00e9 d'une fleur de lys, serti d'un jaspe \"spider woman\", travaill\u00e9 dans un style ancien. La b\u00e9li\u00e8re est d\u00e9cor\u00e9e de petits symboles m\u00e9di\u00e9vaux. Au dos, une d\u00e9coration de style m\u00e9di\u00e9val permet une ouverture sur la gemme. Le jaspe est recueilli et taill\u00e9 avec \u00e9thique aux USA.\u2026","rel":"","context":"Article similaire","block_context":{"text":"Article similaire","link":""},"img":{"alt_text":"","src":"https:\/\/i0.wp.com\/www.opus-pocus.com\/shop\/wp-content\/uploads\/2022\/04\/Red-Majesty-11.jpg?fit=800%2C800&ssl=1&resize=350%2C200","width":350,"height":200,"srcset":"https:\/\/i0.wp.com\/www.opus-pocus.com\/shop\/wp-content\/uploads\/2022\/04\/Red-Majesty-11.jpg?fit=800%2C800&ssl=1&resize=350%2C200 1x, https:\/\/i0.wp.com\/www.opus-pocus.com\/shop\/wp-content\/uploads\/2022\/04\/Red-Majesty-11.jpg?fit=800%2C800&ssl=1&resize=525%2C300 1.5x, https:\/\/i0.wp.com\/www.opus-pocus.com\/shop\/wp-content\/uploads\/2022\/04\/Red-Majesty-11.jpg?fit=800%2C800&ssl=1&resize=700%2C400 2x"},"classes":[]},{"id":796,"url":"https:\/\/www.opus-pocus.com\/shop\/produit\/chaine-cordon-45-cm-en-argent-925\/","url_meta":{"origin":328,"position":4},"title":"Cha\u00eene maille cordon 45 cm en argent 925","author":"Sarah","date":"18 f\u00e9vrier 2022","format":false,"excerpt":"Cha\u00eene en argent 925, maille cordon, longueur 45 cm. Cette cha\u00eene, semi-rigide, accompagnera tous vos pendentifs de taille moyenne. La forme ronde faisant penser \u00e0 un cordon apporte une originalit\u00e9 et un c\u00f4t\u00e9 massif. Cette longueur tombe sous les clavicules. \u00a0 Il est fortement recommand\u00e9 de l'enlever pour dormir, faire\u2026","rel":"","context":"Article similaire","block_context":{"text":"Article similaire","link":""},"img":{"alt_text":"","src":"https:\/\/i0.wp.com\/www.opus-pocus.com\/shop\/wp-content\/uploads\/2022\/02\/Chaine-corde-1.jpg?fit=800%2C800&ssl=1&resize=350%2C200","width":350,"height":200,"srcset":"https:\/\/i0.wp.com\/www.opus-pocus.com\/shop\/wp-content\/uploads\/2022\/02\/Chaine-corde-1.jpg?fit=800%2C800&ssl=1&resize=350%2C200 1x, https:\/\/i0.wp.com\/www.opus-pocus.com\/shop\/wp-content\/uploads\/2022\/02\/Chaine-corde-1.jpg?fit=800%2C800&ssl=1&resize=525%2C300 1.5x, https:\/\/i0.wp.com\/www.opus-pocus.com\/shop\/wp-content\/uploads\/2022\/02\/Chaine-corde-1.jpg?fit=800%2C800&ssl=1&resize=700%2C400 2x"},"classes":[]},{"id":910,"url":"https:\/\/www.opus-pocus.com\/shop\/produit\/pendentif-stained-glass-en-labradorite\/","url_meta":{"origin":328,"position":5},"title":"Pendentif \u00ab\u00a0Stained Glass\u00a0\u00bb en labradorite","author":"Sarah","date":"8 mai 2022","format":false,"excerpt":"Pendentif en argent 925 et labradorite inspir\u00e9 de l'architecture m\u00e9di\u00e9vale. Au dos de la pierre, un effet ajour\u00e9 repr\u00e9sente un vitrail rendu plus r\u00e9aliste avec l'effet de la labradorite. La pierre a quelques \u00e9clats sur les c\u00f4t\u00e9s compris dans le prix (promotion). Propos\u00e9 avec cha\u00eene ou sans cha\u00eene. (A savoir\u2026","rel":"","context":"Article similaire","block_context":{"text":"Article similaire","link":""},"img":{"alt_text":"","src":"https:\/\/i0.wp.com\/www.opus-pocus.com\/shop\/wp-content\/uploads\/2022\/04\/P-Stained-Glass.jpg?fit=800%2C800&ssl=1&resize=350%2C200","width":350,"height":200,"srcset":"https:\/\/i0.wp.com\/www.opus-pocus.com\/shop\/wp-content\/uploads\/2022\/04\/P-Stained-Glass.jpg?fit=800%2C800&ssl=1&resize=350%2C200 1x, https:\/\/i0.wp.com\/www.opus-pocus.com\/shop\/wp-content\/uploads\/2022\/04\/P-Stained-Glass.jpg?fit=800%2C800&ssl=1&resize=525%2C300 1.5x, https:\/\/i0.wp.com\/www.opus-pocus.com\/shop\/wp-content\/uploads\/2022\/04\/P-Stained-Glass.jpg?fit=800%2C800&ssl=1&resize=700%2C400 2x"},"classes":[]}],"jetpack_sharing_enabled":true,"_links":{"self":[{"href":"https:\/\/www.opus-pocus.com\/shop\/wp-json\/wp\/v2\/product\/328","targetHints":{"allow":["GET"]}}],"collection":[{"href":"https:\/\/www.opus-pocus.com\/shop\/wp-json\/wp\/v2\/product"}],"about":[{"href":"https:\/\/www.opus-pocus.com\/shop\/wp-json\/wp\/v2\/types\/product"}],"replies":[{"embeddable":true,"href":"https:\/\/www.opus-pocus.com\/shop\/wp-json\/wp\/v2\/comments?post=328"}],"wp:featuredmedia":[{"embeddable":true,"href":"https:\/\/www.opus-pocus.com\/shop\/wp-json\/wp\/v2\/media\/2579"}],"wp:attachment":[{"href":"https:\/\/www.opus-pocus.com\/shop\/wp-json\/wp\/v2\/media?parent=328"}],"wp:term":[{"taxonomy":"product_brand","embeddable":true,"href":"https:\/\/www.opus-pocus.com\/shop\/wp-json\/wp\/v2\/product_brand?post=328"},{"taxonomy":"product_cat","embeddable":true,"href":"https:\/\/www.opus-pocus.com\/shop\/wp-json\/wp\/v2\/product_cat?post=328"},{"taxonomy":"product_tag","embeddable":true,"href":"https:\/\/www.opus-pocus.com\/shop\/wp-json\/wp\/v2\/product_tag?post=328"}],"curies":[{"name":"wp","href":"https:\/\/api.w.org\/{rel}","templated":true}]}}