{"id":3517,"date":"2025-09-04T20:30:28","date_gmt":"2025-09-04T18:30:28","guid":{"rendered":"https:\/\/www.opus-pocus.com\/shop\/?post_type=product&#038;p=3517"},"modified":"2025-11-28T11:32:57","modified_gmt":"2025-11-28T10:32:57","slug":"pendentif-dark-century-en-labradorite-et-argent-925-2","status":"publish","type":"product","link":"https:\/\/www.opus-pocus.com\/shop\/produit\/pendentif-dark-century-en-labradorite-et-argent-925-2\/","title":{"rendered":"Pendentif DARK CENTURY en labradorite et argent 925"},"content":{"rendered":"<p>Taille du bijou: 47 x 23,5 mm<\/p>\n<p>Taille de la pierre: 14 x 10 mm<\/p>\n<p>&nbsp;<\/p>\n<p><strong>Entretien:<\/strong> Le bijou s\u2019entretient tr\u00e8s facilement en le lavant de temps en temps \u00e0 l\u2019eau savonneuse avec une brosse \u00e0 dent souple. Si votre bijou s&rsquo;oxyde, nettoyer avec une petite noisette de dentifrice avec un peu d&rsquo;eau ti\u00e8de, soit au doigt, soit \u00e0 l&rsquo;aide d&rsquo;une brosse \u00e0 dent tr\u00e8s souple (type Inava).<\/p>\n<p>Si vous ne portez pas votre bijou, conservez-le dans une petite pochette \u00e0 l&rsquo;abri de l&rsquo;air. Ne les conservez surtout pas dans votre salle de bain ou autre lieu humide, cela favorise l&rsquo;oxydation.<\/p>\n<p>Rassurez-vous, l&rsquo;oxydation n&rsquo;est qu&rsquo;un d\u00e9p\u00f4t sur l&rsquo;argent et se rattrape sans probl\u00e8me. L&rsquo;avantage de l&rsquo;argent c&rsquo;est qu&rsquo;il se garde \u00e0 vie et s&rsquo;entretien tr\u00e8s facilement. Si vous portez votre bijou chaque jour alors celui-ci ne bougera pas.<\/p>\n<p>Evitez tout de m\u00eame de vous baigner dans de l&rsquo;eau chlor\u00e9e ou dans les sources d&rsquo;eau soufr\u00e9e, cela noircit les bijoux. Retirez les pour dormir id\u00e9alement afin de ne pas les ab\u00eemer ainsi que pour le m\u00e9nage et les travaux manuels.<\/p>\n","protected":false},"excerpt":{"rendered":"<p>\u2727 Le pendentif DARK CENTURY sert d&rsquo;\u00e9crin \u00e0 une labradorite, sertie entre 4 griffes et domin\u00e9e par une partie richement ajour\u00e9e de motifs architecturaux de la p\u00e9riode m\u00e9di\u00e9vale.<\/p>\n<p>\u2727 Au dos, la pierre reste visible gr\u00e2ce \u00e0 une ouverture en forme de quadrilobe.<\/p>\n<p>\u2727 La r\u00e9f\u00e9rence de chaque bijou est indiqu\u00e9e sur chaque photo en haut \u00e0 droite, puis, dans les options, choisissez la r\u00e9f\u00e9rence correspondante afin de pouvoir passer la commande.<\/p>\n<p>&nbsp;<\/p>\n<p>&nbsp;<\/p>\n<ul>\n<li><strong>Mati\u00e8re<\/strong>: Argent 925, labradorite<\/li>\n<li><strong>Cha\u00eene<\/strong>: Pr\u00e9sent\u00e9 avec la maille jaseron fine 45 cm (vendu s\u00e9par\u00e9ment &#8211; voir dans la cat\u00e9gorie Cha\u00eenes)<\/li>\n<li><strong>Taille du bijou<\/strong>: 47 x 23,5 mm<\/li>\n<li><strong>Taille de la pierre<\/strong>: 14 x 10 mm<\/li>\n<\/ul>\n<p>&nbsp;<\/p>\n<p>*VENDU SANS CHA\u00ceNE*<\/p>\n<p>-Mod\u00e8le D\u00e9pos\u00e9-<\/p>\n<p>Design fran\u00e7ais, fabriqu\u00e9 artisanalement et \u00e9thiquement en Tha\u00eflande.<\/p>\n<p>Estamp\u00e9 de mon poin\u00e7on d&rsquo;importation.<\/p>\n","protected":false},"featured_media":3537,"comment_status":"closed","ping_status":"closed","template":"","meta":{"site-sidebar-layout":"default","site-content-layout":"default","ast-main-header-display":"","ast-hfb-above-header-display":"","ast-hfb-below-header-display":"","ast-hfb-mobile-header-display":"","site-post-title":"","ast-breadcrumbs-content":"","ast-featured-img":"","footer-sml-layout":"","theme-transparent-header-meta":"default","adv-header-id-meta":"","stick-header-meta":"","header-above-stick-meta":"","header-main-stick-meta":"","header-below-stick-meta":""},"product_brand":[],"product_cat":[233,18,241,23],"product_tag":[],"class_list":{"0":"post-3517","1":"product","2":"type-product","3":"status-publish","4":"has-post-thumbnail","6":"product_cat-accueil","7":"product_cat-bijoux","8":"product_cat-collection-dark-century","9":"product_cat-pendentifs","11":"first","12":"instock","13":"shipping-taxable","14":"purchasable","15":"product-type-variable"},"yoast_head":"<!-- This site is optimized with the Yoast SEO plugin v27.3 - https:\/\/yoast.com\/product\/yoast-seo-wordpress\/ -->\n<title>Pendentif DARK CENTURY en labradorite et argent 925 - Opus Pocus<\/title>\n<meta name=\"robots\" content=\"index, follow, max-snippet:-1, max-image-preview:large, max-video-preview:-1\" \/>\n<link rel=\"canonical\" href=\"https:\/\/www.opus-pocus.com\/shop\/produit\/pendentif-dark-century-en-labradorite-et-argent-925-2\/\" \/>\n<meta property=\"og:locale\" content=\"fr_FR\" \/>\n<meta property=\"og:type\" content=\"article\" \/>\n<meta property=\"og:title\" content=\"Pendentif DARK CENTURY en labradorite et argent 925 - Opus Pocus\" \/>\n<meta property=\"og:description\" content=\"\u2727 Le pendentif DARK CENTURY sert d&#039;\u00e9crin \u00e0 une labradorite, sertie entre 4 griffes et domin\u00e9e par une partie richement ajour\u00e9e de motifs architecturaux de la p\u00e9riode m\u00e9di\u00e9vale.  \u2727 Au dos, la pierre reste visible gr\u00e2ce \u00e0 une ouverture en forme de quadrilobe.  \u2727 La r\u00e9f\u00e9rence de chaque bijou est indiqu\u00e9e sur chaque photo en haut \u00e0 droite, puis, dans les options, choisissez la r\u00e9f\u00e9rence correspondante afin de pouvoir passer la commande.  &nbsp;  &nbsp;   Mati\u00e8re: Argent 925, labradorite  Cha\u00eene: Pr\u00e9sent\u00e9 avec la maille jaseron fine 45 cm (vendu s\u00e9par\u00e9ment - voir dans la cat\u00e9gorie Cha\u00eenes)  Taille du bijou: 47 x 23,5 mm  Taille de la pierre: 14 x 10 mm  &nbsp;  *VENDU SANS CHA\u00ceNE*  -Mod\u00e8le D\u00e9pos\u00e9-  Design fran\u00e7ais, fabriqu\u00e9 artisanalement et \u00e9thiquement en Tha\u00eflande.  Estamp\u00e9 de mon poin\u00e7on d&#039;importation.\" \/>\n<meta property=\"og:url\" content=\"https:\/\/www.opus-pocus.com\/shop\/produit\/pendentif-dark-century-en-labradorite-et-argent-925-2\/\" \/>\n<meta property=\"og:site_name\" content=\"Opus Pocus\" \/>\n<meta property=\"article:modified_time\" content=\"2025-11-28T10:32:57+00:00\" \/>\n<meta property=\"og:image\" content=\"https:\/\/i0.wp.com\/www.opus-pocus.com\/shop\/wp-content\/uploads\/2025\/09\/L8.jpg?fit=1080%2C1350&ssl=1\" \/>\n\t<meta property=\"og:image:width\" content=\"1080\" \/>\n\t<meta property=\"og:image:height\" content=\"1350\" \/>\n\t<meta property=\"og:image:type\" content=\"image\/jpeg\" \/>\n<meta name=\"twitter:card\" content=\"summary_large_image\" \/>\n<meta name=\"twitter:label1\" content=\"Dur\u00e9e de lecture estim\u00e9e\" \/>\n\t<meta name=\"twitter:data1\" content=\"2 minutes\" \/>\n<script type=\"application\/ld+json\" class=\"yoast-schema-graph\">{\"@context\":\"https:\\\/\\\/schema.org\",\"@graph\":[{\"@type\":\"WebPage\",\"@id\":\"https:\\\/\\\/www.opus-pocus.com\\\/shop\\\/produit\\\/pendentif-dark-century-en-labradorite-et-argent-925-2\\\/\",\"url\":\"https:\\\/\\\/www.opus-pocus.com\\\/shop\\\/produit\\\/pendentif-dark-century-en-labradorite-et-argent-925-2\\\/\",\"name\":\"Pendentif DARK CENTURY en labradorite et argent 925 - Opus Pocus\",\"isPartOf\":{\"@id\":\"https:\\\/\\\/www.opus-pocus.com\\\/shop\\\/#website\"},\"primaryImageOfPage\":{\"@id\":\"https:\\\/\\\/www.opus-pocus.com\\\/shop\\\/produit\\\/pendentif-dark-century-en-labradorite-et-argent-925-2\\\/#primaryimage\"},\"image\":{\"@id\":\"https:\\\/\\\/www.opus-pocus.com\\\/shop\\\/produit\\\/pendentif-dark-century-en-labradorite-et-argent-925-2\\\/#primaryimage\"},\"thumbnailUrl\":\"https:\\\/\\\/i0.wp.com\\\/www.opus-pocus.com\\\/shop\\\/wp-content\\\/uploads\\\/2025\\\/09\\\/L8.jpg?fit=1080%2C1350&ssl=1\",\"datePublished\":\"2025-09-04T18:30:28+00:00\",\"dateModified\":\"2025-11-28T10:32:57+00:00\",\"breadcrumb\":{\"@id\":\"https:\\\/\\\/www.opus-pocus.com\\\/shop\\\/produit\\\/pendentif-dark-century-en-labradorite-et-argent-925-2\\\/#breadcrumb\"},\"inLanguage\":\"fr-FR\",\"potentialAction\":[{\"@type\":\"ReadAction\",\"target\":[\"https:\\\/\\\/www.opus-pocus.com\\\/shop\\\/produit\\\/pendentif-dark-century-en-labradorite-et-argent-925-2\\\/\"]}]},{\"@type\":\"ImageObject\",\"inLanguage\":\"fr-FR\",\"@id\":\"https:\\\/\\\/www.opus-pocus.com\\\/shop\\\/produit\\\/pendentif-dark-century-en-labradorite-et-argent-925-2\\\/#primaryimage\",\"url\":\"https:\\\/\\\/i0.wp.com\\\/www.opus-pocus.com\\\/shop\\\/wp-content\\\/uploads\\\/2025\\\/09\\\/L8.jpg?fit=1080%2C1350&ssl=1\",\"contentUrl\":\"https:\\\/\\\/i0.wp.com\\\/www.opus-pocus.com\\\/shop\\\/wp-content\\\/uploads\\\/2025\\\/09\\\/L8.jpg?fit=1080%2C1350&ssl=1\",\"width\":1080,\"height\":1350},{\"@type\":\"BreadcrumbList\",\"@id\":\"https:\\\/\\\/www.opus-pocus.com\\\/shop\\\/produit\\\/pendentif-dark-century-en-labradorite-et-argent-925-2\\\/#breadcrumb\",\"itemListElement\":[{\"@type\":\"ListItem\",\"position\":1,\"name\":\"Accueil\",\"item\":\"https:\\\/\\\/www.opus-pocus.com\\\/shop\\\/\"},{\"@type\":\"ListItem\",\"position\":2,\"name\":\"Boutique\",\"item\":\"https:\\\/\\\/www.opus-pocus.com\\\/shop\\\/\"},{\"@type\":\"ListItem\",\"position\":3,\"name\":\"Pendentif DARK CENTURY en labradorite et argent 925\"}]},{\"@type\":\"WebSite\",\"@id\":\"https:\\\/\\\/www.opus-pocus.com\\\/shop\\\/#website\",\"url\":\"https:\\\/\\\/www.opus-pocus.com\\\/shop\\\/\",\"name\":\"Opus Pocus\",\"description\":\"Opus Pocus\",\"publisher\":{\"@id\":\"https:\\\/\\\/www.opus-pocus.com\\\/shop\\\/#organization\"},\"potentialAction\":[{\"@type\":\"SearchAction\",\"target\":{\"@type\":\"EntryPoint\",\"urlTemplate\":\"https:\\\/\\\/www.opus-pocus.com\\\/shop\\\/?s={search_term_string}\"},\"query-input\":{\"@type\":\"PropertyValueSpecification\",\"valueRequired\":true,\"valueName\":\"search_term_string\"}}],\"inLanguage\":\"fr-FR\"},{\"@type\":\"Organization\",\"@id\":\"https:\\\/\\\/www.opus-pocus.com\\\/shop\\\/#organization\",\"name\":\"Opus Pocus\",\"url\":\"https:\\\/\\\/www.opus-pocus.com\\\/shop\\\/\",\"logo\":{\"@type\":\"ImageObject\",\"inLanguage\":\"fr-FR\",\"@id\":\"https:\\\/\\\/www.opus-pocus.com\\\/shop\\\/#\\\/schema\\\/logo\\\/image\\\/\",\"url\":\"https:\\\/\\\/i0.wp.com\\\/www.opus-pocus.com\\\/shop\\\/wp-content\\\/uploads\\\/2021\\\/12\\\/opus-pocus-logo.png?fit=300%2C78&ssl=1\",\"contentUrl\":\"https:\\\/\\\/i0.wp.com\\\/www.opus-pocus.com\\\/shop\\\/wp-content\\\/uploads\\\/2021\\\/12\\\/opus-pocus-logo.png?fit=300%2C78&ssl=1\",\"width\":300,\"height\":78,\"caption\":\"Opus Pocus\"},\"image\":{\"@id\":\"https:\\\/\\\/www.opus-pocus.com\\\/shop\\\/#\\\/schema\\\/logo\\\/image\\\/\"}}]}<\/script>\n<!-- \/ Yoast SEO plugin. -->","yoast_head_json":{"title":"Pendentif DARK CENTURY en labradorite et argent 925 - Opus Pocus","robots":{"index":"index","follow":"follow","max-snippet":"max-snippet:-1","max-image-preview":"max-image-preview:large","max-video-preview":"max-video-preview:-1"},"canonical":"https:\/\/www.opus-pocus.com\/shop\/produit\/pendentif-dark-century-en-labradorite-et-argent-925-2\/","og_locale":"fr_FR","og_type":"article","og_title":"Pendentif DARK CENTURY en labradorite et argent 925 - Opus Pocus","og_description":"\u2727 Le pendentif DARK CENTURY sert d'\u00e9crin \u00e0 une labradorite, sertie entre 4 griffes et domin\u00e9e par une partie richement ajour\u00e9e de motifs architecturaux de la p\u00e9riode m\u00e9di\u00e9vale.  \u2727 Au dos, la pierre reste visible gr\u00e2ce \u00e0 une ouverture en forme de quadrilobe.  \u2727 La r\u00e9f\u00e9rence de chaque bijou est indiqu\u00e9e sur chaque photo en haut \u00e0 droite, puis, dans les options, choisissez la r\u00e9f\u00e9rence correspondante afin de pouvoir passer la commande.  &nbsp;  &nbsp;   Mati\u00e8re: Argent 925, labradorite  Cha\u00eene: Pr\u00e9sent\u00e9 avec la maille jaseron fine 45 cm (vendu s\u00e9par\u00e9ment - voir dans la cat\u00e9gorie Cha\u00eenes)  Taille du bijou: 47 x 23,5 mm  Taille de la pierre: 14 x 10 mm  &nbsp;  *VENDU SANS CHA\u00ceNE*  -Mod\u00e8le D\u00e9pos\u00e9-  Design fran\u00e7ais, fabriqu\u00e9 artisanalement et \u00e9thiquement en Tha\u00eflande.  Estamp\u00e9 de mon poin\u00e7on d'importation.","og_url":"https:\/\/www.opus-pocus.com\/shop\/produit\/pendentif-dark-century-en-labradorite-et-argent-925-2\/","og_site_name":"Opus Pocus","article_modified_time":"2025-11-28T10:32:57+00:00","og_image":[{"width":1080,"height":1350,"url":"https:\/\/i0.wp.com\/www.opus-pocus.com\/shop\/wp-content\/uploads\/2025\/09\/L8.jpg?fit=1080%2C1350&ssl=1","type":"image\/jpeg"}],"twitter_card":"summary_large_image","twitter_misc":{"Dur\u00e9e de lecture estim\u00e9e":"2 minutes"},"schema":{"@context":"https:\/\/schema.org","@graph":[{"@type":"WebPage","@id":"https:\/\/www.opus-pocus.com\/shop\/produit\/pendentif-dark-century-en-labradorite-et-argent-925-2\/","url":"https:\/\/www.opus-pocus.com\/shop\/produit\/pendentif-dark-century-en-labradorite-et-argent-925-2\/","name":"Pendentif DARK CENTURY en labradorite et argent 925 - Opus Pocus","isPartOf":{"@id":"https:\/\/www.opus-pocus.com\/shop\/#website"},"primaryImageOfPage":{"@id":"https:\/\/www.opus-pocus.com\/shop\/produit\/pendentif-dark-century-en-labradorite-et-argent-925-2\/#primaryimage"},"image":{"@id":"https:\/\/www.opus-pocus.com\/shop\/produit\/pendentif-dark-century-en-labradorite-et-argent-925-2\/#primaryimage"},"thumbnailUrl":"https:\/\/i0.wp.com\/www.opus-pocus.com\/shop\/wp-content\/uploads\/2025\/09\/L8.jpg?fit=1080%2C1350&ssl=1","datePublished":"2025-09-04T18:30:28+00:00","dateModified":"2025-11-28T10:32:57+00:00","breadcrumb":{"@id":"https:\/\/www.opus-pocus.com\/shop\/produit\/pendentif-dark-century-en-labradorite-et-argent-925-2\/#breadcrumb"},"inLanguage":"fr-FR","potentialAction":[{"@type":"ReadAction","target":["https:\/\/www.opus-pocus.com\/shop\/produit\/pendentif-dark-century-en-labradorite-et-argent-925-2\/"]}]},{"@type":"ImageObject","inLanguage":"fr-FR","@id":"https:\/\/www.opus-pocus.com\/shop\/produit\/pendentif-dark-century-en-labradorite-et-argent-925-2\/#primaryimage","url":"https:\/\/i0.wp.com\/www.opus-pocus.com\/shop\/wp-content\/uploads\/2025\/09\/L8.jpg?fit=1080%2C1350&ssl=1","contentUrl":"https:\/\/i0.wp.com\/www.opus-pocus.com\/shop\/wp-content\/uploads\/2025\/09\/L8.jpg?fit=1080%2C1350&ssl=1","width":1080,"height":1350},{"@type":"BreadcrumbList","@id":"https:\/\/www.opus-pocus.com\/shop\/produit\/pendentif-dark-century-en-labradorite-et-argent-925-2\/#breadcrumb","itemListElement":[{"@type":"ListItem","position":1,"name":"Accueil","item":"https:\/\/www.opus-pocus.com\/shop\/"},{"@type":"ListItem","position":2,"name":"Boutique","item":"https:\/\/www.opus-pocus.com\/shop\/"},{"@type":"ListItem","position":3,"name":"Pendentif DARK CENTURY en labradorite et argent 925"}]},{"@type":"WebSite","@id":"https:\/\/www.opus-pocus.com\/shop\/#website","url":"https:\/\/www.opus-pocus.com\/shop\/","name":"Opus Pocus","description":"Opus Pocus","publisher":{"@id":"https:\/\/www.opus-pocus.com\/shop\/#organization"},"potentialAction":[{"@type":"SearchAction","target":{"@type":"EntryPoint","urlTemplate":"https:\/\/www.opus-pocus.com\/shop\/?s={search_term_string}"},"query-input":{"@type":"PropertyValueSpecification","valueRequired":true,"valueName":"search_term_string"}}],"inLanguage":"fr-FR"},{"@type":"Organization","@id":"https:\/\/www.opus-pocus.com\/shop\/#organization","name":"Opus Pocus","url":"https:\/\/www.opus-pocus.com\/shop\/","logo":{"@type":"ImageObject","inLanguage":"fr-FR","@id":"https:\/\/www.opus-pocus.com\/shop\/#\/schema\/logo\/image\/","url":"https:\/\/i0.wp.com\/www.opus-pocus.com\/shop\/wp-content\/uploads\/2021\/12\/opus-pocus-logo.png?fit=300%2C78&ssl=1","contentUrl":"https:\/\/i0.wp.com\/www.opus-pocus.com\/shop\/wp-content\/uploads\/2021\/12\/opus-pocus-logo.png?fit=300%2C78&ssl=1","width":300,"height":78,"caption":"Opus Pocus"},"image":{"@id":"https:\/\/www.opus-pocus.com\/shop\/#\/schema\/logo\/image\/"}}]}},"jetpack-related-posts":[{"id":3940,"url":"https:\/\/www.opus-pocus.com\/shop\/produit\/collier-ignis-en-onyx-et-argent-925\/","url_meta":{"origin":3517,"position":0},"title":"Collier IGNIS en onyx et argent 925","author":"Sarah","date":"5 avril 2026","format":false,"excerpt":"\u2727 IGNIS est un collier en argent serti d'un petit cabochon ovale entour\u00e9 d'\u00e9l\u00e9ments issus du gothique flamboyant: des flammes et des quadrilobes. \u2727 J'ai nomm\u00e9 ce collier IGNIS qui est le \"feu\" en latin, relatif aux flammes qui composent l'ensemble. \u2727 Un bijou pour vous magnifier et r\u00e9v\u00e9ler la\u2026","rel":"","context":"Article similaire","block_context":{"text":"Article similaire","link":""},"img":{"alt_text":"","src":"https:\/\/i0.wp.com\/www.opus-pocus.com\/shop\/wp-content\/uploads\/2026\/04\/Collier-Ignis.jpg?fit=960%2C1200&ssl=1&resize=350%2C200","width":350,"height":200,"srcset":"https:\/\/i0.wp.com\/www.opus-pocus.com\/shop\/wp-content\/uploads\/2026\/04\/Collier-Ignis.jpg?fit=960%2C1200&ssl=1&resize=350%2C200 1x, https:\/\/i0.wp.com\/www.opus-pocus.com\/shop\/wp-content\/uploads\/2026\/04\/Collier-Ignis.jpg?fit=960%2C1200&ssl=1&resize=525%2C300 1.5x, https:\/\/i0.wp.com\/www.opus-pocus.com\/shop\/wp-content\/uploads\/2026\/04\/Collier-Ignis.jpg?fit=960%2C1200&ssl=1&resize=700%2C400 2x"},"classes":[]},{"id":3873,"url":"https:\/\/www.opus-pocus.com\/shop\/produit\/pendentif-trifoil-en-cristal-de-roche-et-argent-925\/","url_meta":{"origin":3517,"position":1},"title":"Pendentif TRIFOIL en cristal de roche et argent 925","author":"Sarah","date":"8 mars 2026","format":false,"excerpt":"\u2727 TRIFOIL est un pendentif serti d'un petit cabochon rond de 8 mm en cristal de roche entour\u00e9 de trois lobes typiques de la p\u00e9riode gothique. \u2727 Au dos, un joli d\u00e9tail se cache derri\u00e8re la pierre. \u2727 Petit et l\u00e9ger, il sera un alli\u00e9 pour rester dans la sobri\u00e9t\u00e9\u2026","rel":"","context":"Article similaire","block_context":{"text":"Article similaire","link":""},"img":{"alt_text":"","src":"https:\/\/i0.wp.com\/www.opus-pocus.com\/shop\/wp-content\/uploads\/2026\/03\/P.Trifoil-Cristal.jpg?fit=960%2C1200&ssl=1&resize=350%2C200","width":350,"height":200,"srcset":"https:\/\/i0.wp.com\/www.opus-pocus.com\/shop\/wp-content\/uploads\/2026\/03\/P.Trifoil-Cristal.jpg?fit=960%2C1200&ssl=1&resize=350%2C200 1x, https:\/\/i0.wp.com\/www.opus-pocus.com\/shop\/wp-content\/uploads\/2026\/03\/P.Trifoil-Cristal.jpg?fit=960%2C1200&ssl=1&resize=525%2C300 1.5x, https:\/\/i0.wp.com\/www.opus-pocus.com\/shop\/wp-content\/uploads\/2026\/03\/P.Trifoil-Cristal.jpg?fit=960%2C1200&ssl=1&resize=700%2C400 2x"},"classes":[]},{"id":3864,"url":"https:\/\/www.opus-pocus.com\/shop\/produit\/pendentif-trifoil-en-onyx-en-argent-925\/","url_meta":{"origin":3517,"position":2},"title":"Pendentif TRIFOIL en onyx et argent 925","author":"Sarah","date":"8 mars 2026","format":false,"excerpt":"\u2727 TRIFOIL est un pendentif serti d'un petit cabochon rond de 8 mm en onyx entour\u00e9 de trois lobes typiques de la p\u00e9riode gothique. \u2727 Au dos, un joli d\u00e9tail se cache derri\u00e8re la pierre. \u2727 Petit et l\u00e9ger, il sera un alli\u00e9 pour rester dans la sobri\u00e9t\u00e9 tout en\u2026","rel":"","context":"Article similaire","block_context":{"text":"Article similaire","link":""},"img":{"alt_text":"","src":"https:\/\/i0.wp.com\/www.opus-pocus.com\/shop\/wp-content\/uploads\/2026\/03\/P-Trilobe-onyx.jpg?fit=960%2C1200&ssl=1&resize=350%2C200","width":350,"height":200,"srcset":"https:\/\/i0.wp.com\/www.opus-pocus.com\/shop\/wp-content\/uploads\/2026\/03\/P-Trilobe-onyx.jpg?fit=960%2C1200&ssl=1&resize=350%2C200 1x, https:\/\/i0.wp.com\/www.opus-pocus.com\/shop\/wp-content\/uploads\/2026\/03\/P-Trilobe-onyx.jpg?fit=960%2C1200&ssl=1&resize=525%2C300 1.5x, https:\/\/i0.wp.com\/www.opus-pocus.com\/shop\/wp-content\/uploads\/2026\/03\/P-Trilobe-onyx.jpg?fit=960%2C1200&ssl=1&resize=700%2C400 2x"},"classes":[]},{"id":1115,"url":"https:\/\/www.opus-pocus.com\/shop\/produit\/pendentif-dark-century-en-onyx-et-argent-925\/","url_meta":{"origin":3517,"position":3},"title":"Pendentif DARK CENTURY en onyx et argent 925","author":"Sarah","date":"1 d\u00e9cembre 2025","format":false,"excerpt":"\u2727 Le pendentif DARK CENTURY sert d'\u00e9crin \u00e0 un onyx, serti entre 4 griffes et domin\u00e9 par une partie richement ajour\u00e9e de motifs architecturaux de la p\u00e9riode m\u00e9di\u00e9vale. \u2727 Au dos, la pierre reste visible gr\u00e2ce \u00e0 une ouverture en forme de quadrilobe. \u00a0 Mati\u00e8re: Argent 925, onyx. Cha\u00eene: Pr\u00e9sent\u00e9\u2026","rel":"","context":"Article similaire","block_context":{"text":"Article similaire","link":""},"img":{"alt_text":"","src":"https:\/\/i0.wp.com\/www.opus-pocus.com\/shop\/wp-content\/uploads\/2022\/09\/Dark-Century-onyx-porte-SITE-1.jpg?fit=800%2C800&ssl=1&resize=350%2C200","width":350,"height":200,"srcset":"https:\/\/i0.wp.com\/www.opus-pocus.com\/shop\/wp-content\/uploads\/2022\/09\/Dark-Century-onyx-porte-SITE-1.jpg?fit=800%2C800&ssl=1&resize=350%2C200 1x, https:\/\/i0.wp.com\/www.opus-pocus.com\/shop\/wp-content\/uploads\/2022\/09\/Dark-Century-onyx-porte-SITE-1.jpg?fit=800%2C800&ssl=1&resize=525%2C300 1.5x, https:\/\/i0.wp.com\/www.opus-pocus.com\/shop\/wp-content\/uploads\/2022\/09\/Dark-Century-onyx-porte-SITE-1.jpg?fit=800%2C800&ssl=1&resize=700%2C400 2x"},"classes":[]},{"id":1033,"url":"https:\/\/www.opus-pocus.com\/shop\/produit\/pendentif-dark-century-en-labradorite-et-argent-925\/","url_meta":{"origin":3517,"position":4},"title":"Pendentif DARK CENTURY en labradorite et argent 925","author":"Sarah","date":"12 novembre 2023","format":false,"excerpt":"\u2727 Le pendentif DARK CENTURY sert d'\u00e9crin \u00e0 une labradorite, sertie entre 4 griffes et domin\u00e9e par une partie richement ajour\u00e9e de motifs architecturaux de la p\u00e9riode m\u00e9di\u00e9vale. \u2727 Au dos, la pierre reste visible gr\u00e2ce \u00e0 une ouverture en forme de quadrilobe. \u00a0 Mati\u00e8re: Argent 925, labradorite Cha\u00eene: Pr\u00e9sent\u00e9\u2026","rel":"","context":"Article similaire","block_context":{"text":"Article similaire","link":""},"img":{"alt_text":"","src":"https:\/\/i0.wp.com\/www.opus-pocus.com\/shop\/wp-content\/uploads\/2022\/09\/P.-Dark-Century-Labradorite-SITE-porte-I.jpg?fit=800%2C800&ssl=1&resize=350%2C200","width":350,"height":200,"srcset":"https:\/\/i0.wp.com\/www.opus-pocus.com\/shop\/wp-content\/uploads\/2022\/09\/P.-Dark-Century-Labradorite-SITE-porte-I.jpg?fit=800%2C800&ssl=1&resize=350%2C200 1x, https:\/\/i0.wp.com\/www.opus-pocus.com\/shop\/wp-content\/uploads\/2022\/09\/P.-Dark-Century-Labradorite-SITE-porte-I.jpg?fit=800%2C800&ssl=1&resize=525%2C300 1.5x, https:\/\/i0.wp.com\/www.opus-pocus.com\/shop\/wp-content\/uploads\/2022\/09\/P.-Dark-Century-Labradorite-SITE-porte-I.jpg?fit=800%2C800&ssl=1&resize=700%2C400 2x"},"classes":[]},{"id":1114,"url":"https:\/\/www.opus-pocus.com\/shop\/produit\/pendentif-dark-century-en-amethyste-et-argent-925\/","url_meta":{"origin":3517,"position":5},"title":"Pendentif DARK CENTURY en am\u00e9thyste et argent 925","author":"Sarah","date":"1 d\u00e9cembre 2025","format":false,"excerpt":"\u2727 Le pendentif DARK CENTURY sert d'\u00e9crin \u00e0 une am\u00e9thyste, sertie entre 4 griffes et domin\u00e9e par une partie richement ajour\u00e9e de motifs architecturaux de la p\u00e9riode m\u00e9di\u00e9vale. \u2727 Au dos, la pierre reste visible gr\u00e2ce \u00e0 une ouverture en forme de quadrilobe. \u00a0 Mati\u00e8re: Argent 925, am\u00e9thyste Cha\u00eene: Pr\u00e9sent\u00e9\u2026","rel":"","context":"Article similaire","block_context":{"text":"Article similaire","link":""},"img":{"alt_text":"","src":"https:\/\/i0.wp.com\/www.opus-pocus.com\/shop\/wp-content\/uploads\/2022\/07\/P.-Dark-Century-Amethyste-FACE-SITE.jpg?fit=800%2C800&ssl=1&resize=350%2C200","width":350,"height":200,"srcset":"https:\/\/i0.wp.com\/www.opus-pocus.com\/shop\/wp-content\/uploads\/2022\/07\/P.-Dark-Century-Amethyste-FACE-SITE.jpg?fit=800%2C800&ssl=1&resize=350%2C200 1x, https:\/\/i0.wp.com\/www.opus-pocus.com\/shop\/wp-content\/uploads\/2022\/07\/P.-Dark-Century-Amethyste-FACE-SITE.jpg?fit=800%2C800&ssl=1&resize=525%2C300 1.5x, https:\/\/i0.wp.com\/www.opus-pocus.com\/shop\/wp-content\/uploads\/2022\/07\/P.-Dark-Century-Amethyste-FACE-SITE.jpg?fit=800%2C800&ssl=1&resize=700%2C400 2x"},"classes":[]}],"jetpack_sharing_enabled":true,"_links":{"self":[{"href":"https:\/\/www.opus-pocus.com\/shop\/wp-json\/wp\/v2\/product\/3517","targetHints":{"allow":["GET"]}}],"collection":[{"href":"https:\/\/www.opus-pocus.com\/shop\/wp-json\/wp\/v2\/product"}],"about":[{"href":"https:\/\/www.opus-pocus.com\/shop\/wp-json\/wp\/v2\/types\/product"}],"replies":[{"embeddable":true,"href":"https:\/\/www.opus-pocus.com\/shop\/wp-json\/wp\/v2\/comments?post=3517"}],"wp:featuredmedia":[{"embeddable":true,"href":"https:\/\/www.opus-pocus.com\/shop\/wp-json\/wp\/v2\/media\/3537"}],"wp:attachment":[{"href":"https:\/\/www.opus-pocus.com\/shop\/wp-json\/wp\/v2\/media?parent=3517"}],"wp:term":[{"taxonomy":"product_brand","embeddable":true,"href":"https:\/\/www.opus-pocus.com\/shop\/wp-json\/wp\/v2\/product_brand?post=3517"},{"taxonomy":"product_cat","embeddable":true,"href":"https:\/\/www.opus-pocus.com\/shop\/wp-json\/wp\/v2\/product_cat?post=3517"},{"taxonomy":"product_tag","embeddable":true,"href":"https:\/\/www.opus-pocus.com\/shop\/wp-json\/wp\/v2\/product_tag?post=3517"}],"curies":[{"name":"wp","href":"https:\/\/api.w.org\/{rel}","templated":true}]}}