{"id":3542,"date":"2025-09-04T20:30:21","date_gmt":"2025-09-04T18:30:21","guid":{"rendered":"https:\/\/www.opus-pocus.com\/shop\/?post_type=product&#038;p=3542"},"modified":"2025-12-16T21:55:54","modified_gmt":"2025-12-16T20:55:54","slug":"pendentif-petit-medieval-times-en-labradorite-et-argent-925","status":"publish","type":"product","link":"https:\/\/www.opus-pocus.com\/shop\/produit\/pendentif-petit-medieval-times-en-labradorite-et-argent-925\/","title":{"rendered":"Pendentif Petit MEDIEVAL TIMES en Labradorite et argent 925"},"content":{"rendered":"<p>Attention: La labradorite de la photo ne sera pas celle que vous recevrez, la couleur de la labradorite \u00e9tant changeante (vous pouvez me demander des photos par mail \u00e0 opuspocusjewelry@gmail.com si vous voulez choisir votre pierre).<\/p>\n<p>Cette pierre comprend certaines fractures internes qui sont naturelles. On parle de d&rsquo;inclusions ou de caract\u00e9ristiques internes de la gemme.<\/p>\n<p>\u2727 Le pendentif \u00ab\u00a0Medieval Times\u00a0\u00bb, c&rsquo;est l&rsquo;\u00e9vocation de l&rsquo;abbaye en ruines, de la cath\u00e9drale et ses vitraux dont la dimension mystique coupe le souffle, c&rsquo;est le ch\u00e2teau m\u00e9di\u00e9val qui se d\u00e9voile dans la brume, la chapelle du XVI\u00e8me si\u00e8cle qui surgit lors d&rsquo;une promenade \u00e0 travers la campagne bretonne.<\/p>\n<p>\u27ba A tous les amoureux des vieilles pierres, ce bijou vous est d\u00e9di\u00e9.<\/p>\n<p>&nbsp;<\/p>\n<p><strong>Entretien:<\/strong> Le bijou s\u2019entretient tr\u00e8s facilement en le lavant de temps en temps \u00e0 l\u2019eau savonneuse avec une brosse \u00e0 dent souple. Si votre bijou s&rsquo;oxyde, nettoyer avec une petite noisette de dentifrice avec un peu d&rsquo;eau ti\u00e8de, soit au doigt, soit \u00e0 l&rsquo;aide d&rsquo;une brosse \u00e0 dent tr\u00e8s souple (type Inava).<\/p>\n<p>Si vous ne portez pas votre bijou, conservez-le dans une petite pochette \u00e0 l&rsquo;abri de l&rsquo;air. Ne les conservez surtout pas dans votre salle de bain ou autre lieu humide, cela favorise l&rsquo;oxydation.<\/p>\n<p>Rassurez-vous, l&rsquo;oxydation n&rsquo;est qu&rsquo;un d\u00e9p\u00f4t sur l&rsquo;argent et se rattrape sans probl\u00e8me. L&rsquo;avantage de l&rsquo;argent c&rsquo;est qu&rsquo;il se garde \u00e0 vie et s&rsquo;entretien tr\u00e8s facilement. Si vous portez votre bijou chaque jour alors celui-ci ne bougera pas.<\/p>\n<p>Evitez tout de m\u00eame de vous baigner dans de l&rsquo;eau chlor\u00e9e ou dans les sources d&rsquo;eau soufr\u00e9e, cela noircit les bijoux. Retirez les pour dormir id\u00e9alement afin de ne pas les ab\u00eemer ainsi que pour le m\u00e9nage et les travaux manuels.<\/p>\n","protected":false},"excerpt":{"rendered":"<p>\u2727 Pendentif en argent 925, surmont\u00e9 d\u2019une partie inspir\u00e9e des fen\u00eatres en ogive des cath\u00e9drales de la p\u00e9riode gothique classique.<\/p>\n<p>\u2727 Le pendentif est serti d\u2019une labradorite ins\u00e9r\u00e9e dans quatre griffes, avec en son dos, une ouverture en forme de quadrilobe typique de l\u2019architecture m\u00e9di\u00e9vale.<\/p>\n<p>\u2727 La r\u00e9f\u00e9rence de chaque bijou est indiqu\u00e9e sur chaque photo en haut \u00e0 droite, puis, dans les options, choisissez la r\u00e9f\u00e9rence correspondante afin de pouvoir passer la commande.<\/p>\n<p>&nbsp;<\/p>\n<ul>\n<li><strong>Mati\u00e8re<\/strong>: Argent 925, labradorite<\/li>\n<li><strong>Cha\u00eene<\/strong>: Pr\u00e9sent\u00e9 avec la maille jaseron fine 45 cm (vendue s\u00e9par\u00e9ment \u2013 voir dans la cat\u00e9gorie Cha\u00eenes)<\/li>\n<li><strong>Taille du bijou<\/strong>: 37\u00d718 mm<\/li>\n<li><strong>Taille de la pierre<\/strong>: 14\u00d710 mm<\/li>\n<\/ul>\n<p>&nbsp;<\/p>\n<p>*VENDU SANS CHA\u00ceNE*<\/p>\n<p>PHOTOS NON CONTRACTUELLES (chaque pierre est unique et diff\u00e9rente de celle de la photo)<\/p>\n<p>&nbsp;<\/p>\n<p>-Mod\u00e8le D\u00e9pos\u00e9-<\/p>\n<p>Design fran\u00e7ais, fabriqu\u00e9 artisanalement et \u00e9thiquement en Tha\u00eflande.<\/p>\n<p>Estamp\u00e9 de mon poin\u00e7on d\u2019importation.<\/p>\n","protected":false},"featured_media":3545,"comment_status":"closed","ping_status":"closed","template":"","meta":{"site-sidebar-layout":"default","site-content-layout":"default","ast-main-header-display":"","ast-hfb-above-header-display":"","ast-hfb-below-header-display":"","ast-hfb-mobile-header-display":"","site-post-title":"","ast-breadcrumbs-content":"","ast-featured-img":"","footer-sml-layout":"","theme-transparent-header-meta":"default","adv-header-id-meta":"","stick-header-meta":"","header-above-stick-meta":"","header-main-stick-meta":"","header-below-stick-meta":""},"product_brand":[],"product_cat":[18,22,23],"product_tag":[62,61,60,58,59,57],"class_list":{"0":"post-3542","1":"product","2":"type-product","3":"status-publish","4":"has-post-thumbnail","6":"product_cat-bijoux","7":"product_cat-collection-medieval-times","8":"product_cat-pendentifs","9":"product_tag-architecture-gothique","10":"product_tag-gothique","11":"product_tag-medieval","12":"product_tag-medieval-times","13":"product_tag-medievalgothique","14":"product_tag-ogive","16":"first","17":"instock","18":"purchasable","19":"product-type-variable"},"yoast_head":"<!-- This site is optimized with the Yoast SEO plugin v27.3 - https:\/\/yoast.com\/product\/yoast-seo-wordpress\/ -->\n<title>Pendentif Petit MEDIEVAL TIMES en Labradorite et argent 925 - Opus Pocus<\/title>\n<meta name=\"description\" content=\"Pendentif en argent 925 et labradorite inspir\u00e9 des fen\u00eatres en ogive des cath\u00e9drales de la p\u00e9riode gothique. Pour les passionn\u00e9s de p\u00e9riode m\u00e9di\u00e9vale et de ch\u00e2teaux en ruines.\" \/>\n<meta name=\"robots\" content=\"index, follow, max-snippet:-1, max-image-preview:large, max-video-preview:-1\" \/>\n<link rel=\"canonical\" href=\"https:\/\/www.opus-pocus.com\/shop\/produit\/pendentif-petit-medieval-times-en-labradorite-et-argent-925\/\" \/>\n<meta property=\"og:locale\" content=\"fr_FR\" \/>\n<meta property=\"og:type\" content=\"article\" \/>\n<meta property=\"og:title\" content=\"Pendentif Petit MEDIEVAL TIMES en Labradorite et argent 925 - Opus Pocus\" \/>\n<meta property=\"og:description\" content=\"Pendentif en argent 925 et labradorite inspir\u00e9 des fen\u00eatres en ogive des cath\u00e9drales de la p\u00e9riode gothique. Pour les passionn\u00e9s de p\u00e9riode m\u00e9di\u00e9vale et de ch\u00e2teaux en ruines.\" \/>\n<meta property=\"og:url\" content=\"https:\/\/www.opus-pocus.com\/shop\/produit\/pendentif-petit-medieval-times-en-labradorite-et-argent-925\/\" \/>\n<meta property=\"og:site_name\" content=\"Opus Pocus\" \/>\n<meta property=\"article:modified_time\" content=\"2025-12-16T20:55:54+00:00\" \/>\n<meta property=\"og:image\" content=\"https:\/\/www.opus-pocus.com\/shop\/wp-content\/uploads\/2025\/09\/LB3.jpg\" \/>\n\t<meta property=\"og:image:width\" content=\"1080\" \/>\n\t<meta property=\"og:image:height\" content=\"1350\" \/>\n\t<meta property=\"og:image:type\" content=\"image\/jpeg\" \/>\n<meta name=\"twitter:card\" content=\"summary_large_image\" \/>\n<meta name=\"twitter:label1\" content=\"Dur\u00e9e de lecture estim\u00e9e\" \/>\n\t<meta name=\"twitter:data1\" content=\"2 minutes\" \/>\n<script type=\"application\/ld+json\" class=\"yoast-schema-graph\">{\"@context\":\"https:\\\/\\\/schema.org\",\"@graph\":[{\"@type\":\"WebPage\",\"@id\":\"https:\\\/\\\/www.opus-pocus.com\\\/shop\\\/produit\\\/pendentif-petit-medieval-times-en-labradorite-et-argent-925\\\/\",\"url\":\"https:\\\/\\\/www.opus-pocus.com\\\/shop\\\/produit\\\/pendentif-petit-medieval-times-en-labradorite-et-argent-925\\\/\",\"name\":\"Pendentif Petit MEDIEVAL TIMES en Labradorite et argent 925 - Opus Pocus\",\"isPartOf\":{\"@id\":\"https:\\\/\\\/www.opus-pocus.com\\\/shop\\\/#website\"},\"primaryImageOfPage\":{\"@id\":\"https:\\\/\\\/www.opus-pocus.com\\\/shop\\\/produit\\\/pendentif-petit-medieval-times-en-labradorite-et-argent-925\\\/#primaryimage\"},\"image\":{\"@id\":\"https:\\\/\\\/www.opus-pocus.com\\\/shop\\\/produit\\\/pendentif-petit-medieval-times-en-labradorite-et-argent-925\\\/#primaryimage\"},\"thumbnailUrl\":\"https:\\\/\\\/i0.wp.com\\\/www.opus-pocus.com\\\/shop\\\/wp-content\\\/uploads\\\/2025\\\/09\\\/LB3.jpg?fit=1080%2C1350&ssl=1\",\"datePublished\":\"2025-09-04T18:30:21+00:00\",\"dateModified\":\"2025-12-16T20:55:54+00:00\",\"description\":\"Pendentif en argent 925 et labradorite inspir\u00e9 des fen\u00eatres en ogive des cath\u00e9drales de la p\u00e9riode gothique. Pour les passionn\u00e9s de p\u00e9riode m\u00e9di\u00e9vale et de ch\u00e2teaux en ruines.\",\"breadcrumb\":{\"@id\":\"https:\\\/\\\/www.opus-pocus.com\\\/shop\\\/produit\\\/pendentif-petit-medieval-times-en-labradorite-et-argent-925\\\/#breadcrumb\"},\"inLanguage\":\"fr-FR\",\"potentialAction\":[{\"@type\":\"ReadAction\",\"target\":[\"https:\\\/\\\/www.opus-pocus.com\\\/shop\\\/produit\\\/pendentif-petit-medieval-times-en-labradorite-et-argent-925\\\/\"]}]},{\"@type\":\"ImageObject\",\"inLanguage\":\"fr-FR\",\"@id\":\"https:\\\/\\\/www.opus-pocus.com\\\/shop\\\/produit\\\/pendentif-petit-medieval-times-en-labradorite-et-argent-925\\\/#primaryimage\",\"url\":\"https:\\\/\\\/i0.wp.com\\\/www.opus-pocus.com\\\/shop\\\/wp-content\\\/uploads\\\/2025\\\/09\\\/LB3.jpg?fit=1080%2C1350&ssl=1\",\"contentUrl\":\"https:\\\/\\\/i0.wp.com\\\/www.opus-pocus.com\\\/shop\\\/wp-content\\\/uploads\\\/2025\\\/09\\\/LB3.jpg?fit=1080%2C1350&ssl=1\",\"width\":1080,\"height\":1350},{\"@type\":\"BreadcrumbList\",\"@id\":\"https:\\\/\\\/www.opus-pocus.com\\\/shop\\\/produit\\\/pendentif-petit-medieval-times-en-labradorite-et-argent-925\\\/#breadcrumb\",\"itemListElement\":[{\"@type\":\"ListItem\",\"position\":1,\"name\":\"Accueil\",\"item\":\"https:\\\/\\\/www.opus-pocus.com\\\/shop\\\/\"},{\"@type\":\"ListItem\",\"position\":2,\"name\":\"Boutique\",\"item\":\"https:\\\/\\\/www.opus-pocus.com\\\/shop\\\/\"},{\"@type\":\"ListItem\",\"position\":3,\"name\":\"Pendentif Petit MEDIEVAL TIMES en Labradorite et argent 925\"}]},{\"@type\":\"WebSite\",\"@id\":\"https:\\\/\\\/www.opus-pocus.com\\\/shop\\\/#website\",\"url\":\"https:\\\/\\\/www.opus-pocus.com\\\/shop\\\/\",\"name\":\"Opus Pocus\",\"description\":\"Opus Pocus\",\"publisher\":{\"@id\":\"https:\\\/\\\/www.opus-pocus.com\\\/shop\\\/#organization\"},\"potentialAction\":[{\"@type\":\"SearchAction\",\"target\":{\"@type\":\"EntryPoint\",\"urlTemplate\":\"https:\\\/\\\/www.opus-pocus.com\\\/shop\\\/?s={search_term_string}\"},\"query-input\":{\"@type\":\"PropertyValueSpecification\",\"valueRequired\":true,\"valueName\":\"search_term_string\"}}],\"inLanguage\":\"fr-FR\"},{\"@type\":\"Organization\",\"@id\":\"https:\\\/\\\/www.opus-pocus.com\\\/shop\\\/#organization\",\"name\":\"Opus Pocus\",\"url\":\"https:\\\/\\\/www.opus-pocus.com\\\/shop\\\/\",\"logo\":{\"@type\":\"ImageObject\",\"inLanguage\":\"fr-FR\",\"@id\":\"https:\\\/\\\/www.opus-pocus.com\\\/shop\\\/#\\\/schema\\\/logo\\\/image\\\/\",\"url\":\"https:\\\/\\\/i0.wp.com\\\/www.opus-pocus.com\\\/shop\\\/wp-content\\\/uploads\\\/2021\\\/12\\\/opus-pocus-logo.png?fit=300%2C78&ssl=1\",\"contentUrl\":\"https:\\\/\\\/i0.wp.com\\\/www.opus-pocus.com\\\/shop\\\/wp-content\\\/uploads\\\/2021\\\/12\\\/opus-pocus-logo.png?fit=300%2C78&ssl=1\",\"width\":300,\"height\":78,\"caption\":\"Opus Pocus\"},\"image\":{\"@id\":\"https:\\\/\\\/www.opus-pocus.com\\\/shop\\\/#\\\/schema\\\/logo\\\/image\\\/\"}}]}<\/script>\n<!-- \/ Yoast SEO plugin. -->","yoast_head_json":{"title":"Pendentif Petit MEDIEVAL TIMES en Labradorite et argent 925 - Opus Pocus","description":"Pendentif en argent 925 et labradorite inspir\u00e9 des fen\u00eatres en ogive des cath\u00e9drales de la p\u00e9riode gothique. Pour les passionn\u00e9s de p\u00e9riode m\u00e9di\u00e9vale et de ch\u00e2teaux en ruines.","robots":{"index":"index","follow":"follow","max-snippet":"max-snippet:-1","max-image-preview":"max-image-preview:large","max-video-preview":"max-video-preview:-1"},"canonical":"https:\/\/www.opus-pocus.com\/shop\/produit\/pendentif-petit-medieval-times-en-labradorite-et-argent-925\/","og_locale":"fr_FR","og_type":"article","og_title":"Pendentif Petit MEDIEVAL TIMES en Labradorite et argent 925 - Opus Pocus","og_description":"Pendentif en argent 925 et labradorite inspir\u00e9 des fen\u00eatres en ogive des cath\u00e9drales de la p\u00e9riode gothique. Pour les passionn\u00e9s de p\u00e9riode m\u00e9di\u00e9vale et de ch\u00e2teaux en ruines.","og_url":"https:\/\/www.opus-pocus.com\/shop\/produit\/pendentif-petit-medieval-times-en-labradorite-et-argent-925\/","og_site_name":"Opus Pocus","article_modified_time":"2025-12-16T20:55:54+00:00","og_image":[{"width":1080,"height":1350,"url":"https:\/\/www.opus-pocus.com\/shop\/wp-content\/uploads\/2025\/09\/LB3.jpg","type":"image\/jpeg"}],"twitter_card":"summary_large_image","twitter_misc":{"Dur\u00e9e de lecture estim\u00e9e":"2 minutes"},"schema":{"@context":"https:\/\/schema.org","@graph":[{"@type":"WebPage","@id":"https:\/\/www.opus-pocus.com\/shop\/produit\/pendentif-petit-medieval-times-en-labradorite-et-argent-925\/","url":"https:\/\/www.opus-pocus.com\/shop\/produit\/pendentif-petit-medieval-times-en-labradorite-et-argent-925\/","name":"Pendentif Petit MEDIEVAL TIMES en Labradorite et argent 925 - Opus Pocus","isPartOf":{"@id":"https:\/\/www.opus-pocus.com\/shop\/#website"},"primaryImageOfPage":{"@id":"https:\/\/www.opus-pocus.com\/shop\/produit\/pendentif-petit-medieval-times-en-labradorite-et-argent-925\/#primaryimage"},"image":{"@id":"https:\/\/www.opus-pocus.com\/shop\/produit\/pendentif-petit-medieval-times-en-labradorite-et-argent-925\/#primaryimage"},"thumbnailUrl":"https:\/\/i0.wp.com\/www.opus-pocus.com\/shop\/wp-content\/uploads\/2025\/09\/LB3.jpg?fit=1080%2C1350&ssl=1","datePublished":"2025-09-04T18:30:21+00:00","dateModified":"2025-12-16T20:55:54+00:00","description":"Pendentif en argent 925 et labradorite inspir\u00e9 des fen\u00eatres en ogive des cath\u00e9drales de la p\u00e9riode gothique. Pour les passionn\u00e9s de p\u00e9riode m\u00e9di\u00e9vale et de ch\u00e2teaux en ruines.","breadcrumb":{"@id":"https:\/\/www.opus-pocus.com\/shop\/produit\/pendentif-petit-medieval-times-en-labradorite-et-argent-925\/#breadcrumb"},"inLanguage":"fr-FR","potentialAction":[{"@type":"ReadAction","target":["https:\/\/www.opus-pocus.com\/shop\/produit\/pendentif-petit-medieval-times-en-labradorite-et-argent-925\/"]}]},{"@type":"ImageObject","inLanguage":"fr-FR","@id":"https:\/\/www.opus-pocus.com\/shop\/produit\/pendentif-petit-medieval-times-en-labradorite-et-argent-925\/#primaryimage","url":"https:\/\/i0.wp.com\/www.opus-pocus.com\/shop\/wp-content\/uploads\/2025\/09\/LB3.jpg?fit=1080%2C1350&ssl=1","contentUrl":"https:\/\/i0.wp.com\/www.opus-pocus.com\/shop\/wp-content\/uploads\/2025\/09\/LB3.jpg?fit=1080%2C1350&ssl=1","width":1080,"height":1350},{"@type":"BreadcrumbList","@id":"https:\/\/www.opus-pocus.com\/shop\/produit\/pendentif-petit-medieval-times-en-labradorite-et-argent-925\/#breadcrumb","itemListElement":[{"@type":"ListItem","position":1,"name":"Accueil","item":"https:\/\/www.opus-pocus.com\/shop\/"},{"@type":"ListItem","position":2,"name":"Boutique","item":"https:\/\/www.opus-pocus.com\/shop\/"},{"@type":"ListItem","position":3,"name":"Pendentif Petit MEDIEVAL TIMES en Labradorite et argent 925"}]},{"@type":"WebSite","@id":"https:\/\/www.opus-pocus.com\/shop\/#website","url":"https:\/\/www.opus-pocus.com\/shop\/","name":"Opus Pocus","description":"Opus Pocus","publisher":{"@id":"https:\/\/www.opus-pocus.com\/shop\/#organization"},"potentialAction":[{"@type":"SearchAction","target":{"@type":"EntryPoint","urlTemplate":"https:\/\/www.opus-pocus.com\/shop\/?s={search_term_string}"},"query-input":{"@type":"PropertyValueSpecification","valueRequired":true,"valueName":"search_term_string"}}],"inLanguage":"fr-FR"},{"@type":"Organization","@id":"https:\/\/www.opus-pocus.com\/shop\/#organization","name":"Opus Pocus","url":"https:\/\/www.opus-pocus.com\/shop\/","logo":{"@type":"ImageObject","inLanguage":"fr-FR","@id":"https:\/\/www.opus-pocus.com\/shop\/#\/schema\/logo\/image\/","url":"https:\/\/i0.wp.com\/www.opus-pocus.com\/shop\/wp-content\/uploads\/2021\/12\/opus-pocus-logo.png?fit=300%2C78&ssl=1","contentUrl":"https:\/\/i0.wp.com\/www.opus-pocus.com\/shop\/wp-content\/uploads\/2021\/12\/opus-pocus-logo.png?fit=300%2C78&ssl=1","width":300,"height":78,"caption":"Opus Pocus"},"image":{"@id":"https:\/\/www.opus-pocus.com\/shop\/#\/schema\/logo\/image\/"}}]}},"jetpack-related-posts":[{"id":467,"url":"https:\/\/www.opus-pocus.com\/shop\/produit\/pendentif-medieval-times-petit-modele-labradorite-2\/","url_meta":{"origin":3542,"position":0},"title":"Pendentif Petit MEDIEVAL TIMES en Labradorite et argent 925","author":"henri@exclamations.fr","date":"1 d\u00e9cembre 2024","format":false,"excerpt":"\u2727 Pendentif en argent 925, surmont\u00e9 d\u2019une partie inspir\u00e9e des fen\u00eatres en ogive des cath\u00e9drales de la p\u00e9riode gothique classique. \u2727 Le pendentif est serti d\u2019une labradorite ins\u00e9r\u00e9e dans quatre griffes, avec en son dos, une ouverture en forme de quadrilobe typique de l\u2019architecture m\u00e9di\u00e9vale. Mati\u00e8re: Argent 925, labradorite Cha\u00eene:\u2026","rel":"","context":"Article similaire","block_context":{"text":"Article similaire","link":""},"img":{"alt_text":"","src":"https:\/\/i0.wp.com\/www.opus-pocus.com\/shop\/wp-content\/uploads\/2024\/06\/PMTL.jpg?fit=960%2C1200&ssl=1&resize=350%2C200","width":350,"height":200,"srcset":"https:\/\/i0.wp.com\/www.opus-pocus.com\/shop\/wp-content\/uploads\/2024\/06\/PMTL.jpg?fit=960%2C1200&ssl=1&resize=350%2C200 1x, https:\/\/i0.wp.com\/www.opus-pocus.com\/shop\/wp-content\/uploads\/2024\/06\/PMTL.jpg?fit=960%2C1200&ssl=1&resize=525%2C300 1.5x, https:\/\/i0.wp.com\/www.opus-pocus.com\/shop\/wp-content\/uploads\/2024\/06\/PMTL.jpg?fit=960%2C1200&ssl=1&resize=700%2C400 2x"},"classes":[]},{"id":3817,"url":"https:\/\/www.opus-pocus.com\/shop\/produit\/pendentif-petit-medieval-times-en-labradorite-blanche-et-argent-925\/","url_meta":{"origin":3542,"position":1},"title":"Pendentif Petit MEDIEVAL TIMES en Labradorite Blanche et Argent 925","author":"Sarah","date":"1 f\u00e9vrier 2026","format":false,"excerpt":"\u2727 Pendentif en argent 925, surmont\u00e9 d\u2019une partie inspir\u00e9e des fen\u00eatres en ogive des cath\u00e9drales de la p\u00e9riode gothique classique. \u2727 Le pendentif est serti d\u2019une labradorite blanche ins\u00e9r\u00e9e dans quatre griffes, avec en son dos, une ouverture en forme de quadrilobe typique de l\u2019architecture m\u00e9di\u00e9vale. \u2727 La r\u00e9f\u00e9rence de\u2026","rel":"","context":"Article similaire","block_context":{"text":"Article similaire","link":""},"img":{"alt_text":"","src":"https:\/\/i0.wp.com\/www.opus-pocus.com\/shop\/wp-content\/uploads\/2026\/02\/Petit-MT-labra-Ae.jpg?fit=960%2C1200&ssl=1&resize=350%2C200","width":350,"height":200,"srcset":"https:\/\/i0.wp.com\/www.opus-pocus.com\/shop\/wp-content\/uploads\/2026\/02\/Petit-MT-labra-Ae.jpg?fit=960%2C1200&ssl=1&resize=350%2C200 1x, https:\/\/i0.wp.com\/www.opus-pocus.com\/shop\/wp-content\/uploads\/2026\/02\/Petit-MT-labra-Ae.jpg?fit=960%2C1200&ssl=1&resize=525%2C300 1.5x, https:\/\/i0.wp.com\/www.opus-pocus.com\/shop\/wp-content\/uploads\/2026\/02\/Petit-MT-labra-Ae.jpg?fit=960%2C1200&ssl=1&resize=700%2C400 2x"},"classes":[]},{"id":2302,"url":"https:\/\/www.opus-pocus.com\/shop\/produit\/bague-medieval-times-en-labradorite-blanche-et-argent-925\/","url_meta":{"origin":3542,"position":2},"title":"Bague MEDIEVAL TIMES en labradorite blanche et argent 925","author":"Sarah","date":"18 janvier 2024","format":false,"excerpt":"\u2727 La bague MEDIEVAL TIMES est ajour\u00e9e d'arches gothiques de chaque c\u00f4t\u00e9 de la pierre. \u2727 Le serti est fait de 4 griffes de style m\u00e9di\u00e9val. \u2727 Amoureux des temps m\u00e9di\u00e9vaux, d'architecture m\u00e9di\u00e9vale, des ruines tapiss\u00e9es de lierre et des l\u00e9gendes du Moyen-\u00c2ge, alors ce bijou est \u00e0 coup s\u00fbr\u2026","rel":"","context":"Article similaire","block_context":{"text":"Article similaire","link":""},"img":{"alt_text":"","src":"https:\/\/i0.wp.com\/www.opus-pocus.com\/shop\/wp-content\/uploads\/2024\/01\/Bg-MT-neige-22.jpg?fit=960%2C1200&ssl=1&resize=350%2C200","width":350,"height":200,"srcset":"https:\/\/i0.wp.com\/www.opus-pocus.com\/shop\/wp-content\/uploads\/2024\/01\/Bg-MT-neige-22.jpg?fit=960%2C1200&ssl=1&resize=350%2C200 1x, https:\/\/i0.wp.com\/www.opus-pocus.com\/shop\/wp-content\/uploads\/2024\/01\/Bg-MT-neige-22.jpg?fit=960%2C1200&ssl=1&resize=525%2C300 1.5x, https:\/\/i0.wp.com\/www.opus-pocus.com\/shop\/wp-content\/uploads\/2024\/01\/Bg-MT-neige-22.jpg?fit=960%2C1200&ssl=1&resize=700%2C400 2x"},"classes":[]},{"id":1116,"url":"https:\/\/www.opus-pocus.com\/shop\/produit\/bague-medieval-times-en-labradorite-et-argent-925\/","url_meta":{"origin":3542,"position":3},"title":"Bague MEDIEVAL TIMES en labradorite et argent 925","author":"Sarah","date":"1 avril 2025","format":false,"excerpt":"\u2727 La bague MEDIEVAL TIMES est ajour\u00e9e d'arches gothiques de chaque c\u00f4t\u00e9 de la pierre. \u2727 Le serti est fait de 4 griffes de style m\u00e9di\u00e9val. \u2727 Amoureux des temps m\u00e9di\u00e9vaux, d'architecture m\u00e9di\u00e9vale, des ruines tapiss\u00e9es de lierre et des l\u00e9gendes du Moyen-\u00c2ge, alors ce bijou est \u00e0 coup s\u00fbr\u2026","rel":"","context":"Article similaire","block_context":{"text":"Article similaire","link":""},"img":{"alt_text":"","src":"https:\/\/i0.wp.com\/www.opus-pocus.com\/shop\/wp-content\/uploads\/2022\/09\/Bague-MT-labra-seule-SITE-1.jpg?fit=800%2C800&ssl=1&resize=350%2C200","width":350,"height":200,"srcset":"https:\/\/i0.wp.com\/www.opus-pocus.com\/shop\/wp-content\/uploads\/2022\/09\/Bague-MT-labra-seule-SITE-1.jpg?fit=800%2C800&ssl=1&resize=350%2C200 1x, https:\/\/i0.wp.com\/www.opus-pocus.com\/shop\/wp-content\/uploads\/2022\/09\/Bague-MT-labra-seule-SITE-1.jpg?fit=800%2C800&ssl=1&resize=525%2C300 1.5x, https:\/\/i0.wp.com\/www.opus-pocus.com\/shop\/wp-content\/uploads\/2022\/09\/Bague-MT-labra-seule-SITE-1.jpg?fit=800%2C800&ssl=1&resize=700%2C400 2x"},"classes":[]},{"id":1440,"url":"https:\/\/www.opus-pocus.com\/shop\/produit\/pendentif-glastonbury-en-labradorite-blanche-et-argent-925\/","url_meta":{"origin":3542,"position":4},"title":"Pendentif GLASTONBURY en labradorite blanche et argent 925","author":"Sarah","date":"1 d\u00e9cembre 2024","format":false,"excerpt":"\u2727 Le pendentif GLASTONBURY est surmont\u00e9 d\u2019une partie inspir\u00e9e des fen\u00eatres en ogive des cath\u00e9drales de la p\u00e9riode gothique classique et serti d\u2019une labradorite blanche, avec en son dos, une ouverture en forme de quadrilobe typique de l\u2019architecture m\u00e9di\u00e9vale. Mati\u00e8re: Argent 925, labradorite blanche Cha\u00eene: Pr\u00e9sent\u00e9 avec la maille jaseron\u2026","rel":"","context":"Article similaire","block_context":{"text":"Article similaire","link":""},"img":{"alt_text":"","src":"https:\/\/i0.wp.com\/www.opus-pocus.com\/shop\/wp-content\/uploads\/2023\/02\/P.Glastonbury-lab-bl-porte.jpg?fit=960%2C1200&ssl=1&resize=350%2C200","width":350,"height":200,"srcset":"https:\/\/i0.wp.com\/www.opus-pocus.com\/shop\/wp-content\/uploads\/2023\/02\/P.Glastonbury-lab-bl-porte.jpg?fit=960%2C1200&ssl=1&resize=350%2C200 1x, https:\/\/i0.wp.com\/www.opus-pocus.com\/shop\/wp-content\/uploads\/2023\/02\/P.Glastonbury-lab-bl-porte.jpg?fit=960%2C1200&ssl=1&resize=525%2C300 1.5x, https:\/\/i0.wp.com\/www.opus-pocus.com\/shop\/wp-content\/uploads\/2023\/02\/P.Glastonbury-lab-bl-porte.jpg?fit=960%2C1200&ssl=1&resize=700%2C400 2x"},"classes":[]},{"id":1516,"url":"https:\/\/www.opus-pocus.com\/shop\/produit\/pendentif-petit-medieval-times-en-amethyste-et-argent-925-2\/","url_meta":{"origin":3542,"position":5},"title":"Pendentif Petit MEDIEVAL TIMES en am\u00e9thyste et argent 925","author":"Sarah","date":"5 mai 2024","format":false,"excerpt":"\u2727 Pendentif en argent 925, surmont\u00e9 d\u2019une partie inspir\u00e9e des fen\u00eatres en ogive des cath\u00e9drales de la p\u00e9riode gothique classique. \u2727 Le pendentif est serti d\u2019une am\u00e9thyste ins\u00e9r\u00e9e dans quatre griffes, avec en son dos, une ouverture en forme de quadrilobe typique de l\u2019architecture m\u00e9di\u00e9vale. Mati\u00e8re: Argent 925, am\u00e9thyste Cha\u00eene:\u2026","rel":"","context":"Article similaire","block_context":{"text":"Article similaire","link":""},"img":{"alt_text":"","src":"","width":0,"height":0},"classes":[]}],"jetpack_sharing_enabled":true,"_links":{"self":[{"href":"https:\/\/www.opus-pocus.com\/shop\/wp-json\/wp\/v2\/product\/3542","targetHints":{"allow":["GET"]}}],"collection":[{"href":"https:\/\/www.opus-pocus.com\/shop\/wp-json\/wp\/v2\/product"}],"about":[{"href":"https:\/\/www.opus-pocus.com\/shop\/wp-json\/wp\/v2\/types\/product"}],"replies":[{"embeddable":true,"href":"https:\/\/www.opus-pocus.com\/shop\/wp-json\/wp\/v2\/comments?post=3542"}],"wp:featuredmedia":[{"embeddable":true,"href":"https:\/\/www.opus-pocus.com\/shop\/wp-json\/wp\/v2\/media\/3545"}],"wp:attachment":[{"href":"https:\/\/www.opus-pocus.com\/shop\/wp-json\/wp\/v2\/media?parent=3542"}],"wp:term":[{"taxonomy":"product_brand","embeddable":true,"href":"https:\/\/www.opus-pocus.com\/shop\/wp-json\/wp\/v2\/product_brand?post=3542"},{"taxonomy":"product_cat","embeddable":true,"href":"https:\/\/www.opus-pocus.com\/shop\/wp-json\/wp\/v2\/product_cat?post=3542"},{"taxonomy":"product_tag","embeddable":true,"href":"https:\/\/www.opus-pocus.com\/shop\/wp-json\/wp\/v2\/product_tag?post=3542"}],"curies":[{"name":"wp","href":"https:\/\/api.w.org\/{rel}","templated":true}]}}