{"id":3859,"date":"2026-04-05T20:30:20","date_gmt":"2026-04-05T18:30:20","guid":{"rendered":"https:\/\/www.opus-pocus.com\/shop\/?post_type=product&#038;p=3859"},"modified":"2026-04-05T20:45:52","modified_gmt":"2026-04-05T18:45:52","slug":"boucle-doreille-dark-century-en-argent-925","status":"publish","type":"product","link":"https:\/\/www.opus-pocus.com\/shop\/produit\/boucle-doreille-dark-century-en-argent-925\/","title":{"rendered":"Boucle d&rsquo;oreille DARK CENTURY en argent 925"},"content":{"rendered":"<p>Taille: 28,5 mm x 17,5 mm<\/p>\n<p>Epaisseur: 2,8 mm<\/p>\n<p><strong>Entretien:<\/strong> Les boucles s\u2019entretiennent tr\u00e8s facilement en les lavant de temps en temps \u00e0 l\u2019eau savonneuse avec une brosse \u00e0 dent souple. Si vos bijoux s&rsquo;oxydent, il suffit de nettoyer avec une petite noisette de dentifrice avec un peu d&rsquo;eau ti\u00e8de, soit au doigt, soit \u00e0 l&rsquo;aide d&rsquo;une brosse \u00e0 dent tr\u00e8s souple (type Inava).<\/p>\n<p>Si vous ne portez pas votre paire, conservez-la dans une petite pochette \u00e0 l&rsquo;abri de l&rsquo;air. Ne les conservez surtout pas dans votre salle de bain ou autre lieu humide, cela favorise l&rsquo;oxydation.<\/p>\n<p>Rassurez-vous, l&rsquo;oxydation n&rsquo;est qu&rsquo;un d\u00e9p\u00f4t sur l&rsquo;argent et se rattrape sans probl\u00e8me. L&rsquo;avantage de l&rsquo;argent c&rsquo;est qu&rsquo;il se garde \u00e0 vie et s&rsquo;entretien tr\u00e8s facilement. Si vous portez vos bijoux chaque jour alors ceux-l\u00e0 ne bougeront pas.<\/p>\n<p>Evitez tout de m\u00eame de vous baigner dans de l&rsquo;eau chlor\u00e9e ou dans les sources d&rsquo;eau soufr\u00e9e, cela noircit les bijoux. Retirez les pour dormir id\u00e9alement afin de ne pas les ab\u00eemer ainsi que pour le m\u00e9nage et les travaux manuels.<\/p>\n","protected":false},"excerpt":{"rendered":"<p>\u2727 Les boucles d&rsquo;oreilles DARK CENTURY sont en forme de g\u00e2ble invers\u00e9 et inspir\u00e9es de l&rsquo;architecture m\u00e9di\u00e9vale.<\/p>\n<ul>\n<li>Mati\u00e8re: argent 925<\/li>\n<li>Taille: 28,5 x 17,5 mm<\/li>\n<li>Poids: 6,30 g la paire<\/li>\n<\/ul>\n<p>L&rsquo;attache est tr\u00e8s pratique, la tige se clipse entre 2 bras d&rsquo;argent, fermoir le plus adapt\u00e9 \u00e0 tous.<\/p>\n<p>&nbsp;<\/p>\n<p>-Mod\u00e8le D\u00e9pos\u00e9-<\/p>\n<p>Design fran\u00e7ais, fabriqu\u00e9es artisanalement et \u00e9thiquement en Tha\u00eflande.<\/p>\n<p>Estamp\u00e9es de mon poin\u00e7on d&rsquo;importation.<\/p>\n","protected":false},"featured_media":3593,"comment_status":"closed","ping_status":"closed","template":"","meta":{"site-sidebar-layout":"default","site-content-layout":"default","ast-main-header-display":"","ast-hfb-above-header-display":"","ast-hfb-below-header-display":"","ast-hfb-mobile-header-display":"","site-post-title":"","ast-breadcrumbs-content":"","ast-featured-img":"","footer-sml-layout":"","theme-transparent-header-meta":"default","adv-header-id-meta":"","stick-header-meta":"","header-above-stick-meta":"","header-main-stick-meta":"","header-below-stick-meta":""},"product_brand":[],"product_cat":[233,18,26,241],"product_tag":[],"class_list":{"0":"post-3859","1":"product","2":"type-product","3":"status-publish","4":"has-post-thumbnail","6":"product_cat-accueil","7":"product_cat-bijoux","8":"product_cat-boucles-d-oreilles","9":"product_cat-collection-dark-century","11":"first","12":"instock","13":"shipping-taxable","14":"purchasable","15":"product-type-simple"},"yoast_head":"<!-- This site is optimized with the Yoast SEO plugin v27.3 - https:\/\/yoast.com\/product\/yoast-seo-wordpress\/ -->\n<title>Boucle d&#039;oreille DARK CENTURY en argent 925 - Opus Pocus<\/title>\n<meta name=\"description\" content=\"Je vous pr\u00e9sente une paire de boucles d&#039;oreilles de type cr\u00e9oles en argent 925 dont l&#039;aspect de dentelle \u00e9voque l&#039;architecture m\u00e9di\u00e9vale.\" \/>\n<meta name=\"robots\" content=\"index, follow, max-snippet:-1, max-image-preview:large, max-video-preview:-1\" \/>\n<link rel=\"canonical\" href=\"https:\/\/www.opus-pocus.com\/shop\/produit\/boucle-doreille-dark-century-en-argent-925\/\" \/>\n<meta property=\"og:locale\" content=\"fr_FR\" \/>\n<meta property=\"og:type\" content=\"article\" \/>\n<meta property=\"og:title\" content=\"Boucle d&#039;oreille DARK CENTURY en argent 925 - Opus Pocus\" \/>\n<meta property=\"og:description\" content=\"Je vous pr\u00e9sente une paire de boucles d&#039;oreilles de type cr\u00e9oles en argent 925 dont l&#039;aspect de dentelle \u00e9voque l&#039;architecture m\u00e9di\u00e9vale.\" \/>\n<meta property=\"og:url\" content=\"https:\/\/www.opus-pocus.com\/shop\/produit\/boucle-doreille-dark-century-en-argent-925\/\" \/>\n<meta property=\"og:site_name\" content=\"Opus Pocus\" \/>\n<meta property=\"article:modified_time\" content=\"2026-04-05T18:45:52+00:00\" \/>\n<meta property=\"og:image\" content=\"https:\/\/www.opus-pocus.com\/shop\/wp-content\/uploads\/2025\/06\/DC-2025-2.jpg\" \/>\n\t<meta property=\"og:image:width\" content=\"1080\" \/>\n\t<meta property=\"og:image:height\" content=\"1350\" \/>\n\t<meta property=\"og:image:type\" content=\"image\/jpeg\" \/>\n<meta name=\"twitter:card\" content=\"summary_large_image\" \/>\n<meta name=\"twitter:label1\" content=\"Dur\u00e9e de lecture estim\u00e9e\" \/>\n\t<meta name=\"twitter:data1\" content=\"2 minutes\" \/>\n<script type=\"application\/ld+json\" class=\"yoast-schema-graph\">{\"@context\":\"https:\\\/\\\/schema.org\",\"@graph\":[{\"@type\":\"WebPage\",\"@id\":\"https:\\\/\\\/www.opus-pocus.com\\\/shop\\\/produit\\\/boucle-doreille-dark-century-en-argent-925\\\/\",\"url\":\"https:\\\/\\\/www.opus-pocus.com\\\/shop\\\/produit\\\/boucle-doreille-dark-century-en-argent-925\\\/\",\"name\":\"Boucle d'oreille DARK CENTURY en argent 925 - Opus Pocus\",\"isPartOf\":{\"@id\":\"https:\\\/\\\/www.opus-pocus.com\\\/shop\\\/#website\"},\"primaryImageOfPage\":{\"@id\":\"https:\\\/\\\/www.opus-pocus.com\\\/shop\\\/produit\\\/boucle-doreille-dark-century-en-argent-925\\\/#primaryimage\"},\"image\":{\"@id\":\"https:\\\/\\\/www.opus-pocus.com\\\/shop\\\/produit\\\/boucle-doreille-dark-century-en-argent-925\\\/#primaryimage\"},\"thumbnailUrl\":\"https:\\\/\\\/i0.wp.com\\\/www.opus-pocus.com\\\/shop\\\/wp-content\\\/uploads\\\/2025\\\/06\\\/DC-2025-2.jpg?fit=1080%2C1350&ssl=1\",\"datePublished\":\"2026-04-05T18:30:20+00:00\",\"dateModified\":\"2026-04-05T18:45:52+00:00\",\"description\":\"Je vous pr\u00e9sente une paire de boucles d'oreilles de type cr\u00e9oles en argent 925 dont l'aspect de dentelle \u00e9voque l'architecture m\u00e9di\u00e9vale.\",\"breadcrumb\":{\"@id\":\"https:\\\/\\\/www.opus-pocus.com\\\/shop\\\/produit\\\/boucle-doreille-dark-century-en-argent-925\\\/#breadcrumb\"},\"inLanguage\":\"fr-FR\",\"potentialAction\":[{\"@type\":\"ReadAction\",\"target\":[\"https:\\\/\\\/www.opus-pocus.com\\\/shop\\\/produit\\\/boucle-doreille-dark-century-en-argent-925\\\/\"]}]},{\"@type\":\"ImageObject\",\"inLanguage\":\"fr-FR\",\"@id\":\"https:\\\/\\\/www.opus-pocus.com\\\/shop\\\/produit\\\/boucle-doreille-dark-century-en-argent-925\\\/#primaryimage\",\"url\":\"https:\\\/\\\/i0.wp.com\\\/www.opus-pocus.com\\\/shop\\\/wp-content\\\/uploads\\\/2025\\\/06\\\/DC-2025-2.jpg?fit=1080%2C1350&ssl=1\",\"contentUrl\":\"https:\\\/\\\/i0.wp.com\\\/www.opus-pocus.com\\\/shop\\\/wp-content\\\/uploads\\\/2025\\\/06\\\/DC-2025-2.jpg?fit=1080%2C1350&ssl=1\",\"width\":1080,\"height\":1350},{\"@type\":\"BreadcrumbList\",\"@id\":\"https:\\\/\\\/www.opus-pocus.com\\\/shop\\\/produit\\\/boucle-doreille-dark-century-en-argent-925\\\/#breadcrumb\",\"itemListElement\":[{\"@type\":\"ListItem\",\"position\":1,\"name\":\"Accueil\",\"item\":\"https:\\\/\\\/www.opus-pocus.com\\\/shop\\\/\"},{\"@type\":\"ListItem\",\"position\":2,\"name\":\"Boutique\",\"item\":\"https:\\\/\\\/www.opus-pocus.com\\\/shop\\\/\"},{\"@type\":\"ListItem\",\"position\":3,\"name\":\"Boucle d&rsquo;oreille DARK CENTURY en argent 925\"}]},{\"@type\":\"WebSite\",\"@id\":\"https:\\\/\\\/www.opus-pocus.com\\\/shop\\\/#website\",\"url\":\"https:\\\/\\\/www.opus-pocus.com\\\/shop\\\/\",\"name\":\"Opus Pocus\",\"description\":\"Opus Pocus\",\"publisher\":{\"@id\":\"https:\\\/\\\/www.opus-pocus.com\\\/shop\\\/#organization\"},\"potentialAction\":[{\"@type\":\"SearchAction\",\"target\":{\"@type\":\"EntryPoint\",\"urlTemplate\":\"https:\\\/\\\/www.opus-pocus.com\\\/shop\\\/?s={search_term_string}\"},\"query-input\":{\"@type\":\"PropertyValueSpecification\",\"valueRequired\":true,\"valueName\":\"search_term_string\"}}],\"inLanguage\":\"fr-FR\"},{\"@type\":\"Organization\",\"@id\":\"https:\\\/\\\/www.opus-pocus.com\\\/shop\\\/#organization\",\"name\":\"Opus Pocus\",\"url\":\"https:\\\/\\\/www.opus-pocus.com\\\/shop\\\/\",\"logo\":{\"@type\":\"ImageObject\",\"inLanguage\":\"fr-FR\",\"@id\":\"https:\\\/\\\/www.opus-pocus.com\\\/shop\\\/#\\\/schema\\\/logo\\\/image\\\/\",\"url\":\"https:\\\/\\\/i0.wp.com\\\/www.opus-pocus.com\\\/shop\\\/wp-content\\\/uploads\\\/2021\\\/12\\\/opus-pocus-logo.png?fit=300%2C78&ssl=1\",\"contentUrl\":\"https:\\\/\\\/i0.wp.com\\\/www.opus-pocus.com\\\/shop\\\/wp-content\\\/uploads\\\/2021\\\/12\\\/opus-pocus-logo.png?fit=300%2C78&ssl=1\",\"width\":300,\"height\":78,\"caption\":\"Opus Pocus\"},\"image\":{\"@id\":\"https:\\\/\\\/www.opus-pocus.com\\\/shop\\\/#\\\/schema\\\/logo\\\/image\\\/\"}}]}<\/script>\n<!-- \/ Yoast SEO plugin. -->","yoast_head_json":{"title":"Boucle d'oreille DARK CENTURY en argent 925 - Opus Pocus","description":"Je vous pr\u00e9sente une paire de boucles d'oreilles de type cr\u00e9oles en argent 925 dont l'aspect de dentelle \u00e9voque l'architecture m\u00e9di\u00e9vale.","robots":{"index":"index","follow":"follow","max-snippet":"max-snippet:-1","max-image-preview":"max-image-preview:large","max-video-preview":"max-video-preview:-1"},"canonical":"https:\/\/www.opus-pocus.com\/shop\/produit\/boucle-doreille-dark-century-en-argent-925\/","og_locale":"fr_FR","og_type":"article","og_title":"Boucle d'oreille DARK CENTURY en argent 925 - Opus Pocus","og_description":"Je vous pr\u00e9sente une paire de boucles d'oreilles de type cr\u00e9oles en argent 925 dont l'aspect de dentelle \u00e9voque l'architecture m\u00e9di\u00e9vale.","og_url":"https:\/\/www.opus-pocus.com\/shop\/produit\/boucle-doreille-dark-century-en-argent-925\/","og_site_name":"Opus Pocus","article_modified_time":"2026-04-05T18:45:52+00:00","og_image":[{"width":1080,"height":1350,"url":"https:\/\/www.opus-pocus.com\/shop\/wp-content\/uploads\/2025\/06\/DC-2025-2.jpg","type":"image\/jpeg"}],"twitter_card":"summary_large_image","twitter_misc":{"Dur\u00e9e de lecture estim\u00e9e":"2 minutes"},"schema":{"@context":"https:\/\/schema.org","@graph":[{"@type":"WebPage","@id":"https:\/\/www.opus-pocus.com\/shop\/produit\/boucle-doreille-dark-century-en-argent-925\/","url":"https:\/\/www.opus-pocus.com\/shop\/produit\/boucle-doreille-dark-century-en-argent-925\/","name":"Boucle d'oreille DARK CENTURY en argent 925 - Opus Pocus","isPartOf":{"@id":"https:\/\/www.opus-pocus.com\/shop\/#website"},"primaryImageOfPage":{"@id":"https:\/\/www.opus-pocus.com\/shop\/produit\/boucle-doreille-dark-century-en-argent-925\/#primaryimage"},"image":{"@id":"https:\/\/www.opus-pocus.com\/shop\/produit\/boucle-doreille-dark-century-en-argent-925\/#primaryimage"},"thumbnailUrl":"https:\/\/i0.wp.com\/www.opus-pocus.com\/shop\/wp-content\/uploads\/2025\/06\/DC-2025-2.jpg?fit=1080%2C1350&ssl=1","datePublished":"2026-04-05T18:30:20+00:00","dateModified":"2026-04-05T18:45:52+00:00","description":"Je vous pr\u00e9sente une paire de boucles d'oreilles de type cr\u00e9oles en argent 925 dont l'aspect de dentelle \u00e9voque l'architecture m\u00e9di\u00e9vale.","breadcrumb":{"@id":"https:\/\/www.opus-pocus.com\/shop\/produit\/boucle-doreille-dark-century-en-argent-925\/#breadcrumb"},"inLanguage":"fr-FR","potentialAction":[{"@type":"ReadAction","target":["https:\/\/www.opus-pocus.com\/shop\/produit\/boucle-doreille-dark-century-en-argent-925\/"]}]},{"@type":"ImageObject","inLanguage":"fr-FR","@id":"https:\/\/www.opus-pocus.com\/shop\/produit\/boucle-doreille-dark-century-en-argent-925\/#primaryimage","url":"https:\/\/i0.wp.com\/www.opus-pocus.com\/shop\/wp-content\/uploads\/2025\/06\/DC-2025-2.jpg?fit=1080%2C1350&ssl=1","contentUrl":"https:\/\/i0.wp.com\/www.opus-pocus.com\/shop\/wp-content\/uploads\/2025\/06\/DC-2025-2.jpg?fit=1080%2C1350&ssl=1","width":1080,"height":1350},{"@type":"BreadcrumbList","@id":"https:\/\/www.opus-pocus.com\/shop\/produit\/boucle-doreille-dark-century-en-argent-925\/#breadcrumb","itemListElement":[{"@type":"ListItem","position":1,"name":"Accueil","item":"https:\/\/www.opus-pocus.com\/shop\/"},{"@type":"ListItem","position":2,"name":"Boutique","item":"https:\/\/www.opus-pocus.com\/shop\/"},{"@type":"ListItem","position":3,"name":"Boucle d&rsquo;oreille DARK CENTURY en argent 925"}]},{"@type":"WebSite","@id":"https:\/\/www.opus-pocus.com\/shop\/#website","url":"https:\/\/www.opus-pocus.com\/shop\/","name":"Opus Pocus","description":"Opus Pocus","publisher":{"@id":"https:\/\/www.opus-pocus.com\/shop\/#organization"},"potentialAction":[{"@type":"SearchAction","target":{"@type":"EntryPoint","urlTemplate":"https:\/\/www.opus-pocus.com\/shop\/?s={search_term_string}"},"query-input":{"@type":"PropertyValueSpecification","valueRequired":true,"valueName":"search_term_string"}}],"inLanguage":"fr-FR"},{"@type":"Organization","@id":"https:\/\/www.opus-pocus.com\/shop\/#organization","name":"Opus Pocus","url":"https:\/\/www.opus-pocus.com\/shop\/","logo":{"@type":"ImageObject","inLanguage":"fr-FR","@id":"https:\/\/www.opus-pocus.com\/shop\/#\/schema\/logo\/image\/","url":"https:\/\/i0.wp.com\/www.opus-pocus.com\/shop\/wp-content\/uploads\/2021\/12\/opus-pocus-logo.png?fit=300%2C78&ssl=1","contentUrl":"https:\/\/i0.wp.com\/www.opus-pocus.com\/shop\/wp-content\/uploads\/2021\/12\/opus-pocus-logo.png?fit=300%2C78&ssl=1","width":300,"height":78,"caption":"Opus Pocus"},"image":{"@id":"https:\/\/www.opus-pocus.com\/shop\/#\/schema\/logo\/image\/"}}]}},"jetpack-related-posts":[{"id":1032,"url":"https:\/\/www.opus-pocus.com\/shop\/produit\/boucles-doreilles-dark-century-en-argent-925\/","url_meta":{"origin":3859,"position":0},"title":"Boucles d&rsquo;oreilles DARK CENTURY en argent 925","author":"Sarah","date":"1 juin 2025","format":false,"excerpt":"\u2727 Les boucles d'oreilles DARK CENTURY sont en forme de g\u00e2ble invers\u00e9 et inspir\u00e9es de l'architecture m\u00e9di\u00e9vale. Mati\u00e8re: argent 925 Taille: 28,5 x 17,5 mm Poids: 6,30 g la paire L'attache est tr\u00e8s pratique, la tige se clipse entre 2 bras d'argent, fermoir le plus adapt\u00e9 \u00e0 tous. \u00a0 -Mod\u00e8le\u2026","rel":"","context":"Article similaire","block_context":{"text":"Article similaire","link":""},"img":{"alt_text":"","src":"https:\/\/i0.wp.com\/www.opus-pocus.com\/shop\/wp-content\/uploads\/2025\/06\/DC-2025-2.jpg?fit=960%2C1200&ssl=1&resize=350%2C200","width":350,"height":200,"srcset":"https:\/\/i0.wp.com\/www.opus-pocus.com\/shop\/wp-content\/uploads\/2025\/06\/DC-2025-2.jpg?fit=960%2C1200&ssl=1&resize=350%2C200 1x, https:\/\/i0.wp.com\/www.opus-pocus.com\/shop\/wp-content\/uploads\/2025\/06\/DC-2025-2.jpg?fit=960%2C1200&ssl=1&resize=525%2C300 1.5x, https:\/\/i0.wp.com\/www.opus-pocus.com\/shop\/wp-content\/uploads\/2025\/06\/DC-2025-2.jpg?fit=960%2C1200&ssl=1&resize=700%2C400 2x"},"classes":[]},{"id":1419,"url":"https:\/\/www.opus-pocus.com\/shop\/produit\/boucles-doreilles-arches-en-argent-925\/","url_meta":{"origin":3859,"position":1},"title":"Boucles d&rsquo;Oreilles ARCHES en argent 925","author":"Sarah","date":"9 novembre 2025","format":false,"excerpt":"Les boucles d'oreilles ARCHES repr\u00e9sentent une arche gothique invers\u00e9e. Convient aux oreilles stretch\u00e9es. Longueur: 33,5 mm Largeur: 18,5 mm en haut, 19,5 mm en bas. Epaisseur: 2 mm Poids: Environ 13,5 grammes la paire. \u00a0 *Vendues \u00e0 la paire* -Mod\u00e8le D\u00e9pos\u00e9- Design fran\u00e7ais, fabriqu\u00e9 artisanalement et \u00e9thiquement en Tha\u00eflande. Estamp\u00e9\u2026","rel":"","context":"Article similaire","block_context":{"text":"Article similaire","link":""},"img":{"alt_text":"","src":"https:\/\/i0.wp.com\/www.opus-pocus.com\/shop\/wp-content\/uploads\/2023\/04\/BO-MT-1.jpg?fit=960%2C1200&ssl=1&resize=350%2C200","width":350,"height":200,"srcset":"https:\/\/i0.wp.com\/www.opus-pocus.com\/shop\/wp-content\/uploads\/2023\/04\/BO-MT-1.jpg?fit=960%2C1200&ssl=1&resize=350%2C200 1x, https:\/\/i0.wp.com\/www.opus-pocus.com\/shop\/wp-content\/uploads\/2023\/04\/BO-MT-1.jpg?fit=960%2C1200&ssl=1&resize=525%2C300 1.5x, https:\/\/i0.wp.com\/www.opus-pocus.com\/shop\/wp-content\/uploads\/2023\/04\/BO-MT-1.jpg?fit=960%2C1200&ssl=1&resize=700%2C400 2x"},"classes":[]},{"id":1418,"url":"https:\/\/www.opus-pocus.com\/shop\/produit\/creoles-kernas\/","url_meta":{"origin":3859,"position":2},"title":"Cr\u00e9oles KERNAS en argent 925","author":"Sarah","date":"1 d\u00e9cembre 2024","format":false,"excerpt":"\u2727 Les cr\u00e9oles KERNAS sont orn\u00e9es d'un d\u00e9tail architectural inspir\u00e9 de la p\u00e9riode gothique \u00e0 la base du bijou. Mati\u00e8re: argent 925 Diam\u00e8tre: 45 mm Epaisseur: 2 mm Hauteur de la d\u00e9coration: 16 mm \u00a0 *Vendues \u00e0 la paire* -Mod\u00e8le D\u00e9pos\u00e9- Design fran\u00e7ais, fabriqu\u00e9 artisanalement et \u00e9thiquement en Tha\u00eflande. Estamp\u00e9\u2026","rel":"","context":"Article similaire","block_context":{"text":"Article similaire","link":""},"img":{"alt_text":"","src":"https:\/\/i0.wp.com\/www.opus-pocus.com\/shop\/wp-content\/uploads\/2023\/09\/BO-Medieval-Lace-Fa.jpg?fit=960%2C1200&ssl=1&resize=350%2C200","width":350,"height":200,"srcset":"https:\/\/i0.wp.com\/www.opus-pocus.com\/shop\/wp-content\/uploads\/2023\/09\/BO-Medieval-Lace-Fa.jpg?fit=960%2C1200&ssl=1&resize=350%2C200 1x, https:\/\/i0.wp.com\/www.opus-pocus.com\/shop\/wp-content\/uploads\/2023\/09\/BO-Medieval-Lace-Fa.jpg?fit=960%2C1200&ssl=1&resize=525%2C300 1.5x, https:\/\/i0.wp.com\/www.opus-pocus.com\/shop\/wp-content\/uploads\/2023\/09\/BO-Medieval-Lace-Fa.jpg?fit=960%2C1200&ssl=1&resize=700%2C400 2x"},"classes":[]},{"id":3881,"url":"https:\/\/www.opus-pocus.com\/shop\/produit\/boucles-doreilles-dark-century-ii-en-argent-925\/","url_meta":{"origin":3859,"position":3},"title":"Boucles d&rsquo;oreilles DARK CENTURY II en argent 925","author":"Sarah","date":"8 mars 2026","format":false,"excerpt":"\u2727 Les boucles d'oreilles DARK CENTURY II sont inspir\u00e9es d'un \u00e9l\u00e9ment de g\u00e2ble gothique invers\u00e9 et inspir\u00e9es du mod\u00e8le ic\u00f4nique Dark Century. Mati\u00e8re: argent 925 Taille: 21,5 x 20 mm L'attache est tr\u00e8s pratique, la tige se clipse entre 2 bras d'argent, fermoir le plus adapt\u00e9 \u00e0 tous. Convient aux\u2026","rel":"","context":"Article similaire","block_context":{"text":"Article similaire","link":""},"img":{"alt_text":"","src":"https:\/\/i0.wp.com\/www.opus-pocus.com\/shop\/wp-content\/uploads\/2026\/03\/BO-DC-II.jpg?fit=960%2C1200&ssl=1&resize=350%2C200","width":350,"height":200,"srcset":"https:\/\/i0.wp.com\/www.opus-pocus.com\/shop\/wp-content\/uploads\/2026\/03\/BO-DC-II.jpg?fit=960%2C1200&ssl=1&resize=350%2C200 1x, https:\/\/i0.wp.com\/www.opus-pocus.com\/shop\/wp-content\/uploads\/2026\/03\/BO-DC-II.jpg?fit=960%2C1200&ssl=1&resize=525%2C300 1.5x, https:\/\/i0.wp.com\/www.opus-pocus.com\/shop\/wp-content\/uploads\/2026\/03\/BO-DC-II.jpg?fit=960%2C1200&ssl=1&resize=700%2C400 2x"},"classes":[]},{"id":1990,"url":"https:\/\/www.opus-pocus.com\/shop\/produit\/boucles-doreilles-roscudon-en-argent-925\/","url_meta":{"origin":3859,"position":4},"title":"Boucles d&rsquo;oreilles ROSCUDON en argent 925","author":"Sarah","date":"9 novembre 2025","format":false,"excerpt":"\u2727 Les boucles d\u2019oreilles ROSCUDON sont des petites cr\u00e9oles en argent 925 inspir\u00e9es de l\u2019architecture m\u00e9di\u00e9vale. Mati\u00e8re: argent 925 Taille: 20 x 17,5\u00a0 mm L\u2019attache est tr\u00e8s pratique, la tige se clipse entre 2 bras d\u2019argent, fermoir le plus adapt\u00e9 \u00e0 tous. *Pens\u00e9es \u00e9galement pour les oreilles stretch\u00e9es* \u00a0 -Mod\u00e8le\u2026","rel":"","context":"Article similaire","block_context":{"text":"Article similaire","link":""},"img":{"alt_text":"","src":"https:\/\/i0.wp.com\/www.opus-pocus.com\/shop\/wp-content\/uploads\/2023\/11\/BO-Roscudon.jpg?fit=960%2C1200&ssl=1&resize=350%2C200","width":350,"height":200,"srcset":"https:\/\/i0.wp.com\/www.opus-pocus.com\/shop\/wp-content\/uploads\/2023\/11\/BO-Roscudon.jpg?fit=960%2C1200&ssl=1&resize=350%2C200 1x, https:\/\/i0.wp.com\/www.opus-pocus.com\/shop\/wp-content\/uploads\/2023\/11\/BO-Roscudon.jpg?fit=960%2C1200&ssl=1&resize=525%2C300 1.5x, https:\/\/i0.wp.com\/www.opus-pocus.com\/shop\/wp-content\/uploads\/2023\/11\/BO-Roscudon.jpg?fit=960%2C1200&ssl=1&resize=700%2C400 2x"},"classes":[]},{"id":3670,"url":"https:\/\/www.opus-pocus.com\/shop\/produit\/boucles-doreilles-lore-en-argent-925\/","url_meta":{"origin":3859,"position":5},"title":"Boucles d&rsquo;oreilles LORE en argent 925","author":"Sarah","date":"9 novembre 2025","format":false,"excerpt":"\u2727 Les boucles d'oreilles LORE sont inspir\u00e9es de l'architecture m\u00e9di\u00e9vale plus pr\u00e9cis\u00e9ment du gothique flamboyant. Mati\u00e8re: argent 925 Taille: 25 x 23 mm Poids:\u00a0 environ 8g la paire L'attache est tr\u00e8s pratique, la tige se clipse entre 2 bras d'argent, fermoir le plus adapt\u00e9 \u00e0 tous. Mixte. Convient aux oreilles\u2026","rel":"","context":"Article similaire","block_context":{"text":"Article similaire","link":""},"img":{"alt_text":"","src":"https:\/\/i0.wp.com\/www.opus-pocus.com\/shop\/wp-content\/uploads\/2025\/11\/BO-Lore.jpg?fit=960%2C1200&ssl=1&resize=350%2C200","width":350,"height":200,"srcset":"https:\/\/i0.wp.com\/www.opus-pocus.com\/shop\/wp-content\/uploads\/2025\/11\/BO-Lore.jpg?fit=960%2C1200&ssl=1&resize=350%2C200 1x, https:\/\/i0.wp.com\/www.opus-pocus.com\/shop\/wp-content\/uploads\/2025\/11\/BO-Lore.jpg?fit=960%2C1200&ssl=1&resize=525%2C300 1.5x, https:\/\/i0.wp.com\/www.opus-pocus.com\/shop\/wp-content\/uploads\/2025\/11\/BO-Lore.jpg?fit=960%2C1200&ssl=1&resize=700%2C400 2x"},"classes":[]}],"jetpack_sharing_enabled":true,"_links":{"self":[{"href":"https:\/\/www.opus-pocus.com\/shop\/wp-json\/wp\/v2\/product\/3859","targetHints":{"allow":["GET"]}}],"collection":[{"href":"https:\/\/www.opus-pocus.com\/shop\/wp-json\/wp\/v2\/product"}],"about":[{"href":"https:\/\/www.opus-pocus.com\/shop\/wp-json\/wp\/v2\/types\/product"}],"replies":[{"embeddable":true,"href":"https:\/\/www.opus-pocus.com\/shop\/wp-json\/wp\/v2\/comments?post=3859"}],"wp:featuredmedia":[{"embeddable":true,"href":"https:\/\/www.opus-pocus.com\/shop\/wp-json\/wp\/v2\/media\/3593"}],"wp:attachment":[{"href":"https:\/\/www.opus-pocus.com\/shop\/wp-json\/wp\/v2\/media?parent=3859"}],"wp:term":[{"taxonomy":"product_brand","embeddable":true,"href":"https:\/\/www.opus-pocus.com\/shop\/wp-json\/wp\/v2\/product_brand?post=3859"},{"taxonomy":"product_cat","embeddable":true,"href":"https:\/\/www.opus-pocus.com\/shop\/wp-json\/wp\/v2\/product_cat?post=3859"},{"taxonomy":"product_tag","embeddable":true,"href":"https:\/\/www.opus-pocus.com\/shop\/wp-json\/wp\/v2\/product_tag?post=3859"}],"curies":[{"name":"wp","href":"https:\/\/api.w.org\/{rel}","templated":true}]}}