{"id":434,"date":"2023-11-26T20:30:59","date_gmt":"2023-11-26T19:30:59","guid":{"rendered":"https:\/\/opus-pocus.com\/woocommerce\/produit\/boucles-d-oreilles-labradorite-medieval-times\/"},"modified":"2026-04-05T20:45:52","modified_gmt":"2026-04-05T18:45:52","slug":"boucles-d-oreilles-labradorite-medieval-times","status":"publish","type":"product","link":"https:\/\/www.opus-pocus.com\/shop\/produit\/boucles-d-oreilles-labradorite-medieval-times\/","title":{"rendered":"Boucles d&rsquo;Oreilles MEDIEVAL TIMES en Labradorite et argent 925"},"content":{"rendered":"<p><strong>Entretien:<\/strong> Les boucles s\u2019entretiennent tr\u00e8s facilement en les lavant de temps en temps \u00e0 l\u2019eau savonneuse avec une brosse \u00e0 dent souple. Si vos bijoux s&rsquo;oxydent, nettoyer avec une petite noisette de dentifrice avec un peu d&rsquo;eau ti\u00e8de, soit au doigt, soit \u00e0 l&rsquo;aide d&rsquo;une brosse \u00e0 dent tr\u00e8s souple (type Inava).<\/p>\n<p>Si vous ne portez pas votre paire, conservez-la dans une petite pochette \u00e0 l&rsquo;abri de l&rsquo;air. Ne les conservez surtout pas dans votre salle de bain ou autre lieu humide, cela favorise l&rsquo;oxydation.<\/p>\n<p>Rassurez-vous, l&rsquo;oxydation n&rsquo;est qu&rsquo;un d\u00e9p\u00f4t sur l&rsquo;argent et se rattrape sans probl\u00e8me. L&rsquo;avantage de l&rsquo;argent c&rsquo;est qu&rsquo;il se garde \u00e0 vie et s&rsquo;entretien tr\u00e8s facilement. Si vous portez vos bijoux chaque jour alors ceux-l\u00e0 ne bougeront pas.<\/p>\n<p>Evitez tout de m\u00eame de vous baigner dans de l&rsquo;eau chlor\u00e9e ou dans les sources d&rsquo;eau soufr\u00e9e, cela noircit les bijoux. Retirez les pour dormir id\u00e9alement afin de ne pas les ab\u00eemer ainsi que pour le m\u00e9nage et les travaux manuels.<\/p>\n","protected":false},"excerpt":{"rendered":"<p>\u2727 Boucles d&rsquo;oreilles serties de labradorites ins\u00e9r\u00e9es dans 4 griffes et surmont\u00e9es d&rsquo;un d\u00e9tail inspir\u00e9 des fen\u00eatres en ogive des chapelles et cath\u00e9drales de la p\u00e9riode gothique, avec en leur dos, une ouverture en forme de quadrilobe puis des trilobes lat\u00e9raux au bas du bijou.<\/p>\n<ul>\n<li><strong>Mati\u00e8re<\/strong>: argent 925, labradorite<\/li>\n<li><strong>Taille du bijou<\/strong>: 43&#215;12 mm<\/li>\n<li><strong>Taille de la pierre<\/strong>: 6x8mm<\/li>\n<\/ul>\n<p>&nbsp;<\/p>\n<p>*Vendues \u00e0 la paire*<\/p>\n<p>-Mod\u00e8le D\u00e9pos\u00e9-<\/p>\n<p>Design fran\u00e7ais, fabriqu\u00e9 artisanalement et \u00e9thiquement en Tha\u00eflande.<\/p>\n<p>Estamp\u00e9 de mon poin\u00e7on d&rsquo;importation.<\/p>\n","protected":false},"featured_media":432,"comment_status":"closed","ping_status":"closed","template":"","meta":{"site-sidebar-layout":"default","site-content-layout":"default","ast-main-header-display":"","ast-hfb-above-header-display":"","ast-hfb-below-header-display":"","ast-hfb-mobile-header-display":"","site-post-title":"","ast-breadcrumbs-content":"","ast-featured-img":"","footer-sml-layout":"","theme-transparent-header-meta":"default","adv-header-id-meta":"","stick-header-meta":"","header-above-stick-meta":"","header-main-stick-meta":"","header-below-stick-meta":""},"product_brand":[],"product_cat":[18,26,22],"product_tag":[],"class_list":{"0":"post-434","1":"product","2":"type-product","3":"status-publish","4":"has-post-thumbnail","6":"product_cat-bijoux","7":"product_cat-boucles-d-oreilles","8":"product_cat-collection-medieval-times","10":"first","11":"outofstock","12":"shipping-taxable","13":"purchasable","14":"product-type-simple"},"yoast_head":"<!-- This site is optimized with the Yoast SEO plugin v27.3 - https:\/\/yoast.com\/product\/yoast-seo-wordpress\/ -->\n<title>Boucles d&#039;Oreilles MEDIEVAL TIMES en Labradorite et argent 925 - Opus Pocus<\/title>\n<meta name=\"description\" content=\"Boucles d&#039;oreilles en argent 925 et labradorite inspir\u00e9es des fen\u00eatres en ogive des cath\u00e9drales de la p\u00e9riode gothique. Pour les passionn\u00e9s de p\u00e9riode m\u00e9di\u00e9vale et de ch\u00e2teaux en ruines.\" \/>\n<meta name=\"robots\" content=\"index, follow, max-snippet:-1, max-image-preview:large, max-video-preview:-1\" \/>\n<link rel=\"canonical\" href=\"https:\/\/www.opus-pocus.com\/shop\/produit\/boucles-d-oreilles-labradorite-medieval-times\/\" \/>\n<meta property=\"og:locale\" content=\"fr_FR\" \/>\n<meta property=\"og:type\" content=\"article\" \/>\n<meta property=\"og:title\" content=\"Boucles d&#039;Oreilles MEDIEVAL TIMES en Labradorite et argent 925 - Opus Pocus\" \/>\n<meta property=\"og:description\" content=\"Boucles d&#039;oreilles en argent 925 et labradorite inspir\u00e9es des fen\u00eatres en ogive des cath\u00e9drales de la p\u00e9riode gothique. Pour les passionn\u00e9s de p\u00e9riode m\u00e9di\u00e9vale et de ch\u00e2teaux en ruines.\" \/>\n<meta property=\"og:url\" content=\"https:\/\/www.opus-pocus.com\/shop\/produit\/boucles-d-oreilles-labradorite-medieval-times\/\" \/>\n<meta property=\"og:site_name\" content=\"Opus Pocus\" \/>\n<meta property=\"article:modified_time\" content=\"2026-04-05T18:45:52+00:00\" \/>\n<meta property=\"og:image\" content=\"https:\/\/www.opus-pocus.com\/shop\/wp-content\/uploads\/2021\/11\/537-Boucles-dOreilles-Labradorite-Medieval-Times.jpg\" \/>\n\t<meta property=\"og:image:width\" content=\"800\" \/>\n\t<meta property=\"og:image:height\" content=\"800\" \/>\n\t<meta property=\"og:image:type\" content=\"image\/jpeg\" \/>\n<meta name=\"twitter:card\" content=\"summary_large_image\" \/>\n<meta name=\"twitter:label1\" content=\"Dur\u00e9e de lecture estim\u00e9e\" \/>\n\t<meta name=\"twitter:data1\" content=\"2 minutes\" \/>\n<script type=\"application\/ld+json\" class=\"yoast-schema-graph\">{\"@context\":\"https:\\\/\\\/schema.org\",\"@graph\":[{\"@type\":\"WebPage\",\"@id\":\"https:\\\/\\\/www.opus-pocus.com\\\/shop\\\/produit\\\/boucles-d-oreilles-labradorite-medieval-times\\\/\",\"url\":\"https:\\\/\\\/www.opus-pocus.com\\\/shop\\\/produit\\\/boucles-d-oreilles-labradorite-medieval-times\\\/\",\"name\":\"Boucles d'Oreilles MEDIEVAL TIMES en Labradorite et argent 925 - Opus Pocus\",\"isPartOf\":{\"@id\":\"https:\\\/\\\/www.opus-pocus.com\\\/shop\\\/#website\"},\"primaryImageOfPage\":{\"@id\":\"https:\\\/\\\/www.opus-pocus.com\\\/shop\\\/produit\\\/boucles-d-oreilles-labradorite-medieval-times\\\/#primaryimage\"},\"image\":{\"@id\":\"https:\\\/\\\/www.opus-pocus.com\\\/shop\\\/produit\\\/boucles-d-oreilles-labradorite-medieval-times\\\/#primaryimage\"},\"thumbnailUrl\":\"https:\\\/\\\/i0.wp.com\\\/www.opus-pocus.com\\\/shop\\\/wp-content\\\/uploads\\\/2021\\\/11\\\/537-Boucles-dOreilles-Labradorite-Medieval-Times.jpg?fit=800%2C800&ssl=1\",\"datePublished\":\"2023-11-26T19:30:59+00:00\",\"dateModified\":\"2026-04-05T18:45:52+00:00\",\"description\":\"Boucles d'oreilles en argent 925 et labradorite inspir\u00e9es des fen\u00eatres en ogive des cath\u00e9drales de la p\u00e9riode gothique. Pour les passionn\u00e9s de p\u00e9riode m\u00e9di\u00e9vale et de ch\u00e2teaux en ruines.\",\"breadcrumb\":{\"@id\":\"https:\\\/\\\/www.opus-pocus.com\\\/shop\\\/produit\\\/boucles-d-oreilles-labradorite-medieval-times\\\/#breadcrumb\"},\"inLanguage\":\"fr-FR\",\"potentialAction\":[{\"@type\":\"ReadAction\",\"target\":[\"https:\\\/\\\/www.opus-pocus.com\\\/shop\\\/produit\\\/boucles-d-oreilles-labradorite-medieval-times\\\/\"]}]},{\"@type\":\"ImageObject\",\"inLanguage\":\"fr-FR\",\"@id\":\"https:\\\/\\\/www.opus-pocus.com\\\/shop\\\/produit\\\/boucles-d-oreilles-labradorite-medieval-times\\\/#primaryimage\",\"url\":\"https:\\\/\\\/i0.wp.com\\\/www.opus-pocus.com\\\/shop\\\/wp-content\\\/uploads\\\/2021\\\/11\\\/537-Boucles-dOreilles-Labradorite-Medieval-Times.jpg?fit=800%2C800&ssl=1\",\"contentUrl\":\"https:\\\/\\\/i0.wp.com\\\/www.opus-pocus.com\\\/shop\\\/wp-content\\\/uploads\\\/2021\\\/11\\\/537-Boucles-dOreilles-Labradorite-Medieval-Times.jpg?fit=800%2C800&ssl=1\",\"width\":800,\"height\":800,\"caption\":\"Boucles d'Oreilles Labradorite \\\"Medieval Times\\\"\"},{\"@type\":\"BreadcrumbList\",\"@id\":\"https:\\\/\\\/www.opus-pocus.com\\\/shop\\\/produit\\\/boucles-d-oreilles-labradorite-medieval-times\\\/#breadcrumb\",\"itemListElement\":[{\"@type\":\"ListItem\",\"position\":1,\"name\":\"Accueil\",\"item\":\"https:\\\/\\\/www.opus-pocus.com\\\/shop\\\/\"},{\"@type\":\"ListItem\",\"position\":2,\"name\":\"Boutique\",\"item\":\"https:\\\/\\\/www.opus-pocus.com\\\/shop\\\/\"},{\"@type\":\"ListItem\",\"position\":3,\"name\":\"Boucles d&rsquo;Oreilles MEDIEVAL TIMES en Labradorite et argent 925\"}]},{\"@type\":\"WebSite\",\"@id\":\"https:\\\/\\\/www.opus-pocus.com\\\/shop\\\/#website\",\"url\":\"https:\\\/\\\/www.opus-pocus.com\\\/shop\\\/\",\"name\":\"Opus Pocus\",\"description\":\"Opus Pocus\",\"publisher\":{\"@id\":\"https:\\\/\\\/www.opus-pocus.com\\\/shop\\\/#organization\"},\"potentialAction\":[{\"@type\":\"SearchAction\",\"target\":{\"@type\":\"EntryPoint\",\"urlTemplate\":\"https:\\\/\\\/www.opus-pocus.com\\\/shop\\\/?s={search_term_string}\"},\"query-input\":{\"@type\":\"PropertyValueSpecification\",\"valueRequired\":true,\"valueName\":\"search_term_string\"}}],\"inLanguage\":\"fr-FR\"},{\"@type\":\"Organization\",\"@id\":\"https:\\\/\\\/www.opus-pocus.com\\\/shop\\\/#organization\",\"name\":\"Opus Pocus\",\"url\":\"https:\\\/\\\/www.opus-pocus.com\\\/shop\\\/\",\"logo\":{\"@type\":\"ImageObject\",\"inLanguage\":\"fr-FR\",\"@id\":\"https:\\\/\\\/www.opus-pocus.com\\\/shop\\\/#\\\/schema\\\/logo\\\/image\\\/\",\"url\":\"https:\\\/\\\/i0.wp.com\\\/www.opus-pocus.com\\\/shop\\\/wp-content\\\/uploads\\\/2021\\\/12\\\/opus-pocus-logo.png?fit=300%2C78&ssl=1\",\"contentUrl\":\"https:\\\/\\\/i0.wp.com\\\/www.opus-pocus.com\\\/shop\\\/wp-content\\\/uploads\\\/2021\\\/12\\\/opus-pocus-logo.png?fit=300%2C78&ssl=1\",\"width\":300,\"height\":78,\"caption\":\"Opus Pocus\"},\"image\":{\"@id\":\"https:\\\/\\\/www.opus-pocus.com\\\/shop\\\/#\\\/schema\\\/logo\\\/image\\\/\"}}]}<\/script>\n<!-- \/ Yoast SEO plugin. -->","yoast_head_json":{"title":"Boucles d'Oreilles MEDIEVAL TIMES en Labradorite et argent 925 - Opus Pocus","description":"Boucles d'oreilles en argent 925 et labradorite inspir\u00e9es des fen\u00eatres en ogive des cath\u00e9drales de la p\u00e9riode gothique. Pour les passionn\u00e9s de p\u00e9riode m\u00e9di\u00e9vale et de ch\u00e2teaux en ruines.","robots":{"index":"index","follow":"follow","max-snippet":"max-snippet:-1","max-image-preview":"max-image-preview:large","max-video-preview":"max-video-preview:-1"},"canonical":"https:\/\/www.opus-pocus.com\/shop\/produit\/boucles-d-oreilles-labradorite-medieval-times\/","og_locale":"fr_FR","og_type":"article","og_title":"Boucles d'Oreilles MEDIEVAL TIMES en Labradorite et argent 925 - Opus Pocus","og_description":"Boucles d'oreilles en argent 925 et labradorite inspir\u00e9es des fen\u00eatres en ogive des cath\u00e9drales de la p\u00e9riode gothique. Pour les passionn\u00e9s de p\u00e9riode m\u00e9di\u00e9vale et de ch\u00e2teaux en ruines.","og_url":"https:\/\/www.opus-pocus.com\/shop\/produit\/boucles-d-oreilles-labradorite-medieval-times\/","og_site_name":"Opus Pocus","article_modified_time":"2026-04-05T18:45:52+00:00","og_image":[{"width":800,"height":800,"url":"https:\/\/www.opus-pocus.com\/shop\/wp-content\/uploads\/2021\/11\/537-Boucles-dOreilles-Labradorite-Medieval-Times.jpg","type":"image\/jpeg"}],"twitter_card":"summary_large_image","twitter_misc":{"Dur\u00e9e de lecture estim\u00e9e":"2 minutes"},"schema":{"@context":"https:\/\/schema.org","@graph":[{"@type":"WebPage","@id":"https:\/\/www.opus-pocus.com\/shop\/produit\/boucles-d-oreilles-labradorite-medieval-times\/","url":"https:\/\/www.opus-pocus.com\/shop\/produit\/boucles-d-oreilles-labradorite-medieval-times\/","name":"Boucles d'Oreilles MEDIEVAL TIMES en Labradorite et argent 925 - Opus Pocus","isPartOf":{"@id":"https:\/\/www.opus-pocus.com\/shop\/#website"},"primaryImageOfPage":{"@id":"https:\/\/www.opus-pocus.com\/shop\/produit\/boucles-d-oreilles-labradorite-medieval-times\/#primaryimage"},"image":{"@id":"https:\/\/www.opus-pocus.com\/shop\/produit\/boucles-d-oreilles-labradorite-medieval-times\/#primaryimage"},"thumbnailUrl":"https:\/\/i0.wp.com\/www.opus-pocus.com\/shop\/wp-content\/uploads\/2021\/11\/537-Boucles-dOreilles-Labradorite-Medieval-Times.jpg?fit=800%2C800&ssl=1","datePublished":"2023-11-26T19:30:59+00:00","dateModified":"2026-04-05T18:45:52+00:00","description":"Boucles d'oreilles en argent 925 et labradorite inspir\u00e9es des fen\u00eatres en ogive des cath\u00e9drales de la p\u00e9riode gothique. Pour les passionn\u00e9s de p\u00e9riode m\u00e9di\u00e9vale et de ch\u00e2teaux en ruines.","breadcrumb":{"@id":"https:\/\/www.opus-pocus.com\/shop\/produit\/boucles-d-oreilles-labradorite-medieval-times\/#breadcrumb"},"inLanguage":"fr-FR","potentialAction":[{"@type":"ReadAction","target":["https:\/\/www.opus-pocus.com\/shop\/produit\/boucles-d-oreilles-labradorite-medieval-times\/"]}]},{"@type":"ImageObject","inLanguage":"fr-FR","@id":"https:\/\/www.opus-pocus.com\/shop\/produit\/boucles-d-oreilles-labradorite-medieval-times\/#primaryimage","url":"https:\/\/i0.wp.com\/www.opus-pocus.com\/shop\/wp-content\/uploads\/2021\/11\/537-Boucles-dOreilles-Labradorite-Medieval-Times.jpg?fit=800%2C800&ssl=1","contentUrl":"https:\/\/i0.wp.com\/www.opus-pocus.com\/shop\/wp-content\/uploads\/2021\/11\/537-Boucles-dOreilles-Labradorite-Medieval-Times.jpg?fit=800%2C800&ssl=1","width":800,"height":800,"caption":"Boucles d'Oreilles Labradorite \"Medieval Times\""},{"@type":"BreadcrumbList","@id":"https:\/\/www.opus-pocus.com\/shop\/produit\/boucles-d-oreilles-labradorite-medieval-times\/#breadcrumb","itemListElement":[{"@type":"ListItem","position":1,"name":"Accueil","item":"https:\/\/www.opus-pocus.com\/shop\/"},{"@type":"ListItem","position":2,"name":"Boutique","item":"https:\/\/www.opus-pocus.com\/shop\/"},{"@type":"ListItem","position":3,"name":"Boucles d&rsquo;Oreilles MEDIEVAL TIMES en Labradorite et argent 925"}]},{"@type":"WebSite","@id":"https:\/\/www.opus-pocus.com\/shop\/#website","url":"https:\/\/www.opus-pocus.com\/shop\/","name":"Opus Pocus","description":"Opus Pocus","publisher":{"@id":"https:\/\/www.opus-pocus.com\/shop\/#organization"},"potentialAction":[{"@type":"SearchAction","target":{"@type":"EntryPoint","urlTemplate":"https:\/\/www.opus-pocus.com\/shop\/?s={search_term_string}"},"query-input":{"@type":"PropertyValueSpecification","valueRequired":true,"valueName":"search_term_string"}}],"inLanguage":"fr-FR"},{"@type":"Organization","@id":"https:\/\/www.opus-pocus.com\/shop\/#organization","name":"Opus Pocus","url":"https:\/\/www.opus-pocus.com\/shop\/","logo":{"@type":"ImageObject","inLanguage":"fr-FR","@id":"https:\/\/www.opus-pocus.com\/shop\/#\/schema\/logo\/image\/","url":"https:\/\/i0.wp.com\/www.opus-pocus.com\/shop\/wp-content\/uploads\/2021\/12\/opus-pocus-logo.png?fit=300%2C78&ssl=1","contentUrl":"https:\/\/i0.wp.com\/www.opus-pocus.com\/shop\/wp-content\/uploads\/2021\/12\/opus-pocus-logo.png?fit=300%2C78&ssl=1","width":300,"height":78,"caption":"Opus Pocus"},"image":{"@id":"https:\/\/www.opus-pocus.com\/shop\/#\/schema\/logo\/image\/"}}]}},"jetpack-related-posts":[{"id":1990,"url":"https:\/\/www.opus-pocus.com\/shop\/produit\/boucles-doreilles-roscudon-en-argent-925\/","url_meta":{"origin":434,"position":0},"title":"Boucles d&rsquo;oreilles ROSCUDON en argent 925","author":"Sarah","date":"9 novembre 2025","format":false,"excerpt":"\u2727 Les boucles d\u2019oreilles ROSCUDON sont des petites cr\u00e9oles en argent 925 inspir\u00e9es de l\u2019architecture m\u00e9di\u00e9vale. Mati\u00e8re: argent 925 Taille: 20 x 17,5\u00a0 mm L\u2019attache est tr\u00e8s pratique, la tige se clipse entre 2 bras d\u2019argent, fermoir le plus adapt\u00e9 \u00e0 tous. *Pens\u00e9es \u00e9galement pour les oreilles stretch\u00e9es* \u00a0 -Mod\u00e8le\u2026","rel":"","context":"Article similaire","block_context":{"text":"Article similaire","link":""},"img":{"alt_text":"","src":"https:\/\/i0.wp.com\/www.opus-pocus.com\/shop\/wp-content\/uploads\/2023\/11\/BO-Roscudon.jpg?fit=960%2C1200&ssl=1&resize=350%2C200","width":350,"height":200,"srcset":"https:\/\/i0.wp.com\/www.opus-pocus.com\/shop\/wp-content\/uploads\/2023\/11\/BO-Roscudon.jpg?fit=960%2C1200&ssl=1&resize=350%2C200 1x, https:\/\/i0.wp.com\/www.opus-pocus.com\/shop\/wp-content\/uploads\/2023\/11\/BO-Roscudon.jpg?fit=960%2C1200&ssl=1&resize=525%2C300 1.5x, https:\/\/i0.wp.com\/www.opus-pocus.com\/shop\/wp-content\/uploads\/2023\/11\/BO-Roscudon.jpg?fit=960%2C1200&ssl=1&resize=700%2C400 2x"},"classes":[]},{"id":3670,"url":"https:\/\/www.opus-pocus.com\/shop\/produit\/boucles-doreilles-lore-en-argent-925\/","url_meta":{"origin":434,"position":1},"title":"Boucles d&rsquo;oreilles LORE en argent 925","author":"Sarah","date":"9 novembre 2025","format":false,"excerpt":"\u2727 Les boucles d'oreilles LORE sont inspir\u00e9es de l'architecture m\u00e9di\u00e9vale plus pr\u00e9cis\u00e9ment du gothique flamboyant. Mati\u00e8re: argent 925 Taille: 25 x 23 mm Poids:\u00a0 environ 8g la paire L'attache est tr\u00e8s pratique, la tige se clipse entre 2 bras d'argent, fermoir le plus adapt\u00e9 \u00e0 tous. Mixte. Convient aux oreilles\u2026","rel":"","context":"Article similaire","block_context":{"text":"Article similaire","link":""},"img":{"alt_text":"","src":"https:\/\/i0.wp.com\/www.opus-pocus.com\/shop\/wp-content\/uploads\/2025\/11\/BO-Lore.jpg?fit=960%2C1200&ssl=1&resize=350%2C200","width":350,"height":200,"srcset":"https:\/\/i0.wp.com\/www.opus-pocus.com\/shop\/wp-content\/uploads\/2025\/11\/BO-Lore.jpg?fit=960%2C1200&ssl=1&resize=350%2C200 1x, https:\/\/i0.wp.com\/www.opus-pocus.com\/shop\/wp-content\/uploads\/2025\/11\/BO-Lore.jpg?fit=960%2C1200&ssl=1&resize=525%2C300 1.5x, https:\/\/i0.wp.com\/www.opus-pocus.com\/shop\/wp-content\/uploads\/2025\/11\/BO-Lore.jpg?fit=960%2C1200&ssl=1&resize=700%2C400 2x"},"classes":[]},{"id":1032,"url":"https:\/\/www.opus-pocus.com\/shop\/produit\/boucles-doreilles-dark-century-en-argent-925\/","url_meta":{"origin":434,"position":2},"title":"Boucles d&rsquo;oreilles DARK CENTURY en argent 925","author":"Sarah","date":"1 juin 2025","format":false,"excerpt":"\u2727 Les boucles d'oreilles DARK CENTURY sont en forme de g\u00e2ble invers\u00e9 et inspir\u00e9es de l'architecture m\u00e9di\u00e9vale. Mati\u00e8re: argent 925 Taille: 28,5 x 17,5 mm Poids: 6,30 g la paire L'attache est tr\u00e8s pratique, la tige se clipse entre 2 bras d'argent, fermoir le plus adapt\u00e9 \u00e0 tous. \u00a0 -Mod\u00e8le\u2026","rel":"","context":"Article similaire","block_context":{"text":"Article similaire","link":""},"img":{"alt_text":"","src":"https:\/\/i0.wp.com\/www.opus-pocus.com\/shop\/wp-content\/uploads\/2025\/06\/DC-2025-2.jpg?fit=960%2C1200&ssl=1&resize=350%2C200","width":350,"height":200,"srcset":"https:\/\/i0.wp.com\/www.opus-pocus.com\/shop\/wp-content\/uploads\/2025\/06\/DC-2025-2.jpg?fit=960%2C1200&ssl=1&resize=350%2C200 1x, https:\/\/i0.wp.com\/www.opus-pocus.com\/shop\/wp-content\/uploads\/2025\/06\/DC-2025-2.jpg?fit=960%2C1200&ssl=1&resize=525%2C300 1.5x, https:\/\/i0.wp.com\/www.opus-pocus.com\/shop\/wp-content\/uploads\/2025\/06\/DC-2025-2.jpg?fit=960%2C1200&ssl=1&resize=700%2C400 2x"},"classes":[]},{"id":3859,"url":"https:\/\/www.opus-pocus.com\/shop\/produit\/boucle-doreille-dark-century-en-argent-925\/","url_meta":{"origin":434,"position":3},"title":"Boucle d&rsquo;oreille DARK CENTURY en argent 925","author":"Sarah","date":"5 avril 2026","format":false,"excerpt":"\u2727 Les boucles d'oreilles DARK CENTURY sont en forme de g\u00e2ble invers\u00e9 et inspir\u00e9es de l'architecture m\u00e9di\u00e9vale. Mati\u00e8re: argent 925 Taille: 28,5 x 17,5 mm Poids: 6,30 g la paire L'attache est tr\u00e8s pratique, la tige se clipse entre 2 bras d'argent, fermoir le plus adapt\u00e9 \u00e0 tous. \u00a0 -Mod\u00e8le\u2026","rel":"","context":"Article similaire","block_context":{"text":"Article similaire","link":""},"img":{"alt_text":"","src":"https:\/\/i0.wp.com\/www.opus-pocus.com\/shop\/wp-content\/uploads\/2025\/06\/DC-2025-2.jpg?fit=960%2C1200&ssl=1&resize=350%2C200","width":350,"height":200,"srcset":"https:\/\/i0.wp.com\/www.opus-pocus.com\/shop\/wp-content\/uploads\/2025\/06\/DC-2025-2.jpg?fit=960%2C1200&ssl=1&resize=350%2C200 1x, https:\/\/i0.wp.com\/www.opus-pocus.com\/shop\/wp-content\/uploads\/2025\/06\/DC-2025-2.jpg?fit=960%2C1200&ssl=1&resize=525%2C300 1.5x, https:\/\/i0.wp.com\/www.opus-pocus.com\/shop\/wp-content\/uploads\/2025\/06\/DC-2025-2.jpg?fit=960%2C1200&ssl=1&resize=700%2C400 2x"},"classes":[]},{"id":2965,"url":"https:\/\/www.opus-pocus.com\/shop\/produit\/boucles-doreilles-ignis-en-argent-925\/","url_meta":{"origin":434,"position":4},"title":"Boucles d&rsquo;oreilles IGNIS en argent 925","author":"Sarah","date":"1 d\u00e9cembre 2024","format":false,"excerpt":"\u2727 Les boucles d\u2019oreilles IGNIS sont des cr\u00e9oles en argent 925 inspir\u00e9es de l\u2019architecture m\u00e9di\u00e9vale. Mati\u00e8re: argent 925 Taille: 26 x 32,2 mm L\u2019attache est tr\u00e8s pratique, la tige se clipse entre 2 bras d\u2019argent, fermoir le plus adapt\u00e9 \u00e0 tous. *Pens\u00e9es \u00e9galement pour les oreilles stretch\u00e9es* \u00a0 -Mod\u00e8le D\u00e9pos\u00e9-\u2026","rel":"","context":"Article similaire","block_context":{"text":"Article similaire","link":""},"img":{"alt_text":"","src":"https:\/\/i0.wp.com\/www.opus-pocus.com\/shop\/wp-content\/uploads\/2024\/11\/Mousse-3.jpg?fit=960%2C1200&ssl=1&resize=350%2C200","width":350,"height":200,"srcset":"https:\/\/i0.wp.com\/www.opus-pocus.com\/shop\/wp-content\/uploads\/2024\/11\/Mousse-3.jpg?fit=960%2C1200&ssl=1&resize=350%2C200 1x, https:\/\/i0.wp.com\/www.opus-pocus.com\/shop\/wp-content\/uploads\/2024\/11\/Mousse-3.jpg?fit=960%2C1200&ssl=1&resize=525%2C300 1.5x, https:\/\/i0.wp.com\/www.opus-pocus.com\/shop\/wp-content\/uploads\/2024\/11\/Mousse-3.jpg?fit=960%2C1200&ssl=1&resize=700%2C400 2x"},"classes":[]},{"id":2447,"url":"https:\/\/www.opus-pocus.com\/shop\/produit\/boucles-doreilles-caliburno-en-argent-925\/","url_meta":{"origin":434,"position":5},"title":"Boucles d&rsquo;oreilles CALIBURNO en argent 925","author":"Sarah","date":"9 novembre 2025","format":false,"excerpt":"\u2727 Les boucles d'oreilles CALIBURNO sont compos\u00e9es chacune d'un fermoir en cr\u00e9oles en argent 925 sur lequel est suspendu une \u00e9p\u00e9e. Elles sont assorties au pendentif \"CALIBURNO\". Le pommeau de l'\u00e9p\u00e9e repr\u00e9sente un vitrail en ogive. Ce bijou est pens\u00e9 comme un talisman pour vous donner force et courage. \u00a0\u2026","rel":"","context":"Article similaire","block_context":{"text":"Article similaire","link":""},"img":{"alt_text":"","src":"https:\/\/i0.wp.com\/www.opus-pocus.com\/shop\/wp-content\/uploads\/2024\/10\/Creoles-Caliburno.jpg?fit=960%2C1200&ssl=1&resize=350%2C200","width":350,"height":200,"srcset":"https:\/\/i0.wp.com\/www.opus-pocus.com\/shop\/wp-content\/uploads\/2024\/10\/Creoles-Caliburno.jpg?fit=960%2C1200&ssl=1&resize=350%2C200 1x, https:\/\/i0.wp.com\/www.opus-pocus.com\/shop\/wp-content\/uploads\/2024\/10\/Creoles-Caliburno.jpg?fit=960%2C1200&ssl=1&resize=525%2C300 1.5x, https:\/\/i0.wp.com\/www.opus-pocus.com\/shop\/wp-content\/uploads\/2024\/10\/Creoles-Caliburno.jpg?fit=960%2C1200&ssl=1&resize=700%2C400 2x"},"classes":[]}],"jetpack_sharing_enabled":true,"_links":{"self":[{"href":"https:\/\/www.opus-pocus.com\/shop\/wp-json\/wp\/v2\/product\/434","targetHints":{"allow":["GET"]}}],"collection":[{"href":"https:\/\/www.opus-pocus.com\/shop\/wp-json\/wp\/v2\/product"}],"about":[{"href":"https:\/\/www.opus-pocus.com\/shop\/wp-json\/wp\/v2\/types\/product"}],"replies":[{"embeddable":true,"href":"https:\/\/www.opus-pocus.com\/shop\/wp-json\/wp\/v2\/comments?post=434"}],"wp:featuredmedia":[{"embeddable":true,"href":"https:\/\/www.opus-pocus.com\/shop\/wp-json\/wp\/v2\/media\/432"}],"wp:attachment":[{"href":"https:\/\/www.opus-pocus.com\/shop\/wp-json\/wp\/v2\/media?parent=434"}],"wp:term":[{"taxonomy":"product_brand","embeddable":true,"href":"https:\/\/www.opus-pocus.com\/shop\/wp-json\/wp\/v2\/product_brand?post=434"},{"taxonomy":"product_cat","embeddable":true,"href":"https:\/\/www.opus-pocus.com\/shop\/wp-json\/wp\/v2\/product_cat?post=434"},{"taxonomy":"product_tag","embeddable":true,"href":"https:\/\/www.opus-pocus.com\/shop\/wp-json\/wp\/v2\/product_tag?post=434"}],"curies":[{"name":"wp","href":"https:\/\/api.w.org\/{rel}","templated":true}]}}