{"id":477,"date":"2024-12-01T20:30:51","date_gmt":"2024-12-01T19:30:51","guid":{"rendered":"https:\/\/opus-pocus.com\/woocommerce\/produit\/pendentif-medieval-times-petit-modele-onyx-2\/"},"modified":"2026-02-18T22:57:44","modified_gmt":"2026-02-18T21:57:44","slug":"pendentif-medieval-times-petit-modele-onyx-2","status":"publish","type":"product","link":"https:\/\/www.opus-pocus.com\/shop\/produit\/pendentif-medieval-times-petit-modele-onyx-2\/","title":{"rendered":"Pendentif Petit MEDIEVAL TIMES en Onyx et argent 925"},"content":{"rendered":"<p>\u2727 Le pendentif \u201cMedieval Times\u201d, c\u2019est l\u2019\u00e9vocation de l\u2019abbaye en ruines, de la cath\u00e9drale et ses vitraux dont la dimension mystique coupe le souffle, c\u2019est le ch\u00e2teau m\u00e9di\u00e9val qui se d\u00e9voile dans la brume, la chapelle du XV\u00e8me si\u00e8cle qui surgit lors d\u2019une promenade \u00e0 travers la campagne bretonne.<\/p>\n<p>\u27ba A tous les amoureux des vieilles pierres, ce bijou vous est d\u00e9di\u00e9.<\/p>\n<p>&nbsp;<\/p>\n","protected":false},"excerpt":{"rendered":"<p>\u2727 Pendentif en argent 925, surmont\u00e9 d\u2019une partie inspir\u00e9e des fen\u00eatres en ogive des cath\u00e9drales de la p\u00e9riode gothique classique.<\/p>\n<p>\u2727 Le pendentif est serti d\u2019un onyx ins\u00e9r\u00e9 dans quatre griffes, avec en son dos, une ouverture en forme de quadrilobe typique de l\u2019architecture m\u00e9di\u00e9vale.<\/p>\n<ul>\n<li><strong>Mati\u00e8re<\/strong>: Argent 925, onyx<\/li>\n<li><strong>Cha\u00eene<\/strong>: Pr\u00e9sent\u00e9 avec la maille jaseron fine 45 cm (vendue s\u00e9par\u00e9ment \u2013 voir dans la cat\u00e9gorie Cha\u00eenes)<\/li>\n<li><strong>Taille du bijou<\/strong>: 37\u00d718 mm<\/li>\n<li><strong>Taille de la pierre<\/strong>: 14\u00d710 mm<\/li>\n<\/ul>\n<p>&nbsp;<\/p>\n<p>*VENDU SANS CHA\u00ceNE*<\/p>\n<p>-Mod\u00e8le D\u00e9pos\u00e9-<\/p>\n<p>Design fran\u00e7ais, fabriqu\u00e9 artisanalement et \u00e9thiquement en Tha\u00eflande.<\/p>\n<p>Estamp\u00e9 de mon poin\u00e7on d\u2019importation.<\/p>\n","protected":false},"featured_media":1391,"comment_status":"closed","ping_status":"closed","template":"","meta":{"site-sidebar-layout":"default","site-content-layout":"default","ast-main-header-display":"","ast-hfb-above-header-display":"","ast-hfb-below-header-display":"","ast-hfb-mobile-header-display":"","site-post-title":"","ast-breadcrumbs-content":"","ast-featured-img":"","footer-sml-layout":"","theme-transparent-header-meta":"default","adv-header-id-meta":"","stick-header-meta":"","header-above-stick-meta":"","header-main-stick-meta":"","header-below-stick-meta":""},"product_brand":[],"product_cat":[18,22,23],"product_tag":[62,61,60,58,59,57],"class_list":{"0":"post-477","1":"product","2":"type-product","3":"status-publish","4":"has-post-thumbnail","6":"product_cat-bijoux","7":"product_cat-collection-medieval-times","8":"product_cat-pendentifs","9":"product_tag-architecture-gothique","10":"product_tag-gothique","11":"product_tag-medieval","12":"product_tag-medieval-times","13":"product_tag-medievalgothique","14":"product_tag-ogive","16":"first","17":"instock","18":"featured","19":"purchasable","20":"product-type-simple"},"yoast_head":"<!-- This site is optimized with the Yoast SEO plugin v27.3 - https:\/\/yoast.com\/product\/yoast-seo-wordpress\/ -->\n<title>Pendentif Petit MEDIEVAL TIMES en Onyx et argent 925 - Opus Pocus<\/title>\n<meta name=\"description\" content=\"Pendentif en argent 925 et onyx inspir\u00e9 de la p\u00e9riode m\u00e9di\u00e9vale et des cath\u00e9drales.\" \/>\n<meta name=\"robots\" content=\"index, follow, max-snippet:-1, max-image-preview:large, max-video-preview:-1\" \/>\n<link rel=\"canonical\" href=\"https:\/\/www.opus-pocus.com\/shop\/produit\/pendentif-medieval-times-petit-modele-onyx-2\/\" \/>\n<meta property=\"og:locale\" content=\"fr_FR\" \/>\n<meta property=\"og:type\" content=\"article\" \/>\n<meta property=\"og:title\" content=\"Pendentif Petit MEDIEVAL TIMES en Onyx et argent 925 - Opus Pocus\" \/>\n<meta property=\"og:description\" content=\"Pendentif en argent 925 et onyx inspir\u00e9 de la p\u00e9riode m\u00e9di\u00e9vale et des cath\u00e9drales.\" \/>\n<meta property=\"og:url\" content=\"https:\/\/www.opus-pocus.com\/shop\/produit\/pendentif-medieval-times-petit-modele-onyx-2\/\" \/>\n<meta property=\"og:site_name\" content=\"Opus Pocus\" \/>\n<meta property=\"article:modified_time\" content=\"2026-02-18T21:57:44+00:00\" \/>\n<meta property=\"og:image\" content=\"https:\/\/www.opus-pocus.com\/shop\/wp-content\/uploads\/2022\/10\/P-MT-Petit-Onyx-Porte-SITE.jpg\" \/>\n\t<meta property=\"og:image:width\" content=\"800\" \/>\n\t<meta property=\"og:image:height\" content=\"800\" \/>\n\t<meta property=\"og:image:type\" content=\"image\/jpeg\" \/>\n<meta name=\"twitter:card\" content=\"summary_large_image\" \/>\n<meta name=\"twitter:label1\" content=\"Dur\u00e9e de lecture estim\u00e9e\" \/>\n\t<meta name=\"twitter:data1\" content=\"1 minute\" \/>\n<script type=\"application\/ld+json\" class=\"yoast-schema-graph\">{\"@context\":\"https:\\\/\\\/schema.org\",\"@graph\":[{\"@type\":\"WebPage\",\"@id\":\"https:\\\/\\\/www.opus-pocus.com\\\/shop\\\/produit\\\/pendentif-medieval-times-petit-modele-onyx-2\\\/\",\"url\":\"https:\\\/\\\/www.opus-pocus.com\\\/shop\\\/produit\\\/pendentif-medieval-times-petit-modele-onyx-2\\\/\",\"name\":\"Pendentif Petit MEDIEVAL TIMES en Onyx et argent 925 - Opus Pocus\",\"isPartOf\":{\"@id\":\"https:\\\/\\\/www.opus-pocus.com\\\/shop\\\/#website\"},\"primaryImageOfPage\":{\"@id\":\"https:\\\/\\\/www.opus-pocus.com\\\/shop\\\/produit\\\/pendentif-medieval-times-petit-modele-onyx-2\\\/#primaryimage\"},\"image\":{\"@id\":\"https:\\\/\\\/www.opus-pocus.com\\\/shop\\\/produit\\\/pendentif-medieval-times-petit-modele-onyx-2\\\/#primaryimage\"},\"thumbnailUrl\":\"https:\\\/\\\/i0.wp.com\\\/www.opus-pocus.com\\\/shop\\\/wp-content\\\/uploads\\\/2022\\\/10\\\/P-MT-Petit-Onyx-Porte-SITE.jpg?fit=800%2C800&ssl=1\",\"datePublished\":\"2024-12-01T19:30:51+00:00\",\"dateModified\":\"2026-02-18T21:57:44+00:00\",\"description\":\"Pendentif en argent 925 et onyx inspir\u00e9 de la p\u00e9riode m\u00e9di\u00e9vale et des cath\u00e9drales.\",\"breadcrumb\":{\"@id\":\"https:\\\/\\\/www.opus-pocus.com\\\/shop\\\/produit\\\/pendentif-medieval-times-petit-modele-onyx-2\\\/#breadcrumb\"},\"inLanguage\":\"fr-FR\",\"potentialAction\":[{\"@type\":\"ReadAction\",\"target\":[\"https:\\\/\\\/www.opus-pocus.com\\\/shop\\\/produit\\\/pendentif-medieval-times-petit-modele-onyx-2\\\/\"]}]},{\"@type\":\"ImageObject\",\"inLanguage\":\"fr-FR\",\"@id\":\"https:\\\/\\\/www.opus-pocus.com\\\/shop\\\/produit\\\/pendentif-medieval-times-petit-modele-onyx-2\\\/#primaryimage\",\"url\":\"https:\\\/\\\/i0.wp.com\\\/www.opus-pocus.com\\\/shop\\\/wp-content\\\/uploads\\\/2022\\\/10\\\/P-MT-Petit-Onyx-Porte-SITE.jpg?fit=800%2C800&ssl=1\",\"contentUrl\":\"https:\\\/\\\/i0.wp.com\\\/www.opus-pocus.com\\\/shop\\\/wp-content\\\/uploads\\\/2022\\\/10\\\/P-MT-Petit-Onyx-Porte-SITE.jpg?fit=800%2C800&ssl=1\",\"width\":800,\"height\":800},{\"@type\":\"BreadcrumbList\",\"@id\":\"https:\\\/\\\/www.opus-pocus.com\\\/shop\\\/produit\\\/pendentif-medieval-times-petit-modele-onyx-2\\\/#breadcrumb\",\"itemListElement\":[{\"@type\":\"ListItem\",\"position\":1,\"name\":\"Accueil\",\"item\":\"https:\\\/\\\/www.opus-pocus.com\\\/shop\\\/\"},{\"@type\":\"ListItem\",\"position\":2,\"name\":\"Boutique\",\"item\":\"https:\\\/\\\/www.opus-pocus.com\\\/shop\\\/\"},{\"@type\":\"ListItem\",\"position\":3,\"name\":\"Pendentif Medieval Times\"}]},{\"@type\":\"WebSite\",\"@id\":\"https:\\\/\\\/www.opus-pocus.com\\\/shop\\\/#website\",\"url\":\"https:\\\/\\\/www.opus-pocus.com\\\/shop\\\/\",\"name\":\"Opus Pocus\",\"description\":\"Opus Pocus\",\"publisher\":{\"@id\":\"https:\\\/\\\/www.opus-pocus.com\\\/shop\\\/#organization\"},\"potentialAction\":[{\"@type\":\"SearchAction\",\"target\":{\"@type\":\"EntryPoint\",\"urlTemplate\":\"https:\\\/\\\/www.opus-pocus.com\\\/shop\\\/?s={search_term_string}\"},\"query-input\":{\"@type\":\"PropertyValueSpecification\",\"valueRequired\":true,\"valueName\":\"search_term_string\"}}],\"inLanguage\":\"fr-FR\"},{\"@type\":\"Organization\",\"@id\":\"https:\\\/\\\/www.opus-pocus.com\\\/shop\\\/#organization\",\"name\":\"Opus Pocus\",\"url\":\"https:\\\/\\\/www.opus-pocus.com\\\/shop\\\/\",\"logo\":{\"@type\":\"ImageObject\",\"inLanguage\":\"fr-FR\",\"@id\":\"https:\\\/\\\/www.opus-pocus.com\\\/shop\\\/#\\\/schema\\\/logo\\\/image\\\/\",\"url\":\"https:\\\/\\\/i0.wp.com\\\/www.opus-pocus.com\\\/shop\\\/wp-content\\\/uploads\\\/2021\\\/12\\\/opus-pocus-logo.png?fit=300%2C78&ssl=1\",\"contentUrl\":\"https:\\\/\\\/i0.wp.com\\\/www.opus-pocus.com\\\/shop\\\/wp-content\\\/uploads\\\/2021\\\/12\\\/opus-pocus-logo.png?fit=300%2C78&ssl=1\",\"width\":300,\"height\":78,\"caption\":\"Opus Pocus\"},\"image\":{\"@id\":\"https:\\\/\\\/www.opus-pocus.com\\\/shop\\\/#\\\/schema\\\/logo\\\/image\\\/\"}}]}<\/script>\n<!-- \/ Yoast SEO plugin. -->","yoast_head_json":{"title":"Pendentif Petit MEDIEVAL TIMES en Onyx et argent 925 - Opus Pocus","description":"Pendentif en argent 925 et onyx inspir\u00e9 de la p\u00e9riode m\u00e9di\u00e9vale et des cath\u00e9drales.","robots":{"index":"index","follow":"follow","max-snippet":"max-snippet:-1","max-image-preview":"max-image-preview:large","max-video-preview":"max-video-preview:-1"},"canonical":"https:\/\/www.opus-pocus.com\/shop\/produit\/pendentif-medieval-times-petit-modele-onyx-2\/","og_locale":"fr_FR","og_type":"article","og_title":"Pendentif Petit MEDIEVAL TIMES en Onyx et argent 925 - Opus Pocus","og_description":"Pendentif en argent 925 et onyx inspir\u00e9 de la p\u00e9riode m\u00e9di\u00e9vale et des cath\u00e9drales.","og_url":"https:\/\/www.opus-pocus.com\/shop\/produit\/pendentif-medieval-times-petit-modele-onyx-2\/","og_site_name":"Opus Pocus","article_modified_time":"2026-02-18T21:57:44+00:00","og_image":[{"width":800,"height":800,"url":"https:\/\/www.opus-pocus.com\/shop\/wp-content\/uploads\/2022\/10\/P-MT-Petit-Onyx-Porte-SITE.jpg","type":"image\/jpeg"}],"twitter_card":"summary_large_image","twitter_misc":{"Dur\u00e9e de lecture estim\u00e9e":"1 minute"},"schema":{"@context":"https:\/\/schema.org","@graph":[{"@type":"WebPage","@id":"https:\/\/www.opus-pocus.com\/shop\/produit\/pendentif-medieval-times-petit-modele-onyx-2\/","url":"https:\/\/www.opus-pocus.com\/shop\/produit\/pendentif-medieval-times-petit-modele-onyx-2\/","name":"Pendentif Petit MEDIEVAL TIMES en Onyx et argent 925 - Opus Pocus","isPartOf":{"@id":"https:\/\/www.opus-pocus.com\/shop\/#website"},"primaryImageOfPage":{"@id":"https:\/\/www.opus-pocus.com\/shop\/produit\/pendentif-medieval-times-petit-modele-onyx-2\/#primaryimage"},"image":{"@id":"https:\/\/www.opus-pocus.com\/shop\/produit\/pendentif-medieval-times-petit-modele-onyx-2\/#primaryimage"},"thumbnailUrl":"https:\/\/i0.wp.com\/www.opus-pocus.com\/shop\/wp-content\/uploads\/2022\/10\/P-MT-Petit-Onyx-Porte-SITE.jpg?fit=800%2C800&ssl=1","datePublished":"2024-12-01T19:30:51+00:00","dateModified":"2026-02-18T21:57:44+00:00","description":"Pendentif en argent 925 et onyx inspir\u00e9 de la p\u00e9riode m\u00e9di\u00e9vale et des cath\u00e9drales.","breadcrumb":{"@id":"https:\/\/www.opus-pocus.com\/shop\/produit\/pendentif-medieval-times-petit-modele-onyx-2\/#breadcrumb"},"inLanguage":"fr-FR","potentialAction":[{"@type":"ReadAction","target":["https:\/\/www.opus-pocus.com\/shop\/produit\/pendentif-medieval-times-petit-modele-onyx-2\/"]}]},{"@type":"ImageObject","inLanguage":"fr-FR","@id":"https:\/\/www.opus-pocus.com\/shop\/produit\/pendentif-medieval-times-petit-modele-onyx-2\/#primaryimage","url":"https:\/\/i0.wp.com\/www.opus-pocus.com\/shop\/wp-content\/uploads\/2022\/10\/P-MT-Petit-Onyx-Porte-SITE.jpg?fit=800%2C800&ssl=1","contentUrl":"https:\/\/i0.wp.com\/www.opus-pocus.com\/shop\/wp-content\/uploads\/2022\/10\/P-MT-Petit-Onyx-Porte-SITE.jpg?fit=800%2C800&ssl=1","width":800,"height":800},{"@type":"BreadcrumbList","@id":"https:\/\/www.opus-pocus.com\/shop\/produit\/pendentif-medieval-times-petit-modele-onyx-2\/#breadcrumb","itemListElement":[{"@type":"ListItem","position":1,"name":"Accueil","item":"https:\/\/www.opus-pocus.com\/shop\/"},{"@type":"ListItem","position":2,"name":"Boutique","item":"https:\/\/www.opus-pocus.com\/shop\/"},{"@type":"ListItem","position":3,"name":"Pendentif Medieval Times"}]},{"@type":"WebSite","@id":"https:\/\/www.opus-pocus.com\/shop\/#website","url":"https:\/\/www.opus-pocus.com\/shop\/","name":"Opus Pocus","description":"Opus Pocus","publisher":{"@id":"https:\/\/www.opus-pocus.com\/shop\/#organization"},"potentialAction":[{"@type":"SearchAction","target":{"@type":"EntryPoint","urlTemplate":"https:\/\/www.opus-pocus.com\/shop\/?s={search_term_string}"},"query-input":{"@type":"PropertyValueSpecification","valueRequired":true,"valueName":"search_term_string"}}],"inLanguage":"fr-FR"},{"@type":"Organization","@id":"https:\/\/www.opus-pocus.com\/shop\/#organization","name":"Opus Pocus","url":"https:\/\/www.opus-pocus.com\/shop\/","logo":{"@type":"ImageObject","inLanguage":"fr-FR","@id":"https:\/\/www.opus-pocus.com\/shop\/#\/schema\/logo\/image\/","url":"https:\/\/i0.wp.com\/www.opus-pocus.com\/shop\/wp-content\/uploads\/2021\/12\/opus-pocus-logo.png?fit=300%2C78&ssl=1","contentUrl":"https:\/\/i0.wp.com\/www.opus-pocus.com\/shop\/wp-content\/uploads\/2021\/12\/opus-pocus-logo.png?fit=300%2C78&ssl=1","width":300,"height":78,"caption":"Opus Pocus"},"image":{"@id":"https:\/\/www.opus-pocus.com\/shop\/#\/schema\/logo\/image\/"}}]}},"jetpack-related-posts":[{"id":449,"url":"https:\/\/www.opus-pocus.com\/shop\/produit\/pendentif-medieval-times-onyx-grand-modele-2\/","url_meta":{"origin":477,"position":0},"title":"Pendentif Grand MEDIEVAL TIMES en Onyx et Argent 925","author":"henri@exclamations.fr","date":"2 juin 2024","format":false,"excerpt":"\u2727 Superbe pi\u00e8ce ma\u00eetresse en argent 925, le pendentif MEDIEVAL TIMES est inspir\u00e9 des fen\u00eatres en ogive des cath\u00e9drales de la p\u00e9riode gothique. \u2727 Il est serti d'un onyx ins\u00e9r\u00e9 dans quatre griffes, avec en son dos, une ouverture en forme de quadrilobe typique de l'architecture m\u00e9di\u00e9vale. Mati\u00e8re: Argent 925,\u2026","rel":"","context":"Article similaire","block_context":{"text":"Article similaire","link":""},"img":{"alt_text":"","src":"https:\/\/i0.wp.com\/www.opus-pocus.com\/shop\/wp-content\/uploads\/2022\/11\/P-MT-Grand-Onyx-automne-INSTA.jpg?fit=960%2C1200&ssl=1&resize=350%2C200","width":350,"height":200,"srcset":"https:\/\/i0.wp.com\/www.opus-pocus.com\/shop\/wp-content\/uploads\/2022\/11\/P-MT-Grand-Onyx-automne-INSTA.jpg?fit=960%2C1200&ssl=1&resize=350%2C200 1x, https:\/\/i0.wp.com\/www.opus-pocus.com\/shop\/wp-content\/uploads\/2022\/11\/P-MT-Grand-Onyx-automne-INSTA.jpg?fit=960%2C1200&ssl=1&resize=525%2C300 1.5x, https:\/\/i0.wp.com\/www.opus-pocus.com\/shop\/wp-content\/uploads\/2022\/11\/P-MT-Grand-Onyx-automne-INSTA.jpg?fit=960%2C1200&ssl=1&resize=700%2C400 2x"},"classes":[]},{"id":456,"url":"https:\/\/www.opus-pocus.com\/shop\/produit\/pendentif-medieval-times-petit-modele-grenat\/","url_meta":{"origin":477,"position":1},"title":"Pendentif Petit MEDIEVAL TIMES en Grenat et Argent 925","author":"henri@exclamations.fr","date":"26 novembre 2023","format":false,"excerpt":"\u2727 Pendentif en argent 925, surmont\u00e9 d\u2019une partie inspir\u00e9e des fen\u00eatres en ogive des cath\u00e9drales de la p\u00e9riode gothique classique. \u2727 Le pendentif est serti d\u2019un grenat ins\u00e9r\u00e9 dans quatre griffes, avec en son dos, une ouverture en forme de quadrilobe typique de l\u2019architecture m\u00e9di\u00e9vale. Mati\u00e8re: Argent 925, grenat Cha\u00eene:\u2026","rel":"","context":"Article similaire","block_context":{"text":"Article similaire","link":""},"img":{"alt_text":"","src":"https:\/\/i0.wp.com\/www.opus-pocus.com\/shop\/wp-content\/uploads\/2023\/11\/P.ME-Petit-Grenat.jpg?fit=960%2C1200&ssl=1&resize=350%2C200","width":350,"height":200,"srcset":"https:\/\/i0.wp.com\/www.opus-pocus.com\/shop\/wp-content\/uploads\/2023\/11\/P.ME-Petit-Grenat.jpg?fit=960%2C1200&ssl=1&resize=350%2C200 1x, https:\/\/i0.wp.com\/www.opus-pocus.com\/shop\/wp-content\/uploads\/2023\/11\/P.ME-Petit-Grenat.jpg?fit=960%2C1200&ssl=1&resize=525%2C300 1.5x, https:\/\/i0.wp.com\/www.opus-pocus.com\/shop\/wp-content\/uploads\/2023\/11\/P.ME-Petit-Grenat.jpg?fit=960%2C1200&ssl=1&resize=700%2C400 2x"},"classes":[]},{"id":1131,"url":"https:\/\/www.opus-pocus.com\/shop\/produit\/petit-pendentif-medieval-times-en-pierre-de-lune-et-argent-925\/","url_meta":{"origin":477,"position":2},"title":"Petit Pendentif \u00ab\u00a0Medieval Times\u00a0\u00bb en Pierre de Lune et argent 925","author":"Sarah","date":"6 octobre 2022","format":false,"excerpt":"Pendentif en argent 925, surmont\u00e9 d'une partie inspir\u00e9e des fen\u00eatres en ogive des cath\u00e9drales de la p\u00e9riode gothique classique. Il est serti d\u2019une pierre de Lune v\u00e9ritable (Sri Lanka) ins\u00e9r\u00e9e dans quatre griffes, avec en son dos, une ouverture en forme de quadrilobe typique de l\u2019architecture m\u00e9di\u00e9vale. Le bijou mesure\u2026","rel":"","context":"Article similaire","block_context":{"text":"Article similaire","link":""},"img":{"alt_text":"","src":"https:\/\/i0.wp.com\/www.opus-pocus.com\/shop\/wp-content\/uploads\/2022\/09\/P.Medieval-Times-Petit-PDL-SITE-Aure.jpg?fit=800%2C800&ssl=1&resize=350%2C200","width":350,"height":200,"srcset":"https:\/\/i0.wp.com\/www.opus-pocus.com\/shop\/wp-content\/uploads\/2022\/09\/P.Medieval-Times-Petit-PDL-SITE-Aure.jpg?fit=800%2C800&ssl=1&resize=350%2C200 1x, https:\/\/i0.wp.com\/www.opus-pocus.com\/shop\/wp-content\/uploads\/2022\/09\/P.Medieval-Times-Petit-PDL-SITE-Aure.jpg?fit=800%2C800&ssl=1&resize=525%2C300 1.5x, https:\/\/i0.wp.com\/www.opus-pocus.com\/shop\/wp-content\/uploads\/2022\/09\/P.Medieval-Times-Petit-PDL-SITE-Aure.jpg?fit=800%2C800&ssl=1&resize=700%2C400 2x"},"classes":[]},{"id":1516,"url":"https:\/\/www.opus-pocus.com\/shop\/produit\/pendentif-petit-medieval-times-en-amethyste-et-argent-925-2\/","url_meta":{"origin":477,"position":3},"title":"Pendentif Petit MEDIEVAL TIMES en am\u00e9thyste et argent 925","author":"Sarah","date":"5 mai 2024","format":false,"excerpt":"\u2727 Pendentif en argent 925, surmont\u00e9 d\u2019une partie inspir\u00e9e des fen\u00eatres en ogive des cath\u00e9drales de la p\u00e9riode gothique classique. \u2727 Le pendentif est serti d\u2019une am\u00e9thyste ins\u00e9r\u00e9e dans quatre griffes, avec en son dos, une ouverture en forme de quadrilobe typique de l\u2019architecture m\u00e9di\u00e9vale. Mati\u00e8re: Argent 925, am\u00e9thyste Cha\u00eene:\u2026","rel":"","context":"Article similaire","block_context":{"text":"Article similaire","link":""},"img":{"alt_text":"","src":"","width":0,"height":0},"classes":[]},{"id":1011,"url":"https:\/\/www.opus-pocus.com\/shop\/produit\/bague-medieval-times-onyx\/","url_meta":{"origin":477,"position":4},"title":"Bague MEDIEVAL TIMES en onyx et argent 925","author":"Sarah","date":"1 avril 2025","format":false,"excerpt":"\u2727 La bague MEDIEVAL TIMES est ajour\u00e9e d'arches gothiques de chaque c\u00f4t\u00e9 de la pierre. \u2727 Le serti est fait de 4 griffes de style m\u00e9di\u00e9val. \u2727 Amoureux des temps m\u00e9di\u00e9vaux, d'architecture m\u00e9di\u00e9vale, des ruines tapiss\u00e9es de lierre et des l\u00e9gendes du Moyen-\u00c2ge, alors ce bijou est \u00e0 coup s\u00fbr\u2026","rel":"","context":"Article similaire","block_context":{"text":"Article similaire","link":""},"img":{"alt_text":"","src":"https:\/\/i0.wp.com\/www.opus-pocus.com\/shop\/wp-content\/uploads\/2022\/09\/Bague-MT-onyx-seule-SITE-1.jpg?fit=800%2C800&ssl=1&resize=350%2C200","width":350,"height":200,"srcset":"https:\/\/i0.wp.com\/www.opus-pocus.com\/shop\/wp-content\/uploads\/2022\/09\/Bague-MT-onyx-seule-SITE-1.jpg?fit=800%2C800&ssl=1&resize=350%2C200 1x, https:\/\/i0.wp.com\/www.opus-pocus.com\/shop\/wp-content\/uploads\/2022\/09\/Bague-MT-onyx-seule-SITE-1.jpg?fit=800%2C800&ssl=1&resize=525%2C300 1.5x, https:\/\/i0.wp.com\/www.opus-pocus.com\/shop\/wp-content\/uploads\/2022\/09\/Bague-MT-onyx-seule-SITE-1.jpg?fit=800%2C800&ssl=1&resize=700%2C400 2x"},"classes":[]},{"id":1115,"url":"https:\/\/www.opus-pocus.com\/shop\/produit\/pendentif-dark-century-en-onyx-et-argent-925\/","url_meta":{"origin":477,"position":5},"title":"Pendentif DARK CENTURY en onyx et argent 925","author":"Sarah","date":"1 d\u00e9cembre 2025","format":false,"excerpt":"\u2727 Le pendentif DARK CENTURY sert d'\u00e9crin \u00e0 un onyx, serti entre 4 griffes et domin\u00e9 par une partie richement ajour\u00e9e de motifs architecturaux de la p\u00e9riode m\u00e9di\u00e9vale. \u2727 Au dos, la pierre reste visible gr\u00e2ce \u00e0 une ouverture en forme de quadrilobe. \u00a0 Mati\u00e8re: Argent 925, onyx. Cha\u00eene: Pr\u00e9sent\u00e9\u2026","rel":"","context":"Article similaire","block_context":{"text":"Article similaire","link":""},"img":{"alt_text":"","src":"https:\/\/i0.wp.com\/www.opus-pocus.com\/shop\/wp-content\/uploads\/2022\/09\/Dark-Century-onyx-porte-SITE-1.jpg?fit=800%2C800&ssl=1&resize=350%2C200","width":350,"height":200,"srcset":"https:\/\/i0.wp.com\/www.opus-pocus.com\/shop\/wp-content\/uploads\/2022\/09\/Dark-Century-onyx-porte-SITE-1.jpg?fit=800%2C800&ssl=1&resize=350%2C200 1x, https:\/\/i0.wp.com\/www.opus-pocus.com\/shop\/wp-content\/uploads\/2022\/09\/Dark-Century-onyx-porte-SITE-1.jpg?fit=800%2C800&ssl=1&resize=525%2C300 1.5x, https:\/\/i0.wp.com\/www.opus-pocus.com\/shop\/wp-content\/uploads\/2022\/09\/Dark-Century-onyx-porte-SITE-1.jpg?fit=800%2C800&ssl=1&resize=700%2C400 2x"},"classes":[]}],"jetpack_sharing_enabled":true,"_links":{"self":[{"href":"https:\/\/www.opus-pocus.com\/shop\/wp-json\/wp\/v2\/product\/477","targetHints":{"allow":["GET"]}}],"collection":[{"href":"https:\/\/www.opus-pocus.com\/shop\/wp-json\/wp\/v2\/product"}],"about":[{"href":"https:\/\/www.opus-pocus.com\/shop\/wp-json\/wp\/v2\/types\/product"}],"replies":[{"embeddable":true,"href":"https:\/\/www.opus-pocus.com\/shop\/wp-json\/wp\/v2\/comments?post=477"}],"wp:featuredmedia":[{"embeddable":true,"href":"https:\/\/www.opus-pocus.com\/shop\/wp-json\/wp\/v2\/media\/1391"}],"wp:attachment":[{"href":"https:\/\/www.opus-pocus.com\/shop\/wp-json\/wp\/v2\/media?parent=477"}],"wp:term":[{"taxonomy":"product_brand","embeddable":true,"href":"https:\/\/www.opus-pocus.com\/shop\/wp-json\/wp\/v2\/product_brand?post=477"},{"taxonomy":"product_cat","embeddable":true,"href":"https:\/\/www.opus-pocus.com\/shop\/wp-json\/wp\/v2\/product_cat?post=477"},{"taxonomy":"product_tag","embeddable":true,"href":"https:\/\/www.opus-pocus.com\/shop\/wp-json\/wp\/v2\/product_tag?post=477"}],"curies":[{"name":"wp","href":"https:\/\/api.w.org\/{rel}","templated":true}]}}